{"id":27,"date":"2023-10-14T16:11:09","date_gmt":"2023-10-14T16:11:09","guid":{"rendered":"https:\/\/portalendustriyel.com.tr\/?page_id=27"},"modified":"2026-02-27T20:46:52","modified_gmt":"2026-02-27T20:46:52","slug":"hakkinda","status":"publish","type":"page","link":"https:\/\/portalendustriyel.com.tr\/index.php\/hakkinda\/","title":{"rendered":"Hakk\u0131nda"},"content":{"rendered":"\t\t<div data-elementor-type=\"wp-page\" data-elementor-id=\"27\" class=\"elementor elementor-27\">\n\t\t\t\t<div class=\"elementor-element elementor-element-c95e971 e-flex e-con-boxed e-con e-parent\" data-id=\"c95e971\" data-element_type=\"container\" data-e-type=\"container\">\n\t\t\t\t\t<div class=\"e-con-inner\">\n\t\t<div class=\"elementor-element elementor-element-a5f0c10 e-con-full e-flex e-con e-child\" data-id=\"a5f0c10\" data-element_type=\"container\" data-e-type=\"container\">\n\t\t\t\t<div class=\"elementor-element elementor-element-ebdf1ee elementor-widget elementor-widget-image\" data-id=\"ebdf1ee\" data-element_type=\"widget\" data-e-type=\"widget\" data-widget_type=\"image.default\">\n\t\t\t\t<div class=\"elementor-widget-container\">\n\t\t\t\t\t\t\t\t\t\t\t\t\t\t\t<img fetchpriority=\"high\" decoding=\"async\" width=\"810\" height=\"456\" src=\"https:\/\/portalendustriyel.com.tr\/wp-content\/uploads\/2023\/10\/toplanti.jpg\" class=\"attachment-large size-large wp-image-78\" alt=\"\" srcset=\"https:\/\/portalendustriyel.com.tr\/wp-content\/uploads\/2023\/10\/toplanti.jpg 810w, https:\/\/portalendustriyel.com.tr\/wp-content\/uploads\/2023\/10\/toplanti-600x338.jpg 600w, https:\/\/portalendustriyel.com.tr\/wp-content\/uploads\/2023\/10\/toplanti-300x169.jpg 300w, https:\/\/portalendustriyel.com.tr\/wp-content\/uploads\/2023\/10\/toplanti-768x432.jpg 768w\" sizes=\"(max-width: 810px) 100vw, 810px\" \/>\t\t\t\t\t\t\t\t\t\t\t\t\t\t\t<\/div>\n\t\t\t\t<\/div>\n\t\t\t\t<\/div>\n\t\t<div class=\"elementor-element elementor-element-7bd1214 e-con-full e-flex e-con e-child\" data-id=\"7bd1214\" data-element_type=\"container\" data-e-type=\"container\">\n\t\t\t\t<div class=\"elementor-element elementor-element-36a1127 elementor-widget elementor-widget-heading\" data-id=\"36a1127\" data-element_type=\"widget\" data-e-type=\"widget\" data-widget_type=\"heading.default\">\n\t\t\t\t<div class=\"elementor-widget-container\">\n\t\t\t\t\t<h2 class=\"elementor-heading-title elementor-size-default\">Portal End\u00fcstriyel:\nTeknik Uzmanl\u0131k ve Esnek \u00c7\u00f6z\u00fcmler<\/h2>\t\t\t\t<\/div>\n\t\t\t\t<\/div>\n\t\t\t\t<\/div>\n\t\t\t\t\t<\/div>\n\t\t\t\t<\/div>\n\t\t<div class=\"elementor-element elementor-element-292a3c0 e-grid e-con-boxed e-con e-parent\" data-id=\"292a3c0\" data-element_type=\"container\" data-e-type=\"container\">\n\t\t\t\t\t<div class=\"e-con-inner\">\n\t\t\t\t<div class=\"elementor-element elementor-element-c82e8a7 elementor-widget elementor-widget-text-editor\" data-id=\"c82e8a7\" data-element_type=\"widget\" data-e-type=\"widget\" data-widget_type=\"text-editor.default\">\n\t\t\t\t<div class=\"elementor-widget-container\">\n\t\t\t\t\t\t\t\t\t<h3>End\u00fcstriyel otomasyon d\u00fcnyas\u0131nda zaman\u0131n paradan daha de\u011ferli oldu\u011funu biliyoruz. Portal End\u00fcstriyel Sistemler, \u00fcretim hatlar\u0131n\u0131z\u0131n durmamas\u0131 ve ekipman \u00f6mr\u00fcn\u00fcz\u00fcn uzamas\u0131 i\u00e7in ni\u015f alanlarda y\u00fcksek kaliteli \u00e7\u00f6z\u00fcmler sunmak amac\u0131yla kuruldu.<\/h3>\n<h3>Sizi Nas\u0131l Destekliyoruz?<\/h3>\n<ul>\n<li>\n<h3>Servo Sistem Uzmanl\u0131\u011f\u0131: Hareketli eksenleriniz i\u00e7in y\u00fcksek dayan\u0131ml\u0131 g\u00fc\u00e7 ve enkoder kablolar\u0131<\/h3>\n<\/li>\n<li>\n<h3>Koruyucu \u00c7\u00f6z\u00fcmleri: Zorlu ortam \u015fartlar\u0131nda ekipmanlar\u0131n\u0131z\u0131 koruyan \u00f6zel end\u00fcstriyel k\u0131l\u0131flar<\/h3>\n<\/li>\n<li>\n<h3>Nokta At\u0131\u015f\u0131 Tedarik: Geni\u015f sens\u00f6r ve aksesuar portf\u00f6y\u00fcm\u00fczle teknik \u015farttnamelerinize tam uyum.<\/h3>\n<\/li>\n<\/ul>\n<h4>Bizim i\u00e7in her proje, sadece bir sat\u0131\u015f de\u011fil, teknik bir \u00e7\u00f6z\u00fcm s\u00fcrecidir. Karma\u015f\u0131k ihtiya\u00e7lar\u0131n\u0131za h\u0131zl\u0131 yan\u0131t, stoktan teslim avantaj\u0131 ve do\u011fru muadil y\u00f6nlendirmeleri ile operasyonel y\u00fck\u00fcn\u00fcz\u00fc hafifletiyoruz.<\/h4>\n<h3>Portal End\u00fcstriyel ile \u00fcretiminiz hep bir ad\u0131m \u00f6nde.<\/h3>\n<p>\u00a0<\/p>\t\t\t\t\t\t\t\t<\/div>\n\t\t\t\t<\/div>\n\t\t\t\t\t<\/div>\n\t\t\t\t<\/div>\n\t\t\t\t<\/div>\n\t\t","protected":false},"excerpt":{"rendered":"<p>Portal End\u00fcstriyel: Teknik Uzmanl\u0131k ve Esnek \u00c7\u00f6z\u00fcmler End\u00fcstriyel otomasyon d\u00fcnyas\u0131nda zaman\u0131n paradan daha de\u011ferli oldu\u011funu biliyoruz. Portal End\u00fcstriyel Sistemler, \u00fcretim hatlar\u0131n\u0131z\u0131n durmamas\u0131 ve ekipman \u00f6mr\u00fcn\u00fcz\u00fcn uzamas\u0131 i\u00e7in ni\u015f alanlarda y\u00fcksek kaliteli \u00e7\u00f6z\u00fcmler sunmak amac\u0131yla kuruldu. Sizi Nas\u0131l Destekliyoruz? Servo Sistem Uzmanl\u0131\u011f\u0131: Hareketli eksenleriniz i\u00e7in y\u00fcksek dayan\u0131ml\u0131 g\u00fc\u00e7 ve enkoder kablolar\u0131 Koruyucu \u00c7\u00f6z\u00fcmleri: Zorlu ortam \u015fartlar\u0131nda&hellip;&nbsp;<a href=\"https:\/\/portalendustriyel.com.tr\/index.php\/hakkinda\/\" rel=\"bookmark\">Daha fazlas\u0131n\u0131 oku &raquo;<span class=\"screen-reader-text\">Hakk\u0131nda<\/span><\/a><\/p>\n","protected":false},"author":2,"featured_media":0,"parent":0,"menu_order":0,"comment_status":"closed","ping_status":"closed","template":"","meta":{"neve_meta_sidebar":"","neve_meta_container":"","neve_meta_enable_content_width":"on","neve_meta_content_width":100,"neve_meta_title_alignment":"","neve_meta_author_avatar":"","neve_post_elements_order":"","neve_meta_disable_header":"","neve_meta_disable_footer":"","neve_meta_disable_title":"on","footnotes":""},"class_list":["post-27","page","type-page","status-publish","hentry"],"yoast_head":"<!-- This site is optimized with the Yoast SEO plugin v27.3 - https:\/\/yoast.com\/product\/yoast-seo-wordpress\/ -->\n<title>Hakk\u0131nda -<\/title>\n<meta name=\"description\" content=\"portal endustriyel sistemler, kablo ve konnekt\u00f6r portal endustriyel sistemler, sensor ve alg\u0131lama \u00fcr\u00fcnleri portal endustriyel sistemler\" \/>\n<meta name=\"robots\" content=\"index, follow, max-snippet:-1, max-image-preview:large, max-video-preview:-1\" \/>\n<link rel=\"canonical\" href=\"https:\/\/portalendustriyel.com.tr\/index.php\/hakkinda\/\" \/>\n<meta property=\"og:locale\" content=\"tr_TR\" \/>\n<meta property=\"og:type\" content=\"article\" \/>\n<meta property=\"og:title\" content=\"Hakk\u0131nda -\" \/>\n<meta property=\"og:description\" content=\"portal endustriyel sistemler, kablo ve konnekt\u00f6r portal endustriyel sistemler, sensor ve alg\u0131lama \u00fcr\u00fcnleri portal endustriyel sistemler\" \/>\n<meta property=\"og:url\" content=\"https:\/\/portalendustriyel.com.tr\/index.php\/hakkinda\/\" \/>\n<meta property=\"article:modified_time\" content=\"2026-02-27T20:46:52+00:00\" \/>\n<meta property=\"og:image\" content=\"https:\/\/portalendustriyel.com.tr\/wp-content\/uploads\/2023\/10\/toplanti.jpg\" \/>\n\t<meta property=\"og:image:width\" content=\"810\" \/>\n\t<meta property=\"og:image:height\" content=\"456\" \/>\n\t<meta property=\"og:image:type\" content=\"image\/jpeg\" \/>\n<meta name=\"twitter:card\" content=\"summary_large_image\" \/>\n<meta name=\"twitter:label1\" content=\"Tahmini okuma s\u00fcresi\" \/>\n\t<meta name=\"twitter:data1\" content=\"1 dakika\" \/>\n<script type=\"application\/ld+json\" class=\"yoast-schema-graph\">{\"@context\":\"https:\\\/\\\/schema.org\",\"@graph\":[{\"@type\":\"WebPage\",\"@id\":\"https:\\\/\\\/portalendustriyel.com.tr\\\/index.php\\\/hakkinda\\\/\",\"url\":\"https:\\\/\\\/portalendustriyel.com.tr\\\/index.php\\\/hakkinda\\\/\",\"name\":\"Hakk\u0131nda -\",\"isPartOf\":{\"@id\":\"https:\\\/\\\/portalendustriyel.com.tr\\\/#website\"},\"primaryImageOfPage\":{\"@id\":\"https:\\\/\\\/portalendustriyel.com.tr\\\/index.php\\\/hakkinda\\\/#primaryimage\"},\"image\":{\"@id\":\"https:\\\/\\\/portalendustriyel.com.tr\\\/index.php\\\/hakkinda\\\/#primaryimage\"},\"thumbnailUrl\":\"https:\\\/\\\/portalendustriyel.com.tr\\\/wp-content\\\/uploads\\\/2023\\\/10\\\/toplanti.jpg\",\"datePublished\":\"2023-10-14T16:11:09+00:00\",\"dateModified\":\"2026-02-27T20:46:52+00:00\",\"description\":\"portal endustriyel sistemler, kablo ve konnekt\u00f6r portal endustriyel sistemler, sensor ve alg\u0131lama \u00fcr\u00fcnleri portal endustriyel sistemler\",\"breadcrumb\":{\"@id\":\"https:\\\/\\\/portalendustriyel.com.tr\\\/index.php\\\/hakkinda\\\/#breadcrumb\"},\"inLanguage\":\"tr\",\"potentialAction\":[{\"@type\":\"ReadAction\",\"target\":[\"https:\\\/\\\/portalendustriyel.com.tr\\\/index.php\\\/hakkinda\\\/\"]}]},{\"@type\":\"ImageObject\",\"inLanguage\":\"tr\",\"@id\":\"https:\\\/\\\/portalendustriyel.com.tr\\\/index.php\\\/hakkinda\\\/#primaryimage\",\"url\":\"https:\\\/\\\/portalendustriyel.com.tr\\\/wp-content\\\/uploads\\\/2023\\\/10\\\/toplanti.jpg\",\"contentUrl\":\"https:\\\/\\\/portalendustriyel.com.tr\\\/wp-content\\\/uploads\\\/2023\\\/10\\\/toplanti.jpg\",\"width\":810,\"height\":456},{\"@type\":\"BreadcrumbList\",\"@id\":\"https:\\\/\\\/portalendustriyel.com.tr\\\/index.php\\\/hakkinda\\\/#breadcrumb\",\"itemListElement\":[{\"@type\":\"ListItem\",\"position\":1,\"name\":\"Anasayfa\",\"item\":\"https:\\\/\\\/portalendustriyel.com.tr\\\/\"},{\"@type\":\"ListItem\",\"position\":2,\"name\":\"Hakk\u0131nda\"}]},{\"@type\":\"WebSite\",\"@id\":\"https:\\\/\\\/portalendustriyel.com.tr\\\/#website\",\"url\":\"https:\\\/\\\/portalendustriyel.com.tr\\\/\",\"name\":\"www.portalendustriyel.com.tr\",\"description\":\"End&uuml;striyel &Ccedil;&ouml;z&uuml;m Orta\u011f\u0131n\u0131z\",\"publisher\":{\"@id\":\"https:\\\/\\\/portalendustriyel.com.tr\\\/#organization\"},\"potentialAction\":[{\"@type\":\"SearchAction\",\"target\":{\"@type\":\"EntryPoint\",\"urlTemplate\":\"https:\\\/\\\/portalendustriyel.com.tr\\\/?s={search_term_string}\"},\"query-input\":{\"@type\":\"PropertyValueSpecification\",\"valueRequired\":true,\"valueName\":\"search_term_string\"}}],\"inLanguage\":\"tr\"},{\"@type\":\"Organization\",\"@id\":\"https:\\\/\\\/portalendustriyel.com.tr\\\/#organization\",\"name\":\"Portal End\u00fcstriyel Sistemler San. ve Tic. Ltd. \u015eti\",\"url\":\"https:\\\/\\\/portalendustriyel.com.tr\\\/\",\"logo\":{\"@type\":\"ImageObject\",\"inLanguage\":\"tr\",\"@id\":\"https:\\\/\\\/portalendustriyel.com.tr\\\/#\\\/schema\\\/logo\\\/image\\\/\",\"url\":\"https:\\\/\\\/portalendustriyel.com.tr\\\/wp-content\\\/uploads\\\/2023\\\/10\\\/Portal-Logo.jpg\",\"contentUrl\":\"https:\\\/\\\/portalendustriyel.com.tr\\\/wp-content\\\/uploads\\\/2023\\\/10\\\/Portal-Logo.jpg\",\"width\":1277,\"height\":460,\"caption\":\"Portal End\u00fcstriyel Sistemler San. ve Tic. Ltd. \u015eti\"},\"image\":{\"@id\":\"https:\\\/\\\/portalendustriyel.com.tr\\\/#\\\/schema\\\/logo\\\/image\\\/\"},\"sameAs\":[\"https:\\\/\\\/www.linkedin.com\\\/company\\\/101302018\\\/admin\\\/feed\\\/posts\\\/\"]}]}<\/script>\n<!-- \/ Yoast SEO plugin. -->","yoast_head_json":{"title":"Hakk\u0131nda -","description":"portal endustriyel sistemler, kablo ve konnekt\u00f6r portal endustriyel sistemler, sensor ve alg\u0131lama \u00fcr\u00fcnleri portal endustriyel sistemler","robots":{"index":"index","follow":"follow","max-snippet":"max-snippet:-1","max-image-preview":"max-image-preview:large","max-video-preview":"max-video-preview:-1"},"canonical":"https:\/\/portalendustriyel.com.tr\/index.php\/hakkinda\/","og_locale":"tr_TR","og_type":"article","og_title":"Hakk\u0131nda -","og_description":"portal endustriyel sistemler, kablo ve konnekt\u00f6r portal endustriyel sistemler, sensor ve alg\u0131lama \u00fcr\u00fcnleri portal endustriyel sistemler","og_url":"https:\/\/portalendustriyel.com.tr\/index.php\/hakkinda\/","article_modified_time":"2026-02-27T20:46:52+00:00","og_image":[{"width":810,"height":456,"url":"https:\/\/portalendustriyel.com.tr\/wp-content\/uploads\/2023\/10\/toplanti.jpg","type":"image\/jpeg"}],"twitter_card":"summary_large_image","twitter_misc":{"Tahmini okuma s\u00fcresi":"1 dakika"},"schema":{"@context":"https:\/\/schema.org","@graph":[{"@type":"WebPage","@id":"https:\/\/portalendustriyel.com.tr\/index.php\/hakkinda\/","url":"https:\/\/portalendustriyel.com.tr\/index.php\/hakkinda\/","name":"Hakk\u0131nda -","isPartOf":{"@id":"https:\/\/portalendustriyel.com.tr\/#website"},"primaryImageOfPage":{"@id":"https:\/\/portalendustriyel.com.tr\/index.php\/hakkinda\/#primaryimage"},"image":{"@id":"https:\/\/portalendustriyel.com.tr\/index.php\/hakkinda\/#primaryimage"},"thumbnailUrl":"https:\/\/portalendustriyel.com.tr\/wp-content\/uploads\/2023\/10\/toplanti.jpg","datePublished":"2023-10-14T16:11:09+00:00","dateModified":"2026-02-27T20:46:52+00:00","description":"portal endustriyel sistemler, kablo ve konnekt\u00f6r portal endustriyel sistemler, sensor ve alg\u0131lama \u00fcr\u00fcnleri portal endustriyel sistemler","breadcrumb":{"@id":"https:\/\/portalendustriyel.com.tr\/index.php\/hakkinda\/#breadcrumb"},"inLanguage":"tr","potentialAction":[{"@type":"ReadAction","target":["https:\/\/portalendustriyel.com.tr\/index.php\/hakkinda\/"]}]},{"@type":"ImageObject","inLanguage":"tr","@id":"https:\/\/portalendustriyel.com.tr\/index.php\/hakkinda\/#primaryimage","url":"https:\/\/portalendustriyel.com.tr\/wp-content\/uploads\/2023\/10\/toplanti.jpg","contentUrl":"https:\/\/portalendustriyel.com.tr\/wp-content\/uploads\/2023\/10\/toplanti.jpg","width":810,"height":456},{"@type":"BreadcrumbList","@id":"https:\/\/portalendustriyel.com.tr\/index.php\/hakkinda\/#breadcrumb","itemListElement":[{"@type":"ListItem","position":1,"name":"Anasayfa","item":"https:\/\/portalendustriyel.com.tr\/"},{"@type":"ListItem","position":2,"name":"Hakk\u0131nda"}]},{"@type":"WebSite","@id":"https:\/\/portalendustriyel.com.tr\/#website","url":"https:\/\/portalendustriyel.com.tr\/","name":"www.portalendustriyel.com.tr","description":"End&uuml;striyel &Ccedil;&ouml;z&uuml;m Orta\u011f\u0131n\u0131z","publisher":{"@id":"https:\/\/portalendustriyel.com.tr\/#organization"},"potentialAction":[{"@type":"SearchAction","target":{"@type":"EntryPoint","urlTemplate":"https:\/\/portalendustriyel.com.tr\/?s={search_term_string}"},"query-input":{"@type":"PropertyValueSpecification","valueRequired":true,"valueName":"search_term_string"}}],"inLanguage":"tr"},{"@type":"Organization","@id":"https:\/\/portalendustriyel.com.tr\/#organization","name":"Portal End\u00fcstriyel Sistemler San. ve Tic. Ltd. \u015eti","url":"https:\/\/portalendustriyel.com.tr\/","logo":{"@type":"ImageObject","inLanguage":"tr","@id":"https:\/\/portalendustriyel.com.tr\/#\/schema\/logo\/image\/","url":"https:\/\/portalendustriyel.com.tr\/wp-content\/uploads\/2023\/10\/Portal-Logo.jpg","contentUrl":"https:\/\/portalendustriyel.com.tr\/wp-content\/uploads\/2023\/10\/Portal-Logo.jpg","width":1277,"height":460,"caption":"Portal End\u00fcstriyel Sistemler San. ve Tic. Ltd. \u015eti"},"image":{"@id":"https:\/\/portalendustriyel.com.tr\/#\/schema\/logo\/image\/"},"sameAs":["https:\/\/www.linkedin.com\/company\/101302018\/admin\/feed\/posts\/"]}]}},"_links":{"self":[{"href":"https:\/\/portalendustriyel.com.tr\/index.php\/wp-json\/wp\/v2\/pages\/27","targetHints":{"allow":["GET"]}}],"collection":[{"href":"https:\/\/portalendustriyel.com.tr\/index.php\/wp-json\/wp\/v2\/pages"}],"about":[{"href":"https:\/\/portalendustriyel.com.tr\/index.php\/wp-json\/wp\/v2\/types\/page"}],"author":[{"embeddable":true,"href":"https:\/\/portalendustriyel.com.tr\/index.php\/wp-json\/wp\/v2\/users\/2"}],"replies":[{"embeddable":true,"href":"https:\/\/portalendustriyel.com.tr\/index.php\/wp-json\/wp\/v2\/comments?post=27"}],"version-history":[{"count":16,"href":"https:\/\/portalendustriyel.com.tr\/index.php\/wp-json\/wp\/v2\/pages\/27\/revisions"}],"predecessor-version":[{"id":5523,"href":"https:\/\/portalendustriyel.com.tr\/index.php\/wp-json\/wp\/v2\/pages\/27\/revisions\/5523"}],"wp:attachment":[{"href":"https:\/\/portalendustriyel.com.tr\/index.php\/wp-json\/wp\/v2\/media?parent=27"}],"curies":[{"name":"wp","href":"https:\/\/api.w.org\/{rel}","templated":true}]}}