{"id":4904,"date":"2025-01-18T11:03:52","date_gmt":"2025-01-18T11:03:52","guid":{"rendered":"https:\/\/portalendustriyel.com.tr\/?page_id=4904"},"modified":"2025-01-18T11:24:51","modified_gmt":"2025-01-18T11:24:51","slug":"teach-pendant-kiliflari","status":"publish","type":"page","link":"https:\/\/portalendustriyel.com.tr\/index.php\/teach-pendant-kiliflari\/","title":{"rendered":"Teach Pendant K\u0131l\u0131flar\u0131"},"content":{"rendered":"\t\t<div data-elementor-type=\"wp-page\" data-elementor-id=\"4904\" class=\"elementor elementor-4904\">\n\t\t\t\t<div class=\"elementor-element elementor-element-b1c6948 e-grid e-con-boxed e-con e-parent\" data-id=\"b1c6948\" data-element_type=\"container\" data-e-type=\"container\">\n\t\t\t\t\t<div class=\"e-con-inner\">\n\t\t\t\t<div class=\"elementor-element elementor-element-f832008 elementor-widget elementor-widget-text-editor\" data-id=\"f832008\" data-element_type=\"widget\" data-e-type=\"widget\" data-widget_type=\"text-editor.default\">\n\t\t\t\t<div class=\"elementor-widget-container\">\n\t\t\t\t\t\t\t\t\t<h2 data-sourcepos=\"1:1-1:74\">Robot Teach Pendant \u00dcnitesinin Korunmas\u0131nda K\u0131l\u0131f\u0131n \u00d6nemi<\/h2><p data-sourcepos=\"3:1-3:213\"><strong>Robot teach pendant \u00fcnitesi<\/strong>, robotun programlanmas\u0131 ve kontrol edilmesi i\u00e7in kullan\u0131lan, genellikle dokunmatik bir ekrana sahip cihaza denir.\u00a0 Bu nedenle, \u00e7e\u015fitli risklere kar\u015f\u0131 teach pendant \u00fcnitenizi korunman\u0131z gerekir.<\/p><h3 data-sourcepos=\"5:1-5:30\">Korunmas\u0131 Gereken Durumlar<\/h3><ul data-sourcepos=\"7:1-12:0\"><li data-sourcepos=\"7:1-7:74\"><strong>Fiziksel Hasar:<\/strong>\u00a0\u00c7arpma, d\u00fc\u015fme, s\u0131v\u0131 temas\u0131ndan kaynaklanan hasarlar<\/li><li data-sourcepos=\"8:1-8:92\"><strong>Elektrostatik Bo\u015falma (ESD):<\/strong>\u00a0Elektronik bile\u015fenlere zarar verebilecek statik elektrik<\/li><li data-sourcepos=\"9:1-9:67\"><strong>Toz ve Kirlenme:<\/strong>\u00a0Ekran\u0131n ve d\u00fc\u011fmelerin hassasiyetini azalt\u0131r<\/li><li data-sourcepos=\"10:1-10:66\"><strong>Is\u0131:<\/strong>\u00a0A\u015f\u0131r\u0131 s\u0131cakl\u0131k, elektronik bile\u015fenlere zarar verebilir<\/li><li data-sourcepos=\"11:1-12:0\"><strong>Nem:<\/strong>\u00a0Paslanma ve k\u0131sa devre riskini art\u0131r\u0131r<\/li><\/ul><p data-sourcepos=\"44:1-44:120\">\u00a0<\/p>\t\t\t\t\t\t\t\t<\/div>\n\t\t\t\t<\/div>\n\t\t\t\t<div class=\"elementor-element elementor-element-7b0430a elementor-widget elementor-widget-text-editor\" data-id=\"7b0430a\" data-element_type=\"widget\" data-e-type=\"widget\" data-widget_type=\"text-editor.default\">\n\t\t\t\t<div class=\"elementor-widget-container\">\n\t\t\t\t\t\t\t\t\t<h3 data-sourcepos=\"13:1-13:21\">K\u0131l\u0131f ile Koruma Y\u00f6ntemleri<\/h3><p data-sourcepos=\"13:1-13:21\"><strong>K\u0131l\u0131f Kullan\u0131m\u0131:\u00a0<\/strong>\u00c7izilmelere, darbelere ve s\u0131v\u0131 s\u0131\u00e7ramalar\u0131na kar\u015f\u0131 dayan\u0131kl\u0131 Portal End\u00fcstriyel Sistemler k\u0131l\u0131flar\u0131 kullan\u0131lmal\u0131.<\/p><p data-sourcepos=\"13:1-13:21\">B\u00f6ylece teach pendant \u00fcnitenizi darbe ve d\u00fc\u015fme sonucu olu\u015facak hasarlara kar\u015f\u0131 korumu\u015f olursunuz.<\/p><p><strong>Ekran Koruyucu:<\/strong>\u00a0Her marka teach pendant \u00fcniteniz i\u00e7in ekran \u00e7izilmelerine ve k\u0131r\u0131lmalara Portal End\u00fcstriyel Sistemlerin sundu\u011fu \u00f6zel k\u0131r\u0131lmaz ekran koruyucu kullanmal\u0131s\u0131n\u0131z. B\u00f6ylece teach pendant \u00fcnitenizin ya\u011f ve kirden temizlemek i\u00e7in dezenfektan \u00fcr\u00fcnlerini de rahatl\u0131kla kullanabilirsiniz.<\/p><p><strong>Kablo Koruma K\u0131l\u0131flar\u0131 :<\/strong>\u00a0Teach pendant \u00fcnitesindeki kablolar\u0131, a\u015f\u0131nma ve kopmalara kar\u015f\u0131 korumak i\u00e7in Portal End\u00fcstriyel Sistemler\u00a0\u00a0<a href=\"https:\/\/portalendustriyel.com.tr\/index.php\/kablo-koruma-kilifi\/\">kablo koruyucular\u0131<\/a>\u00a0kullanmal\u0131s\u0131n\u0131z.<\/p><p data-sourcepos=\"44:1-44:120\">Bu \u00f6nlemler sayesinde, robot teach pendant \u00fcnitenizi uzun s\u00fcre problemsiz kullanabilirsiniz.<\/p>\t\t\t\t\t\t\t\t<\/div>\n\t\t\t\t<\/div>\n\t\t\t\t\t<\/div>\n\t\t\t\t<\/div>\n\t\t<div class=\"elementor-element elementor-element-58c1450 e-flex e-con-boxed e-con e-parent\" data-id=\"58c1450\" data-element_type=\"container\" data-e-type=\"container\">\n\t\t\t\t\t<div class=\"e-con-inner\">\n\t\t\t\t<div class=\"elementor-element elementor-element-4958d7c elementor-widget__width-inherit elementor-widget elementor-widget-shortcode\" data-id=\"4958d7c\" data-element_type=\"widget\" data-e-type=\"widget\" data-widget_type=\"shortcode.default\">\n\t\t\t\t<div class=\"elementor-widget-container\">\n\t\t\t\t\t\t\t<div class=\"elementor-shortcode\"><div class=\"woocommerce columns-5 \"><ul class=\"products columns-5\">\n<li class=\"product type-product post-4896 status-publish first instock product_cat-teach-pendant-kiliflari product_tag-abb-kuka-yaskawa-universal-robot-teach-pendant-kilifi product_tag-deri-teach-pendant-kilifi product_tag-teach-pendant-koruma-kilifi has-post-thumbnail shipping-taxable product-type-simple\">\n\t<div class=\"nv-card-content-wrapper\"><a href=\"https:\/\/portalendustriyel.com.tr\/index.php\/urun\/deri-teach-pendant-kilifi\/\" class=\"woocommerce-LoopProduct-link woocommerce-loop-product__link\"><div class=\"sp-product-image \"><div class=\"img-wrap\"><img fetchpriority=\"high\" decoding=\"async\" width=\"300\" height=\"300\" src=\"https:\/\/portalendustriyel.com.tr\/wp-content\/uploads\/2025\/01\/portalendustriyel-deri-abb-kuka-yaskawa-leoni-teach-pendant-kilifi-300x300.jpg\" class=\"attachment-woocommerce_thumbnail size-woocommerce_thumbnail\" alt=\"Deri Teach Pendant K\u0131l\u0131f\u0131\" srcset=\"https:\/\/portalendustriyel.com.tr\/wp-content\/uploads\/2025\/01\/portalendustriyel-deri-abb-kuka-yaskawa-leoni-teach-pendant-kilifi-300x300.jpg 300w, https:\/\/portalendustriyel.com.tr\/wp-content\/uploads\/2025\/01\/portalendustriyel-deri-abb-kuka-yaskawa-leoni-teach-pendant-kilifi-150x150.jpg 150w, https:\/\/portalendustriyel.com.tr\/wp-content\/uploads\/2025\/01\/portalendustriyel-deri-abb-kuka-yaskawa-leoni-teach-pendant-kilifi-100x100.jpg 100w, https:\/\/portalendustriyel.com.tr\/wp-content\/uploads\/2025\/01\/portalendustriyel-deri-abb-kuka-yaskawa-leoni-teach-pendant-kilifi.jpg 500w\" sizes=\"(max-width: 300px) 100vw, 300px\" \/><\/div><\/div><h2 class=\"woocommerce-loop-product__title\">Deri Teach Pendant K\u0131l\u0131f\u0131<\/h2>\n<\/a><a href=\"https:\/\/portalendustriyel.com.tr\/index.php\/urun\/deri-teach-pendant-kilifi\/\" aria-describedby=\"woocommerce_loop_add_to_cart_link_describedby_4896\" data-quantity=\"1\" class=\"button product_type_simple\" data-product_id=\"4896\" data-product_sku=\"\" aria-label=\"&ldquo;Deri Teach Pendant K\u0131l\u0131f\u0131&rdquo; hakk\u0131nda daha fazla bilgi edinin\" rel=\"nofollow\" data-success_message=\"\">Devam\u0131n\u0131 oku<\/a><div class=\"wqoecf_enquiry_button_wrapper\"><a class=\"wqoecf_enquiry_button\" href=\"javascript:void(0)\"  data-product-id=\"4896\" data-product-title=\"Deri Teach Pendant K\u0131l\u0131f\u0131\" data-product-sku=\"\"><span class=\"wqoecf_eq_icon\"><\/span>Teklif Al<\/a><\/div>\t<span id=\"woocommerce_loop_add_to_cart_link_describedby_4896\" class=\"screen-reader-text\">\n\t\t\t<\/span>\n<\/div><\/li>\n<li class=\"product type-product post-4900 status-publish instock product_cat-teach-pendant-kiliflari product_tag-abb-kuka-yaskawa-universal-robot-teach-pendant-kilifi product_tag-kaucuk-teach-pendant-kilifi product_tag-teach-pendant-koruma-kilifi has-post-thumbnail shipping-taxable product-type-simple\">\n\t<div class=\"nv-card-content-wrapper\"><a href=\"https:\/\/portalendustriyel.com.tr\/index.php\/urun\/kaucuk-teach-pendant-kilifi\/\" class=\"woocommerce-LoopProduct-link woocommerce-loop-product__link\"><div class=\"sp-product-image \"><div class=\"img-wrap\"><img decoding=\"async\" width=\"300\" height=\"300\" src=\"https:\/\/portalendustriyel.com.tr\/wp-content\/uploads\/2025\/01\/portalendustriyel-kaucuk-abb-kuka-yaskawa-leoni-teach-pendant-kilifi-300x300.jpg\" class=\"attachment-woocommerce_thumbnail size-woocommerce_thumbnail\" alt=\"Kau\u00e7uk Teach Pendant K\u0131l\u0131f\u0131\" srcset=\"https:\/\/portalendustriyel.com.tr\/wp-content\/uploads\/2025\/01\/portalendustriyel-kaucuk-abb-kuka-yaskawa-leoni-teach-pendant-kilifi-300x300.jpg 300w, https:\/\/portalendustriyel.com.tr\/wp-content\/uploads\/2025\/01\/portalendustriyel-kaucuk-abb-kuka-yaskawa-leoni-teach-pendant-kilifi-150x150.jpg 150w, https:\/\/portalendustriyel.com.tr\/wp-content\/uploads\/2025\/01\/portalendustriyel-kaucuk-abb-kuka-yaskawa-leoni-teach-pendant-kilifi-100x100.jpg 100w, https:\/\/portalendustriyel.com.tr\/wp-content\/uploads\/2025\/01\/portalendustriyel-kaucuk-abb-kuka-yaskawa-leoni-teach-pendant-kilifi.jpg 500w\" sizes=\"(max-width: 300px) 100vw, 300px\" \/><\/div><\/div><h2 class=\"woocommerce-loop-product__title\">Kau\u00e7uk Teach Pendant K\u0131l\u0131f\u0131<\/h2>\n<\/a><a href=\"https:\/\/portalendustriyel.com.tr\/index.php\/urun\/kaucuk-teach-pendant-kilifi\/\" aria-describedby=\"woocommerce_loop_add_to_cart_link_describedby_4900\" data-quantity=\"1\" class=\"button product_type_simple\" data-product_id=\"4900\" data-product_sku=\"\" aria-label=\"&ldquo;Kau\u00e7uk Teach Pendant K\u0131l\u0131f\u0131&rdquo; hakk\u0131nda daha fazla bilgi edinin\" rel=\"nofollow\" data-success_message=\"\">Devam\u0131n\u0131 oku<\/a><div class=\"wqoecf_enquiry_button_wrapper\"><a class=\"wqoecf_enquiry_button\" href=\"javascript:void(0)\"  data-product-id=\"4900\" data-product-title=\"Kau\u00e7uk Teach Pendant K\u0131l\u0131f\u0131\" data-product-sku=\"\"><span class=\"wqoecf_eq_icon\"><\/span>Teklif Al<\/a><\/div>\t<span id=\"woocommerce_loop_add_to_cart_link_describedby_4900\" class=\"screen-reader-text\">\n\t\t\t<\/span>\n<\/div><\/li>\n<li class=\"product type-product post-4892 status-publish instock product_cat-teach-pendant-kiliflari product_tag-abb-kuka-yaskawa-universal-robot-teach-pendant-kilifi product_tag-pu-kumas-sungerli-teach-pendant-kilifi product_tag-teach-pendant-koruma-kilifi has-post-thumbnail shipping-taxable product-type-simple\">\n\t<div class=\"nv-card-content-wrapper\"><a href=\"https:\/\/portalendustriyel.com.tr\/index.php\/urun\/pu-kumas-sungerli-teach-pendant-kilifi\/\" class=\"woocommerce-LoopProduct-link woocommerce-loop-product__link\"><div class=\"sp-product-image \"><div class=\"img-wrap\"><img decoding=\"async\" width=\"300\" height=\"300\" src=\"https:\/\/portalendustriyel.com.tr\/wp-content\/uploads\/2025\/01\/portalendustriyel-pu-abb-kuka-yaskawa-universal-teach-pendant-kilifi-300x300.jpg\" class=\"attachment-woocommerce_thumbnail size-woocommerce_thumbnail\" alt=\"PU Kuma\u015f S\u00fcngerli Teach Pendant K\u0131l\u0131f\u0131\" srcset=\"https:\/\/portalendustriyel.com.tr\/wp-content\/uploads\/2025\/01\/portalendustriyel-pu-abb-kuka-yaskawa-universal-teach-pendant-kilifi-300x300.jpg 300w, https:\/\/portalendustriyel.com.tr\/wp-content\/uploads\/2025\/01\/portalendustriyel-pu-abb-kuka-yaskawa-universal-teach-pendant-kilifi-150x150.jpg 150w, https:\/\/portalendustriyel.com.tr\/wp-content\/uploads\/2025\/01\/portalendustriyel-pu-abb-kuka-yaskawa-universal-teach-pendant-kilifi-100x100.jpg 100w, https:\/\/portalendustriyel.com.tr\/wp-content\/uploads\/2025\/01\/portalendustriyel-pu-abb-kuka-yaskawa-universal-teach-pendant-kilifi.jpg 500w\" sizes=\"(max-width: 300px) 100vw, 300px\" \/><\/div><\/div><h2 class=\"woocommerce-loop-product__title\">PU Kuma\u015f S\u00fcngerli Teach Pendant K\u0131l\u0131f\u0131<\/h2>\n<\/a><a href=\"https:\/\/portalendustriyel.com.tr\/index.php\/urun\/pu-kumas-sungerli-teach-pendant-kilifi\/\" aria-describedby=\"woocommerce_loop_add_to_cart_link_describedby_4892\" data-quantity=\"1\" class=\"button product_type_simple\" data-product_id=\"4892\" data-product_sku=\"\" aria-label=\"&ldquo;PU Kuma\u015f S\u00fcngerli Teach Pendant K\u0131l\u0131f\u0131&rdquo; hakk\u0131nda daha fazla bilgi edinin\" rel=\"nofollow\" data-success_message=\"\">Devam\u0131n\u0131 oku<\/a><div class=\"wqoecf_enquiry_button_wrapper\"><a class=\"wqoecf_enquiry_button\" href=\"javascript:void(0)\"  data-product-id=\"4892\" data-product-title=\"PU Kuma\u015f S\u00fcngerli Teach Pendant K\u0131l\u0131f\u0131\" data-product-sku=\"\"><span class=\"wqoecf_eq_icon\"><\/span>Teklif Al<\/a><\/div>\t<span id=\"woocommerce_loop_add_to_cart_link_describedby_4892\" class=\"screen-reader-text\">\n\t\t\t<\/span>\n<\/div><\/li>\n<\/ul>\n<\/div><\/div>\n\t\t\t\t\t\t<\/div>\n\t\t\t\t<\/div>\n\t\t\t\t\t<\/div>\n\t\t\t\t<\/div>\n\t\t\t\t<\/div>\n\t\t","protected":false},"excerpt":{"rendered":"<p>Robot Teach Pendant \u00dcnitesinin Korunmas\u0131nda K\u0131l\u0131f\u0131n \u00d6nemi Robot teach pendant \u00fcnitesi, robotun programlanmas\u0131 ve kontrol edilmesi i\u00e7in kullan\u0131lan, genellikle dokunmatik bir ekrana sahip cihaza denir.\u00a0 Bu nedenle, \u00e7e\u015fitli risklere kar\u015f\u0131 teach pendant \u00fcnitenizi korunman\u0131z gerekir. Korunmas\u0131 Gereken Durumlar Fiziksel Hasar:\u00a0\u00c7arpma, d\u00fc\u015fme, s\u0131v\u0131 temas\u0131ndan kaynaklanan hasarlar Elektrostatik Bo\u015falma (ESD):\u00a0Elektronik bile\u015fenlere zarar verebilecek statik elektrik Toz ve&hellip;&nbsp;<a href=\"https:\/\/portalendustriyel.com.tr\/index.php\/teach-pendant-kiliflari\/\" rel=\"bookmark\">Daha fazlas\u0131n\u0131 oku &raquo;<span class=\"screen-reader-text\">Teach Pendant K\u0131l\u0131flar\u0131<\/span><\/a><\/p>\n","protected":false},"author":2,"featured_media":0,"parent":0,"menu_order":0,"comment_status":"closed","ping_status":"closed","template":"page-templates\/template-pagebuilder-full-width.php","meta":{"neve_meta_sidebar":"","neve_meta_container":"","neve_meta_enable_content_width":"","neve_meta_content_width":0,"neve_meta_title_alignment":"","neve_meta_author_avatar":"","neve_post_elements_order":"","neve_meta_disable_header":"","neve_meta_disable_footer":"","neve_meta_disable_title":"","footnotes":""},"class_list":["post-4904","page","type-page","status-publish","hentry"],"yoast_head":"<!-- This site is optimized with the Yoast SEO plugin v27.4 - https:\/\/yoast.com\/product\/yoast-seo-wordpress\/ -->\n<title>Teach Pendant K\u0131l\u0131flar\u0131 -<\/title>\n<meta name=\"robots\" content=\"index, follow, max-snippet:-1, max-image-preview:large, max-video-preview:-1\" \/>\n<link rel=\"canonical\" href=\"https:\/\/portalendustriyel.com.tr\/index.php\/teach-pendant-kiliflari\/\" \/>\n<meta property=\"og:locale\" content=\"tr_TR\" \/>\n<meta property=\"og:type\" content=\"article\" \/>\n<meta property=\"og:title\" content=\"Teach Pendant K\u0131l\u0131flar\u0131 -\" \/>\n<meta property=\"og:description\" content=\"Robot Teach Pendant \u00dcnitesinin Korunmas\u0131nda K\u0131l\u0131f\u0131n \u00d6nemi Robot teach pendant \u00fcnitesi, robotun programlanmas\u0131 ve kontrol edilmesi i\u00e7in kullan\u0131lan, genellikle dokunmatik bir ekrana sahip cihaza denir.\u00a0 Bu nedenle, \u00e7e\u015fitli risklere kar\u015f\u0131 teach pendant \u00fcnitenizi korunman\u0131z gerekir. Korunmas\u0131 Gereken Durumlar Fiziksel Hasar:\u00a0\u00c7arpma, d\u00fc\u015fme, s\u0131v\u0131 temas\u0131ndan kaynaklanan hasarlar Elektrostatik Bo\u015falma (ESD):\u00a0Elektronik bile\u015fenlere zarar verebilecek statik elektrik Toz ve&hellip;&nbsp;Daha fazlas\u0131n\u0131 oku &raquo;Teach Pendant K\u0131l\u0131flar\u0131\" \/>\n<meta property=\"og:url\" content=\"https:\/\/portalendustriyel.com.tr\/index.php\/teach-pendant-kiliflari\/\" \/>\n<meta property=\"article:modified_time\" content=\"2025-01-18T11:24:51+00:00\" \/>\n<meta property=\"og:image\" content=\"https:\/\/portalendustriyel.com.tr\/wp-content\/uploads\/2023\/10\/Portal-Logo.jpg\" \/>\n\t<meta property=\"og:image:width\" content=\"1277\" \/>\n\t<meta property=\"og:image:height\" content=\"460\" \/>\n\t<meta property=\"og:image:type\" content=\"image\/jpeg\" \/>\n<meta name=\"twitter:card\" content=\"summary_large_image\" \/>\n<meta name=\"twitter:label1\" content=\"Tahmini okuma s\u00fcresi\" \/>\n\t<meta name=\"twitter:data1\" content=\"2 dakika\" \/>\n<script type=\"application\/ld+json\" class=\"yoast-schema-graph\">{\"@context\":\"https:\\\/\\\/schema.org\",\"@graph\":[{\"@type\":\"WebPage\",\"@id\":\"https:\\\/\\\/portalendustriyel.com.tr\\\/index.php\\\/teach-pendant-kiliflari\\\/\",\"url\":\"https:\\\/\\\/portalendustriyel.com.tr\\\/index.php\\\/teach-pendant-kiliflari\\\/\",\"name\":\"Teach Pendant K\u0131l\u0131flar\u0131 -\",\"isPartOf\":{\"@id\":\"https:\\\/\\\/portalendustriyel.com.tr\\\/#website\"},\"datePublished\":\"2025-01-18T11:03:52+00:00\",\"dateModified\":\"2025-01-18T11:24:51+00:00\",\"breadcrumb\":{\"@id\":\"https:\\\/\\\/portalendustriyel.com.tr\\\/index.php\\\/teach-pendant-kiliflari\\\/#breadcrumb\"},\"inLanguage\":\"tr\",\"potentialAction\":[{\"@type\":\"ReadAction\",\"target\":[\"https:\\\/\\\/portalendustriyel.com.tr\\\/index.php\\\/teach-pendant-kiliflari\\\/\"]}]},{\"@type\":\"BreadcrumbList\",\"@id\":\"https:\\\/\\\/portalendustriyel.com.tr\\\/index.php\\\/teach-pendant-kiliflari\\\/#breadcrumb\",\"itemListElement\":[{\"@type\":\"ListItem\",\"position\":1,\"name\":\"Anasayfa\",\"item\":\"https:\\\/\\\/portalendustriyel.com.tr\\\/\"},{\"@type\":\"ListItem\",\"position\":2,\"name\":\"Teach Pendant K\u0131l\u0131flar\u0131\"}]},{\"@type\":\"WebSite\",\"@id\":\"https:\\\/\\\/portalendustriyel.com.tr\\\/#website\",\"url\":\"https:\\\/\\\/portalendustriyel.com.tr\\\/\",\"name\":\"www.portalendustriyel.com.tr\",\"description\":\"End&uuml;striyel &Ccedil;&ouml;z&uuml;m Orta\u011f\u0131n\u0131z\",\"publisher\":{\"@id\":\"https:\\\/\\\/portalendustriyel.com.tr\\\/#organization\"},\"potentialAction\":[{\"@type\":\"SearchAction\",\"target\":{\"@type\":\"EntryPoint\",\"urlTemplate\":\"https:\\\/\\\/portalendustriyel.com.tr\\\/?s={search_term_string}\"},\"query-input\":{\"@type\":\"PropertyValueSpecification\",\"valueRequired\":true,\"valueName\":\"search_term_string\"}}],\"inLanguage\":\"tr\"},{\"@type\":\"Organization\",\"@id\":\"https:\\\/\\\/portalendustriyel.com.tr\\\/#organization\",\"name\":\"Portal End\u00fcstriyel Sistemler San. ve Tic. Ltd. \u015eti\",\"url\":\"https:\\\/\\\/portalendustriyel.com.tr\\\/\",\"logo\":{\"@type\":\"ImageObject\",\"inLanguage\":\"tr\",\"@id\":\"https:\\\/\\\/portalendustriyel.com.tr\\\/#\\\/schema\\\/logo\\\/image\\\/\",\"url\":\"https:\\\/\\\/portalendustriyel.com.tr\\\/wp-content\\\/uploads\\\/2023\\\/10\\\/Portal-Logo.jpg\",\"contentUrl\":\"https:\\\/\\\/portalendustriyel.com.tr\\\/wp-content\\\/uploads\\\/2023\\\/10\\\/Portal-Logo.jpg\",\"width\":1277,\"height\":460,\"caption\":\"Portal End\u00fcstriyel Sistemler San. ve Tic. Ltd. \u015eti\"},\"image\":{\"@id\":\"https:\\\/\\\/portalendustriyel.com.tr\\\/#\\\/schema\\\/logo\\\/image\\\/\"},\"sameAs\":[\"https:\\\/\\\/www.linkedin.com\\\/company\\\/101302018\\\/admin\\\/feed\\\/posts\\\/\"]}]}<\/script>\n<!-- \/ Yoast SEO plugin. -->","yoast_head_json":{"title":"Teach Pendant K\u0131l\u0131flar\u0131 -","robots":{"index":"index","follow":"follow","max-snippet":"max-snippet:-1","max-image-preview":"max-image-preview:large","max-video-preview":"max-video-preview:-1"},"canonical":"https:\/\/portalendustriyel.com.tr\/index.php\/teach-pendant-kiliflari\/","og_locale":"tr_TR","og_type":"article","og_title":"Teach Pendant K\u0131l\u0131flar\u0131 -","og_description":"Robot Teach Pendant \u00dcnitesinin Korunmas\u0131nda K\u0131l\u0131f\u0131n \u00d6nemi Robot teach pendant \u00fcnitesi, robotun programlanmas\u0131 ve kontrol edilmesi i\u00e7in kullan\u0131lan, genellikle dokunmatik bir ekrana sahip cihaza denir.\u00a0 Bu nedenle, \u00e7e\u015fitli risklere kar\u015f\u0131 teach pendant \u00fcnitenizi korunman\u0131z gerekir. Korunmas\u0131 Gereken Durumlar Fiziksel Hasar:\u00a0\u00c7arpma, d\u00fc\u015fme, s\u0131v\u0131 temas\u0131ndan kaynaklanan hasarlar Elektrostatik Bo\u015falma (ESD):\u00a0Elektronik bile\u015fenlere zarar verebilecek statik elektrik Toz ve&hellip;&nbsp;Daha fazlas\u0131n\u0131 oku &raquo;Teach Pendant K\u0131l\u0131flar\u0131","og_url":"https:\/\/portalendustriyel.com.tr\/index.php\/teach-pendant-kiliflari\/","article_modified_time":"2025-01-18T11:24:51+00:00","og_image":[{"width":1277,"height":460,"url":"https:\/\/portalendustriyel.com.tr\/wp-content\/uploads\/2023\/10\/Portal-Logo.jpg","type":"image\/jpeg"}],"twitter_card":"summary_large_image","twitter_misc":{"Tahmini okuma s\u00fcresi":"2 dakika"},"schema":{"@context":"https:\/\/schema.org","@graph":[{"@type":"WebPage","@id":"https:\/\/portalendustriyel.com.tr\/index.php\/teach-pendant-kiliflari\/","url":"https:\/\/portalendustriyel.com.tr\/index.php\/teach-pendant-kiliflari\/","name":"Teach Pendant K\u0131l\u0131flar\u0131 -","isPartOf":{"@id":"https:\/\/portalendustriyel.com.tr\/#website"},"datePublished":"2025-01-18T11:03:52+00:00","dateModified":"2025-01-18T11:24:51+00:00","breadcrumb":{"@id":"https:\/\/portalendustriyel.com.tr\/index.php\/teach-pendant-kiliflari\/#breadcrumb"},"inLanguage":"tr","potentialAction":[{"@type":"ReadAction","target":["https:\/\/portalendustriyel.com.tr\/index.php\/teach-pendant-kiliflari\/"]}]},{"@type":"BreadcrumbList","@id":"https:\/\/portalendustriyel.com.tr\/index.php\/teach-pendant-kiliflari\/#breadcrumb","itemListElement":[{"@type":"ListItem","position":1,"name":"Anasayfa","item":"https:\/\/portalendustriyel.com.tr\/"},{"@type":"ListItem","position":2,"name":"Teach Pendant K\u0131l\u0131flar\u0131"}]},{"@type":"WebSite","@id":"https:\/\/portalendustriyel.com.tr\/#website","url":"https:\/\/portalendustriyel.com.tr\/","name":"www.portalendustriyel.com.tr","description":"End&uuml;striyel &Ccedil;&ouml;z&uuml;m Orta\u011f\u0131n\u0131z","publisher":{"@id":"https:\/\/portalendustriyel.com.tr\/#organization"},"potentialAction":[{"@type":"SearchAction","target":{"@type":"EntryPoint","urlTemplate":"https:\/\/portalendustriyel.com.tr\/?s={search_term_string}"},"query-input":{"@type":"PropertyValueSpecification","valueRequired":true,"valueName":"search_term_string"}}],"inLanguage":"tr"},{"@type":"Organization","@id":"https:\/\/portalendustriyel.com.tr\/#organization","name":"Portal End\u00fcstriyel Sistemler San. ve Tic. Ltd. \u015eti","url":"https:\/\/portalendustriyel.com.tr\/","logo":{"@type":"ImageObject","inLanguage":"tr","@id":"https:\/\/portalendustriyel.com.tr\/#\/schema\/logo\/image\/","url":"https:\/\/portalendustriyel.com.tr\/wp-content\/uploads\/2023\/10\/Portal-Logo.jpg","contentUrl":"https:\/\/portalendustriyel.com.tr\/wp-content\/uploads\/2023\/10\/Portal-Logo.jpg","width":1277,"height":460,"caption":"Portal End\u00fcstriyel Sistemler San. ve Tic. Ltd. \u015eti"},"image":{"@id":"https:\/\/portalendustriyel.com.tr\/#\/schema\/logo\/image\/"},"sameAs":["https:\/\/www.linkedin.com\/company\/101302018\/admin\/feed\/posts\/"]}]}},"_links":{"self":[{"href":"https:\/\/portalendustriyel.com.tr\/index.php\/wp-json\/wp\/v2\/pages\/4904","targetHints":{"allow":["GET"]}}],"collection":[{"href":"https:\/\/portalendustriyel.com.tr\/index.php\/wp-json\/wp\/v2\/pages"}],"about":[{"href":"https:\/\/portalendustriyel.com.tr\/index.php\/wp-json\/wp\/v2\/types\/page"}],"author":[{"embeddable":true,"href":"https:\/\/portalendustriyel.com.tr\/index.php\/wp-json\/wp\/v2\/users\/2"}],"replies":[{"embeddable":true,"href":"https:\/\/portalendustriyel.com.tr\/index.php\/wp-json\/wp\/v2\/comments?post=4904"}],"version-history":[{"count":6,"href":"https:\/\/portalendustriyel.com.tr\/index.php\/wp-json\/wp\/v2\/pages\/4904\/revisions"}],"predecessor-version":[{"id":4911,"href":"https:\/\/portalendustriyel.com.tr\/index.php\/wp-json\/wp\/v2\/pages\/4904\/revisions\/4911"}],"wp:attachment":[{"href":"https:\/\/portalendustriyel.com.tr\/index.php\/wp-json\/wp\/v2\/media?parent=4904"}],"curies":[{"name":"wp","href":"https:\/\/api.w.org\/{rel}","templated":true}]}}