{"id":1056,"date":"2024-02-13T18:41:11","date_gmt":"2024-02-13T18:41:11","guid":{"rendered":"https:\/\/portalendustriyel.com.tr\/?post_type=product&#038;p=1056"},"modified":"2024-10-03T20:26:09","modified_gmt":"2024-10-03T20:26:09","slug":"panel-arayuz-cpue-1","status":"publish","type":"product","link":"https:\/\/portalendustriyel.com.tr\/index.php\/urun\/panel-arayuz-cpue-1\/","title":{"rendered":"Panel Aray\u00fcz CPUE-1"},"content":{"rendered":"<h5>CPUE-1 Panel Aray\u00fcz<\/h5>\n<div class=\"elementor-widget-container\">\n<h2 class=\"elementor-heading-title elementor-size-default\">Cover + Power + USB + Ethernet<br \/>\nB\u00fct\u00fcnle\u015fik ve G\u00fcvenli Eri\u015fim Penceresi<\/h2>\n<\/div>\n<div class=\"elementor-element elementor-element-96b0e65 elementor-widget__width-initial elementor-widget elementor-widget-heading\" data-id=\"96b0e65\" data-element_type=\"widget\" data-widget_type=\"heading.default\">\n<div class=\"elementor-widget-container\">\n<h5 class=\"elementor-heading-title elementor-size-large\">End\u00fcstriyel kontrol pano ve di\u011fer sistemlere Kolay ve G\u00fcvenli eri\u015fim sa\u011flar,<\/h5>\n<p>(\u0130SG) \u0130\u015f Sa\u011fl\u0131\u011f\u0131 ve G\u00fcvenli\u011fi bak\u0131m\u0131ndan Y\u00fcksek Voltaj<br \/>\nveya di\u011fer Tehlikeli pano kapaklar\u0131 a\u00e7\u0131lmadan sadece ilgili cihazlara eri\u015fim sa\u011flar,<\/p>\n<p>IP65 PU contal\u0131 yap\u0131s\u0131 End\u00fcstriyel + A\u00e7\u0131k Hava + Deniz gibi<br \/>\nToz, Ya\u011f, Kir, S\u0131v\u0131 temas\u0131, Ya\u011fmur, vb.. ortam ko\u015fullar\u0131na kar\u015f\u0131 s\u0131zd\u0131rmazl\u0131k sa\u011flar,<\/p>\n<p>IP65 PU Contal\u0131 kapak i\u00e7erisinde bulunan enerji ve data soketlerini d\u0131\u015f etkenlere kar\u015f\u0131 korur,<\/p>\n<p>250V AC 16A toprakl\u0131 ve yayl\u0131 klemens priz;<br \/>\nMakine vibrasyonu nedeniyle temass\u0131zl\u0131k,<br \/>\nKablo gerilmesi \/ sert \u00e7ekme \/ kaza durumlar\u0131 gibi a\u011f\u0131r \u015fartlar halinde dahi bulundu\u011fu yerden d\u0131\u015far\u0131 s\u00fcr\u00fcklenmez veya k\u0131r\u0131l\u0131p d\u00fc\u015fmez!<\/p>\n<p>USB soketi type-A format\u0131nda genel ama\u00e7l\u0131 olup data al\u0131\u015fveri\u015fini sorunsuz hale getiren topraklama (shielded) ge\u00e7i\u015flerine sahiptir,<br \/>\nDC 5V 3.0A seviyesine kadar \u015farj ama\u00e7l\u0131 kullan\u0131ma uygundur,<br \/>\nDC \u015farj \u00fcnitesi pano i\u00e7inde ayr\u0131ca sa\u011flanmal\u0131d\u0131r!<\/p>\n<p>Ethernet RJ45 portu Gigabit seviyesinde ve Toprakl\u0131 (shileded)<br \/>\nModbusTCP, Profinet, Profinet IRT, EtherCAT, Ethernet-IP, Powerlink, Sercos III, vb..<br \/>\nfieldbus haberle\u015fme ba\u011flant\u0131lar\u0131na uygundur,<\/p>\n<p>panoda bulunan switch ile t\u00fcm cihazlara eri\u015filir,<br \/>\nRS485 &#8211; Modbus gibi seri haberle\u015fme portu olarak kullan\u0131labilir&#8230;<\/p>\n<p><a href=\"https:\/\/portalendustriyel.com.tr\/wp-content\/uploads\/2024\/02\/CPUE-Teknik-Sayfa.pdf\" target=\"_blank\" rel=\"noopener\">Teknik Dokuman<\/a><\/p>\n<\/div>\n<\/div>\n","protected":false},"excerpt":{"rendered":"<p>CPUE-1 Panel Aray\u00fcz Cover + Power + USB + Ethernet B\u00fct\u00fcnle\u015fik ve G\u00fcvenli Eri\u015fim Penceresi End\u00fcstriyel kontrol pano ve di\u011fer sistemlere Kolay ve G\u00fcvenli eri\u015fim sa\u011flar, (\u0130SG) \u0130\u015f Sa\u011fl\u0131\u011f\u0131 ve G\u00fcvenli\u011fi bak\u0131m\u0131ndan Y\u00fcksek Voltaj veya di\u011fer Tehlikeli pano kapaklar\u0131 a\u00e7\u0131lmadan sadece ilgili cihazlara eri\u015fim sa\u011flar, IP65 PU contal\u0131 yap\u0131s\u0131 End\u00fcstriyel + A\u00e7\u0131k Hava + Deniz&hellip;&nbsp;<a href=\"https:\/\/portalendustriyel.com.tr\/index.php\/urun\/panel-arayuz-cpue-1\/\" rel=\"bookmark\">Daha fazlas\u0131n\u0131 oku &raquo;<span class=\"screen-reader-text\">Panel Aray\u00fcz CPUE-1<\/span><\/a><\/p>\n","protected":false},"featured_media":1058,"comment_status":"open","ping_status":"closed","template":"","meta":{"neve_meta_sidebar":"","neve_meta_container":"full-width","neve_meta_enable_content_width":"off","neve_meta_content_width":100,"neve_meta_title_alignment":"","neve_meta_author_avatar":"","neve_post_elements_order":"","neve_meta_disable_header":"","neve_meta_disable_footer":"","neve_meta_disable_title":""},"product_brand":[],"product_cat":[902],"product_tag":[89,88,86,87],"class_list":{"0":"post-1056","1":"product","2":"type-product","3":"status-publish","4":"has-post-thumbnail","6":"product_cat-ozel-tip-soket-ve-parcalar","7":"product_tag-kapakli-pano-gecis-elemani","8":"product_tag-pane-usb-ve-rj45","9":"product_tag-panel-interface","10":"product_tag-pano-gecis-modulu","12":"first","13":"instock","14":"shipping-taxable","15":"product-type-simple"},"yoast_head":"<!-- This site is optimized with the Yoast SEO plugin v27.4 - https:\/\/yoast.com\/product\/yoast-seo-wordpress\/ -->\n<title>Panel Aray\u00fcz CPUE-1 -<\/title>\n<meta name=\"description\" content=\"Panel Arayuz, USB RJ45 ve Power icin panel arayuz, pano gecis usb rj45 ve guc, panel haberlesme modulu, kapakli panel gecis\" \/>\n<meta name=\"robots\" content=\"index, follow, max-snippet:-1, max-image-preview:large, max-video-preview:-1\" \/>\n<link rel=\"canonical\" href=\"https:\/\/portalendustriyel.com.tr\/index.php\/urun\/panel-arayuz-cpue-1\/\" \/>\n<meta property=\"og:locale\" content=\"tr_TR\" \/>\n<meta property=\"og:type\" content=\"article\" \/>\n<meta property=\"og:title\" content=\"Panel Aray\u00fcz CPUE-1 -\" \/>\n<meta property=\"og:description\" content=\"Panel Arayuz, USB RJ45 ve Power icin panel arayuz, pano gecis usb rj45 ve guc, panel haberlesme modulu, kapakli panel gecis\" \/>\n<meta property=\"og:url\" content=\"https:\/\/portalendustriyel.com.tr\/index.php\/urun\/panel-arayuz-cpue-1\/\" \/>\n<meta property=\"article:modified_time\" content=\"2024-10-03T20:26:09+00:00\" \/>\n<meta property=\"og:image\" content=\"https:\/\/portalendustriyel.com.tr\/wp-content\/uploads\/2024\/02\/cPUE-1.jpg\" \/>\n\t<meta property=\"og:image:width\" content=\"550\" \/>\n\t<meta property=\"og:image:height\" content=\"413\" \/>\n\t<meta property=\"og:image:type\" content=\"image\/jpeg\" \/>\n<meta name=\"twitter:card\" content=\"summary_large_image\" \/>\n<meta name=\"twitter:label1\" content=\"Tahmini okuma s\u00fcresi\" \/>\n\t<meta name=\"twitter:data1\" content=\"2 dakika\" \/>\n<script type=\"application\/ld+json\" class=\"yoast-schema-graph\">{\"@context\":\"https:\\\/\\\/schema.org\",\"@graph\":[{\"@type\":\"WebPage\",\"@id\":\"https:\\\/\\\/portalendustriyel.com.tr\\\/index.php\\\/urun\\\/panel-arayuz-cpue-1\\\/\",\"url\":\"https:\\\/\\\/portalendustriyel.com.tr\\\/index.php\\\/urun\\\/panel-arayuz-cpue-1\\\/\",\"name\":\"Panel Aray\u00fcz CPUE-1 -\",\"isPartOf\":{\"@id\":\"https:\\\/\\\/portalendustriyel.com.tr\\\/#website\"},\"primaryImageOfPage\":{\"@id\":\"https:\\\/\\\/portalendustriyel.com.tr\\\/index.php\\\/urun\\\/panel-arayuz-cpue-1\\\/#primaryimage\"},\"image\":{\"@id\":\"https:\\\/\\\/portalendustriyel.com.tr\\\/index.php\\\/urun\\\/panel-arayuz-cpue-1\\\/#primaryimage\"},\"thumbnailUrl\":\"https:\\\/\\\/portalendustriyel.com.tr\\\/wp-content\\\/uploads\\\/2024\\\/02\\\/cPUE-1.jpg\",\"datePublished\":\"2024-02-13T18:41:11+00:00\",\"dateModified\":\"2024-10-03T20:26:09+00:00\",\"description\":\"Panel Arayuz, USB RJ45 ve Power icin panel arayuz, pano gecis usb rj45 ve guc, panel haberlesme modulu, kapakli panel gecis\",\"breadcrumb\":{\"@id\":\"https:\\\/\\\/portalendustriyel.com.tr\\\/index.php\\\/urun\\\/panel-arayuz-cpue-1\\\/#breadcrumb\"},\"inLanguage\":\"tr\",\"potentialAction\":[{\"@type\":\"ReadAction\",\"target\":[\"https:\\\/\\\/portalendustriyel.com.tr\\\/index.php\\\/urun\\\/panel-arayuz-cpue-1\\\/\"]}]},{\"@type\":\"ImageObject\",\"inLanguage\":\"tr\",\"@id\":\"https:\\\/\\\/portalendustriyel.com.tr\\\/index.php\\\/urun\\\/panel-arayuz-cpue-1\\\/#primaryimage\",\"url\":\"https:\\\/\\\/portalendustriyel.com.tr\\\/wp-content\\\/uploads\\\/2024\\\/02\\\/cPUE-1.jpg\",\"contentUrl\":\"https:\\\/\\\/portalendustriyel.com.tr\\\/wp-content\\\/uploads\\\/2024\\\/02\\\/cPUE-1.jpg\",\"width\":550,\"height\":413},{\"@type\":\"BreadcrumbList\",\"@id\":\"https:\\\/\\\/portalendustriyel.com.tr\\\/index.php\\\/urun\\\/panel-arayuz-cpue-1\\\/#breadcrumb\",\"itemListElement\":[{\"@type\":\"ListItem\",\"position\":1,\"name\":\"Anasayfa\",\"item\":\"https:\\\/\\\/portalendustriyel.com.tr\\\/\"},{\"@type\":\"ListItem\",\"position\":2,\"name\":\"Ma\u011faza\",\"item\":\"https:\\\/\\\/portalendustriyel.com.tr\\\/index.php\\\/magaza\\\/\"},{\"@type\":\"ListItem\",\"position\":3,\"name\":\"Panel Aray\u00fcz CPUE-1\"}]},{\"@type\":\"WebSite\",\"@id\":\"https:\\\/\\\/portalendustriyel.com.tr\\\/#website\",\"url\":\"https:\\\/\\\/portalendustriyel.com.tr\\\/\",\"name\":\"www.portalendustriyel.com.tr\",\"description\":\"End&uuml;striyel &Ccedil;&ouml;z&uuml;m Orta\u011f\u0131n\u0131z\",\"publisher\":{\"@id\":\"https:\\\/\\\/portalendustriyel.com.tr\\\/#organization\"},\"potentialAction\":[{\"@type\":\"SearchAction\",\"target\":{\"@type\":\"EntryPoint\",\"urlTemplate\":\"https:\\\/\\\/portalendustriyel.com.tr\\\/?s={search_term_string}\"},\"query-input\":{\"@type\":\"PropertyValueSpecification\",\"valueRequired\":true,\"valueName\":\"search_term_string\"}}],\"inLanguage\":\"tr\"},{\"@type\":\"Organization\",\"@id\":\"https:\\\/\\\/portalendustriyel.com.tr\\\/#organization\",\"name\":\"Portal End\u00fcstriyel Sistemler San. ve Tic. Ltd. \u015eti\",\"url\":\"https:\\\/\\\/portalendustriyel.com.tr\\\/\",\"logo\":{\"@type\":\"ImageObject\",\"inLanguage\":\"tr\",\"@id\":\"https:\\\/\\\/portalendustriyel.com.tr\\\/#\\\/schema\\\/logo\\\/image\\\/\",\"url\":\"https:\\\/\\\/portalendustriyel.com.tr\\\/wp-content\\\/uploads\\\/2023\\\/10\\\/Portal-Logo.jpg\",\"contentUrl\":\"https:\\\/\\\/portalendustriyel.com.tr\\\/wp-content\\\/uploads\\\/2023\\\/10\\\/Portal-Logo.jpg\",\"width\":1277,\"height\":460,\"caption\":\"Portal End\u00fcstriyel Sistemler San. ve Tic. Ltd. \u015eti\"},\"image\":{\"@id\":\"https:\\\/\\\/portalendustriyel.com.tr\\\/#\\\/schema\\\/logo\\\/image\\\/\"},\"sameAs\":[\"https:\\\/\\\/www.linkedin.com\\\/company\\\/101302018\\\/admin\\\/feed\\\/posts\\\/\"]}]}<\/script>\n<!-- \/ Yoast SEO plugin. -->","yoast_head_json":{"title":"Panel Aray\u00fcz CPUE-1 -","description":"Panel Arayuz, USB RJ45 ve Power icin panel arayuz, pano gecis usb rj45 ve guc, panel haberlesme modulu, kapakli panel gecis","robots":{"index":"index","follow":"follow","max-snippet":"max-snippet:-1","max-image-preview":"max-image-preview:large","max-video-preview":"max-video-preview:-1"},"canonical":"https:\/\/portalendustriyel.com.tr\/index.php\/urun\/panel-arayuz-cpue-1\/","og_locale":"tr_TR","og_type":"article","og_title":"Panel Aray\u00fcz CPUE-1 -","og_description":"Panel Arayuz, USB RJ45 ve Power icin panel arayuz, pano gecis usb rj45 ve guc, panel haberlesme modulu, kapakli panel gecis","og_url":"https:\/\/portalendustriyel.com.tr\/index.php\/urun\/panel-arayuz-cpue-1\/","article_modified_time":"2024-10-03T20:26:09+00:00","og_image":[{"width":550,"height":413,"url":"https:\/\/portalendustriyel.com.tr\/wp-content\/uploads\/2024\/02\/cPUE-1.jpg","type":"image\/jpeg"}],"twitter_card":"summary_large_image","twitter_misc":{"Tahmini okuma s\u00fcresi":"2 dakika"},"schema":{"@context":"https:\/\/schema.org","@graph":[{"@type":"WebPage","@id":"https:\/\/portalendustriyel.com.tr\/index.php\/urun\/panel-arayuz-cpue-1\/","url":"https:\/\/portalendustriyel.com.tr\/index.php\/urun\/panel-arayuz-cpue-1\/","name":"Panel Aray\u00fcz CPUE-1 -","isPartOf":{"@id":"https:\/\/portalendustriyel.com.tr\/#website"},"primaryImageOfPage":{"@id":"https:\/\/portalendustriyel.com.tr\/index.php\/urun\/panel-arayuz-cpue-1\/#primaryimage"},"image":{"@id":"https:\/\/portalendustriyel.com.tr\/index.php\/urun\/panel-arayuz-cpue-1\/#primaryimage"},"thumbnailUrl":"https:\/\/portalendustriyel.com.tr\/wp-content\/uploads\/2024\/02\/cPUE-1.jpg","datePublished":"2024-02-13T18:41:11+00:00","dateModified":"2024-10-03T20:26:09+00:00","description":"Panel Arayuz, USB RJ45 ve Power icin panel arayuz, pano gecis usb rj45 ve guc, panel haberlesme modulu, kapakli panel gecis","breadcrumb":{"@id":"https:\/\/portalendustriyel.com.tr\/index.php\/urun\/panel-arayuz-cpue-1\/#breadcrumb"},"inLanguage":"tr","potentialAction":[{"@type":"ReadAction","target":["https:\/\/portalendustriyel.com.tr\/index.php\/urun\/panel-arayuz-cpue-1\/"]}]},{"@type":"ImageObject","inLanguage":"tr","@id":"https:\/\/portalendustriyel.com.tr\/index.php\/urun\/panel-arayuz-cpue-1\/#primaryimage","url":"https:\/\/portalendustriyel.com.tr\/wp-content\/uploads\/2024\/02\/cPUE-1.jpg","contentUrl":"https:\/\/portalendustriyel.com.tr\/wp-content\/uploads\/2024\/02\/cPUE-1.jpg","width":550,"height":413},{"@type":"BreadcrumbList","@id":"https:\/\/portalendustriyel.com.tr\/index.php\/urun\/panel-arayuz-cpue-1\/#breadcrumb","itemListElement":[{"@type":"ListItem","position":1,"name":"Anasayfa","item":"https:\/\/portalendustriyel.com.tr\/"},{"@type":"ListItem","position":2,"name":"Ma\u011faza","item":"https:\/\/portalendustriyel.com.tr\/index.php\/magaza\/"},{"@type":"ListItem","position":3,"name":"Panel Aray\u00fcz CPUE-1"}]},{"@type":"WebSite","@id":"https:\/\/portalendustriyel.com.tr\/#website","url":"https:\/\/portalendustriyel.com.tr\/","name":"www.portalendustriyel.com.tr","description":"End&uuml;striyel &Ccedil;&ouml;z&uuml;m Orta\u011f\u0131n\u0131z","publisher":{"@id":"https:\/\/portalendustriyel.com.tr\/#organization"},"potentialAction":[{"@type":"SearchAction","target":{"@type":"EntryPoint","urlTemplate":"https:\/\/portalendustriyel.com.tr\/?s={search_term_string}"},"query-input":{"@type":"PropertyValueSpecification","valueRequired":true,"valueName":"search_term_string"}}],"inLanguage":"tr"},{"@type":"Organization","@id":"https:\/\/portalendustriyel.com.tr\/#organization","name":"Portal End\u00fcstriyel Sistemler San. ve Tic. Ltd. \u015eti","url":"https:\/\/portalendustriyel.com.tr\/","logo":{"@type":"ImageObject","inLanguage":"tr","@id":"https:\/\/portalendustriyel.com.tr\/#\/schema\/logo\/image\/","url":"https:\/\/portalendustriyel.com.tr\/wp-content\/uploads\/2023\/10\/Portal-Logo.jpg","contentUrl":"https:\/\/portalendustriyel.com.tr\/wp-content\/uploads\/2023\/10\/Portal-Logo.jpg","width":1277,"height":460,"caption":"Portal End\u00fcstriyel Sistemler San. ve Tic. Ltd. \u015eti"},"image":{"@id":"https:\/\/portalendustriyel.com.tr\/#\/schema\/logo\/image\/"},"sameAs":["https:\/\/www.linkedin.com\/company\/101302018\/admin\/feed\/posts\/"]}]}},"_links":{"self":[{"href":"https:\/\/portalendustriyel.com.tr\/index.php\/wp-json\/wp\/v2\/product\/1056","targetHints":{"allow":["GET"]}}],"collection":[{"href":"https:\/\/portalendustriyel.com.tr\/index.php\/wp-json\/wp\/v2\/product"}],"about":[{"href":"https:\/\/portalendustriyel.com.tr\/index.php\/wp-json\/wp\/v2\/types\/product"}],"replies":[{"embeddable":true,"href":"https:\/\/portalendustriyel.com.tr\/index.php\/wp-json\/wp\/v2\/comments?post=1056"}],"wp:featuredmedia":[{"embeddable":true,"href":"https:\/\/portalendustriyel.com.tr\/index.php\/wp-json\/wp\/v2\/media\/1058"}],"wp:attachment":[{"href":"https:\/\/portalendustriyel.com.tr\/index.php\/wp-json\/wp\/v2\/media?parent=1056"}],"wp:term":[{"taxonomy":"product_brand","embeddable":true,"href":"https:\/\/portalendustriyel.com.tr\/index.php\/wp-json\/wp\/v2\/product_brand?post=1056"},{"taxonomy":"product_cat","embeddable":true,"href":"https:\/\/portalendustriyel.com.tr\/index.php\/wp-json\/wp\/v2\/product_cat?post=1056"},{"taxonomy":"product_tag","embeddable":true,"href":"https:\/\/portalendustriyel.com.tr\/index.php\/wp-json\/wp\/v2\/product_tag?post=1056"}],"curies":[{"name":"wp","href":"https:\/\/api.w.org\/{rel}","templated":true}]}}