{"id":1374,"date":"2024-03-22T11:03:50","date_gmt":"2024-03-22T11:03:50","guid":{"rendered":"https:\/\/portalendustriyel.com.tr\/?post_type=product&#038;p=1374"},"modified":"2024-03-22T11:03:50","modified_gmt":"2024-03-22T11:03:50","slug":"m8-4-pin-disi-duz-soket","status":"publish","type":"product","link":"https:\/\/portalendustriyel.com.tr\/index.php\/urun\/m8-4-pin-disi-duz-soket\/","title":{"rendered":"M8 4-Pin Di\u015fi D\u00fcz Soket"},"content":{"rendered":"<p>TE Connectivity T4010008041-000<\/p>\n<p>Saha Montaj Vidal\u0131 Konnekt\u00f6r<\/p>\n<p>M8 4-pin Di\u015fi D\u00fcz Konnekt\u00f6r<\/p>\n<p><a href=\"https:\/\/portalendustriyel.com.tr\/wp-content\/uploads\/2024\/03\/product-T4010008041-000.datasheet-1.pdf\" target=\"_blank\" rel=\"noopener\">Teknik Dok\u00fcman<\/a><\/p>\n","protected":false},"excerpt":{"rendered":"<p>TE Connectivity T4010008041-000 Saha Montaj Vidal\u0131 Konnekt\u00f6r M8 4-pin Di\u015fi D\u00fcz Konnekt\u00f6r Teknik Dok\u00fcman<\/p>\n","protected":false},"featured_media":1376,"comment_status":"open","ping_status":"closed","template":"","meta":{"neve_meta_sidebar":"","neve_meta_container":"","neve_meta_enable_content_width":"off","neve_meta_content_width":100,"neve_meta_title_alignment":"","neve_meta_author_avatar":"","neve_post_elements_order":"","neve_meta_disable_header":"","neve_meta_disable_footer":"","neve_meta_disable_title":""},"product_brand":[],"product_cat":[161],"product_tag":[207,206,205,204],"class_list":{"0":"post-1374","1":"product","2":"type-product","3":"status-publish","4":"has-post-thumbnail","6":"product_cat-m8-konnektorler","7":"product_tag-m0804fs","8":"product_tag-m8-4-pin-disi-duz-konnektor","9":"product_tag-m8-4-pin-disi-duz-soket","10":"product_tag-te-connectivity-t4010008041-000","12":"first","13":"instock","14":"shipping-taxable","15":"product-type-simple"},"yoast_head":"<!-- This site is optimized with the Yoast SEO plugin v27.4 - https:\/\/yoast.com\/product\/yoast-seo-wordpress\/ -->\n<title>M8 4-Pin Di\u015fi D\u00fcz Soket -<\/title>\n<meta name=\"description\" content=\"m8 4-pin di\u015fi d\u00fcz soket, m8 4-pin di\u015fi d\u00fcz konnekt\u00f6r, m8 4-pin di\u015fi saha montaj d\u00fcz soket, m8 4-pin di\u015fi d\u00fcz kablosuz konnekt\u00f6r\" \/>\n<meta name=\"robots\" content=\"index, follow, max-snippet:-1, max-image-preview:large, max-video-preview:-1\" \/>\n<link rel=\"canonical\" href=\"https:\/\/portalendustriyel.com.tr\/index.php\/urun\/m8-4-pin-disi-duz-soket\/\" \/>\n<meta property=\"og:locale\" content=\"tr_TR\" \/>\n<meta property=\"og:type\" content=\"article\" \/>\n<meta property=\"og:title\" content=\"M8 4-Pin Di\u015fi D\u00fcz Soket -\" \/>\n<meta property=\"og:description\" content=\"m8 4-pin di\u015fi d\u00fcz soket, m8 4-pin di\u015fi d\u00fcz konnekt\u00f6r, m8 4-pin di\u015fi saha montaj d\u00fcz soket, m8 4-pin di\u015fi d\u00fcz kablosuz konnekt\u00f6r\" \/>\n<meta property=\"og:url\" content=\"https:\/\/portalendustriyel.com.tr\/index.php\/urun\/m8-4-pin-disi-duz-soket\/\" \/>\n<meta property=\"og:image\" content=\"https:\/\/portalendustriyel.com.tr\/wp-content\/uploads\/2024\/03\/T4010008041-000.jpg\" \/>\n\t<meta property=\"og:image:width\" content=\"400\" \/>\n\t<meta property=\"og:image:height\" content=\"400\" \/>\n\t<meta property=\"og:image:type\" content=\"image\/jpeg\" \/>\n<meta name=\"twitter:card\" content=\"summary_large_image\" \/>\n<meta name=\"twitter:label1\" content=\"Tahmini okuma s\u00fcresi\" \/>\n\t<meta name=\"twitter:data1\" content=\"1 dakika\" \/>\n<script type=\"application\/ld+json\" class=\"yoast-schema-graph\">{\"@context\":\"https:\\\/\\\/schema.org\",\"@graph\":[{\"@type\":\"WebPage\",\"@id\":\"https:\\\/\\\/portalendustriyel.com.tr\\\/index.php\\\/urun\\\/m8-4-pin-disi-duz-soket\\\/\",\"url\":\"https:\\\/\\\/portalendustriyel.com.tr\\\/index.php\\\/urun\\\/m8-4-pin-disi-duz-soket\\\/\",\"name\":\"M8 4-Pin Di\u015fi D\u00fcz Soket -\",\"isPartOf\":{\"@id\":\"https:\\\/\\\/portalendustriyel.com.tr\\\/#website\"},\"primaryImageOfPage\":{\"@id\":\"https:\\\/\\\/portalendustriyel.com.tr\\\/index.php\\\/urun\\\/m8-4-pin-disi-duz-soket\\\/#primaryimage\"},\"image\":{\"@id\":\"https:\\\/\\\/portalendustriyel.com.tr\\\/index.php\\\/urun\\\/m8-4-pin-disi-duz-soket\\\/#primaryimage\"},\"thumbnailUrl\":\"https:\\\/\\\/portalendustriyel.com.tr\\\/wp-content\\\/uploads\\\/2024\\\/03\\\/T4010008041-000.jpg\",\"datePublished\":\"2024-03-22T11:03:50+00:00\",\"description\":\"m8 4-pin di\u015fi d\u00fcz soket, m8 4-pin di\u015fi d\u00fcz konnekt\u00f6r, m8 4-pin di\u015fi saha montaj d\u00fcz soket, m8 4-pin di\u015fi d\u00fcz kablosuz konnekt\u00f6r\",\"breadcrumb\":{\"@id\":\"https:\\\/\\\/portalendustriyel.com.tr\\\/index.php\\\/urun\\\/m8-4-pin-disi-duz-soket\\\/#breadcrumb\"},\"inLanguage\":\"tr\",\"potentialAction\":[{\"@type\":\"ReadAction\",\"target\":[\"https:\\\/\\\/portalendustriyel.com.tr\\\/index.php\\\/urun\\\/m8-4-pin-disi-duz-soket\\\/\"]}]},{\"@type\":\"ImageObject\",\"inLanguage\":\"tr\",\"@id\":\"https:\\\/\\\/portalendustriyel.com.tr\\\/index.php\\\/urun\\\/m8-4-pin-disi-duz-soket\\\/#primaryimage\",\"url\":\"https:\\\/\\\/portalendustriyel.com.tr\\\/wp-content\\\/uploads\\\/2024\\\/03\\\/T4010008041-000.jpg\",\"contentUrl\":\"https:\\\/\\\/portalendustriyel.com.tr\\\/wp-content\\\/uploads\\\/2024\\\/03\\\/T4010008041-000.jpg\",\"width\":400,\"height\":400},{\"@type\":\"BreadcrumbList\",\"@id\":\"https:\\\/\\\/portalendustriyel.com.tr\\\/index.php\\\/urun\\\/m8-4-pin-disi-duz-soket\\\/#breadcrumb\",\"itemListElement\":[{\"@type\":\"ListItem\",\"position\":1,\"name\":\"Anasayfa\",\"item\":\"https:\\\/\\\/portalendustriyel.com.tr\\\/\"},{\"@type\":\"ListItem\",\"position\":2,\"name\":\"Ma\u011faza\",\"item\":\"https:\\\/\\\/portalendustriyel.com.tr\\\/index.php\\\/magaza\\\/\"},{\"@type\":\"ListItem\",\"position\":3,\"name\":\"M8 4-Pin Di\u015fi D\u00fcz Soket\"}]},{\"@type\":\"WebSite\",\"@id\":\"https:\\\/\\\/portalendustriyel.com.tr\\\/#website\",\"url\":\"https:\\\/\\\/portalendustriyel.com.tr\\\/\",\"name\":\"www.portalendustriyel.com.tr\",\"description\":\"End&uuml;striyel &Ccedil;&ouml;z&uuml;m Orta\u011f\u0131n\u0131z\",\"publisher\":{\"@id\":\"https:\\\/\\\/portalendustriyel.com.tr\\\/#organization\"},\"potentialAction\":[{\"@type\":\"SearchAction\",\"target\":{\"@type\":\"EntryPoint\",\"urlTemplate\":\"https:\\\/\\\/portalendustriyel.com.tr\\\/?s={search_term_string}\"},\"query-input\":{\"@type\":\"PropertyValueSpecification\",\"valueRequired\":true,\"valueName\":\"search_term_string\"}}],\"inLanguage\":\"tr\"},{\"@type\":\"Organization\",\"@id\":\"https:\\\/\\\/portalendustriyel.com.tr\\\/#organization\",\"name\":\"Portal End\u00fcstriyel Sistemler San. ve Tic. Ltd. \u015eti\",\"url\":\"https:\\\/\\\/portalendustriyel.com.tr\\\/\",\"logo\":{\"@type\":\"ImageObject\",\"inLanguage\":\"tr\",\"@id\":\"https:\\\/\\\/portalendustriyel.com.tr\\\/#\\\/schema\\\/logo\\\/image\\\/\",\"url\":\"https:\\\/\\\/portalendustriyel.com.tr\\\/wp-content\\\/uploads\\\/2023\\\/10\\\/Portal-Logo.jpg\",\"contentUrl\":\"https:\\\/\\\/portalendustriyel.com.tr\\\/wp-content\\\/uploads\\\/2023\\\/10\\\/Portal-Logo.jpg\",\"width\":1277,\"height\":460,\"caption\":\"Portal End\u00fcstriyel Sistemler San. ve Tic. Ltd. \u015eti\"},\"image\":{\"@id\":\"https:\\\/\\\/portalendustriyel.com.tr\\\/#\\\/schema\\\/logo\\\/image\\\/\"},\"sameAs\":[\"https:\\\/\\\/www.linkedin.com\\\/company\\\/101302018\\\/admin\\\/feed\\\/posts\\\/\"]}]}<\/script>\n<!-- \/ Yoast SEO plugin. -->","yoast_head_json":{"title":"M8 4-Pin Di\u015fi D\u00fcz Soket -","description":"m8 4-pin di\u015fi d\u00fcz soket, m8 4-pin di\u015fi d\u00fcz konnekt\u00f6r, m8 4-pin di\u015fi saha montaj d\u00fcz soket, m8 4-pin di\u015fi d\u00fcz kablosuz konnekt\u00f6r","robots":{"index":"index","follow":"follow","max-snippet":"max-snippet:-1","max-image-preview":"max-image-preview:large","max-video-preview":"max-video-preview:-1"},"canonical":"https:\/\/portalendustriyel.com.tr\/index.php\/urun\/m8-4-pin-disi-duz-soket\/","og_locale":"tr_TR","og_type":"article","og_title":"M8 4-Pin Di\u015fi D\u00fcz Soket -","og_description":"m8 4-pin di\u015fi d\u00fcz soket, m8 4-pin di\u015fi d\u00fcz konnekt\u00f6r, m8 4-pin di\u015fi saha montaj d\u00fcz soket, m8 4-pin di\u015fi d\u00fcz kablosuz konnekt\u00f6r","og_url":"https:\/\/portalendustriyel.com.tr\/index.php\/urun\/m8-4-pin-disi-duz-soket\/","og_image":[{"width":400,"height":400,"url":"https:\/\/portalendustriyel.com.tr\/wp-content\/uploads\/2024\/03\/T4010008041-000.jpg","type":"image\/jpeg"}],"twitter_card":"summary_large_image","twitter_misc":{"Tahmini okuma s\u00fcresi":"1 dakika"},"schema":{"@context":"https:\/\/schema.org","@graph":[{"@type":"WebPage","@id":"https:\/\/portalendustriyel.com.tr\/index.php\/urun\/m8-4-pin-disi-duz-soket\/","url":"https:\/\/portalendustriyel.com.tr\/index.php\/urun\/m8-4-pin-disi-duz-soket\/","name":"M8 4-Pin Di\u015fi D\u00fcz Soket -","isPartOf":{"@id":"https:\/\/portalendustriyel.com.tr\/#website"},"primaryImageOfPage":{"@id":"https:\/\/portalendustriyel.com.tr\/index.php\/urun\/m8-4-pin-disi-duz-soket\/#primaryimage"},"image":{"@id":"https:\/\/portalendustriyel.com.tr\/index.php\/urun\/m8-4-pin-disi-duz-soket\/#primaryimage"},"thumbnailUrl":"https:\/\/portalendustriyel.com.tr\/wp-content\/uploads\/2024\/03\/T4010008041-000.jpg","datePublished":"2024-03-22T11:03:50+00:00","description":"m8 4-pin di\u015fi d\u00fcz soket, m8 4-pin di\u015fi d\u00fcz konnekt\u00f6r, m8 4-pin di\u015fi saha montaj d\u00fcz soket, m8 4-pin di\u015fi d\u00fcz kablosuz konnekt\u00f6r","breadcrumb":{"@id":"https:\/\/portalendustriyel.com.tr\/index.php\/urun\/m8-4-pin-disi-duz-soket\/#breadcrumb"},"inLanguage":"tr","potentialAction":[{"@type":"ReadAction","target":["https:\/\/portalendustriyel.com.tr\/index.php\/urun\/m8-4-pin-disi-duz-soket\/"]}]},{"@type":"ImageObject","inLanguage":"tr","@id":"https:\/\/portalendustriyel.com.tr\/index.php\/urun\/m8-4-pin-disi-duz-soket\/#primaryimage","url":"https:\/\/portalendustriyel.com.tr\/wp-content\/uploads\/2024\/03\/T4010008041-000.jpg","contentUrl":"https:\/\/portalendustriyel.com.tr\/wp-content\/uploads\/2024\/03\/T4010008041-000.jpg","width":400,"height":400},{"@type":"BreadcrumbList","@id":"https:\/\/portalendustriyel.com.tr\/index.php\/urun\/m8-4-pin-disi-duz-soket\/#breadcrumb","itemListElement":[{"@type":"ListItem","position":1,"name":"Anasayfa","item":"https:\/\/portalendustriyel.com.tr\/"},{"@type":"ListItem","position":2,"name":"Ma\u011faza","item":"https:\/\/portalendustriyel.com.tr\/index.php\/magaza\/"},{"@type":"ListItem","position":3,"name":"M8 4-Pin Di\u015fi D\u00fcz Soket"}]},{"@type":"WebSite","@id":"https:\/\/portalendustriyel.com.tr\/#website","url":"https:\/\/portalendustriyel.com.tr\/","name":"www.portalendustriyel.com.tr","description":"End&uuml;striyel &Ccedil;&ouml;z&uuml;m Orta\u011f\u0131n\u0131z","publisher":{"@id":"https:\/\/portalendustriyel.com.tr\/#organization"},"potentialAction":[{"@type":"SearchAction","target":{"@type":"EntryPoint","urlTemplate":"https:\/\/portalendustriyel.com.tr\/?s={search_term_string}"},"query-input":{"@type":"PropertyValueSpecification","valueRequired":true,"valueName":"search_term_string"}}],"inLanguage":"tr"},{"@type":"Organization","@id":"https:\/\/portalendustriyel.com.tr\/#organization","name":"Portal End\u00fcstriyel Sistemler San. ve Tic. Ltd. \u015eti","url":"https:\/\/portalendustriyel.com.tr\/","logo":{"@type":"ImageObject","inLanguage":"tr","@id":"https:\/\/portalendustriyel.com.tr\/#\/schema\/logo\/image\/","url":"https:\/\/portalendustriyel.com.tr\/wp-content\/uploads\/2023\/10\/Portal-Logo.jpg","contentUrl":"https:\/\/portalendustriyel.com.tr\/wp-content\/uploads\/2023\/10\/Portal-Logo.jpg","width":1277,"height":460,"caption":"Portal End\u00fcstriyel Sistemler San. ve Tic. Ltd. \u015eti"},"image":{"@id":"https:\/\/portalendustriyel.com.tr\/#\/schema\/logo\/image\/"},"sameAs":["https:\/\/www.linkedin.com\/company\/101302018\/admin\/feed\/posts\/"]}]}},"_links":{"self":[{"href":"https:\/\/portalendustriyel.com.tr\/index.php\/wp-json\/wp\/v2\/product\/1374","targetHints":{"allow":["GET"]}}],"collection":[{"href":"https:\/\/portalendustriyel.com.tr\/index.php\/wp-json\/wp\/v2\/product"}],"about":[{"href":"https:\/\/portalendustriyel.com.tr\/index.php\/wp-json\/wp\/v2\/types\/product"}],"replies":[{"embeddable":true,"href":"https:\/\/portalendustriyel.com.tr\/index.php\/wp-json\/wp\/v2\/comments?post=1374"}],"wp:featuredmedia":[{"embeddable":true,"href":"https:\/\/portalendustriyel.com.tr\/index.php\/wp-json\/wp\/v2\/media\/1376"}],"wp:attachment":[{"href":"https:\/\/portalendustriyel.com.tr\/index.php\/wp-json\/wp\/v2\/media?parent=1374"}],"wp:term":[{"taxonomy":"product_brand","embeddable":true,"href":"https:\/\/portalendustriyel.com.tr\/index.php\/wp-json\/wp\/v2\/product_brand?post=1374"},{"taxonomy":"product_cat","embeddable":true,"href":"https:\/\/portalendustriyel.com.tr\/index.php\/wp-json\/wp\/v2\/product_cat?post=1374"},{"taxonomy":"product_tag","embeddable":true,"href":"https:\/\/portalendustriyel.com.tr\/index.php\/wp-json\/wp\/v2\/product_tag?post=1374"}],"curies":[{"name":"wp","href":"https:\/\/api.w.org\/{rel}","templated":true}]}}