{"id":1605,"date":"2024-05-19T19:36:12","date_gmt":"2024-05-19T19:36:12","guid":{"rendered":"https:\/\/portalendustriyel.com.tr\/?post_type=product&#038;p=1605"},"modified":"2024-05-19T19:39:21","modified_gmt":"2024-05-19T19:39:21","slug":"pesfaldm12pur-c030","status":"publish","type":"product","link":"https:\/\/portalendustriyel.com.tr\/index.php\/urun\/pesfaldm12pur-c030\/","title":{"rendered":"PESFALDM12PUR-C030"},"content":{"rendered":"<p>M12 Soketli 2mt PUR Ledli Bast\u0131r\u0131c\u0131l\u0131 Form A Hidrolik Valf Kablosu<\/p>\n<p>PESFALDM12PUR-C030<\/p>\n<table width=\"536\">\n<tbody>\n<tr>\n<td colspan=\"2\" width=\"536\">GENEL TEKN\u0130K B\u0130LG\u0130<\/td>\n<\/tr>\n<tr>\n<td rowspan=\"3\">Tip No:<\/td>\n<td>PESFALDM12PUR-C030<\/td>\n<\/tr>\n<tr>\n<td>M12 Erkek ve Form A 18mm Soket<\/td>\n<\/tr>\n<tr>\n<td>Saha montaj pres bask\u0131l\u0131<\/td>\n<\/tr>\n<tr>\n<td>\u00c7al\u0131\u015fma Voltaj\u0131<\/td>\n<td>24V AC\/DC<\/td>\n<\/tr>\n<tr>\n<td>Kablo Kesiti<\/td>\n<td>3*0,75mm2<\/td>\n<\/tr>\n<tr>\n<td>Kablo Tipi<\/td>\n<td>PUR<\/td>\n<\/tr>\n<tr>\n<td>Kablo Rengi<\/td>\n<td>Siyah<\/td>\n<\/tr>\n<tr>\n<td>Elektronik Donan\u0131m<\/td>\n<td>L: Ledli + Bast\u0131r\u0131c\u0131<\/td>\n<\/tr>\n<tr>\n<td>Koruma S\u0131n\u0131f\u0131<\/td>\n<td>IP67<\/td>\n<\/tr>\n<\/tbody>\n<\/table>\n<p><a href=\"https:\/\/portalendustriyel.com.tr\/wp-content\/uploads\/2024\/05\/PESFANM12PVC-PUR-CXX.pdf\" target=\"_blank\" rel=\"noopener\">TEKN\u0130K DOK\u00dcMAN<\/a><\/p>\n","protected":false},"excerpt":{"rendered":"<p>M12 Soketli 2mt PUR Ledli Bast\u0131r\u0131c\u0131l\u0131 Form A Hidrolik Valf Kablosu PESFALDM12PUR-C030 GENEL TEKN\u0130K B\u0130LG\u0130 Tip No: PESFALDM12PUR-C030 M12 Erkek ve Form A 18mm Soket Saha montaj pres bask\u0131l\u0131 \u00c7al\u0131\u015fma Voltaj\u0131 24V AC\/DC Kablo Kesiti 3*0,75mm2 Kablo Tipi PUR Kablo Rengi Siyah Elektronik Donan\u0131m L: Ledli + Bast\u0131r\u0131c\u0131 Koruma S\u0131n\u0131f\u0131 IP67 TEKN\u0130K DOK\u00dcMAN<\/p>\n","protected":false},"featured_media":1583,"comment_status":"open","ping_status":"closed","template":"","meta":{"neve_meta_sidebar":"","neve_meta_container":"full-width","neve_meta_enable_content_width":"off","neve_meta_content_width":100,"neve_meta_title_alignment":"","neve_meta_author_avatar":"","neve_post_elements_order":"","neve_meta_disable_header":"","neve_meta_disable_footer":"","neve_meta_disable_title":""},"product_brand":[],"product_cat":[277],"product_tag":[279,107],"class_list":{"0":"post-1605","1":"product","2":"type-product","3":"status-publish","4":"has-post-thumbnail","6":"product_cat-m12-soketli-forma-18mm-valf-kablolari","7":"product_tag-m12-soketli-hidrolik-valf-kablosu","8":"product_tag-solenoid-hidrolik-valf-kablosu","10":"first","11":"instock","12":"shipping-taxable","13":"product-type-simple"},"yoast_head":"<!-- This site is optimized with the Yoast SEO plugin v27.4 - https:\/\/yoast.com\/product\/yoast-seo-wordpress\/ -->\n<title>PESFALDM12PUR-C030 -<\/title>\n<meta name=\"description\" content=\"m12 soketli form a valf kablosu, solenoid valf kablosu, m12 soketli hidrolik valf kablosu, b\u00fcy\u00fck kafa m12 soketli valf kablosu\" \/>\n<meta name=\"robots\" content=\"index, follow, max-snippet:-1, max-image-preview:large, max-video-preview:-1\" \/>\n<link rel=\"canonical\" href=\"https:\/\/portalendustriyel.com.tr\/index.php\/urun\/pesfaldm12pur-c030\/\" \/>\n<meta property=\"og:locale\" content=\"tr_TR\" \/>\n<meta property=\"og:type\" content=\"article\" \/>\n<meta property=\"og:title\" content=\"PESFALDM12PUR-C030 -\" \/>\n<meta property=\"og:description\" content=\"m12 soketli form a valf kablosu, solenoid valf kablosu, m12 soketli hidrolik valf kablosu, b\u00fcy\u00fck kafa m12 soketli valf kablosu\" \/>\n<meta property=\"og:url\" content=\"https:\/\/portalendustriyel.com.tr\/index.php\/urun\/pesfaldm12pur-c030\/\" \/>\n<meta property=\"article:modified_time\" content=\"2024-05-19T19:39:21+00:00\" \/>\n<meta property=\"og:image\" content=\"https:\/\/portalendustriyel.com.tr\/wp-content\/uploads\/2024\/05\/PESFALM12PVC-1.jpg\" \/>\n\t<meta property=\"og:image:width\" content=\"500\" \/>\n\t<meta property=\"og:image:height\" content=\"500\" \/>\n\t<meta property=\"og:image:type\" content=\"image\/jpeg\" \/>\n<meta name=\"twitter:card\" content=\"summary_large_image\" \/>\n<meta name=\"twitter:label1\" content=\"Tahmini okuma s\u00fcresi\" \/>\n\t<meta name=\"twitter:data1\" content=\"1 dakika\" \/>\n<script type=\"application\/ld+json\" class=\"yoast-schema-graph\">{\"@context\":\"https:\\\/\\\/schema.org\",\"@graph\":[{\"@type\":\"WebPage\",\"@id\":\"https:\\\/\\\/portalendustriyel.com.tr\\\/index.php\\\/urun\\\/pesfaldm12pur-c030\\\/\",\"url\":\"https:\\\/\\\/portalendustriyel.com.tr\\\/index.php\\\/urun\\\/pesfaldm12pur-c030\\\/\",\"name\":\"PESFALDM12PUR-C030 -\",\"isPartOf\":{\"@id\":\"https:\\\/\\\/portalendustriyel.com.tr\\\/#website\"},\"primaryImageOfPage\":{\"@id\":\"https:\\\/\\\/portalendustriyel.com.tr\\\/index.php\\\/urun\\\/pesfaldm12pur-c030\\\/#primaryimage\"},\"image\":{\"@id\":\"https:\\\/\\\/portalendustriyel.com.tr\\\/index.php\\\/urun\\\/pesfaldm12pur-c030\\\/#primaryimage\"},\"thumbnailUrl\":\"https:\\\/\\\/portalendustriyel.com.tr\\\/wp-content\\\/uploads\\\/2024\\\/05\\\/PESFALM12PVC-1.jpg\",\"datePublished\":\"2024-05-19T19:36:12+00:00\",\"dateModified\":\"2024-05-19T19:39:21+00:00\",\"description\":\"m12 soketli form a valf kablosu, solenoid valf kablosu, m12 soketli hidrolik valf kablosu, b\u00fcy\u00fck kafa m12 soketli valf kablosu\",\"breadcrumb\":{\"@id\":\"https:\\\/\\\/portalendustriyel.com.tr\\\/index.php\\\/urun\\\/pesfaldm12pur-c030\\\/#breadcrumb\"},\"inLanguage\":\"tr\",\"potentialAction\":[{\"@type\":\"ReadAction\",\"target\":[\"https:\\\/\\\/portalendustriyel.com.tr\\\/index.php\\\/urun\\\/pesfaldm12pur-c030\\\/\"]}]},{\"@type\":\"ImageObject\",\"inLanguage\":\"tr\",\"@id\":\"https:\\\/\\\/portalendustriyel.com.tr\\\/index.php\\\/urun\\\/pesfaldm12pur-c030\\\/#primaryimage\",\"url\":\"https:\\\/\\\/portalendustriyel.com.tr\\\/wp-content\\\/uploads\\\/2024\\\/05\\\/PESFALM12PVC-1.jpg\",\"contentUrl\":\"https:\\\/\\\/portalendustriyel.com.tr\\\/wp-content\\\/uploads\\\/2024\\\/05\\\/PESFALM12PVC-1.jpg\",\"width\":500,\"height\":500},{\"@type\":\"BreadcrumbList\",\"@id\":\"https:\\\/\\\/portalendustriyel.com.tr\\\/index.php\\\/urun\\\/pesfaldm12pur-c030\\\/#breadcrumb\",\"itemListElement\":[{\"@type\":\"ListItem\",\"position\":1,\"name\":\"Anasayfa\",\"item\":\"https:\\\/\\\/portalendustriyel.com.tr\\\/\"},{\"@type\":\"ListItem\",\"position\":2,\"name\":\"Ma\u011faza\",\"item\":\"https:\\\/\\\/portalendustriyel.com.tr\\\/index.php\\\/magaza\\\/\"},{\"@type\":\"ListItem\",\"position\":3,\"name\":\"PESFALDM12PUR-C030\"}]},{\"@type\":\"WebSite\",\"@id\":\"https:\\\/\\\/portalendustriyel.com.tr\\\/#website\",\"url\":\"https:\\\/\\\/portalendustriyel.com.tr\\\/\",\"name\":\"www.portalendustriyel.com.tr\",\"description\":\"End&uuml;striyel &Ccedil;&ouml;z&uuml;m Orta\u011f\u0131n\u0131z\",\"publisher\":{\"@id\":\"https:\\\/\\\/portalendustriyel.com.tr\\\/#organization\"},\"potentialAction\":[{\"@type\":\"SearchAction\",\"target\":{\"@type\":\"EntryPoint\",\"urlTemplate\":\"https:\\\/\\\/portalendustriyel.com.tr\\\/?s={search_term_string}\"},\"query-input\":{\"@type\":\"PropertyValueSpecification\",\"valueRequired\":true,\"valueName\":\"search_term_string\"}}],\"inLanguage\":\"tr\"},{\"@type\":\"Organization\",\"@id\":\"https:\\\/\\\/portalendustriyel.com.tr\\\/#organization\",\"name\":\"Portal End\u00fcstriyel Sistemler San. ve Tic. Ltd. \u015eti\",\"url\":\"https:\\\/\\\/portalendustriyel.com.tr\\\/\",\"logo\":{\"@type\":\"ImageObject\",\"inLanguage\":\"tr\",\"@id\":\"https:\\\/\\\/portalendustriyel.com.tr\\\/#\\\/schema\\\/logo\\\/image\\\/\",\"url\":\"https:\\\/\\\/portalendustriyel.com.tr\\\/wp-content\\\/uploads\\\/2023\\\/10\\\/Portal-Logo.jpg\",\"contentUrl\":\"https:\\\/\\\/portalendustriyel.com.tr\\\/wp-content\\\/uploads\\\/2023\\\/10\\\/Portal-Logo.jpg\",\"width\":1277,\"height\":460,\"caption\":\"Portal End\u00fcstriyel Sistemler San. ve Tic. Ltd. \u015eti\"},\"image\":{\"@id\":\"https:\\\/\\\/portalendustriyel.com.tr\\\/#\\\/schema\\\/logo\\\/image\\\/\"},\"sameAs\":[\"https:\\\/\\\/www.linkedin.com\\\/company\\\/101302018\\\/admin\\\/feed\\\/posts\\\/\"]}]}<\/script>\n<!-- \/ Yoast SEO plugin. -->","yoast_head_json":{"title":"PESFALDM12PUR-C030 -","description":"m12 soketli form a valf kablosu, solenoid valf kablosu, m12 soketli hidrolik valf kablosu, b\u00fcy\u00fck kafa m12 soketli valf kablosu","robots":{"index":"index","follow":"follow","max-snippet":"max-snippet:-1","max-image-preview":"max-image-preview:large","max-video-preview":"max-video-preview:-1"},"canonical":"https:\/\/portalendustriyel.com.tr\/index.php\/urun\/pesfaldm12pur-c030\/","og_locale":"tr_TR","og_type":"article","og_title":"PESFALDM12PUR-C030 -","og_description":"m12 soketli form a valf kablosu, solenoid valf kablosu, m12 soketli hidrolik valf kablosu, b\u00fcy\u00fck kafa m12 soketli valf kablosu","og_url":"https:\/\/portalendustriyel.com.tr\/index.php\/urun\/pesfaldm12pur-c030\/","article_modified_time":"2024-05-19T19:39:21+00:00","og_image":[{"width":500,"height":500,"url":"https:\/\/portalendustriyel.com.tr\/wp-content\/uploads\/2024\/05\/PESFALM12PVC-1.jpg","type":"image\/jpeg"}],"twitter_card":"summary_large_image","twitter_misc":{"Tahmini okuma s\u00fcresi":"1 dakika"},"schema":{"@context":"https:\/\/schema.org","@graph":[{"@type":"WebPage","@id":"https:\/\/portalendustriyel.com.tr\/index.php\/urun\/pesfaldm12pur-c030\/","url":"https:\/\/portalendustriyel.com.tr\/index.php\/urun\/pesfaldm12pur-c030\/","name":"PESFALDM12PUR-C030 -","isPartOf":{"@id":"https:\/\/portalendustriyel.com.tr\/#website"},"primaryImageOfPage":{"@id":"https:\/\/portalendustriyel.com.tr\/index.php\/urun\/pesfaldm12pur-c030\/#primaryimage"},"image":{"@id":"https:\/\/portalendustriyel.com.tr\/index.php\/urun\/pesfaldm12pur-c030\/#primaryimage"},"thumbnailUrl":"https:\/\/portalendustriyel.com.tr\/wp-content\/uploads\/2024\/05\/PESFALM12PVC-1.jpg","datePublished":"2024-05-19T19:36:12+00:00","dateModified":"2024-05-19T19:39:21+00:00","description":"m12 soketli form a valf kablosu, solenoid valf kablosu, m12 soketli hidrolik valf kablosu, b\u00fcy\u00fck kafa m12 soketli valf kablosu","breadcrumb":{"@id":"https:\/\/portalendustriyel.com.tr\/index.php\/urun\/pesfaldm12pur-c030\/#breadcrumb"},"inLanguage":"tr","potentialAction":[{"@type":"ReadAction","target":["https:\/\/portalendustriyel.com.tr\/index.php\/urun\/pesfaldm12pur-c030\/"]}]},{"@type":"ImageObject","inLanguage":"tr","@id":"https:\/\/portalendustriyel.com.tr\/index.php\/urun\/pesfaldm12pur-c030\/#primaryimage","url":"https:\/\/portalendustriyel.com.tr\/wp-content\/uploads\/2024\/05\/PESFALM12PVC-1.jpg","contentUrl":"https:\/\/portalendustriyel.com.tr\/wp-content\/uploads\/2024\/05\/PESFALM12PVC-1.jpg","width":500,"height":500},{"@type":"BreadcrumbList","@id":"https:\/\/portalendustriyel.com.tr\/index.php\/urun\/pesfaldm12pur-c030\/#breadcrumb","itemListElement":[{"@type":"ListItem","position":1,"name":"Anasayfa","item":"https:\/\/portalendustriyel.com.tr\/"},{"@type":"ListItem","position":2,"name":"Ma\u011faza","item":"https:\/\/portalendustriyel.com.tr\/index.php\/magaza\/"},{"@type":"ListItem","position":3,"name":"PESFALDM12PUR-C030"}]},{"@type":"WebSite","@id":"https:\/\/portalendustriyel.com.tr\/#website","url":"https:\/\/portalendustriyel.com.tr\/","name":"www.portalendustriyel.com.tr","description":"End&uuml;striyel &Ccedil;&ouml;z&uuml;m Orta\u011f\u0131n\u0131z","publisher":{"@id":"https:\/\/portalendustriyel.com.tr\/#organization"},"potentialAction":[{"@type":"SearchAction","target":{"@type":"EntryPoint","urlTemplate":"https:\/\/portalendustriyel.com.tr\/?s={search_term_string}"},"query-input":{"@type":"PropertyValueSpecification","valueRequired":true,"valueName":"search_term_string"}}],"inLanguage":"tr"},{"@type":"Organization","@id":"https:\/\/portalendustriyel.com.tr\/#organization","name":"Portal End\u00fcstriyel Sistemler San. ve Tic. Ltd. \u015eti","url":"https:\/\/portalendustriyel.com.tr\/","logo":{"@type":"ImageObject","inLanguage":"tr","@id":"https:\/\/portalendustriyel.com.tr\/#\/schema\/logo\/image\/","url":"https:\/\/portalendustriyel.com.tr\/wp-content\/uploads\/2023\/10\/Portal-Logo.jpg","contentUrl":"https:\/\/portalendustriyel.com.tr\/wp-content\/uploads\/2023\/10\/Portal-Logo.jpg","width":1277,"height":460,"caption":"Portal End\u00fcstriyel Sistemler San. ve Tic. Ltd. \u015eti"},"image":{"@id":"https:\/\/portalendustriyel.com.tr\/#\/schema\/logo\/image\/"},"sameAs":["https:\/\/www.linkedin.com\/company\/101302018\/admin\/feed\/posts\/"]}]}},"_links":{"self":[{"href":"https:\/\/portalendustriyel.com.tr\/index.php\/wp-json\/wp\/v2\/product\/1605","targetHints":{"allow":["GET"]}}],"collection":[{"href":"https:\/\/portalendustriyel.com.tr\/index.php\/wp-json\/wp\/v2\/product"}],"about":[{"href":"https:\/\/portalendustriyel.com.tr\/index.php\/wp-json\/wp\/v2\/types\/product"}],"replies":[{"embeddable":true,"href":"https:\/\/portalendustriyel.com.tr\/index.php\/wp-json\/wp\/v2\/comments?post=1605"}],"wp:featuredmedia":[{"embeddable":true,"href":"https:\/\/portalendustriyel.com.tr\/index.php\/wp-json\/wp\/v2\/media\/1583"}],"wp:attachment":[{"href":"https:\/\/portalendustriyel.com.tr\/index.php\/wp-json\/wp\/v2\/media?parent=1605"}],"wp:term":[{"taxonomy":"product_brand","embeddable":true,"href":"https:\/\/portalendustriyel.com.tr\/index.php\/wp-json\/wp\/v2\/product_brand?post=1605"},{"taxonomy":"product_cat","embeddable":true,"href":"https:\/\/portalendustriyel.com.tr\/index.php\/wp-json\/wp\/v2\/product_cat?post=1605"},{"taxonomy":"product_tag","embeddable":true,"href":"https:\/\/portalendustriyel.com.tr\/index.php\/wp-json\/wp\/v2\/product_tag?post=1605"}],"curies":[{"name":"wp","href":"https:\/\/api.w.org\/{rel}","templated":true}]}}