{"id":257,"date":"2024-01-04T20:23:45","date_gmt":"2024-01-04T20:23:45","guid":{"rendered":"https:\/\/portalendustriyel.com.tr\/?post_type=product&#038;p=257"},"modified":"2024-02-09T20:18:42","modified_gmt":"2024-02-09T20:18:42","slug":"ltr-m18pa-pms-603","status":"publish","type":"product","link":"https:\/\/portalendustriyel.com.tr\/index.php\/urun\/ltr-m18pa-pms-603\/","title":{"rendered":"LTR-M18PA-PMS-603"},"content":{"rendered":"<p>CONTRINEX<\/p>\n<h1>620-600-175<\/h1>\n<table border=\"1\" cellspacing=\"0\" cellpadding=\"0\">\n<tbody>\n<tr>\n<td class=\"label\" valign=\"top\">Manufacturer :<\/td>\n<td class=\"value\" valign=\"top\">Contrinex &#8211; Switzerland<\/td>\n<\/tr>\n<tr>\n<td class=\"label\" valign=\"top\">Type :<\/td>\n<td class=\"value\" valign=\"top\">Contrinex M18 photoelectric sensor<\/td>\n<\/tr>\n<tr>\n<td class=\"label\" valign=\"top\">Part number :<\/td>\n<td class=\"value\" valign=\"top\">LTR-M18PA-PMS-603 (620-600-175)<\/td>\n<\/tr>\n<tr>\n<td class=\"label\" valign=\"top\">Operating principle :<\/td>\n<td class=\"value\" valign=\"top\">Diffuse<\/td>\n<\/tr>\n<tr>\n<td class=\"label\" valign=\"top\">Sensing range typ. Max. :<\/td>\n<td class=\"value\" valign=\"top\">3 to 1200mm<\/td>\n<\/tr>\n<tr>\n<td class=\"label\" valign=\"top\">Light source :<\/td>\n<td class=\"value\" valign=\"top\">LED, red 630 nm<\/td>\n<\/tr>\n<tr>\n<td class=\"label\" valign=\"top\">Housing size [mm] :<\/td>\n<td class=\"value\" valign=\"top\">M18<\/td>\n<\/tr>\n<tr>\n<td class=\"label\" valign=\"top\">Sensitivity adjustment :<\/td>\n<td class=\"value\" valign=\"top\">30 to 1200mm, 3\/4-turn pot.<\/td>\n<\/tr>\n<tr>\n<td class=\"label\" valign=\"top\">Polarity :<\/td>\n<td class=\"value\" valign=\"top\">PNP<\/td>\n<\/tr>\n<tr>\n<td class=\"label\" valign=\"top\">Output :<\/td>\n<td class=\"value\" valign=\"top\">Light-on\/IO-Link + Dark-on<\/td>\n<\/tr>\n<tr>\n<td class=\"label\" valign=\"top\">Interface :<\/td>\n<td class=\"value\" valign=\"top\">IO-Link<\/td>\n<\/tr>\n<tr>\n<td class=\"label\" valign=\"top\">Connection :<\/td>\n<td class=\"value\" valign=\"top\">M12 4-pin<\/td>\n<\/tr>\n<tr>\n<td class=\"label\" valign=\"top\">Supply voltage :<\/td>\n<td class=\"value\" valign=\"top\">10&#8230;30 VDC<\/td>\n<\/tr>\n<tr>\n<td class=\"label\" valign=\"top\">Switching frequency max. [Hz] :<\/td>\n<td class=\"value\" valign=\"top\">1500<\/td>\n<\/tr>\n<tr>\n<td class=\"label\" valign=\"top\">Housing material :<\/td>\n<td class=\"value\" valign=\"top\">ABS<\/td>\n<\/tr>\n<tr>\n<td class=\"label\" valign=\"top\">Temperature range :<\/td>\n<td class=\"value\" valign=\"top\">-25&#8230;65 \u00b0C<\/td>\n<\/tr>\n<tr>\n<td class=\"label\" valign=\"top\">Enclosure rating (IP) :<\/td>\n<td class=\"value\" valign=\"top\">IP 67<\/td>\n<\/tr>\n<\/tbody>\n<\/table>\n","protected":false},"excerpt":{"rendered":"<p>CONTRINEX 620-600-175 Manufacturer : Contrinex &#8211; Switzerland Type : Contrinex M18 photoelectric sensor Part number : LTR-M18PA-PMS-603 (620-600-175) Operating principle : Diffuse Sensing range typ. Max. : 3 to 1200mm Light source : LED, red 630 nm Housing size [mm] : M18 Sensitivity adjustment : 30 to 1200mm, 3\/4-turn pot. Polarity : PNP Output :&hellip;&nbsp;<a href=\"https:\/\/portalendustriyel.com.tr\/index.php\/urun\/ltr-m18pa-pms-603\/\" rel=\"bookmark\">Daha fazlas\u0131n\u0131 oku &raquo;<span class=\"screen-reader-text\">LTR-M18PA-PMS-603<\/span><\/a><\/p>\n","protected":false},"featured_media":258,"comment_status":"open","ping_status":"closed","template":"","meta":{"neve_meta_sidebar":"","neve_meta_container":"","neve_meta_enable_content_width":"off","neve_meta_content_width":100,"neve_meta_title_alignment":"","neve_meta_author_avatar":"","neve_post_elements_order":"","neve_meta_disable_header":"","neve_meta_disable_footer":"","neve_meta_disable_title":""},"product_brand":[],"product_cat":[54],"product_tag":[21,20,19],"class_list":{"0":"post-257","1":"product","2":"type-product","3":"status-publish","4":"has-post-thumbnail","6":"product_cat-optik-sensorler","7":"product_tag-cisimden-yansimali-fotosel","8":"product_tag-contrinex-sensor","9":"product_tag-fotoelektrik-sensor","11":"first","12":"instock","13":"shipping-taxable","14":"product-type-simple"},"yoast_head":"<!-- This site is optimized with the Yoast SEO plugin v27.4 - https:\/\/yoast.com\/product\/yoast-seo-wordpress\/ -->\n<title>LTR-M18PA-PMS-603 -<\/title>\n<meta name=\"description\" content=\"contrinex sensor, fotoelektrik sensor, cisimden yansimali sensor, silindirik govde sensor, CH-1720\" \/>\n<meta name=\"robots\" content=\"index, follow, max-snippet:-1, max-image-preview:large, max-video-preview:-1\" \/>\n<link rel=\"canonical\" href=\"https:\/\/portalendustriyel.com.tr\/index.php\/urun\/ltr-m18pa-pms-603\/\" \/>\n<meta property=\"og:locale\" content=\"tr_TR\" \/>\n<meta property=\"og:type\" content=\"article\" \/>\n<meta property=\"og:title\" content=\"LTR-M18PA-PMS-603 -\" \/>\n<meta property=\"og:description\" content=\"contrinex sensor, fotoelektrik sensor, cisimden yansimali sensor, silindirik govde sensor, CH-1720\" \/>\n<meta property=\"og:url\" content=\"https:\/\/portalendustriyel.com.tr\/index.php\/urun\/ltr-m18pa-pms-603\/\" \/>\n<meta property=\"article:modified_time\" content=\"2024-02-09T20:18:42+00:00\" \/>\n<meta property=\"og:image\" content=\"https:\/\/portalendustriyel.com.tr\/wp-content\/uploads\/2024\/01\/LTR-M18PA-PMS-603.jpg\" \/>\n\t<meta property=\"og:image:width\" content=\"500\" \/>\n\t<meta property=\"og:image:height\" content=\"500\" \/>\n\t<meta property=\"og:image:type\" content=\"image\/jpeg\" \/>\n<meta name=\"twitter:card\" content=\"summary_large_image\" \/>\n<meta name=\"twitter:label1\" content=\"Tahmini okuma s\u00fcresi\" \/>\n\t<meta name=\"twitter:data1\" content=\"1 dakika\" \/>\n<script type=\"application\/ld+json\" class=\"yoast-schema-graph\">{\"@context\":\"https:\\\/\\\/schema.org\",\"@graph\":[{\"@type\":\"WebPage\",\"@id\":\"https:\\\/\\\/portalendustriyel.com.tr\\\/index.php\\\/urun\\\/ltr-m18pa-pms-603\\\/\",\"url\":\"https:\\\/\\\/portalendustriyel.com.tr\\\/index.php\\\/urun\\\/ltr-m18pa-pms-603\\\/\",\"name\":\"LTR-M18PA-PMS-603 -\",\"isPartOf\":{\"@id\":\"https:\\\/\\\/portalendustriyel.com.tr\\\/#website\"},\"primaryImageOfPage\":{\"@id\":\"https:\\\/\\\/portalendustriyel.com.tr\\\/index.php\\\/urun\\\/ltr-m18pa-pms-603\\\/#primaryimage\"},\"image\":{\"@id\":\"https:\\\/\\\/portalendustriyel.com.tr\\\/index.php\\\/urun\\\/ltr-m18pa-pms-603\\\/#primaryimage\"},\"thumbnailUrl\":\"https:\\\/\\\/portalendustriyel.com.tr\\\/wp-content\\\/uploads\\\/2024\\\/01\\\/LTR-M18PA-PMS-603.jpg\",\"datePublished\":\"2024-01-04T20:23:45+00:00\",\"dateModified\":\"2024-02-09T20:18:42+00:00\",\"description\":\"contrinex sensor, fotoelektrik sensor, cisimden yansimali sensor, silindirik govde sensor, CH-1720\",\"breadcrumb\":{\"@id\":\"https:\\\/\\\/portalendustriyel.com.tr\\\/index.php\\\/urun\\\/ltr-m18pa-pms-603\\\/#breadcrumb\"},\"inLanguage\":\"tr\",\"potentialAction\":[{\"@type\":\"ReadAction\",\"target\":[\"https:\\\/\\\/portalendustriyel.com.tr\\\/index.php\\\/urun\\\/ltr-m18pa-pms-603\\\/\"]}]},{\"@type\":\"ImageObject\",\"inLanguage\":\"tr\",\"@id\":\"https:\\\/\\\/portalendustriyel.com.tr\\\/index.php\\\/urun\\\/ltr-m18pa-pms-603\\\/#primaryimage\",\"url\":\"https:\\\/\\\/portalendustriyel.com.tr\\\/wp-content\\\/uploads\\\/2024\\\/01\\\/LTR-M18PA-PMS-603.jpg\",\"contentUrl\":\"https:\\\/\\\/portalendustriyel.com.tr\\\/wp-content\\\/uploads\\\/2024\\\/01\\\/LTR-M18PA-PMS-603.jpg\",\"width\":500,\"height\":500},{\"@type\":\"BreadcrumbList\",\"@id\":\"https:\\\/\\\/portalendustriyel.com.tr\\\/index.php\\\/urun\\\/ltr-m18pa-pms-603\\\/#breadcrumb\",\"itemListElement\":[{\"@type\":\"ListItem\",\"position\":1,\"name\":\"Anasayfa\",\"item\":\"https:\\\/\\\/portalendustriyel.com.tr\\\/\"},{\"@type\":\"ListItem\",\"position\":2,\"name\":\"Ma\u011faza\",\"item\":\"https:\\\/\\\/portalendustriyel.com.tr\\\/index.php\\\/magaza\\\/\"},{\"@type\":\"ListItem\",\"position\":3,\"name\":\"LTR-M18PA-PMS-603\"}]},{\"@type\":\"WebSite\",\"@id\":\"https:\\\/\\\/portalendustriyel.com.tr\\\/#website\",\"url\":\"https:\\\/\\\/portalendustriyel.com.tr\\\/\",\"name\":\"www.portalendustriyel.com.tr\",\"description\":\"End&uuml;striyel &Ccedil;&ouml;z&uuml;m Orta\u011f\u0131n\u0131z\",\"publisher\":{\"@id\":\"https:\\\/\\\/portalendustriyel.com.tr\\\/#organization\"},\"potentialAction\":[{\"@type\":\"SearchAction\",\"target\":{\"@type\":\"EntryPoint\",\"urlTemplate\":\"https:\\\/\\\/portalendustriyel.com.tr\\\/?s={search_term_string}\"},\"query-input\":{\"@type\":\"PropertyValueSpecification\",\"valueRequired\":true,\"valueName\":\"search_term_string\"}}],\"inLanguage\":\"tr\"},{\"@type\":\"Organization\",\"@id\":\"https:\\\/\\\/portalendustriyel.com.tr\\\/#organization\",\"name\":\"Portal End\u00fcstriyel Sistemler San. ve Tic. Ltd. \u015eti\",\"url\":\"https:\\\/\\\/portalendustriyel.com.tr\\\/\",\"logo\":{\"@type\":\"ImageObject\",\"inLanguage\":\"tr\",\"@id\":\"https:\\\/\\\/portalendustriyel.com.tr\\\/#\\\/schema\\\/logo\\\/image\\\/\",\"url\":\"https:\\\/\\\/portalendustriyel.com.tr\\\/wp-content\\\/uploads\\\/2023\\\/10\\\/Portal-Logo.jpg\",\"contentUrl\":\"https:\\\/\\\/portalendustriyel.com.tr\\\/wp-content\\\/uploads\\\/2023\\\/10\\\/Portal-Logo.jpg\",\"width\":1277,\"height\":460,\"caption\":\"Portal End\u00fcstriyel Sistemler San. ve Tic. Ltd. \u015eti\"},\"image\":{\"@id\":\"https:\\\/\\\/portalendustriyel.com.tr\\\/#\\\/schema\\\/logo\\\/image\\\/\"},\"sameAs\":[\"https:\\\/\\\/www.linkedin.com\\\/company\\\/101302018\\\/admin\\\/feed\\\/posts\\\/\"]}]}<\/script>\n<!-- \/ Yoast SEO plugin. -->","yoast_head_json":{"title":"LTR-M18PA-PMS-603 -","description":"contrinex sensor, fotoelektrik sensor, cisimden yansimali sensor, silindirik govde sensor, CH-1720","robots":{"index":"index","follow":"follow","max-snippet":"max-snippet:-1","max-image-preview":"max-image-preview:large","max-video-preview":"max-video-preview:-1"},"canonical":"https:\/\/portalendustriyel.com.tr\/index.php\/urun\/ltr-m18pa-pms-603\/","og_locale":"tr_TR","og_type":"article","og_title":"LTR-M18PA-PMS-603 -","og_description":"contrinex sensor, fotoelektrik sensor, cisimden yansimali sensor, silindirik govde sensor, CH-1720","og_url":"https:\/\/portalendustriyel.com.tr\/index.php\/urun\/ltr-m18pa-pms-603\/","article_modified_time":"2024-02-09T20:18:42+00:00","og_image":[{"width":500,"height":500,"url":"https:\/\/portalendustriyel.com.tr\/wp-content\/uploads\/2024\/01\/LTR-M18PA-PMS-603.jpg","type":"image\/jpeg"}],"twitter_card":"summary_large_image","twitter_misc":{"Tahmini okuma s\u00fcresi":"1 dakika"},"schema":{"@context":"https:\/\/schema.org","@graph":[{"@type":"WebPage","@id":"https:\/\/portalendustriyel.com.tr\/index.php\/urun\/ltr-m18pa-pms-603\/","url":"https:\/\/portalendustriyel.com.tr\/index.php\/urun\/ltr-m18pa-pms-603\/","name":"LTR-M18PA-PMS-603 -","isPartOf":{"@id":"https:\/\/portalendustriyel.com.tr\/#website"},"primaryImageOfPage":{"@id":"https:\/\/portalendustriyel.com.tr\/index.php\/urun\/ltr-m18pa-pms-603\/#primaryimage"},"image":{"@id":"https:\/\/portalendustriyel.com.tr\/index.php\/urun\/ltr-m18pa-pms-603\/#primaryimage"},"thumbnailUrl":"https:\/\/portalendustriyel.com.tr\/wp-content\/uploads\/2024\/01\/LTR-M18PA-PMS-603.jpg","datePublished":"2024-01-04T20:23:45+00:00","dateModified":"2024-02-09T20:18:42+00:00","description":"contrinex sensor, fotoelektrik sensor, cisimden yansimali sensor, silindirik govde sensor, CH-1720","breadcrumb":{"@id":"https:\/\/portalendustriyel.com.tr\/index.php\/urun\/ltr-m18pa-pms-603\/#breadcrumb"},"inLanguage":"tr","potentialAction":[{"@type":"ReadAction","target":["https:\/\/portalendustriyel.com.tr\/index.php\/urun\/ltr-m18pa-pms-603\/"]}]},{"@type":"ImageObject","inLanguage":"tr","@id":"https:\/\/portalendustriyel.com.tr\/index.php\/urun\/ltr-m18pa-pms-603\/#primaryimage","url":"https:\/\/portalendustriyel.com.tr\/wp-content\/uploads\/2024\/01\/LTR-M18PA-PMS-603.jpg","contentUrl":"https:\/\/portalendustriyel.com.tr\/wp-content\/uploads\/2024\/01\/LTR-M18PA-PMS-603.jpg","width":500,"height":500},{"@type":"BreadcrumbList","@id":"https:\/\/portalendustriyel.com.tr\/index.php\/urun\/ltr-m18pa-pms-603\/#breadcrumb","itemListElement":[{"@type":"ListItem","position":1,"name":"Anasayfa","item":"https:\/\/portalendustriyel.com.tr\/"},{"@type":"ListItem","position":2,"name":"Ma\u011faza","item":"https:\/\/portalendustriyel.com.tr\/index.php\/magaza\/"},{"@type":"ListItem","position":3,"name":"LTR-M18PA-PMS-603"}]},{"@type":"WebSite","@id":"https:\/\/portalendustriyel.com.tr\/#website","url":"https:\/\/portalendustriyel.com.tr\/","name":"www.portalendustriyel.com.tr","description":"End&uuml;striyel &Ccedil;&ouml;z&uuml;m Orta\u011f\u0131n\u0131z","publisher":{"@id":"https:\/\/portalendustriyel.com.tr\/#organization"},"potentialAction":[{"@type":"SearchAction","target":{"@type":"EntryPoint","urlTemplate":"https:\/\/portalendustriyel.com.tr\/?s={search_term_string}"},"query-input":{"@type":"PropertyValueSpecification","valueRequired":true,"valueName":"search_term_string"}}],"inLanguage":"tr"},{"@type":"Organization","@id":"https:\/\/portalendustriyel.com.tr\/#organization","name":"Portal End\u00fcstriyel Sistemler San. ve Tic. Ltd. \u015eti","url":"https:\/\/portalendustriyel.com.tr\/","logo":{"@type":"ImageObject","inLanguage":"tr","@id":"https:\/\/portalendustriyel.com.tr\/#\/schema\/logo\/image\/","url":"https:\/\/portalendustriyel.com.tr\/wp-content\/uploads\/2023\/10\/Portal-Logo.jpg","contentUrl":"https:\/\/portalendustriyel.com.tr\/wp-content\/uploads\/2023\/10\/Portal-Logo.jpg","width":1277,"height":460,"caption":"Portal End\u00fcstriyel Sistemler San. ve Tic. Ltd. \u015eti"},"image":{"@id":"https:\/\/portalendustriyel.com.tr\/#\/schema\/logo\/image\/"},"sameAs":["https:\/\/www.linkedin.com\/company\/101302018\/admin\/feed\/posts\/"]}]}},"_links":{"self":[{"href":"https:\/\/portalendustriyel.com.tr\/index.php\/wp-json\/wp\/v2\/product\/257","targetHints":{"allow":["GET"]}}],"collection":[{"href":"https:\/\/portalendustriyel.com.tr\/index.php\/wp-json\/wp\/v2\/product"}],"about":[{"href":"https:\/\/portalendustriyel.com.tr\/index.php\/wp-json\/wp\/v2\/types\/product"}],"replies":[{"embeddable":true,"href":"https:\/\/portalendustriyel.com.tr\/index.php\/wp-json\/wp\/v2\/comments?post=257"}],"wp:featuredmedia":[{"embeddable":true,"href":"https:\/\/portalendustriyel.com.tr\/index.php\/wp-json\/wp\/v2\/media\/258"}],"wp:attachment":[{"href":"https:\/\/portalendustriyel.com.tr\/index.php\/wp-json\/wp\/v2\/media?parent=257"}],"wp:term":[{"taxonomy":"product_brand","embeddable":true,"href":"https:\/\/portalendustriyel.com.tr\/index.php\/wp-json\/wp\/v2\/product_brand?post=257"},{"taxonomy":"product_cat","embeddable":true,"href":"https:\/\/portalendustriyel.com.tr\/index.php\/wp-json\/wp\/v2\/product_cat?post=257"},{"taxonomy":"product_tag","embeddable":true,"href":"https:\/\/portalendustriyel.com.tr\/index.php\/wp-json\/wp\/v2\/product_tag?post=257"}],"curies":[{"name":"wp","href":"https:\/\/api.w.org\/{rel}","templated":true}]}}