{"id":275,"date":"2024-01-04T23:13:37","date_gmt":"2024-01-04T23:13:37","guid":{"rendered":"https:\/\/portalendustriyel.com.tr\/?post_type=product&#038;p=275"},"modified":"2024-02-09T20:18:27","modified_gmt":"2024-02-09T20:18:27","slug":"fai7-bp-0e","status":"publish","type":"product","link":"https:\/\/portalendustriyel.com.tr\/index.php\/urun\/fai7-bp-0e\/","title":{"rendered":"FAI7\/BP-0E"},"content":{"rendered":"<p>Micro Detectors<\/p>\n<h3 id=\"lblTitle\" class=\"panel-title\">FAI7\/BP-0E<\/h3>\n<div class=\"attributes-row\">\n<div class=\"attributes-label\">Model No FAI7\/BP-0E<\/div>\n<\/div>\n<div class=\"attributes-row\">\n<div class=\"attributes-label\">Output PNP-NO+NC Cisimden Yans\u0131mal\u0131<\/div>\n<\/div>\n<div class=\"attributes-row\">\n<div class=\"attributes-label\">Boyutlar mm (WxHxD) M18 x 1 \/L =81,6mm<\/div>\n<\/div>\n<div class=\"attributes-row\">\n<div class=\"attributes-label\">Materyal\u00a0 Plastik &#8211; PBT \/ PC<\/div>\n<\/div>\n<div class=\"attributes-row\">\n<div class=\"attributes-label\">Frequency 250Hz<\/div>\n<\/div>\n<div class=\"attributes-row\">\n<div class=\"attributes-label\">\u00d6l\u00e7\u00fc M 18<\/div>\n<\/div>\n<div class=\"attributes-row\">\n<div class=\"attributes-label\">Pin 4 Pin<\/div>\n<\/div>\n<div class=\"attributes-row\">\n<div class=\"attributes-label\">\u00c7al\u0131\u015fma S\u0131cakl\u0131\u011f\u0131 -25\u00b0C ile +70\u00b0C<\/div>\n<\/div>\n<div class=\"attributes-row\">\n<div class=\"attributes-label\">Besleme \/4A \u00c7\u0131k\u0131\u015f 10-30 VDC<\/div>\n<\/div>\n<div class=\"attributes-row\">\n<div class=\"attributes-label\">Ak\u0131m 100mA<\/div>\n<\/div>\n<div class=\"attributes-row\">\n<div class=\"attributes-label\">IP Derecesi IP 67<\/div>\n<\/div>\n<div class=\"attributes-row\">\n<div class=\"attributes-label\">Ba\u011flant\u0131 M 12 konnector (4 pin)<\/div>\n<\/div>\n<div class=\"attributes-row\">\n<div class=\"attributes-data\" data-th=\"Brand\">Micro Detectors<\/div>\n<\/div>\n<div class=\"attributes-row\">\n<div class=\"attributes-data\" data-th=\"Country Of Origin\"><\/div>\n<\/div>\n","protected":false},"excerpt":{"rendered":"<p>Micro Detectors FAI7\/BP-0E Model No FAI7\/BP-0E Output PNP-NO+NC Cisimden Yans\u0131mal\u0131 Boyutlar mm (WxHxD) M18 x 1 \/L =81,6mm Materyal\u00a0 Plastik &#8211; PBT \/ PC Frequency 250Hz \u00d6l\u00e7\u00fc M 18 Pin 4 Pin \u00c7al\u0131\u015fma S\u0131cakl\u0131\u011f\u0131 -25\u00b0C ile +70\u00b0C Besleme \/4A \u00c7\u0131k\u0131\u015f 10-30 VDC Ak\u0131m 100mA IP Derecesi IP 67 Ba\u011flant\u0131 M 12 konnector (4 pin) Micro&hellip;&nbsp;<a href=\"https:\/\/portalendustriyel.com.tr\/index.php\/urun\/fai7-bp-0e\/\" rel=\"bookmark\">Daha fazlas\u0131n\u0131 oku &raquo;<span class=\"screen-reader-text\">FAI7\/BP-0E<\/span><\/a><\/p>\n","protected":false},"featured_media":276,"comment_status":"open","ping_status":"closed","template":"","meta":{"neve_meta_sidebar":"","neve_meta_container":"","neve_meta_enable_content_width":"off","neve_meta_content_width":100,"neve_meta_title_alignment":"","neve_meta_author_avatar":"","neve_post_elements_order":"","neve_meta_disable_header":"","neve_meta_disable_footer":"","neve_meta_disable_title":""},"product_brand":[],"product_cat":[54],"product_tag":[21,22],"class_list":{"0":"post-275","1":"product","2":"type-product","3":"status-publish","4":"has-post-thumbnail","6":"product_cat-optik-sensorler","7":"product_tag-cisimden-yansimali-fotosel","8":"product_tag-micro-detectorsensor","10":"first","11":"instock","12":"shipping-taxable","13":"product-type-simple"},"yoast_head":"<!-- This site is optimized with the Yoast SEO plugin v27.4 - https:\/\/yoast.com\/product\/yoast-seo-wordpress\/ -->\n<title>FAI7\/BP-0E -<\/title>\n<meta name=\"description\" content=\"silindirik sensor, fotosel, micro detectors\" \/>\n<meta name=\"robots\" content=\"index, follow, max-snippet:-1, max-image-preview:large, max-video-preview:-1\" \/>\n<link rel=\"canonical\" href=\"https:\/\/portalendustriyel.com.tr\/index.php\/urun\/fai7-bp-0e\/\" \/>\n<meta property=\"og:locale\" content=\"tr_TR\" \/>\n<meta property=\"og:type\" content=\"article\" \/>\n<meta property=\"og:title\" content=\"FAI7\/BP-0E -\" \/>\n<meta property=\"og:description\" content=\"silindirik sensor, fotosel, micro detectors\" \/>\n<meta property=\"og:url\" content=\"https:\/\/portalendustriyel.com.tr\/index.php\/urun\/fai7-bp-0e\/\" \/>\n<meta property=\"article:modified_time\" content=\"2024-02-09T20:18:27+00:00\" \/>\n<meta property=\"og:image\" content=\"https:\/\/portalendustriyel.com.tr\/wp-content\/uploads\/2024\/01\/104434_2D_0001.jpg\" \/>\n\t<meta property=\"og:image:width\" content=\"800\" \/>\n\t<meta property=\"og:image:height\" content=\"800\" \/>\n\t<meta property=\"og:image:type\" content=\"image\/jpeg\" \/>\n<meta name=\"twitter:card\" content=\"summary_large_image\" \/>\n<meta name=\"twitter:label1\" content=\"Tahmini okuma s\u00fcresi\" \/>\n\t<meta name=\"twitter:data1\" content=\"1 dakika\" \/>\n<script type=\"application\/ld+json\" class=\"yoast-schema-graph\">{\"@context\":\"https:\\\/\\\/schema.org\",\"@graph\":[{\"@type\":\"WebPage\",\"@id\":\"https:\\\/\\\/portalendustriyel.com.tr\\\/index.php\\\/urun\\\/fai7-bp-0e\\\/\",\"url\":\"https:\\\/\\\/portalendustriyel.com.tr\\\/index.php\\\/urun\\\/fai7-bp-0e\\\/\",\"name\":\"FAI7\\\/BP-0E -\",\"isPartOf\":{\"@id\":\"https:\\\/\\\/portalendustriyel.com.tr\\\/#website\"},\"primaryImageOfPage\":{\"@id\":\"https:\\\/\\\/portalendustriyel.com.tr\\\/index.php\\\/urun\\\/fai7-bp-0e\\\/#primaryimage\"},\"image\":{\"@id\":\"https:\\\/\\\/portalendustriyel.com.tr\\\/index.php\\\/urun\\\/fai7-bp-0e\\\/#primaryimage\"},\"thumbnailUrl\":\"https:\\\/\\\/portalendustriyel.com.tr\\\/wp-content\\\/uploads\\\/2024\\\/01\\\/104434_2D_0001.jpg\",\"datePublished\":\"2024-01-04T23:13:37+00:00\",\"dateModified\":\"2024-02-09T20:18:27+00:00\",\"description\":\"silindirik sensor, fotosel, micro detectors\",\"breadcrumb\":{\"@id\":\"https:\\\/\\\/portalendustriyel.com.tr\\\/index.php\\\/urun\\\/fai7-bp-0e\\\/#breadcrumb\"},\"inLanguage\":\"tr\",\"potentialAction\":[{\"@type\":\"ReadAction\",\"target\":[\"https:\\\/\\\/portalendustriyel.com.tr\\\/index.php\\\/urun\\\/fai7-bp-0e\\\/\"]}]},{\"@type\":\"ImageObject\",\"inLanguage\":\"tr\",\"@id\":\"https:\\\/\\\/portalendustriyel.com.tr\\\/index.php\\\/urun\\\/fai7-bp-0e\\\/#primaryimage\",\"url\":\"https:\\\/\\\/portalendustriyel.com.tr\\\/wp-content\\\/uploads\\\/2024\\\/01\\\/104434_2D_0001.jpg\",\"contentUrl\":\"https:\\\/\\\/portalendustriyel.com.tr\\\/wp-content\\\/uploads\\\/2024\\\/01\\\/104434_2D_0001.jpg\",\"width\":800,\"height\":800},{\"@type\":\"BreadcrumbList\",\"@id\":\"https:\\\/\\\/portalendustriyel.com.tr\\\/index.php\\\/urun\\\/fai7-bp-0e\\\/#breadcrumb\",\"itemListElement\":[{\"@type\":\"ListItem\",\"position\":1,\"name\":\"Anasayfa\",\"item\":\"https:\\\/\\\/portalendustriyel.com.tr\\\/\"},{\"@type\":\"ListItem\",\"position\":2,\"name\":\"Ma\u011faza\",\"item\":\"https:\\\/\\\/portalendustriyel.com.tr\\\/index.php\\\/magaza\\\/\"},{\"@type\":\"ListItem\",\"position\":3,\"name\":\"FAI7\\\/BP-0E\"}]},{\"@type\":\"WebSite\",\"@id\":\"https:\\\/\\\/portalendustriyel.com.tr\\\/#website\",\"url\":\"https:\\\/\\\/portalendustriyel.com.tr\\\/\",\"name\":\"www.portalendustriyel.com.tr\",\"description\":\"End&uuml;striyel &Ccedil;&ouml;z&uuml;m Orta\u011f\u0131n\u0131z\",\"publisher\":{\"@id\":\"https:\\\/\\\/portalendustriyel.com.tr\\\/#organization\"},\"potentialAction\":[{\"@type\":\"SearchAction\",\"target\":{\"@type\":\"EntryPoint\",\"urlTemplate\":\"https:\\\/\\\/portalendustriyel.com.tr\\\/?s={search_term_string}\"},\"query-input\":{\"@type\":\"PropertyValueSpecification\",\"valueRequired\":true,\"valueName\":\"search_term_string\"}}],\"inLanguage\":\"tr\"},{\"@type\":\"Organization\",\"@id\":\"https:\\\/\\\/portalendustriyel.com.tr\\\/#organization\",\"name\":\"Portal End\u00fcstriyel Sistemler San. ve Tic. Ltd. \u015eti\",\"url\":\"https:\\\/\\\/portalendustriyel.com.tr\\\/\",\"logo\":{\"@type\":\"ImageObject\",\"inLanguage\":\"tr\",\"@id\":\"https:\\\/\\\/portalendustriyel.com.tr\\\/#\\\/schema\\\/logo\\\/image\\\/\",\"url\":\"https:\\\/\\\/portalendustriyel.com.tr\\\/wp-content\\\/uploads\\\/2023\\\/10\\\/Portal-Logo.jpg\",\"contentUrl\":\"https:\\\/\\\/portalendustriyel.com.tr\\\/wp-content\\\/uploads\\\/2023\\\/10\\\/Portal-Logo.jpg\",\"width\":1277,\"height\":460,\"caption\":\"Portal End\u00fcstriyel Sistemler San. ve Tic. Ltd. \u015eti\"},\"image\":{\"@id\":\"https:\\\/\\\/portalendustriyel.com.tr\\\/#\\\/schema\\\/logo\\\/image\\\/\"},\"sameAs\":[\"https:\\\/\\\/www.linkedin.com\\\/company\\\/101302018\\\/admin\\\/feed\\\/posts\\\/\"]}]}<\/script>\n<!-- \/ Yoast SEO plugin. -->","yoast_head_json":{"title":"FAI7\/BP-0E -","description":"silindirik sensor, fotosel, micro detectors","robots":{"index":"index","follow":"follow","max-snippet":"max-snippet:-1","max-image-preview":"max-image-preview:large","max-video-preview":"max-video-preview:-1"},"canonical":"https:\/\/portalendustriyel.com.tr\/index.php\/urun\/fai7-bp-0e\/","og_locale":"tr_TR","og_type":"article","og_title":"FAI7\/BP-0E -","og_description":"silindirik sensor, fotosel, micro detectors","og_url":"https:\/\/portalendustriyel.com.tr\/index.php\/urun\/fai7-bp-0e\/","article_modified_time":"2024-02-09T20:18:27+00:00","og_image":[{"width":800,"height":800,"url":"https:\/\/portalendustriyel.com.tr\/wp-content\/uploads\/2024\/01\/104434_2D_0001.jpg","type":"image\/jpeg"}],"twitter_card":"summary_large_image","twitter_misc":{"Tahmini okuma s\u00fcresi":"1 dakika"},"schema":{"@context":"https:\/\/schema.org","@graph":[{"@type":"WebPage","@id":"https:\/\/portalendustriyel.com.tr\/index.php\/urun\/fai7-bp-0e\/","url":"https:\/\/portalendustriyel.com.tr\/index.php\/urun\/fai7-bp-0e\/","name":"FAI7\/BP-0E -","isPartOf":{"@id":"https:\/\/portalendustriyel.com.tr\/#website"},"primaryImageOfPage":{"@id":"https:\/\/portalendustriyel.com.tr\/index.php\/urun\/fai7-bp-0e\/#primaryimage"},"image":{"@id":"https:\/\/portalendustriyel.com.tr\/index.php\/urun\/fai7-bp-0e\/#primaryimage"},"thumbnailUrl":"https:\/\/portalendustriyel.com.tr\/wp-content\/uploads\/2024\/01\/104434_2D_0001.jpg","datePublished":"2024-01-04T23:13:37+00:00","dateModified":"2024-02-09T20:18:27+00:00","description":"silindirik sensor, fotosel, micro detectors","breadcrumb":{"@id":"https:\/\/portalendustriyel.com.tr\/index.php\/urun\/fai7-bp-0e\/#breadcrumb"},"inLanguage":"tr","potentialAction":[{"@type":"ReadAction","target":["https:\/\/portalendustriyel.com.tr\/index.php\/urun\/fai7-bp-0e\/"]}]},{"@type":"ImageObject","inLanguage":"tr","@id":"https:\/\/portalendustriyel.com.tr\/index.php\/urun\/fai7-bp-0e\/#primaryimage","url":"https:\/\/portalendustriyel.com.tr\/wp-content\/uploads\/2024\/01\/104434_2D_0001.jpg","contentUrl":"https:\/\/portalendustriyel.com.tr\/wp-content\/uploads\/2024\/01\/104434_2D_0001.jpg","width":800,"height":800},{"@type":"BreadcrumbList","@id":"https:\/\/portalendustriyel.com.tr\/index.php\/urun\/fai7-bp-0e\/#breadcrumb","itemListElement":[{"@type":"ListItem","position":1,"name":"Anasayfa","item":"https:\/\/portalendustriyel.com.tr\/"},{"@type":"ListItem","position":2,"name":"Ma\u011faza","item":"https:\/\/portalendustriyel.com.tr\/index.php\/magaza\/"},{"@type":"ListItem","position":3,"name":"FAI7\/BP-0E"}]},{"@type":"WebSite","@id":"https:\/\/portalendustriyel.com.tr\/#website","url":"https:\/\/portalendustriyel.com.tr\/","name":"www.portalendustriyel.com.tr","description":"End&uuml;striyel &Ccedil;&ouml;z&uuml;m Orta\u011f\u0131n\u0131z","publisher":{"@id":"https:\/\/portalendustriyel.com.tr\/#organization"},"potentialAction":[{"@type":"SearchAction","target":{"@type":"EntryPoint","urlTemplate":"https:\/\/portalendustriyel.com.tr\/?s={search_term_string}"},"query-input":{"@type":"PropertyValueSpecification","valueRequired":true,"valueName":"search_term_string"}}],"inLanguage":"tr"},{"@type":"Organization","@id":"https:\/\/portalendustriyel.com.tr\/#organization","name":"Portal End\u00fcstriyel Sistemler San. ve Tic. Ltd. \u015eti","url":"https:\/\/portalendustriyel.com.tr\/","logo":{"@type":"ImageObject","inLanguage":"tr","@id":"https:\/\/portalendustriyel.com.tr\/#\/schema\/logo\/image\/","url":"https:\/\/portalendustriyel.com.tr\/wp-content\/uploads\/2023\/10\/Portal-Logo.jpg","contentUrl":"https:\/\/portalendustriyel.com.tr\/wp-content\/uploads\/2023\/10\/Portal-Logo.jpg","width":1277,"height":460,"caption":"Portal End\u00fcstriyel Sistemler San. ve Tic. Ltd. \u015eti"},"image":{"@id":"https:\/\/portalendustriyel.com.tr\/#\/schema\/logo\/image\/"},"sameAs":["https:\/\/www.linkedin.com\/company\/101302018\/admin\/feed\/posts\/"]}]}},"_links":{"self":[{"href":"https:\/\/portalendustriyel.com.tr\/index.php\/wp-json\/wp\/v2\/product\/275","targetHints":{"allow":["GET"]}}],"collection":[{"href":"https:\/\/portalendustriyel.com.tr\/index.php\/wp-json\/wp\/v2\/product"}],"about":[{"href":"https:\/\/portalendustriyel.com.tr\/index.php\/wp-json\/wp\/v2\/types\/product"}],"replies":[{"embeddable":true,"href":"https:\/\/portalendustriyel.com.tr\/index.php\/wp-json\/wp\/v2\/comments?post=275"}],"wp:featuredmedia":[{"embeddable":true,"href":"https:\/\/portalendustriyel.com.tr\/index.php\/wp-json\/wp\/v2\/media\/276"}],"wp:attachment":[{"href":"https:\/\/portalendustriyel.com.tr\/index.php\/wp-json\/wp\/v2\/media?parent=275"}],"wp:term":[{"taxonomy":"product_brand","embeddable":true,"href":"https:\/\/portalendustriyel.com.tr\/index.php\/wp-json\/wp\/v2\/product_brand?post=275"},{"taxonomy":"product_cat","embeddable":true,"href":"https:\/\/portalendustriyel.com.tr\/index.php\/wp-json\/wp\/v2\/product_cat?post=275"},{"taxonomy":"product_tag","embeddable":true,"href":"https:\/\/portalendustriyel.com.tr\/index.php\/wp-json\/wp\/v2\/product_tag?post=275"}],"curies":[{"name":"wp","href":"https:\/\/api.w.org\/{rel}","templated":true}]}}