{"id":2818,"date":"2024-10-01T19:48:14","date_gmt":"2024-10-01T19:48:14","guid":{"rendered":"https:\/\/portalendustriyel.com.tr\/?post_type=product&#038;p=2818"},"modified":"2024-10-01T19:49:28","modified_gmt":"2024-10-01T19:49:28","slug":"m124fsmapc-cb5-m12-4-pin-disi-duz-erkek-dirsek-pvc-5mt-sensor-kablosu","status":"publish","type":"product","link":"https:\/\/portalendustriyel.com.tr\/index.php\/urun\/m124fsmapc-cb5-m12-4-pin-disi-duz-erkek-dirsek-pvc-5mt-sensor-kablosu\/","title":{"rendered":"M124FSMAPC-CB5 M12 4 Pin Di\u015fi D\u00fcz Erkek Dirsek PVC 5mt Sens\u00f6r Kablosu"},"content":{"rendered":"<p>M124FSMAPC-CB5<\/p>\n<p>M12 4-Pin Di\u015fi D\u00fcz Erkek Dirsek PVC 5mt Sens\u00f6r Kablosu<\/p>\n<p>Elektrik Ba\u011flant\u0131s\u0131\u00a0 4 pin\u00a0 M12x1 Di\u015fi-Erkek Soket<br \/>\nEnjeksiyon Bask\u0131<br \/>\n\u00c7al\u0131\u015fma Gerilim Aral\u0131\u011f\u0131 \u00a00\u202632 V DC\u00a0 ; 0\u202632 V AC<br \/>\nKablo Damar Kesiti [mm\u00b2] 0,22<br \/>\nKoruma S\u0131n\u0131f\u0131 IP65 IP65<br \/>\n\u00c7al\u0131\u015fma S\u0131cakl\u0131\u011f\u0131 [\u02daC] -25\u2026+85<\/p>\n<p>Malzeme Bilgisi :<br \/>\nG\u00f6vde Polyamid<br \/>\nKonnekt\u00f6r Kafa K\u0131sm\u0131 Nikel kapl\u0131 d\u00f6k\u00fcm \u00e7inko<br \/>\nS\u0131zd\u0131rmazl\u0131k contas\u0131 Plastik Elastomer<\/p>\n<p><a href=\"https:\/\/portalendustriyel.com.tr\/wp-content\/uploads\/2024\/10\/m124fxmx.pdf\" target=\"_blank\" rel=\"noopener\"><span style=\"color: #ff9900;\"><strong>TEKN\u0130K DOK\u00dcMAN<\/strong><\/span><\/a><\/p>\n","protected":false},"excerpt":{"rendered":"<p>M124FSMAPC-CB5 M12 4-Pin Di\u015fi D\u00fcz Erkek Dirsek PVC 5mt Sens\u00f6r Kablosu Elektrik Ba\u011flant\u0131s\u0131\u00a0 4 pin\u00a0 M12x1 Di\u015fi-Erkek Soket Enjeksiyon Bask\u0131 \u00c7al\u0131\u015fma Gerilim Aral\u0131\u011f\u0131 \u00a00\u202632 V DC\u00a0 ; 0\u202632 V AC Kablo Damar Kesiti [mm\u00b2] 0,22 Koruma S\u0131n\u0131f\u0131 IP65 IP65 \u00c7al\u0131\u015fma S\u0131cakl\u0131\u011f\u0131 [\u02daC] -25\u2026+85 Malzeme Bilgisi : G\u00f6vde Polyamid Konnekt\u00f6r Kafa K\u0131sm\u0131 Nikel kapl\u0131 d\u00f6k\u00fcm \u00e7inko&hellip;&nbsp;<a href=\"https:\/\/portalendustriyel.com.tr\/index.php\/urun\/m124fsmapc-cb5-m12-4-pin-disi-duz-erkek-dirsek-pvc-5mt-sensor-kablosu\/\" rel=\"bookmark\">Daha fazlas\u0131n\u0131 oku &raquo;<span class=\"screen-reader-text\">M124FSMAPC-CB5 M12 4 Pin Di\u015fi D\u00fcz Erkek Dirsek PVC 5mt Sens\u00f6r Kablosu<\/span><\/a><\/p>\n","protected":false},"featured_media":2814,"comment_status":"open","ping_status":"closed","template":"","meta":{"neve_meta_sidebar":"","neve_meta_container":"full-width","neve_meta_enable_content_width":"off","neve_meta_content_width":100,"neve_meta_title_alignment":"","neve_meta_author_avatar":"","neve_post_elements_order":"","neve_meta_disable_header":"","neve_meta_disable_footer":"","neve_meta_disable_title":""},"product_brand":[],"product_cat":[818],"product_tag":[819,845],"class_list":{"0":"post-2818","1":"product","2":"type-product","3":"status-publish","4":"has-post-thumbnail","6":"product_cat-m12-cift-uclu-kablolar","7":"product_tag-m12-4pinli-disi-erkek-sensor-kablosu","8":"product_tag-m124fsmapc-cb5","10":"first","11":"instock","12":"shipping-taxable","13":"product-type-simple"},"yoast_head":"<!-- This site is optimized with the Yoast SEO plugin v27.4 - https:\/\/yoast.com\/product\/yoast-seo-wordpress\/ -->\n<title>M124FSMAPC-CB5 M12 4 Pin Di\u015fi D\u00fcz Erkek Dirsek PVC 5mt Sens\u00f6r Kablosu -<\/title>\n<meta name=\"description\" content=\"m12 4-pinli di\u015fi-erkek pvc sens\u00f6r kablosu, m12 4-pin \u00e7ift u\u00e7lu ara kablo, m12 4pin di\u015fi ve erkek enjeksiyon bask\u0131 sens\u00f6r kablosu\" \/>\n<meta name=\"robots\" content=\"index, follow, max-snippet:-1, max-image-preview:large, max-video-preview:-1\" \/>\n<link rel=\"canonical\" href=\"https:\/\/portalendustriyel.com.tr\/index.php\/urun\/m124fsmapc-cb5-m12-4-pin-disi-duz-erkek-dirsek-pvc-5mt-sensor-kablosu\/\" \/>\n<meta property=\"og:locale\" content=\"tr_TR\" \/>\n<meta property=\"og:type\" content=\"article\" \/>\n<meta property=\"og:title\" content=\"M124FSMAPC-CB5 M12 4 Pin Di\u015fi D\u00fcz Erkek Dirsek PVC 5mt Sens\u00f6r Kablosu -\" \/>\n<meta property=\"og:description\" content=\"m12 4-pinli di\u015fi-erkek pvc sens\u00f6r kablosu, m12 4-pin \u00e7ift u\u00e7lu ara kablo, m12 4pin di\u015fi ve erkek enjeksiyon bask\u0131 sens\u00f6r kablosu\" \/>\n<meta property=\"og:url\" content=\"https:\/\/portalendustriyel.com.tr\/index.php\/urun\/m124fsmapc-cb5-m12-4-pin-disi-duz-erkek-dirsek-pvc-5mt-sensor-kablosu\/\" \/>\n<meta property=\"article:modified_time\" content=\"2024-10-01T19:49:28+00:00\" \/>\n<meta property=\"og:image\" content=\"https:\/\/portalendustriyel.com.tr\/wp-content\/uploads\/2024\/10\/m124fsma.jpg\" \/>\n\t<meta property=\"og:image:width\" content=\"500\" \/>\n\t<meta property=\"og:image:height\" content=\"500\" \/>\n\t<meta property=\"og:image:type\" content=\"image\/jpeg\" \/>\n<meta name=\"twitter:card\" content=\"summary_large_image\" \/>\n<meta name=\"twitter:label1\" content=\"Tahmini okuma s\u00fcresi\" \/>\n\t<meta name=\"twitter:data1\" content=\"1 dakika\" \/>\n<script type=\"application\/ld+json\" class=\"yoast-schema-graph\">{\"@context\":\"https:\\\/\\\/schema.org\",\"@graph\":[{\"@type\":\"WebPage\",\"@id\":\"https:\\\/\\\/portalendustriyel.com.tr\\\/index.php\\\/urun\\\/m124fsmapc-cb5-m12-4-pin-disi-duz-erkek-dirsek-pvc-5mt-sensor-kablosu\\\/\",\"url\":\"https:\\\/\\\/portalendustriyel.com.tr\\\/index.php\\\/urun\\\/m124fsmapc-cb5-m12-4-pin-disi-duz-erkek-dirsek-pvc-5mt-sensor-kablosu\\\/\",\"name\":\"M124FSMAPC-CB5 M12 4 Pin Di\u015fi D\u00fcz Erkek Dirsek PVC 5mt Sens\u00f6r Kablosu -\",\"isPartOf\":{\"@id\":\"https:\\\/\\\/portalendustriyel.com.tr\\\/#website\"},\"primaryImageOfPage\":{\"@id\":\"https:\\\/\\\/portalendustriyel.com.tr\\\/index.php\\\/urun\\\/m124fsmapc-cb5-m12-4-pin-disi-duz-erkek-dirsek-pvc-5mt-sensor-kablosu\\\/#primaryimage\"},\"image\":{\"@id\":\"https:\\\/\\\/portalendustriyel.com.tr\\\/index.php\\\/urun\\\/m124fsmapc-cb5-m12-4-pin-disi-duz-erkek-dirsek-pvc-5mt-sensor-kablosu\\\/#primaryimage\"},\"thumbnailUrl\":\"https:\\\/\\\/portalendustriyel.com.tr\\\/wp-content\\\/uploads\\\/2024\\\/10\\\/m124fsma.jpg\",\"datePublished\":\"2024-10-01T19:48:14+00:00\",\"dateModified\":\"2024-10-01T19:49:28+00:00\",\"description\":\"m12 4-pinli di\u015fi-erkek pvc sens\u00f6r kablosu, m12 4-pin \u00e7ift u\u00e7lu ara kablo, m12 4pin di\u015fi ve erkek enjeksiyon bask\u0131 sens\u00f6r kablosu\",\"breadcrumb\":{\"@id\":\"https:\\\/\\\/portalendustriyel.com.tr\\\/index.php\\\/urun\\\/m124fsmapc-cb5-m12-4-pin-disi-duz-erkek-dirsek-pvc-5mt-sensor-kablosu\\\/#breadcrumb\"},\"inLanguage\":\"tr\",\"potentialAction\":[{\"@type\":\"ReadAction\",\"target\":[\"https:\\\/\\\/portalendustriyel.com.tr\\\/index.php\\\/urun\\\/m124fsmapc-cb5-m12-4-pin-disi-duz-erkek-dirsek-pvc-5mt-sensor-kablosu\\\/\"]}]},{\"@type\":\"ImageObject\",\"inLanguage\":\"tr\",\"@id\":\"https:\\\/\\\/portalendustriyel.com.tr\\\/index.php\\\/urun\\\/m124fsmapc-cb5-m12-4-pin-disi-duz-erkek-dirsek-pvc-5mt-sensor-kablosu\\\/#primaryimage\",\"url\":\"https:\\\/\\\/portalendustriyel.com.tr\\\/wp-content\\\/uploads\\\/2024\\\/10\\\/m124fsma.jpg\",\"contentUrl\":\"https:\\\/\\\/portalendustriyel.com.tr\\\/wp-content\\\/uploads\\\/2024\\\/10\\\/m124fsma.jpg\",\"width\":500,\"height\":500},{\"@type\":\"BreadcrumbList\",\"@id\":\"https:\\\/\\\/portalendustriyel.com.tr\\\/index.php\\\/urun\\\/m124fsmapc-cb5-m12-4-pin-disi-duz-erkek-dirsek-pvc-5mt-sensor-kablosu\\\/#breadcrumb\",\"itemListElement\":[{\"@type\":\"ListItem\",\"position\":1,\"name\":\"Anasayfa\",\"item\":\"https:\\\/\\\/portalendustriyel.com.tr\\\/\"},{\"@type\":\"ListItem\",\"position\":2,\"name\":\"Ma\u011faza\",\"item\":\"https:\\\/\\\/portalendustriyel.com.tr\\\/index.php\\\/magaza\\\/\"},{\"@type\":\"ListItem\",\"position\":3,\"name\":\"M124FSMAPC-CB5 M12 4 Pin Di\u015fi D\u00fcz Erkek Dirsek PVC 5mt Sens\u00f6r Kablosu\"}]},{\"@type\":\"WebSite\",\"@id\":\"https:\\\/\\\/portalendustriyel.com.tr\\\/#website\",\"url\":\"https:\\\/\\\/portalendustriyel.com.tr\\\/\",\"name\":\"www.portalendustriyel.com.tr\",\"description\":\"End&uuml;striyel &Ccedil;&ouml;z&uuml;m Orta\u011f\u0131n\u0131z\",\"publisher\":{\"@id\":\"https:\\\/\\\/portalendustriyel.com.tr\\\/#organization\"},\"potentialAction\":[{\"@type\":\"SearchAction\",\"target\":{\"@type\":\"EntryPoint\",\"urlTemplate\":\"https:\\\/\\\/portalendustriyel.com.tr\\\/?s={search_term_string}\"},\"query-input\":{\"@type\":\"PropertyValueSpecification\",\"valueRequired\":true,\"valueName\":\"search_term_string\"}}],\"inLanguage\":\"tr\"},{\"@type\":\"Organization\",\"@id\":\"https:\\\/\\\/portalendustriyel.com.tr\\\/#organization\",\"name\":\"Portal End\u00fcstriyel Sistemler San. ve Tic. Ltd. \u015eti\",\"url\":\"https:\\\/\\\/portalendustriyel.com.tr\\\/\",\"logo\":{\"@type\":\"ImageObject\",\"inLanguage\":\"tr\",\"@id\":\"https:\\\/\\\/portalendustriyel.com.tr\\\/#\\\/schema\\\/logo\\\/image\\\/\",\"url\":\"https:\\\/\\\/portalendustriyel.com.tr\\\/wp-content\\\/uploads\\\/2023\\\/10\\\/Portal-Logo.jpg\",\"contentUrl\":\"https:\\\/\\\/portalendustriyel.com.tr\\\/wp-content\\\/uploads\\\/2023\\\/10\\\/Portal-Logo.jpg\",\"width\":1277,\"height\":460,\"caption\":\"Portal End\u00fcstriyel Sistemler San. ve Tic. Ltd. \u015eti\"},\"image\":{\"@id\":\"https:\\\/\\\/portalendustriyel.com.tr\\\/#\\\/schema\\\/logo\\\/image\\\/\"},\"sameAs\":[\"https:\\\/\\\/www.linkedin.com\\\/company\\\/101302018\\\/admin\\\/feed\\\/posts\\\/\"]}]}<\/script>\n<!-- \/ Yoast SEO plugin. -->","yoast_head_json":{"title":"M124FSMAPC-CB5 M12 4 Pin Di\u015fi D\u00fcz Erkek Dirsek PVC 5mt Sens\u00f6r Kablosu -","description":"m12 4-pinli di\u015fi-erkek pvc sens\u00f6r kablosu, m12 4-pin \u00e7ift u\u00e7lu ara kablo, m12 4pin di\u015fi ve erkek enjeksiyon bask\u0131 sens\u00f6r kablosu","robots":{"index":"index","follow":"follow","max-snippet":"max-snippet:-1","max-image-preview":"max-image-preview:large","max-video-preview":"max-video-preview:-1"},"canonical":"https:\/\/portalendustriyel.com.tr\/index.php\/urun\/m124fsmapc-cb5-m12-4-pin-disi-duz-erkek-dirsek-pvc-5mt-sensor-kablosu\/","og_locale":"tr_TR","og_type":"article","og_title":"M124FSMAPC-CB5 M12 4 Pin Di\u015fi D\u00fcz Erkek Dirsek PVC 5mt Sens\u00f6r Kablosu -","og_description":"m12 4-pinli di\u015fi-erkek pvc sens\u00f6r kablosu, m12 4-pin \u00e7ift u\u00e7lu ara kablo, m12 4pin di\u015fi ve erkek enjeksiyon bask\u0131 sens\u00f6r kablosu","og_url":"https:\/\/portalendustriyel.com.tr\/index.php\/urun\/m124fsmapc-cb5-m12-4-pin-disi-duz-erkek-dirsek-pvc-5mt-sensor-kablosu\/","article_modified_time":"2024-10-01T19:49:28+00:00","og_image":[{"width":500,"height":500,"url":"https:\/\/portalendustriyel.com.tr\/wp-content\/uploads\/2024\/10\/m124fsma.jpg","type":"image\/jpeg"}],"twitter_card":"summary_large_image","twitter_misc":{"Tahmini okuma s\u00fcresi":"1 dakika"},"schema":{"@context":"https:\/\/schema.org","@graph":[{"@type":"WebPage","@id":"https:\/\/portalendustriyel.com.tr\/index.php\/urun\/m124fsmapc-cb5-m12-4-pin-disi-duz-erkek-dirsek-pvc-5mt-sensor-kablosu\/","url":"https:\/\/portalendustriyel.com.tr\/index.php\/urun\/m124fsmapc-cb5-m12-4-pin-disi-duz-erkek-dirsek-pvc-5mt-sensor-kablosu\/","name":"M124FSMAPC-CB5 M12 4 Pin Di\u015fi D\u00fcz Erkek Dirsek PVC 5mt Sens\u00f6r Kablosu -","isPartOf":{"@id":"https:\/\/portalendustriyel.com.tr\/#website"},"primaryImageOfPage":{"@id":"https:\/\/portalendustriyel.com.tr\/index.php\/urun\/m124fsmapc-cb5-m12-4-pin-disi-duz-erkek-dirsek-pvc-5mt-sensor-kablosu\/#primaryimage"},"image":{"@id":"https:\/\/portalendustriyel.com.tr\/index.php\/urun\/m124fsmapc-cb5-m12-4-pin-disi-duz-erkek-dirsek-pvc-5mt-sensor-kablosu\/#primaryimage"},"thumbnailUrl":"https:\/\/portalendustriyel.com.tr\/wp-content\/uploads\/2024\/10\/m124fsma.jpg","datePublished":"2024-10-01T19:48:14+00:00","dateModified":"2024-10-01T19:49:28+00:00","description":"m12 4-pinli di\u015fi-erkek pvc sens\u00f6r kablosu, m12 4-pin \u00e7ift u\u00e7lu ara kablo, m12 4pin di\u015fi ve erkek enjeksiyon bask\u0131 sens\u00f6r kablosu","breadcrumb":{"@id":"https:\/\/portalendustriyel.com.tr\/index.php\/urun\/m124fsmapc-cb5-m12-4-pin-disi-duz-erkek-dirsek-pvc-5mt-sensor-kablosu\/#breadcrumb"},"inLanguage":"tr","potentialAction":[{"@type":"ReadAction","target":["https:\/\/portalendustriyel.com.tr\/index.php\/urun\/m124fsmapc-cb5-m12-4-pin-disi-duz-erkek-dirsek-pvc-5mt-sensor-kablosu\/"]}]},{"@type":"ImageObject","inLanguage":"tr","@id":"https:\/\/portalendustriyel.com.tr\/index.php\/urun\/m124fsmapc-cb5-m12-4-pin-disi-duz-erkek-dirsek-pvc-5mt-sensor-kablosu\/#primaryimage","url":"https:\/\/portalendustriyel.com.tr\/wp-content\/uploads\/2024\/10\/m124fsma.jpg","contentUrl":"https:\/\/portalendustriyel.com.tr\/wp-content\/uploads\/2024\/10\/m124fsma.jpg","width":500,"height":500},{"@type":"BreadcrumbList","@id":"https:\/\/portalendustriyel.com.tr\/index.php\/urun\/m124fsmapc-cb5-m12-4-pin-disi-duz-erkek-dirsek-pvc-5mt-sensor-kablosu\/#breadcrumb","itemListElement":[{"@type":"ListItem","position":1,"name":"Anasayfa","item":"https:\/\/portalendustriyel.com.tr\/"},{"@type":"ListItem","position":2,"name":"Ma\u011faza","item":"https:\/\/portalendustriyel.com.tr\/index.php\/magaza\/"},{"@type":"ListItem","position":3,"name":"M124FSMAPC-CB5 M12 4 Pin Di\u015fi D\u00fcz Erkek Dirsek PVC 5mt Sens\u00f6r Kablosu"}]},{"@type":"WebSite","@id":"https:\/\/portalendustriyel.com.tr\/#website","url":"https:\/\/portalendustriyel.com.tr\/","name":"www.portalendustriyel.com.tr","description":"End&uuml;striyel &Ccedil;&ouml;z&uuml;m Orta\u011f\u0131n\u0131z","publisher":{"@id":"https:\/\/portalendustriyel.com.tr\/#organization"},"potentialAction":[{"@type":"SearchAction","target":{"@type":"EntryPoint","urlTemplate":"https:\/\/portalendustriyel.com.tr\/?s={search_term_string}"},"query-input":{"@type":"PropertyValueSpecification","valueRequired":true,"valueName":"search_term_string"}}],"inLanguage":"tr"},{"@type":"Organization","@id":"https:\/\/portalendustriyel.com.tr\/#organization","name":"Portal End\u00fcstriyel Sistemler San. ve Tic. Ltd. \u015eti","url":"https:\/\/portalendustriyel.com.tr\/","logo":{"@type":"ImageObject","inLanguage":"tr","@id":"https:\/\/portalendustriyel.com.tr\/#\/schema\/logo\/image\/","url":"https:\/\/portalendustriyel.com.tr\/wp-content\/uploads\/2023\/10\/Portal-Logo.jpg","contentUrl":"https:\/\/portalendustriyel.com.tr\/wp-content\/uploads\/2023\/10\/Portal-Logo.jpg","width":1277,"height":460,"caption":"Portal End\u00fcstriyel Sistemler San. ve Tic. Ltd. \u015eti"},"image":{"@id":"https:\/\/portalendustriyel.com.tr\/#\/schema\/logo\/image\/"},"sameAs":["https:\/\/www.linkedin.com\/company\/101302018\/admin\/feed\/posts\/"]}]}},"_links":{"self":[{"href":"https:\/\/portalendustriyel.com.tr\/index.php\/wp-json\/wp\/v2\/product\/2818","targetHints":{"allow":["GET"]}}],"collection":[{"href":"https:\/\/portalendustriyel.com.tr\/index.php\/wp-json\/wp\/v2\/product"}],"about":[{"href":"https:\/\/portalendustriyel.com.tr\/index.php\/wp-json\/wp\/v2\/types\/product"}],"replies":[{"embeddable":true,"href":"https:\/\/portalendustriyel.com.tr\/index.php\/wp-json\/wp\/v2\/comments?post=2818"}],"wp:featuredmedia":[{"embeddable":true,"href":"https:\/\/portalendustriyel.com.tr\/index.php\/wp-json\/wp\/v2\/media\/2814"}],"wp:attachment":[{"href":"https:\/\/portalendustriyel.com.tr\/index.php\/wp-json\/wp\/v2\/media?parent=2818"}],"wp:term":[{"taxonomy":"product_brand","embeddable":true,"href":"https:\/\/portalendustriyel.com.tr\/index.php\/wp-json\/wp\/v2\/product_brand?post=2818"},{"taxonomy":"product_cat","embeddable":true,"href":"https:\/\/portalendustriyel.com.tr\/index.php\/wp-json\/wp\/v2\/product_cat?post=2818"},{"taxonomy":"product_tag","embeddable":true,"href":"https:\/\/portalendustriyel.com.tr\/index.php\/wp-json\/wp\/v2\/product_tag?post=2818"}],"curies":[{"name":"wp","href":"https:\/\/api.w.org\/{rel}","templated":true}]}}