{"id":2902,"date":"2024-10-03T06:31:15","date_gmt":"2024-10-03T06:31:15","guid":{"rendered":"https:\/\/portalendustriyel.com.tr\/?post_type=product&#038;p=2902"},"modified":"2024-10-03T06:36:00","modified_gmt":"2024-10-03T06:36:00","slug":"m12msdrj45sp-m12-d-kod-erkek-rj45-donusturucu-duz-tip","status":"publish","type":"product","link":"https:\/\/portalendustriyel.com.tr\/index.php\/urun\/m12msdrj45sp-m12-d-kod-erkek-rj45-donusturucu-duz-tip\/","title":{"rendered":"M12MSDRJ45SP M12 D Kod Erkek RJ45 D\u00f6n\u00fc\u015ft\u00fcr\u00fcc\u00fc D\u00fcz Tip"},"content":{"rendered":"<p>M12 D Kod Erkek\u00a0 RJ45 D\u00fcz Panel Adapt\u00f6r<\/p>\n<p>M12MSDRJ45SP<\/p>\n<p>D-KOD Metal<\/p>\n<p>Profinet, Ethercat, Ethernet IP<\/p>\n<p><a href=\"https:\/\/portalendustriyel.com.tr\/wp-content\/uploads\/2024\/10\/M12FSDRJ45AP.pdf\" target=\"_blank\" rel=\"noopener\"><span style=\"color: #ff9900;\"><strong>TEKN\u0130K DOK\u00dcMAN<\/strong><\/span><\/a><\/p>\n","protected":false},"excerpt":{"rendered":"<p>M12 D Kod Erkek\u00a0 RJ45 D\u00fcz Panel Adapt\u00f6r M12MSDRJ45SP D-KOD Metal Profinet, Ethercat, Ethernet IP TEKN\u0130K DOK\u00dcMAN<\/p>\n","protected":false},"featured_media":2903,"comment_status":"open","ping_status":"closed","template":"","meta":{"neve_meta_sidebar":"","neve_meta_container":"full-width","neve_meta_enable_content_width":"off","neve_meta_content_width":100,"neve_meta_title_alignment":"","neve_meta_author_avatar":"","neve_post_elements_order":"","neve_meta_disable_header":"","neve_meta_disable_footer":"","neve_meta_disable_title":""},"product_brand":[],"product_cat":[902],"product_tag":[908,911,907],"class_list":{"0":"post-2902","1":"product","2":"type-product","3":"status-publish","4":"has-post-thumbnail","6":"product_cat-ozel-tip-soket-ve-parcalar","7":"product_tag-m12-den-rj45-panel-gecis","8":"product_tag-m12-erkek-d-kod-rj-45-donusturucu","9":"product_tag-m12-to-rj45","11":"first","12":"instock","13":"shipping-taxable","14":"product-type-simple"},"yoast_head":"<!-- This site is optimized with the Yoast SEO plugin v27.4 - https:\/\/yoast.com\/product\/yoast-seo-wordpress\/ -->\n<title>M12MSDRJ45SP M12 D Kod Erkek RJ45 D\u00f6n\u00fc\u015ft\u00fcr\u00fcc\u00fc D\u00fcz Tip -<\/title>\n<meta name=\"description\" content=\"M12 Erkek D Kod RJ45 panel ge\u00e7i\u015f tipi d\u00f6n\u00fc\u015ft\u00fcr\u00fcc\u00fc, M12 D code to RJ45 Converter, M12 profinet rj45 d\u00f6n\u00fc\u015ft\u00fcr\u00fcc\u00fc soket, m12 den rj45 e ge\u00e7i\u015f\" \/>\n<meta name=\"robots\" content=\"index, follow, max-snippet:-1, max-image-preview:large, max-video-preview:-1\" \/>\n<link rel=\"canonical\" href=\"https:\/\/portalendustriyel.com.tr\/index.php\/urun\/m12msdrj45sp-m12-d-kod-erkek-rj45-donusturucu-duz-tip\/\" \/>\n<meta property=\"og:locale\" content=\"tr_TR\" \/>\n<meta property=\"og:type\" content=\"article\" \/>\n<meta property=\"og:title\" content=\"M12MSDRJ45SP M12 D Kod Erkek RJ45 D\u00f6n\u00fc\u015ft\u00fcr\u00fcc\u00fc D\u00fcz Tip -\" \/>\n<meta property=\"og:description\" content=\"M12 Erkek D Kod RJ45 panel ge\u00e7i\u015f tipi d\u00f6n\u00fc\u015ft\u00fcr\u00fcc\u00fc, M12 D code to RJ45 Converter, M12 profinet rj45 d\u00f6n\u00fc\u015ft\u00fcr\u00fcc\u00fc soket, m12 den rj45 e ge\u00e7i\u015f\" \/>\n<meta property=\"og:url\" content=\"https:\/\/portalendustriyel.com.tr\/index.php\/urun\/m12msdrj45sp-m12-d-kod-erkek-rj45-donusturucu-duz-tip\/\" \/>\n<meta property=\"article:modified_time\" content=\"2024-10-03T06:36:00+00:00\" \/>\n<meta property=\"og:image\" content=\"https:\/\/portalendustriyel.com.tr\/wp-content\/uploads\/2024\/10\/M12MSDRJ45SP.jpg\" \/>\n\t<meta property=\"og:image:width\" content=\"500\" \/>\n\t<meta property=\"og:image:height\" content=\"500\" \/>\n\t<meta property=\"og:image:type\" content=\"image\/jpeg\" \/>\n<meta name=\"twitter:card\" content=\"summary_large_image\" \/>\n<meta name=\"twitter:label1\" content=\"Tahmini okuma s\u00fcresi\" \/>\n\t<meta name=\"twitter:data1\" content=\"1 dakika\" \/>\n<script type=\"application\/ld+json\" class=\"yoast-schema-graph\">{\"@context\":\"https:\\\/\\\/schema.org\",\"@graph\":[{\"@type\":\"WebPage\",\"@id\":\"https:\\\/\\\/portalendustriyel.com.tr\\\/index.php\\\/urun\\\/m12msdrj45sp-m12-d-kod-erkek-rj45-donusturucu-duz-tip\\\/\",\"url\":\"https:\\\/\\\/portalendustriyel.com.tr\\\/index.php\\\/urun\\\/m12msdrj45sp-m12-d-kod-erkek-rj45-donusturucu-duz-tip\\\/\",\"name\":\"M12MSDRJ45SP M12 D Kod Erkek RJ45 D\u00f6n\u00fc\u015ft\u00fcr\u00fcc\u00fc D\u00fcz Tip -\",\"isPartOf\":{\"@id\":\"https:\\\/\\\/portalendustriyel.com.tr\\\/#website\"},\"primaryImageOfPage\":{\"@id\":\"https:\\\/\\\/portalendustriyel.com.tr\\\/index.php\\\/urun\\\/m12msdrj45sp-m12-d-kod-erkek-rj45-donusturucu-duz-tip\\\/#primaryimage\"},\"image\":{\"@id\":\"https:\\\/\\\/portalendustriyel.com.tr\\\/index.php\\\/urun\\\/m12msdrj45sp-m12-d-kod-erkek-rj45-donusturucu-duz-tip\\\/#primaryimage\"},\"thumbnailUrl\":\"https:\\\/\\\/portalendustriyel.com.tr\\\/wp-content\\\/uploads\\\/2024\\\/10\\\/M12MSDRJ45SP.jpg\",\"datePublished\":\"2024-10-03T06:31:15+00:00\",\"dateModified\":\"2024-10-03T06:36:00+00:00\",\"description\":\"M12 Erkek D Kod RJ45 panel ge\u00e7i\u015f tipi d\u00f6n\u00fc\u015ft\u00fcr\u00fcc\u00fc, M12 D code to RJ45 Converter, M12 profinet rj45 d\u00f6n\u00fc\u015ft\u00fcr\u00fcc\u00fc soket, m12 den rj45 e ge\u00e7i\u015f\",\"breadcrumb\":{\"@id\":\"https:\\\/\\\/portalendustriyel.com.tr\\\/index.php\\\/urun\\\/m12msdrj45sp-m12-d-kod-erkek-rj45-donusturucu-duz-tip\\\/#breadcrumb\"},\"inLanguage\":\"tr\",\"potentialAction\":[{\"@type\":\"ReadAction\",\"target\":[\"https:\\\/\\\/portalendustriyel.com.tr\\\/index.php\\\/urun\\\/m12msdrj45sp-m12-d-kod-erkek-rj45-donusturucu-duz-tip\\\/\"]}]},{\"@type\":\"ImageObject\",\"inLanguage\":\"tr\",\"@id\":\"https:\\\/\\\/portalendustriyel.com.tr\\\/index.php\\\/urun\\\/m12msdrj45sp-m12-d-kod-erkek-rj45-donusturucu-duz-tip\\\/#primaryimage\",\"url\":\"https:\\\/\\\/portalendustriyel.com.tr\\\/wp-content\\\/uploads\\\/2024\\\/10\\\/M12MSDRJ45SP.jpg\",\"contentUrl\":\"https:\\\/\\\/portalendustriyel.com.tr\\\/wp-content\\\/uploads\\\/2024\\\/10\\\/M12MSDRJ45SP.jpg\",\"width\":500,\"height\":500},{\"@type\":\"BreadcrumbList\",\"@id\":\"https:\\\/\\\/portalendustriyel.com.tr\\\/index.php\\\/urun\\\/m12msdrj45sp-m12-d-kod-erkek-rj45-donusturucu-duz-tip\\\/#breadcrumb\",\"itemListElement\":[{\"@type\":\"ListItem\",\"position\":1,\"name\":\"Anasayfa\",\"item\":\"https:\\\/\\\/portalendustriyel.com.tr\\\/\"},{\"@type\":\"ListItem\",\"position\":2,\"name\":\"Ma\u011faza\",\"item\":\"https:\\\/\\\/portalendustriyel.com.tr\\\/index.php\\\/magaza\\\/\"},{\"@type\":\"ListItem\",\"position\":3,\"name\":\"M12MSDRJ45SP M12 D Kod Erkek RJ45 D\u00f6n\u00fc\u015ft\u00fcr\u00fcc\u00fc D\u00fcz Tip\"}]},{\"@type\":\"WebSite\",\"@id\":\"https:\\\/\\\/portalendustriyel.com.tr\\\/#website\",\"url\":\"https:\\\/\\\/portalendustriyel.com.tr\\\/\",\"name\":\"www.portalendustriyel.com.tr\",\"description\":\"End&uuml;striyel &Ccedil;&ouml;z&uuml;m Orta\u011f\u0131n\u0131z\",\"publisher\":{\"@id\":\"https:\\\/\\\/portalendustriyel.com.tr\\\/#organization\"},\"potentialAction\":[{\"@type\":\"SearchAction\",\"target\":{\"@type\":\"EntryPoint\",\"urlTemplate\":\"https:\\\/\\\/portalendustriyel.com.tr\\\/?s={search_term_string}\"},\"query-input\":{\"@type\":\"PropertyValueSpecification\",\"valueRequired\":true,\"valueName\":\"search_term_string\"}}],\"inLanguage\":\"tr\"},{\"@type\":\"Organization\",\"@id\":\"https:\\\/\\\/portalendustriyel.com.tr\\\/#organization\",\"name\":\"Portal End\u00fcstriyel Sistemler San. ve Tic. Ltd. \u015eti\",\"url\":\"https:\\\/\\\/portalendustriyel.com.tr\\\/\",\"logo\":{\"@type\":\"ImageObject\",\"inLanguage\":\"tr\",\"@id\":\"https:\\\/\\\/portalendustriyel.com.tr\\\/#\\\/schema\\\/logo\\\/image\\\/\",\"url\":\"https:\\\/\\\/portalendustriyel.com.tr\\\/wp-content\\\/uploads\\\/2023\\\/10\\\/Portal-Logo.jpg\",\"contentUrl\":\"https:\\\/\\\/portalendustriyel.com.tr\\\/wp-content\\\/uploads\\\/2023\\\/10\\\/Portal-Logo.jpg\",\"width\":1277,\"height\":460,\"caption\":\"Portal End\u00fcstriyel Sistemler San. ve Tic. Ltd. \u015eti\"},\"image\":{\"@id\":\"https:\\\/\\\/portalendustriyel.com.tr\\\/#\\\/schema\\\/logo\\\/image\\\/\"},\"sameAs\":[\"https:\\\/\\\/www.linkedin.com\\\/company\\\/101302018\\\/admin\\\/feed\\\/posts\\\/\"]}]}<\/script>\n<!-- \/ Yoast SEO plugin. -->","yoast_head_json":{"title":"M12MSDRJ45SP M12 D Kod Erkek RJ45 D\u00f6n\u00fc\u015ft\u00fcr\u00fcc\u00fc D\u00fcz Tip -","description":"M12 Erkek D Kod RJ45 panel ge\u00e7i\u015f tipi d\u00f6n\u00fc\u015ft\u00fcr\u00fcc\u00fc, M12 D code to RJ45 Converter, M12 profinet rj45 d\u00f6n\u00fc\u015ft\u00fcr\u00fcc\u00fc soket, m12 den rj45 e ge\u00e7i\u015f","robots":{"index":"index","follow":"follow","max-snippet":"max-snippet:-1","max-image-preview":"max-image-preview:large","max-video-preview":"max-video-preview:-1"},"canonical":"https:\/\/portalendustriyel.com.tr\/index.php\/urun\/m12msdrj45sp-m12-d-kod-erkek-rj45-donusturucu-duz-tip\/","og_locale":"tr_TR","og_type":"article","og_title":"M12MSDRJ45SP M12 D Kod Erkek RJ45 D\u00f6n\u00fc\u015ft\u00fcr\u00fcc\u00fc D\u00fcz Tip -","og_description":"M12 Erkek D Kod RJ45 panel ge\u00e7i\u015f tipi d\u00f6n\u00fc\u015ft\u00fcr\u00fcc\u00fc, M12 D code to RJ45 Converter, M12 profinet rj45 d\u00f6n\u00fc\u015ft\u00fcr\u00fcc\u00fc soket, m12 den rj45 e ge\u00e7i\u015f","og_url":"https:\/\/portalendustriyel.com.tr\/index.php\/urun\/m12msdrj45sp-m12-d-kod-erkek-rj45-donusturucu-duz-tip\/","article_modified_time":"2024-10-03T06:36:00+00:00","og_image":[{"width":500,"height":500,"url":"https:\/\/portalendustriyel.com.tr\/wp-content\/uploads\/2024\/10\/M12MSDRJ45SP.jpg","type":"image\/jpeg"}],"twitter_card":"summary_large_image","twitter_misc":{"Tahmini okuma s\u00fcresi":"1 dakika"},"schema":{"@context":"https:\/\/schema.org","@graph":[{"@type":"WebPage","@id":"https:\/\/portalendustriyel.com.tr\/index.php\/urun\/m12msdrj45sp-m12-d-kod-erkek-rj45-donusturucu-duz-tip\/","url":"https:\/\/portalendustriyel.com.tr\/index.php\/urun\/m12msdrj45sp-m12-d-kod-erkek-rj45-donusturucu-duz-tip\/","name":"M12MSDRJ45SP M12 D Kod Erkek RJ45 D\u00f6n\u00fc\u015ft\u00fcr\u00fcc\u00fc D\u00fcz Tip -","isPartOf":{"@id":"https:\/\/portalendustriyel.com.tr\/#website"},"primaryImageOfPage":{"@id":"https:\/\/portalendustriyel.com.tr\/index.php\/urun\/m12msdrj45sp-m12-d-kod-erkek-rj45-donusturucu-duz-tip\/#primaryimage"},"image":{"@id":"https:\/\/portalendustriyel.com.tr\/index.php\/urun\/m12msdrj45sp-m12-d-kod-erkek-rj45-donusturucu-duz-tip\/#primaryimage"},"thumbnailUrl":"https:\/\/portalendustriyel.com.tr\/wp-content\/uploads\/2024\/10\/M12MSDRJ45SP.jpg","datePublished":"2024-10-03T06:31:15+00:00","dateModified":"2024-10-03T06:36:00+00:00","description":"M12 Erkek D Kod RJ45 panel ge\u00e7i\u015f tipi d\u00f6n\u00fc\u015ft\u00fcr\u00fcc\u00fc, M12 D code to RJ45 Converter, M12 profinet rj45 d\u00f6n\u00fc\u015ft\u00fcr\u00fcc\u00fc soket, m12 den rj45 e ge\u00e7i\u015f","breadcrumb":{"@id":"https:\/\/portalendustriyel.com.tr\/index.php\/urun\/m12msdrj45sp-m12-d-kod-erkek-rj45-donusturucu-duz-tip\/#breadcrumb"},"inLanguage":"tr","potentialAction":[{"@type":"ReadAction","target":["https:\/\/portalendustriyel.com.tr\/index.php\/urun\/m12msdrj45sp-m12-d-kod-erkek-rj45-donusturucu-duz-tip\/"]}]},{"@type":"ImageObject","inLanguage":"tr","@id":"https:\/\/portalendustriyel.com.tr\/index.php\/urun\/m12msdrj45sp-m12-d-kod-erkek-rj45-donusturucu-duz-tip\/#primaryimage","url":"https:\/\/portalendustriyel.com.tr\/wp-content\/uploads\/2024\/10\/M12MSDRJ45SP.jpg","contentUrl":"https:\/\/portalendustriyel.com.tr\/wp-content\/uploads\/2024\/10\/M12MSDRJ45SP.jpg","width":500,"height":500},{"@type":"BreadcrumbList","@id":"https:\/\/portalendustriyel.com.tr\/index.php\/urun\/m12msdrj45sp-m12-d-kod-erkek-rj45-donusturucu-duz-tip\/#breadcrumb","itemListElement":[{"@type":"ListItem","position":1,"name":"Anasayfa","item":"https:\/\/portalendustriyel.com.tr\/"},{"@type":"ListItem","position":2,"name":"Ma\u011faza","item":"https:\/\/portalendustriyel.com.tr\/index.php\/magaza\/"},{"@type":"ListItem","position":3,"name":"M12MSDRJ45SP M12 D Kod Erkek RJ45 D\u00f6n\u00fc\u015ft\u00fcr\u00fcc\u00fc D\u00fcz Tip"}]},{"@type":"WebSite","@id":"https:\/\/portalendustriyel.com.tr\/#website","url":"https:\/\/portalendustriyel.com.tr\/","name":"www.portalendustriyel.com.tr","description":"End&uuml;striyel &Ccedil;&ouml;z&uuml;m Orta\u011f\u0131n\u0131z","publisher":{"@id":"https:\/\/portalendustriyel.com.tr\/#organization"},"potentialAction":[{"@type":"SearchAction","target":{"@type":"EntryPoint","urlTemplate":"https:\/\/portalendustriyel.com.tr\/?s={search_term_string}"},"query-input":{"@type":"PropertyValueSpecification","valueRequired":true,"valueName":"search_term_string"}}],"inLanguage":"tr"},{"@type":"Organization","@id":"https:\/\/portalendustriyel.com.tr\/#organization","name":"Portal End\u00fcstriyel Sistemler San. ve Tic. Ltd. \u015eti","url":"https:\/\/portalendustriyel.com.tr\/","logo":{"@type":"ImageObject","inLanguage":"tr","@id":"https:\/\/portalendustriyel.com.tr\/#\/schema\/logo\/image\/","url":"https:\/\/portalendustriyel.com.tr\/wp-content\/uploads\/2023\/10\/Portal-Logo.jpg","contentUrl":"https:\/\/portalendustriyel.com.tr\/wp-content\/uploads\/2023\/10\/Portal-Logo.jpg","width":1277,"height":460,"caption":"Portal End\u00fcstriyel Sistemler San. ve Tic. Ltd. \u015eti"},"image":{"@id":"https:\/\/portalendustriyel.com.tr\/#\/schema\/logo\/image\/"},"sameAs":["https:\/\/www.linkedin.com\/company\/101302018\/admin\/feed\/posts\/"]}]}},"_links":{"self":[{"href":"https:\/\/portalendustriyel.com.tr\/index.php\/wp-json\/wp\/v2\/product\/2902","targetHints":{"allow":["GET"]}}],"collection":[{"href":"https:\/\/portalendustriyel.com.tr\/index.php\/wp-json\/wp\/v2\/product"}],"about":[{"href":"https:\/\/portalendustriyel.com.tr\/index.php\/wp-json\/wp\/v2\/types\/product"}],"replies":[{"embeddable":true,"href":"https:\/\/portalendustriyel.com.tr\/index.php\/wp-json\/wp\/v2\/comments?post=2902"}],"wp:featuredmedia":[{"embeddable":true,"href":"https:\/\/portalendustriyel.com.tr\/index.php\/wp-json\/wp\/v2\/media\/2903"}],"wp:attachment":[{"href":"https:\/\/portalendustriyel.com.tr\/index.php\/wp-json\/wp\/v2\/media?parent=2902"}],"wp:term":[{"taxonomy":"product_brand","embeddable":true,"href":"https:\/\/portalendustriyel.com.tr\/index.php\/wp-json\/wp\/v2\/product_brand?post=2902"},{"taxonomy":"product_cat","embeddable":true,"href":"https:\/\/portalendustriyel.com.tr\/index.php\/wp-json\/wp\/v2\/product_cat?post=2902"},{"taxonomy":"product_tag","embeddable":true,"href":"https:\/\/portalendustriyel.com.tr\/index.php\/wp-json\/wp\/v2\/product_tag?post=2902"}],"curies":[{"name":"wp","href":"https:\/\/api.w.org\/{rel}","templated":true}]}}