{"id":2916,"date":"2024-10-03T19:26:26","date_gmt":"2024-10-03T19:26:26","guid":{"rendered":"https:\/\/portalendustriyel.com.tr\/?post_type=product&#038;p=2916"},"modified":"2024-10-03T19:30:18","modified_gmt":"2024-10-03T19:30:18","slug":"dsub9fpv-d-sub9-disi-soket-seyyar-vidali-baglanti","status":"publish","type":"product","link":"https:\/\/portalendustriyel.com.tr\/index.php\/urun\/dsub9fpv-d-sub9-disi-soket-seyyar-vidali-baglanti\/","title":{"rendered":"DSUB9FPV D-SUB9 Di\u015fi Soket Seyyar Vidal\u0131 Ba\u011flant\u0131"},"content":{"rendered":"<p>Genel Teknik Bilgi<br \/>\nTip No DSUB9FPV<br \/>\nElektrik Ba\u011flant\u0131s\u0131 9 P\u0130N<br \/>\nDi\u015fi Seyyar Soket DSUB9 RS232<br \/>\nSaha montaj vida s\u0131kmal\u0131<br \/>\n\u00c7al\u0131\u015fma Gerilim Aral\u0131\u011f\u0131 \u00a00\u2026125 V DC\u00a0 0\u2026125 V AC<br \/>\nKablo Damar Kesiti [mm\u00b2] 0,20\u2026.0,41<br \/>\nKoruma S\u0131n\u0131f\u0131 IP54<\/p>\n<p><a href=\"https:\/\/portalendustriyel.com.tr\/wp-content\/uploads\/2024\/10\/dsub9fpv.pdf\" target=\"_blank\" rel=\"noopener\"><span style=\"color: #ff9900;\"><strong>TEKN\u0130K DOK\u00dcMAN<\/strong><\/span><\/a><\/p>\n","protected":false},"excerpt":{"rendered":"<p>Genel Teknik Bilgi Tip No DSUB9FPV Elektrik Ba\u011flant\u0131s\u0131 9 P\u0130N Di\u015fi Seyyar Soket DSUB9 RS232 Saha montaj vida s\u0131kmal\u0131 \u00c7al\u0131\u015fma Gerilim Aral\u0131\u011f\u0131 \u00a00\u2026125 V DC\u00a0 0\u2026125 V AC Kablo Damar Kesiti [mm\u00b2] 0,20\u2026.0,41 Koruma S\u0131n\u0131f\u0131 IP54 TEKN\u0130K DOK\u00dcMAN<\/p>\n","protected":false},"featured_media":2918,"comment_status":"open","ping_status":"closed","template":"","meta":{"neve_meta_sidebar":"","neve_meta_container":"full-width","neve_meta_enable_content_width":"off","neve_meta_content_width":100,"neve_meta_title_alignment":"","neve_meta_author_avatar":"","neve_post_elements_order":"","neve_meta_disable_header":"","neve_meta_disable_footer":"","neve_meta_disable_title":""},"product_brand":[],"product_cat":[902],"product_tag":[918,919],"class_list":{"0":"post-2916","1":"product","2":"type-product","3":"status-publish","4":"has-post-thumbnail","6":"product_cat-ozel-tip-soket-ve-parcalar","7":"product_tag-d-sub9-disi-seyyar-vidali-baglanti","8":"product_tag-dsub9fpv","10":"first","11":"instock","12":"shipping-taxable","13":"product-type-simple"},"yoast_head":"<!-- This site is optimized with the Yoast SEO plugin v27.4 - https:\/\/yoast.com\/product\/yoast-seo-wordpress\/ -->\n<title>DSUB9FPV D-SUB9 Di\u015fi Soket Seyyar Vidal\u0131 Ba\u011flant\u0131 -<\/title>\n<meta name=\"description\" content=\"dsub9 disi seyyar soket vidal\u0131 tip, d sub9 seyyar disi vida ba\u011flant\u0131l\u0131, d sub9 disi rs 232 seri haberle\u015fme soketi vidal\u0131 tip\" \/>\n<meta name=\"robots\" content=\"index, follow, max-snippet:-1, max-image-preview:large, max-video-preview:-1\" \/>\n<link rel=\"canonical\" href=\"https:\/\/portalendustriyel.com.tr\/index.php\/urun\/dsub9fpv-d-sub9-disi-soket-seyyar-vidali-baglanti\/\" \/>\n<meta property=\"og:locale\" content=\"tr_TR\" \/>\n<meta property=\"og:type\" content=\"article\" \/>\n<meta property=\"og:title\" content=\"DSUB9FPV D-SUB9 Di\u015fi Soket Seyyar Vidal\u0131 Ba\u011flant\u0131 -\" \/>\n<meta property=\"og:description\" content=\"dsub9 disi seyyar soket vidal\u0131 tip, d sub9 seyyar disi vida ba\u011flant\u0131l\u0131, d sub9 disi rs 232 seri haberle\u015fme soketi vidal\u0131 tip\" \/>\n<meta property=\"og:url\" content=\"https:\/\/portalendustriyel.com.tr\/index.php\/urun\/dsub9fpv-d-sub9-disi-soket-seyyar-vidali-baglanti\/\" \/>\n<meta property=\"article:modified_time\" content=\"2024-10-03T19:30:18+00:00\" \/>\n<meta property=\"og:image\" content=\"https:\/\/portalendustriyel.com.tr\/wp-content\/uploads\/2024\/10\/DSUB9FPV.jpg\" \/>\n\t<meta property=\"og:image:width\" content=\"500\" \/>\n\t<meta property=\"og:image:height\" content=\"500\" \/>\n\t<meta property=\"og:image:type\" content=\"image\/jpeg\" \/>\n<meta name=\"twitter:card\" content=\"summary_large_image\" \/>\n<meta name=\"twitter:label1\" content=\"Tahmini okuma s\u00fcresi\" \/>\n\t<meta name=\"twitter:data1\" content=\"1 dakika\" \/>\n<script type=\"application\/ld+json\" class=\"yoast-schema-graph\">{\"@context\":\"https:\\\/\\\/schema.org\",\"@graph\":[{\"@type\":\"WebPage\",\"@id\":\"https:\\\/\\\/portalendustriyel.com.tr\\\/index.php\\\/urun\\\/dsub9fpv-d-sub9-disi-soket-seyyar-vidali-baglanti\\\/\",\"url\":\"https:\\\/\\\/portalendustriyel.com.tr\\\/index.php\\\/urun\\\/dsub9fpv-d-sub9-disi-soket-seyyar-vidali-baglanti\\\/\",\"name\":\"DSUB9FPV D-SUB9 Di\u015fi Soket Seyyar Vidal\u0131 Ba\u011flant\u0131 -\",\"isPartOf\":{\"@id\":\"https:\\\/\\\/portalendustriyel.com.tr\\\/#website\"},\"primaryImageOfPage\":{\"@id\":\"https:\\\/\\\/portalendustriyel.com.tr\\\/index.php\\\/urun\\\/dsub9fpv-d-sub9-disi-soket-seyyar-vidali-baglanti\\\/#primaryimage\"},\"image\":{\"@id\":\"https:\\\/\\\/portalendustriyel.com.tr\\\/index.php\\\/urun\\\/dsub9fpv-d-sub9-disi-soket-seyyar-vidali-baglanti\\\/#primaryimage\"},\"thumbnailUrl\":\"https:\\\/\\\/portalendustriyel.com.tr\\\/wp-content\\\/uploads\\\/2024\\\/10\\\/DSUB9FPV.jpg\",\"datePublished\":\"2024-10-03T19:26:26+00:00\",\"dateModified\":\"2024-10-03T19:30:18+00:00\",\"description\":\"dsub9 disi seyyar soket vidal\u0131 tip, d sub9 seyyar disi vida ba\u011flant\u0131l\u0131, d sub9 disi rs 232 seri haberle\u015fme soketi vidal\u0131 tip\",\"breadcrumb\":{\"@id\":\"https:\\\/\\\/portalendustriyel.com.tr\\\/index.php\\\/urun\\\/dsub9fpv-d-sub9-disi-soket-seyyar-vidali-baglanti\\\/#breadcrumb\"},\"inLanguage\":\"tr\",\"potentialAction\":[{\"@type\":\"ReadAction\",\"target\":[\"https:\\\/\\\/portalendustriyel.com.tr\\\/index.php\\\/urun\\\/dsub9fpv-d-sub9-disi-soket-seyyar-vidali-baglanti\\\/\"]}]},{\"@type\":\"ImageObject\",\"inLanguage\":\"tr\",\"@id\":\"https:\\\/\\\/portalendustriyel.com.tr\\\/index.php\\\/urun\\\/dsub9fpv-d-sub9-disi-soket-seyyar-vidali-baglanti\\\/#primaryimage\",\"url\":\"https:\\\/\\\/portalendustriyel.com.tr\\\/wp-content\\\/uploads\\\/2024\\\/10\\\/DSUB9FPV.jpg\",\"contentUrl\":\"https:\\\/\\\/portalendustriyel.com.tr\\\/wp-content\\\/uploads\\\/2024\\\/10\\\/DSUB9FPV.jpg\",\"width\":500,\"height\":500},{\"@type\":\"BreadcrumbList\",\"@id\":\"https:\\\/\\\/portalendustriyel.com.tr\\\/index.php\\\/urun\\\/dsub9fpv-d-sub9-disi-soket-seyyar-vidali-baglanti\\\/#breadcrumb\",\"itemListElement\":[{\"@type\":\"ListItem\",\"position\":1,\"name\":\"Anasayfa\",\"item\":\"https:\\\/\\\/portalendustriyel.com.tr\\\/\"},{\"@type\":\"ListItem\",\"position\":2,\"name\":\"Ma\u011faza\",\"item\":\"https:\\\/\\\/portalendustriyel.com.tr\\\/index.php\\\/magaza\\\/\"},{\"@type\":\"ListItem\",\"position\":3,\"name\":\"DSUB9FPV D-SUB9 Di\u015fi Soket Seyyar Vidal\u0131 Ba\u011flant\u0131\"}]},{\"@type\":\"WebSite\",\"@id\":\"https:\\\/\\\/portalendustriyel.com.tr\\\/#website\",\"url\":\"https:\\\/\\\/portalendustriyel.com.tr\\\/\",\"name\":\"www.portalendustriyel.com.tr\",\"description\":\"End&uuml;striyel &Ccedil;&ouml;z&uuml;m Orta\u011f\u0131n\u0131z\",\"publisher\":{\"@id\":\"https:\\\/\\\/portalendustriyel.com.tr\\\/#organization\"},\"potentialAction\":[{\"@type\":\"SearchAction\",\"target\":{\"@type\":\"EntryPoint\",\"urlTemplate\":\"https:\\\/\\\/portalendustriyel.com.tr\\\/?s={search_term_string}\"},\"query-input\":{\"@type\":\"PropertyValueSpecification\",\"valueRequired\":true,\"valueName\":\"search_term_string\"}}],\"inLanguage\":\"tr\"},{\"@type\":\"Organization\",\"@id\":\"https:\\\/\\\/portalendustriyel.com.tr\\\/#organization\",\"name\":\"Portal End\u00fcstriyel Sistemler San. ve Tic. Ltd. \u015eti\",\"url\":\"https:\\\/\\\/portalendustriyel.com.tr\\\/\",\"logo\":{\"@type\":\"ImageObject\",\"inLanguage\":\"tr\",\"@id\":\"https:\\\/\\\/portalendustriyel.com.tr\\\/#\\\/schema\\\/logo\\\/image\\\/\",\"url\":\"https:\\\/\\\/portalendustriyel.com.tr\\\/wp-content\\\/uploads\\\/2023\\\/10\\\/Portal-Logo.jpg\",\"contentUrl\":\"https:\\\/\\\/portalendustriyel.com.tr\\\/wp-content\\\/uploads\\\/2023\\\/10\\\/Portal-Logo.jpg\",\"width\":1277,\"height\":460,\"caption\":\"Portal End\u00fcstriyel Sistemler San. ve Tic. Ltd. \u015eti\"},\"image\":{\"@id\":\"https:\\\/\\\/portalendustriyel.com.tr\\\/#\\\/schema\\\/logo\\\/image\\\/\"},\"sameAs\":[\"https:\\\/\\\/www.linkedin.com\\\/company\\\/101302018\\\/admin\\\/feed\\\/posts\\\/\"]}]}<\/script>\n<!-- \/ Yoast SEO plugin. -->","yoast_head_json":{"title":"DSUB9FPV D-SUB9 Di\u015fi Soket Seyyar Vidal\u0131 Ba\u011flant\u0131 -","description":"dsub9 disi seyyar soket vidal\u0131 tip, d sub9 seyyar disi vida ba\u011flant\u0131l\u0131, d sub9 disi rs 232 seri haberle\u015fme soketi vidal\u0131 tip","robots":{"index":"index","follow":"follow","max-snippet":"max-snippet:-1","max-image-preview":"max-image-preview:large","max-video-preview":"max-video-preview:-1"},"canonical":"https:\/\/portalendustriyel.com.tr\/index.php\/urun\/dsub9fpv-d-sub9-disi-soket-seyyar-vidali-baglanti\/","og_locale":"tr_TR","og_type":"article","og_title":"DSUB9FPV D-SUB9 Di\u015fi Soket Seyyar Vidal\u0131 Ba\u011flant\u0131 -","og_description":"dsub9 disi seyyar soket vidal\u0131 tip, d sub9 seyyar disi vida ba\u011flant\u0131l\u0131, d sub9 disi rs 232 seri haberle\u015fme soketi vidal\u0131 tip","og_url":"https:\/\/portalendustriyel.com.tr\/index.php\/urun\/dsub9fpv-d-sub9-disi-soket-seyyar-vidali-baglanti\/","article_modified_time":"2024-10-03T19:30:18+00:00","og_image":[{"width":500,"height":500,"url":"https:\/\/portalendustriyel.com.tr\/wp-content\/uploads\/2024\/10\/DSUB9FPV.jpg","type":"image\/jpeg"}],"twitter_card":"summary_large_image","twitter_misc":{"Tahmini okuma s\u00fcresi":"1 dakika"},"schema":{"@context":"https:\/\/schema.org","@graph":[{"@type":"WebPage","@id":"https:\/\/portalendustriyel.com.tr\/index.php\/urun\/dsub9fpv-d-sub9-disi-soket-seyyar-vidali-baglanti\/","url":"https:\/\/portalendustriyel.com.tr\/index.php\/urun\/dsub9fpv-d-sub9-disi-soket-seyyar-vidali-baglanti\/","name":"DSUB9FPV D-SUB9 Di\u015fi Soket Seyyar Vidal\u0131 Ba\u011flant\u0131 -","isPartOf":{"@id":"https:\/\/portalendustriyel.com.tr\/#website"},"primaryImageOfPage":{"@id":"https:\/\/portalendustriyel.com.tr\/index.php\/urun\/dsub9fpv-d-sub9-disi-soket-seyyar-vidali-baglanti\/#primaryimage"},"image":{"@id":"https:\/\/portalendustriyel.com.tr\/index.php\/urun\/dsub9fpv-d-sub9-disi-soket-seyyar-vidali-baglanti\/#primaryimage"},"thumbnailUrl":"https:\/\/portalendustriyel.com.tr\/wp-content\/uploads\/2024\/10\/DSUB9FPV.jpg","datePublished":"2024-10-03T19:26:26+00:00","dateModified":"2024-10-03T19:30:18+00:00","description":"dsub9 disi seyyar soket vidal\u0131 tip, d sub9 seyyar disi vida ba\u011flant\u0131l\u0131, d sub9 disi rs 232 seri haberle\u015fme soketi vidal\u0131 tip","breadcrumb":{"@id":"https:\/\/portalendustriyel.com.tr\/index.php\/urun\/dsub9fpv-d-sub9-disi-soket-seyyar-vidali-baglanti\/#breadcrumb"},"inLanguage":"tr","potentialAction":[{"@type":"ReadAction","target":["https:\/\/portalendustriyel.com.tr\/index.php\/urun\/dsub9fpv-d-sub9-disi-soket-seyyar-vidali-baglanti\/"]}]},{"@type":"ImageObject","inLanguage":"tr","@id":"https:\/\/portalendustriyel.com.tr\/index.php\/urun\/dsub9fpv-d-sub9-disi-soket-seyyar-vidali-baglanti\/#primaryimage","url":"https:\/\/portalendustriyel.com.tr\/wp-content\/uploads\/2024\/10\/DSUB9FPV.jpg","contentUrl":"https:\/\/portalendustriyel.com.tr\/wp-content\/uploads\/2024\/10\/DSUB9FPV.jpg","width":500,"height":500},{"@type":"BreadcrumbList","@id":"https:\/\/portalendustriyel.com.tr\/index.php\/urun\/dsub9fpv-d-sub9-disi-soket-seyyar-vidali-baglanti\/#breadcrumb","itemListElement":[{"@type":"ListItem","position":1,"name":"Anasayfa","item":"https:\/\/portalendustriyel.com.tr\/"},{"@type":"ListItem","position":2,"name":"Ma\u011faza","item":"https:\/\/portalendustriyel.com.tr\/index.php\/magaza\/"},{"@type":"ListItem","position":3,"name":"DSUB9FPV D-SUB9 Di\u015fi Soket Seyyar Vidal\u0131 Ba\u011flant\u0131"}]},{"@type":"WebSite","@id":"https:\/\/portalendustriyel.com.tr\/#website","url":"https:\/\/portalendustriyel.com.tr\/","name":"www.portalendustriyel.com.tr","description":"End&uuml;striyel &Ccedil;&ouml;z&uuml;m Orta\u011f\u0131n\u0131z","publisher":{"@id":"https:\/\/portalendustriyel.com.tr\/#organization"},"potentialAction":[{"@type":"SearchAction","target":{"@type":"EntryPoint","urlTemplate":"https:\/\/portalendustriyel.com.tr\/?s={search_term_string}"},"query-input":{"@type":"PropertyValueSpecification","valueRequired":true,"valueName":"search_term_string"}}],"inLanguage":"tr"},{"@type":"Organization","@id":"https:\/\/portalendustriyel.com.tr\/#organization","name":"Portal End\u00fcstriyel Sistemler San. ve Tic. Ltd. \u015eti","url":"https:\/\/portalendustriyel.com.tr\/","logo":{"@type":"ImageObject","inLanguage":"tr","@id":"https:\/\/portalendustriyel.com.tr\/#\/schema\/logo\/image\/","url":"https:\/\/portalendustriyel.com.tr\/wp-content\/uploads\/2023\/10\/Portal-Logo.jpg","contentUrl":"https:\/\/portalendustriyel.com.tr\/wp-content\/uploads\/2023\/10\/Portal-Logo.jpg","width":1277,"height":460,"caption":"Portal End\u00fcstriyel Sistemler San. ve Tic. Ltd. \u015eti"},"image":{"@id":"https:\/\/portalendustriyel.com.tr\/#\/schema\/logo\/image\/"},"sameAs":["https:\/\/www.linkedin.com\/company\/101302018\/admin\/feed\/posts\/"]}]}},"_links":{"self":[{"href":"https:\/\/portalendustriyel.com.tr\/index.php\/wp-json\/wp\/v2\/product\/2916","targetHints":{"allow":["GET"]}}],"collection":[{"href":"https:\/\/portalendustriyel.com.tr\/index.php\/wp-json\/wp\/v2\/product"}],"about":[{"href":"https:\/\/portalendustriyel.com.tr\/index.php\/wp-json\/wp\/v2\/types\/product"}],"replies":[{"embeddable":true,"href":"https:\/\/portalendustriyel.com.tr\/index.php\/wp-json\/wp\/v2\/comments?post=2916"}],"wp:featuredmedia":[{"embeddable":true,"href":"https:\/\/portalendustriyel.com.tr\/index.php\/wp-json\/wp\/v2\/media\/2918"}],"wp:attachment":[{"href":"https:\/\/portalendustriyel.com.tr\/index.php\/wp-json\/wp\/v2\/media?parent=2916"}],"wp:term":[{"taxonomy":"product_brand","embeddable":true,"href":"https:\/\/portalendustriyel.com.tr\/index.php\/wp-json\/wp\/v2\/product_brand?post=2916"},{"taxonomy":"product_cat","embeddable":true,"href":"https:\/\/portalendustriyel.com.tr\/index.php\/wp-json\/wp\/v2\/product_cat?post=2916"},{"taxonomy":"product_tag","embeddable":true,"href":"https:\/\/portalendustriyel.com.tr\/index.php\/wp-json\/wp\/v2\/product_tag?post=2916"}],"curies":[{"name":"wp","href":"https:\/\/api.w.org\/{rel}","templated":true}]}}