{"id":2935,"date":"2024-10-04T08:38:49","date_gmt":"2024-10-04T08:38:49","guid":{"rendered":"https:\/\/portalendustriyel.com.tr\/?post_type=product&#038;p=2935"},"modified":"2024-10-04T08:48:32","modified_gmt":"2024-10-04T08:48:32","slug":"m1205mf-p-m12-5-pin-erkek-disi-donusturucu-adaptor","status":"publish","type":"product","link":"https:\/\/portalendustriyel.com.tr\/index.php\/urun\/m1205mf-p-m12-5-pin-erkek-disi-donusturucu-adaptor\/","title":{"rendered":"M1205MF-P M12 5-Pin Erkek Di\u015fi D\u00f6n\u00fc\u015ft\u00fcr\u00fcc\u00fc Adapt\u00f6r"},"content":{"rendered":"<p>M12 A Kod Erkek Di\u015fi D\u00fcz Panel Adapt\u00f6r<\/p>\n<p>M1205MF-P Saha Kullan\u0131ma da Uygundur<\/p>\n<p>A-KOD Metal<\/p>\n<p>&nbsp;<\/p>\n<p><a href=\"https:\/\/portalendustriyel.com.tr\/wp-content\/uploads\/2024\/10\/m1205mf-p.pdf\" target=\"_blank\" rel=\"noopener\"><span style=\"color: #ff9900;\"><strong>TEKN\u0130K DOK\u00dcMAN<\/strong><\/span><\/a><\/p>\n","protected":false},"excerpt":{"rendered":"<p>M12 A Kod Erkek Di\u015fi D\u00fcz Panel Adapt\u00f6r M1205MF-P Saha Kullan\u0131ma da Uygundur A-KOD Metal &nbsp; TEKN\u0130K DOK\u00dcMAN<\/p>\n","protected":false},"featured_media":2938,"comment_status":"open","ping_status":"closed","template":"","meta":{"neve_meta_sidebar":"","neve_meta_container":"full-width","neve_meta_enable_content_width":"off","neve_meta_content_width":100,"neve_meta_title_alignment":"","neve_meta_author_avatar":"","neve_post_elements_order":"","neve_meta_disable_header":"","neve_meta_disable_footer":"","neve_meta_disable_title":""},"product_brand":[],"product_cat":[902],"product_tag":[928,927],"class_list":{"0":"post-2935","1":"product","2":"type-product","3":"status-publish","4":"has-post-thumbnail","6":"product_cat-ozel-tip-soket-ve-parcalar","7":"product_tag-m12-a-kod-erkek-disi-donusturucu-adaptor","8":"product_tag-m12-male-to-female","10":"first","11":"instock","12":"shipping-taxable","13":"product-type-simple"},"yoast_head":"<!-- This site is optimized with the Yoast SEO plugin v27.4 - https:\/\/yoast.com\/product\/yoast-seo-wordpress\/ -->\n<title>M1205MF-P M12 5-Pin Erkek Di\u015fi D\u00f6n\u00fc\u015ft\u00fcr\u00fcc\u00fc Adapt\u00f6r -<\/title>\n<meta name=\"description\" content=\"M12 Erkek A Kod Di\u015fi panel ge\u00e7i\u015f tipi d\u00f6n\u00fc\u015ft\u00fcr\u00fcc\u00fc, M12 A code male to female Converter, M12 Erkek-Di\u015fi d\u00f6n\u00fc\u015ft\u00fcr\u00fcc\u00fc adapt\u00f6r soket, m12 erkek-di\u015fi\" \/>\n<meta name=\"robots\" content=\"index, follow, max-snippet:-1, max-image-preview:large, max-video-preview:-1\" \/>\n<link rel=\"canonical\" href=\"https:\/\/portalendustriyel.com.tr\/index.php\/urun\/m1205mf-p-m12-5-pin-erkek-disi-donusturucu-adaptor\/\" \/>\n<meta property=\"og:locale\" content=\"tr_TR\" \/>\n<meta property=\"og:type\" content=\"article\" \/>\n<meta property=\"og:title\" content=\"M1205MF-P M12 5-Pin Erkek Di\u015fi D\u00f6n\u00fc\u015ft\u00fcr\u00fcc\u00fc Adapt\u00f6r -\" \/>\n<meta property=\"og:description\" content=\"M12 Erkek A Kod Di\u015fi panel ge\u00e7i\u015f tipi d\u00f6n\u00fc\u015ft\u00fcr\u00fcc\u00fc, M12 A code male to female Converter, M12 Erkek-Di\u015fi d\u00f6n\u00fc\u015ft\u00fcr\u00fcc\u00fc adapt\u00f6r soket, m12 erkek-di\u015fi\" \/>\n<meta property=\"og:url\" content=\"https:\/\/portalendustriyel.com.tr\/index.php\/urun\/m1205mf-p-m12-5-pin-erkek-disi-donusturucu-adaptor\/\" \/>\n<meta property=\"article:modified_time\" content=\"2024-10-04T08:48:32+00:00\" \/>\n<meta property=\"og:image\" content=\"https:\/\/portalendustriyel.com.tr\/wp-content\/uploads\/2024\/10\/M1205MF-P.jpg\" \/>\n\t<meta property=\"og:image:width\" content=\"500\" \/>\n\t<meta property=\"og:image:height\" content=\"500\" \/>\n\t<meta property=\"og:image:type\" content=\"image\/jpeg\" \/>\n<meta name=\"twitter:card\" content=\"summary_large_image\" \/>\n<meta name=\"twitter:label1\" content=\"Tahmini okuma s\u00fcresi\" \/>\n\t<meta name=\"twitter:data1\" content=\"1 dakika\" \/>\n<script type=\"application\/ld+json\" class=\"yoast-schema-graph\">{\"@context\":\"https:\\\/\\\/schema.org\",\"@graph\":[{\"@type\":\"WebPage\",\"@id\":\"https:\\\/\\\/portalendustriyel.com.tr\\\/index.php\\\/urun\\\/m1205mf-p-m12-5-pin-erkek-disi-donusturucu-adaptor\\\/\",\"url\":\"https:\\\/\\\/portalendustriyel.com.tr\\\/index.php\\\/urun\\\/m1205mf-p-m12-5-pin-erkek-disi-donusturucu-adaptor\\\/\",\"name\":\"M1205MF-P M12 5-Pin Erkek Di\u015fi D\u00f6n\u00fc\u015ft\u00fcr\u00fcc\u00fc Adapt\u00f6r -\",\"isPartOf\":{\"@id\":\"https:\\\/\\\/portalendustriyel.com.tr\\\/#website\"},\"primaryImageOfPage\":{\"@id\":\"https:\\\/\\\/portalendustriyel.com.tr\\\/index.php\\\/urun\\\/m1205mf-p-m12-5-pin-erkek-disi-donusturucu-adaptor\\\/#primaryimage\"},\"image\":{\"@id\":\"https:\\\/\\\/portalendustriyel.com.tr\\\/index.php\\\/urun\\\/m1205mf-p-m12-5-pin-erkek-disi-donusturucu-adaptor\\\/#primaryimage\"},\"thumbnailUrl\":\"https:\\\/\\\/portalendustriyel.com.tr\\\/wp-content\\\/uploads\\\/2024\\\/10\\\/M1205MF-P.jpg\",\"datePublished\":\"2024-10-04T08:38:49+00:00\",\"dateModified\":\"2024-10-04T08:48:32+00:00\",\"description\":\"M12 Erkek A Kod Di\u015fi panel ge\u00e7i\u015f tipi d\u00f6n\u00fc\u015ft\u00fcr\u00fcc\u00fc, M12 A code male to female Converter, M12 Erkek-Di\u015fi d\u00f6n\u00fc\u015ft\u00fcr\u00fcc\u00fc adapt\u00f6r soket, m12 erkek-di\u015fi\",\"breadcrumb\":{\"@id\":\"https:\\\/\\\/portalendustriyel.com.tr\\\/index.php\\\/urun\\\/m1205mf-p-m12-5-pin-erkek-disi-donusturucu-adaptor\\\/#breadcrumb\"},\"inLanguage\":\"tr\",\"potentialAction\":[{\"@type\":\"ReadAction\",\"target\":[\"https:\\\/\\\/portalendustriyel.com.tr\\\/index.php\\\/urun\\\/m1205mf-p-m12-5-pin-erkek-disi-donusturucu-adaptor\\\/\"]}]},{\"@type\":\"ImageObject\",\"inLanguage\":\"tr\",\"@id\":\"https:\\\/\\\/portalendustriyel.com.tr\\\/index.php\\\/urun\\\/m1205mf-p-m12-5-pin-erkek-disi-donusturucu-adaptor\\\/#primaryimage\",\"url\":\"https:\\\/\\\/portalendustriyel.com.tr\\\/wp-content\\\/uploads\\\/2024\\\/10\\\/M1205MF-P.jpg\",\"contentUrl\":\"https:\\\/\\\/portalendustriyel.com.tr\\\/wp-content\\\/uploads\\\/2024\\\/10\\\/M1205MF-P.jpg\",\"width\":500,\"height\":500},{\"@type\":\"BreadcrumbList\",\"@id\":\"https:\\\/\\\/portalendustriyel.com.tr\\\/index.php\\\/urun\\\/m1205mf-p-m12-5-pin-erkek-disi-donusturucu-adaptor\\\/#breadcrumb\",\"itemListElement\":[{\"@type\":\"ListItem\",\"position\":1,\"name\":\"Anasayfa\",\"item\":\"https:\\\/\\\/portalendustriyel.com.tr\\\/\"},{\"@type\":\"ListItem\",\"position\":2,\"name\":\"Ma\u011faza\",\"item\":\"https:\\\/\\\/portalendustriyel.com.tr\\\/index.php\\\/magaza\\\/\"},{\"@type\":\"ListItem\",\"position\":3,\"name\":\"M1205MF-P M12 5-Pin Erkek Di\u015fi D\u00f6n\u00fc\u015ft\u00fcr\u00fcc\u00fc Adapt\u00f6r\"}]},{\"@type\":\"WebSite\",\"@id\":\"https:\\\/\\\/portalendustriyel.com.tr\\\/#website\",\"url\":\"https:\\\/\\\/portalendustriyel.com.tr\\\/\",\"name\":\"www.portalendustriyel.com.tr\",\"description\":\"End&uuml;striyel &Ccedil;&ouml;z&uuml;m Orta\u011f\u0131n\u0131z\",\"publisher\":{\"@id\":\"https:\\\/\\\/portalendustriyel.com.tr\\\/#organization\"},\"potentialAction\":[{\"@type\":\"SearchAction\",\"target\":{\"@type\":\"EntryPoint\",\"urlTemplate\":\"https:\\\/\\\/portalendustriyel.com.tr\\\/?s={search_term_string}\"},\"query-input\":{\"@type\":\"PropertyValueSpecification\",\"valueRequired\":true,\"valueName\":\"search_term_string\"}}],\"inLanguage\":\"tr\"},{\"@type\":\"Organization\",\"@id\":\"https:\\\/\\\/portalendustriyel.com.tr\\\/#organization\",\"name\":\"Portal End\u00fcstriyel Sistemler San. ve Tic. Ltd. \u015eti\",\"url\":\"https:\\\/\\\/portalendustriyel.com.tr\\\/\",\"logo\":{\"@type\":\"ImageObject\",\"inLanguage\":\"tr\",\"@id\":\"https:\\\/\\\/portalendustriyel.com.tr\\\/#\\\/schema\\\/logo\\\/image\\\/\",\"url\":\"https:\\\/\\\/portalendustriyel.com.tr\\\/wp-content\\\/uploads\\\/2023\\\/10\\\/Portal-Logo.jpg\",\"contentUrl\":\"https:\\\/\\\/portalendustriyel.com.tr\\\/wp-content\\\/uploads\\\/2023\\\/10\\\/Portal-Logo.jpg\",\"width\":1277,\"height\":460,\"caption\":\"Portal End\u00fcstriyel Sistemler San. ve Tic. Ltd. \u015eti\"},\"image\":{\"@id\":\"https:\\\/\\\/portalendustriyel.com.tr\\\/#\\\/schema\\\/logo\\\/image\\\/\"},\"sameAs\":[\"https:\\\/\\\/www.linkedin.com\\\/company\\\/101302018\\\/admin\\\/feed\\\/posts\\\/\"]}]}<\/script>\n<!-- \/ Yoast SEO plugin. -->","yoast_head_json":{"title":"M1205MF-P M12 5-Pin Erkek Di\u015fi D\u00f6n\u00fc\u015ft\u00fcr\u00fcc\u00fc Adapt\u00f6r -","description":"M12 Erkek A Kod Di\u015fi panel ge\u00e7i\u015f tipi d\u00f6n\u00fc\u015ft\u00fcr\u00fcc\u00fc, M12 A code male to female Converter, M12 Erkek-Di\u015fi d\u00f6n\u00fc\u015ft\u00fcr\u00fcc\u00fc adapt\u00f6r soket, m12 erkek-di\u015fi","robots":{"index":"index","follow":"follow","max-snippet":"max-snippet:-1","max-image-preview":"max-image-preview:large","max-video-preview":"max-video-preview:-1"},"canonical":"https:\/\/portalendustriyel.com.tr\/index.php\/urun\/m1205mf-p-m12-5-pin-erkek-disi-donusturucu-adaptor\/","og_locale":"tr_TR","og_type":"article","og_title":"M1205MF-P M12 5-Pin Erkek Di\u015fi D\u00f6n\u00fc\u015ft\u00fcr\u00fcc\u00fc Adapt\u00f6r -","og_description":"M12 Erkek A Kod Di\u015fi panel ge\u00e7i\u015f tipi d\u00f6n\u00fc\u015ft\u00fcr\u00fcc\u00fc, M12 A code male to female Converter, M12 Erkek-Di\u015fi d\u00f6n\u00fc\u015ft\u00fcr\u00fcc\u00fc adapt\u00f6r soket, m12 erkek-di\u015fi","og_url":"https:\/\/portalendustriyel.com.tr\/index.php\/urun\/m1205mf-p-m12-5-pin-erkek-disi-donusturucu-adaptor\/","article_modified_time":"2024-10-04T08:48:32+00:00","og_image":[{"width":500,"height":500,"url":"https:\/\/portalendustriyel.com.tr\/wp-content\/uploads\/2024\/10\/M1205MF-P.jpg","type":"image\/jpeg"}],"twitter_card":"summary_large_image","twitter_misc":{"Tahmini okuma s\u00fcresi":"1 dakika"},"schema":{"@context":"https:\/\/schema.org","@graph":[{"@type":"WebPage","@id":"https:\/\/portalendustriyel.com.tr\/index.php\/urun\/m1205mf-p-m12-5-pin-erkek-disi-donusturucu-adaptor\/","url":"https:\/\/portalendustriyel.com.tr\/index.php\/urun\/m1205mf-p-m12-5-pin-erkek-disi-donusturucu-adaptor\/","name":"M1205MF-P M12 5-Pin Erkek Di\u015fi D\u00f6n\u00fc\u015ft\u00fcr\u00fcc\u00fc Adapt\u00f6r -","isPartOf":{"@id":"https:\/\/portalendustriyel.com.tr\/#website"},"primaryImageOfPage":{"@id":"https:\/\/portalendustriyel.com.tr\/index.php\/urun\/m1205mf-p-m12-5-pin-erkek-disi-donusturucu-adaptor\/#primaryimage"},"image":{"@id":"https:\/\/portalendustriyel.com.tr\/index.php\/urun\/m1205mf-p-m12-5-pin-erkek-disi-donusturucu-adaptor\/#primaryimage"},"thumbnailUrl":"https:\/\/portalendustriyel.com.tr\/wp-content\/uploads\/2024\/10\/M1205MF-P.jpg","datePublished":"2024-10-04T08:38:49+00:00","dateModified":"2024-10-04T08:48:32+00:00","description":"M12 Erkek A Kod Di\u015fi panel ge\u00e7i\u015f tipi d\u00f6n\u00fc\u015ft\u00fcr\u00fcc\u00fc, M12 A code male to female Converter, M12 Erkek-Di\u015fi d\u00f6n\u00fc\u015ft\u00fcr\u00fcc\u00fc adapt\u00f6r soket, m12 erkek-di\u015fi","breadcrumb":{"@id":"https:\/\/portalendustriyel.com.tr\/index.php\/urun\/m1205mf-p-m12-5-pin-erkek-disi-donusturucu-adaptor\/#breadcrumb"},"inLanguage":"tr","potentialAction":[{"@type":"ReadAction","target":["https:\/\/portalendustriyel.com.tr\/index.php\/urun\/m1205mf-p-m12-5-pin-erkek-disi-donusturucu-adaptor\/"]}]},{"@type":"ImageObject","inLanguage":"tr","@id":"https:\/\/portalendustriyel.com.tr\/index.php\/urun\/m1205mf-p-m12-5-pin-erkek-disi-donusturucu-adaptor\/#primaryimage","url":"https:\/\/portalendustriyel.com.tr\/wp-content\/uploads\/2024\/10\/M1205MF-P.jpg","contentUrl":"https:\/\/portalendustriyel.com.tr\/wp-content\/uploads\/2024\/10\/M1205MF-P.jpg","width":500,"height":500},{"@type":"BreadcrumbList","@id":"https:\/\/portalendustriyel.com.tr\/index.php\/urun\/m1205mf-p-m12-5-pin-erkek-disi-donusturucu-adaptor\/#breadcrumb","itemListElement":[{"@type":"ListItem","position":1,"name":"Anasayfa","item":"https:\/\/portalendustriyel.com.tr\/"},{"@type":"ListItem","position":2,"name":"Ma\u011faza","item":"https:\/\/portalendustriyel.com.tr\/index.php\/magaza\/"},{"@type":"ListItem","position":3,"name":"M1205MF-P M12 5-Pin Erkek Di\u015fi D\u00f6n\u00fc\u015ft\u00fcr\u00fcc\u00fc Adapt\u00f6r"}]},{"@type":"WebSite","@id":"https:\/\/portalendustriyel.com.tr\/#website","url":"https:\/\/portalendustriyel.com.tr\/","name":"www.portalendustriyel.com.tr","description":"End&uuml;striyel &Ccedil;&ouml;z&uuml;m Orta\u011f\u0131n\u0131z","publisher":{"@id":"https:\/\/portalendustriyel.com.tr\/#organization"},"potentialAction":[{"@type":"SearchAction","target":{"@type":"EntryPoint","urlTemplate":"https:\/\/portalendustriyel.com.tr\/?s={search_term_string}"},"query-input":{"@type":"PropertyValueSpecification","valueRequired":true,"valueName":"search_term_string"}}],"inLanguage":"tr"},{"@type":"Organization","@id":"https:\/\/portalendustriyel.com.tr\/#organization","name":"Portal End\u00fcstriyel Sistemler San. ve Tic. Ltd. \u015eti","url":"https:\/\/portalendustriyel.com.tr\/","logo":{"@type":"ImageObject","inLanguage":"tr","@id":"https:\/\/portalendustriyel.com.tr\/#\/schema\/logo\/image\/","url":"https:\/\/portalendustriyel.com.tr\/wp-content\/uploads\/2023\/10\/Portal-Logo.jpg","contentUrl":"https:\/\/portalendustriyel.com.tr\/wp-content\/uploads\/2023\/10\/Portal-Logo.jpg","width":1277,"height":460,"caption":"Portal End\u00fcstriyel Sistemler San. ve Tic. Ltd. \u015eti"},"image":{"@id":"https:\/\/portalendustriyel.com.tr\/#\/schema\/logo\/image\/"},"sameAs":["https:\/\/www.linkedin.com\/company\/101302018\/admin\/feed\/posts\/"]}]}},"_links":{"self":[{"href":"https:\/\/portalendustriyel.com.tr\/index.php\/wp-json\/wp\/v2\/product\/2935","targetHints":{"allow":["GET"]}}],"collection":[{"href":"https:\/\/portalendustriyel.com.tr\/index.php\/wp-json\/wp\/v2\/product"}],"about":[{"href":"https:\/\/portalendustriyel.com.tr\/index.php\/wp-json\/wp\/v2\/types\/product"}],"replies":[{"embeddable":true,"href":"https:\/\/portalendustriyel.com.tr\/index.php\/wp-json\/wp\/v2\/comments?post=2935"}],"wp:featuredmedia":[{"embeddable":true,"href":"https:\/\/portalendustriyel.com.tr\/index.php\/wp-json\/wp\/v2\/media\/2938"}],"wp:attachment":[{"href":"https:\/\/portalendustriyel.com.tr\/index.php\/wp-json\/wp\/v2\/media?parent=2935"}],"wp:term":[{"taxonomy":"product_brand","embeddable":true,"href":"https:\/\/portalendustriyel.com.tr\/index.php\/wp-json\/wp\/v2\/product_brand?post=2935"},{"taxonomy":"product_cat","embeddable":true,"href":"https:\/\/portalendustriyel.com.tr\/index.php\/wp-json\/wp\/v2\/product_cat?post=2935"},{"taxonomy":"product_tag","embeddable":true,"href":"https:\/\/portalendustriyel.com.tr\/index.php\/wp-json\/wp\/v2\/product_tag?post=2935"}],"curies":[{"name":"wp","href":"https:\/\/api.w.org\/{rel}","templated":true}]}}