{"id":2939,"date":"2024-10-04T10:24:42","date_gmt":"2024-10-04T10:24:42","guid":{"rendered":"https:\/\/portalendustriyel.com.tr\/?post_type=product&#038;p=2939"},"modified":"2024-10-04T10:34:02","modified_gmt":"2024-10-04T10:34:02","slug":"ptrj45-jx-rj45-pano-gecis-soketi","status":"publish","type":"product","link":"https:\/\/portalendustriyel.com.tr\/index.php\/urun\/ptrj45-jx-rj45-pano-gecis-soketi\/","title":{"rendered":"PTRJ45-JX RJ45 Pano Ge\u00e7i\u015f Soketi"},"content":{"rendered":"<p>PTRJ45-JX RJ45 Pano Ge\u00e7i\u015f Adapt\u00f6r\u00fc<\/p>\n<p>8-Pin RJ45 Cat6 Panel Adapt\u00f6r<\/p>\n<p>Her iki taraf\u0131 da di\u015fi keystone \u015feklinde lehim ve ba\u011flant\u0131 gerektirmez<\/p>\n<p>Koruma S\u0131n\u0131f\u0131 : IP68<\/p>\n<p>T\u00fcm End\u00fcstriyel Ethernet Uygulamalar\u0131nda Kullan\u0131labilir<\/p>\n<p><a href=\"https:\/\/portalendustriyel.com.tr\/wp-content\/uploads\/2024\/10\/ptrj45-jx.pdf\" target=\"_blank\" rel=\"noopener\"><span style=\"color: #ff9900;\"><strong>TEKN\u0130K DOK\u00dcMAN<\/strong><\/span><\/a><\/p>\n","protected":false},"excerpt":{"rendered":"<p>PTRJ45-JX RJ45 Pano Ge\u00e7i\u015f Adapt\u00f6r\u00fc 8-Pin RJ45 Cat6 Panel Adapt\u00f6r Her iki taraf\u0131 da di\u015fi keystone \u015feklinde lehim ve ba\u011flant\u0131 gerektirmez Koruma S\u0131n\u0131f\u0131 : IP68 T\u00fcm End\u00fcstriyel Ethernet Uygulamalar\u0131nda Kullan\u0131labilir TEKN\u0130K DOK\u00dcMAN<\/p>\n","protected":false},"featured_media":2942,"comment_status":"open","ping_status":"closed","template":"","meta":{"neve_meta_sidebar":"","neve_meta_container":"full-width","neve_meta_enable_content_width":"off","neve_meta_content_width":100,"neve_meta_title_alignment":"","neve_meta_author_avatar":"","neve_post_elements_order":"","neve_meta_disable_header":"","neve_meta_disable_footer":"","neve_meta_disable_title":""},"product_brand":[],"product_cat":[902],"product_tag":[929,930],"class_list":{"0":"post-2939","1":"product","2":"type-product","3":"status-publish","4":"has-post-thumbnail","6":"product_cat-ozel-tip-soket-ve-parcalar","7":"product_tag-ptrj45-jx","8":"product_tag-rj45-pano-gecis-adaptoru","10":"first","11":"instock","12":"shipping-taxable","13":"product-type-simple"},"yoast_head":"<!-- This site is optimized with the Yoast SEO plugin v27.4 - https:\/\/yoast.com\/product\/yoast-seo-wordpress\/ -->\n<title>PTRJ45-JX RJ45 Pano Ge\u00e7i\u015f Soketi -<\/title>\n<meta name=\"description\" content=\"ptrj45-jx rj45 ba\u011flant\u0131lar i\u00e7in pano ge\u00e7i\u015f soketi, \u00e7ift taraf\u0131 di\u015fi rj45 panel tip adapt\u00f6r, cat6 end\u00fcstriyel ethernet kablosu pano ge\u00e7i\u015f soketi\" \/>\n<meta name=\"robots\" content=\"index, follow, max-snippet:-1, max-image-preview:large, max-video-preview:-1\" \/>\n<link rel=\"canonical\" href=\"https:\/\/portalendustriyel.com.tr\/index.php\/urun\/ptrj45-jx-rj45-pano-gecis-soketi\/\" \/>\n<meta property=\"og:locale\" content=\"tr_TR\" \/>\n<meta property=\"og:type\" content=\"article\" \/>\n<meta property=\"og:title\" content=\"PTRJ45-JX RJ45 Pano Ge\u00e7i\u015f Soketi -\" \/>\n<meta property=\"og:description\" content=\"ptrj45-jx rj45 ba\u011flant\u0131lar i\u00e7in pano ge\u00e7i\u015f soketi, \u00e7ift taraf\u0131 di\u015fi rj45 panel tip adapt\u00f6r, cat6 end\u00fcstriyel ethernet kablosu pano ge\u00e7i\u015f soketi\" \/>\n<meta property=\"og:url\" content=\"https:\/\/portalendustriyel.com.tr\/index.php\/urun\/ptrj45-jx-rj45-pano-gecis-soketi\/\" \/>\n<meta property=\"article:modified_time\" content=\"2024-10-04T10:34:02+00:00\" \/>\n<meta property=\"og:image\" content=\"https:\/\/portalendustriyel.com.tr\/wp-content\/uploads\/2024\/10\/PTRJ45-JX.jpg\" \/>\n\t<meta property=\"og:image:width\" content=\"500\" \/>\n\t<meta property=\"og:image:height\" content=\"500\" \/>\n\t<meta property=\"og:image:type\" content=\"image\/jpeg\" \/>\n<meta name=\"twitter:card\" content=\"summary_large_image\" \/>\n<meta name=\"twitter:label1\" content=\"Tahmini okuma s\u00fcresi\" \/>\n\t<meta name=\"twitter:data1\" content=\"1 dakika\" \/>\n<script type=\"application\/ld+json\" class=\"yoast-schema-graph\">{\"@context\":\"https:\\\/\\\/schema.org\",\"@graph\":[{\"@type\":\"WebPage\",\"@id\":\"https:\\\/\\\/portalendustriyel.com.tr\\\/index.php\\\/urun\\\/ptrj45-jx-rj45-pano-gecis-soketi\\\/\",\"url\":\"https:\\\/\\\/portalendustriyel.com.tr\\\/index.php\\\/urun\\\/ptrj45-jx-rj45-pano-gecis-soketi\\\/\",\"name\":\"PTRJ45-JX RJ45 Pano Ge\u00e7i\u015f Soketi -\",\"isPartOf\":{\"@id\":\"https:\\\/\\\/portalendustriyel.com.tr\\\/#website\"},\"primaryImageOfPage\":{\"@id\":\"https:\\\/\\\/portalendustriyel.com.tr\\\/index.php\\\/urun\\\/ptrj45-jx-rj45-pano-gecis-soketi\\\/#primaryimage\"},\"image\":{\"@id\":\"https:\\\/\\\/portalendustriyel.com.tr\\\/index.php\\\/urun\\\/ptrj45-jx-rj45-pano-gecis-soketi\\\/#primaryimage\"},\"thumbnailUrl\":\"https:\\\/\\\/portalendustriyel.com.tr\\\/wp-content\\\/uploads\\\/2024\\\/10\\\/PTRJ45-JX.jpg\",\"datePublished\":\"2024-10-04T10:24:42+00:00\",\"dateModified\":\"2024-10-04T10:34:02+00:00\",\"description\":\"ptrj45-jx rj45 ba\u011flant\u0131lar i\u00e7in pano ge\u00e7i\u015f soketi, \u00e7ift taraf\u0131 di\u015fi rj45 panel tip adapt\u00f6r, cat6 end\u00fcstriyel ethernet kablosu pano ge\u00e7i\u015f soketi\",\"breadcrumb\":{\"@id\":\"https:\\\/\\\/portalendustriyel.com.tr\\\/index.php\\\/urun\\\/ptrj45-jx-rj45-pano-gecis-soketi\\\/#breadcrumb\"},\"inLanguage\":\"tr\",\"potentialAction\":[{\"@type\":\"ReadAction\",\"target\":[\"https:\\\/\\\/portalendustriyel.com.tr\\\/index.php\\\/urun\\\/ptrj45-jx-rj45-pano-gecis-soketi\\\/\"]}]},{\"@type\":\"ImageObject\",\"inLanguage\":\"tr\",\"@id\":\"https:\\\/\\\/portalendustriyel.com.tr\\\/index.php\\\/urun\\\/ptrj45-jx-rj45-pano-gecis-soketi\\\/#primaryimage\",\"url\":\"https:\\\/\\\/portalendustriyel.com.tr\\\/wp-content\\\/uploads\\\/2024\\\/10\\\/PTRJ45-JX.jpg\",\"contentUrl\":\"https:\\\/\\\/portalendustriyel.com.tr\\\/wp-content\\\/uploads\\\/2024\\\/10\\\/PTRJ45-JX.jpg\",\"width\":500,\"height\":500},{\"@type\":\"BreadcrumbList\",\"@id\":\"https:\\\/\\\/portalendustriyel.com.tr\\\/index.php\\\/urun\\\/ptrj45-jx-rj45-pano-gecis-soketi\\\/#breadcrumb\",\"itemListElement\":[{\"@type\":\"ListItem\",\"position\":1,\"name\":\"Anasayfa\",\"item\":\"https:\\\/\\\/portalendustriyel.com.tr\\\/\"},{\"@type\":\"ListItem\",\"position\":2,\"name\":\"Ma\u011faza\",\"item\":\"https:\\\/\\\/portalendustriyel.com.tr\\\/index.php\\\/magaza\\\/\"},{\"@type\":\"ListItem\",\"position\":3,\"name\":\"PTRJ45-JX RJ45 Pano Ge\u00e7i\u015f Soketi\"}]},{\"@type\":\"WebSite\",\"@id\":\"https:\\\/\\\/portalendustriyel.com.tr\\\/#website\",\"url\":\"https:\\\/\\\/portalendustriyel.com.tr\\\/\",\"name\":\"www.portalendustriyel.com.tr\",\"description\":\"End&uuml;striyel &Ccedil;&ouml;z&uuml;m Orta\u011f\u0131n\u0131z\",\"publisher\":{\"@id\":\"https:\\\/\\\/portalendustriyel.com.tr\\\/#organization\"},\"potentialAction\":[{\"@type\":\"SearchAction\",\"target\":{\"@type\":\"EntryPoint\",\"urlTemplate\":\"https:\\\/\\\/portalendustriyel.com.tr\\\/?s={search_term_string}\"},\"query-input\":{\"@type\":\"PropertyValueSpecification\",\"valueRequired\":true,\"valueName\":\"search_term_string\"}}],\"inLanguage\":\"tr\"},{\"@type\":\"Organization\",\"@id\":\"https:\\\/\\\/portalendustriyel.com.tr\\\/#organization\",\"name\":\"Portal End\u00fcstriyel Sistemler San. ve Tic. Ltd. \u015eti\",\"url\":\"https:\\\/\\\/portalendustriyel.com.tr\\\/\",\"logo\":{\"@type\":\"ImageObject\",\"inLanguage\":\"tr\",\"@id\":\"https:\\\/\\\/portalendustriyel.com.tr\\\/#\\\/schema\\\/logo\\\/image\\\/\",\"url\":\"https:\\\/\\\/portalendustriyel.com.tr\\\/wp-content\\\/uploads\\\/2023\\\/10\\\/Portal-Logo.jpg\",\"contentUrl\":\"https:\\\/\\\/portalendustriyel.com.tr\\\/wp-content\\\/uploads\\\/2023\\\/10\\\/Portal-Logo.jpg\",\"width\":1277,\"height\":460,\"caption\":\"Portal End\u00fcstriyel Sistemler San. ve Tic. Ltd. \u015eti\"},\"image\":{\"@id\":\"https:\\\/\\\/portalendustriyel.com.tr\\\/#\\\/schema\\\/logo\\\/image\\\/\"},\"sameAs\":[\"https:\\\/\\\/www.linkedin.com\\\/company\\\/101302018\\\/admin\\\/feed\\\/posts\\\/\"]}]}<\/script>\n<!-- \/ Yoast SEO plugin. -->","yoast_head_json":{"title":"PTRJ45-JX RJ45 Pano Ge\u00e7i\u015f Soketi -","description":"ptrj45-jx rj45 ba\u011flant\u0131lar i\u00e7in pano ge\u00e7i\u015f soketi, \u00e7ift taraf\u0131 di\u015fi rj45 panel tip adapt\u00f6r, cat6 end\u00fcstriyel ethernet kablosu pano ge\u00e7i\u015f soketi","robots":{"index":"index","follow":"follow","max-snippet":"max-snippet:-1","max-image-preview":"max-image-preview:large","max-video-preview":"max-video-preview:-1"},"canonical":"https:\/\/portalendustriyel.com.tr\/index.php\/urun\/ptrj45-jx-rj45-pano-gecis-soketi\/","og_locale":"tr_TR","og_type":"article","og_title":"PTRJ45-JX RJ45 Pano Ge\u00e7i\u015f Soketi -","og_description":"ptrj45-jx rj45 ba\u011flant\u0131lar i\u00e7in pano ge\u00e7i\u015f soketi, \u00e7ift taraf\u0131 di\u015fi rj45 panel tip adapt\u00f6r, cat6 end\u00fcstriyel ethernet kablosu pano ge\u00e7i\u015f soketi","og_url":"https:\/\/portalendustriyel.com.tr\/index.php\/urun\/ptrj45-jx-rj45-pano-gecis-soketi\/","article_modified_time":"2024-10-04T10:34:02+00:00","og_image":[{"width":500,"height":500,"url":"https:\/\/portalendustriyel.com.tr\/wp-content\/uploads\/2024\/10\/PTRJ45-JX.jpg","type":"image\/jpeg"}],"twitter_card":"summary_large_image","twitter_misc":{"Tahmini okuma s\u00fcresi":"1 dakika"},"schema":{"@context":"https:\/\/schema.org","@graph":[{"@type":"WebPage","@id":"https:\/\/portalendustriyel.com.tr\/index.php\/urun\/ptrj45-jx-rj45-pano-gecis-soketi\/","url":"https:\/\/portalendustriyel.com.tr\/index.php\/urun\/ptrj45-jx-rj45-pano-gecis-soketi\/","name":"PTRJ45-JX RJ45 Pano Ge\u00e7i\u015f Soketi -","isPartOf":{"@id":"https:\/\/portalendustriyel.com.tr\/#website"},"primaryImageOfPage":{"@id":"https:\/\/portalendustriyel.com.tr\/index.php\/urun\/ptrj45-jx-rj45-pano-gecis-soketi\/#primaryimage"},"image":{"@id":"https:\/\/portalendustriyel.com.tr\/index.php\/urun\/ptrj45-jx-rj45-pano-gecis-soketi\/#primaryimage"},"thumbnailUrl":"https:\/\/portalendustriyel.com.tr\/wp-content\/uploads\/2024\/10\/PTRJ45-JX.jpg","datePublished":"2024-10-04T10:24:42+00:00","dateModified":"2024-10-04T10:34:02+00:00","description":"ptrj45-jx rj45 ba\u011flant\u0131lar i\u00e7in pano ge\u00e7i\u015f soketi, \u00e7ift taraf\u0131 di\u015fi rj45 panel tip adapt\u00f6r, cat6 end\u00fcstriyel ethernet kablosu pano ge\u00e7i\u015f soketi","breadcrumb":{"@id":"https:\/\/portalendustriyel.com.tr\/index.php\/urun\/ptrj45-jx-rj45-pano-gecis-soketi\/#breadcrumb"},"inLanguage":"tr","potentialAction":[{"@type":"ReadAction","target":["https:\/\/portalendustriyel.com.tr\/index.php\/urun\/ptrj45-jx-rj45-pano-gecis-soketi\/"]}]},{"@type":"ImageObject","inLanguage":"tr","@id":"https:\/\/portalendustriyel.com.tr\/index.php\/urun\/ptrj45-jx-rj45-pano-gecis-soketi\/#primaryimage","url":"https:\/\/portalendustriyel.com.tr\/wp-content\/uploads\/2024\/10\/PTRJ45-JX.jpg","contentUrl":"https:\/\/portalendustriyel.com.tr\/wp-content\/uploads\/2024\/10\/PTRJ45-JX.jpg","width":500,"height":500},{"@type":"BreadcrumbList","@id":"https:\/\/portalendustriyel.com.tr\/index.php\/urun\/ptrj45-jx-rj45-pano-gecis-soketi\/#breadcrumb","itemListElement":[{"@type":"ListItem","position":1,"name":"Anasayfa","item":"https:\/\/portalendustriyel.com.tr\/"},{"@type":"ListItem","position":2,"name":"Ma\u011faza","item":"https:\/\/portalendustriyel.com.tr\/index.php\/magaza\/"},{"@type":"ListItem","position":3,"name":"PTRJ45-JX RJ45 Pano Ge\u00e7i\u015f Soketi"}]},{"@type":"WebSite","@id":"https:\/\/portalendustriyel.com.tr\/#website","url":"https:\/\/portalendustriyel.com.tr\/","name":"www.portalendustriyel.com.tr","description":"End&uuml;striyel &Ccedil;&ouml;z&uuml;m Orta\u011f\u0131n\u0131z","publisher":{"@id":"https:\/\/portalendustriyel.com.tr\/#organization"},"potentialAction":[{"@type":"SearchAction","target":{"@type":"EntryPoint","urlTemplate":"https:\/\/portalendustriyel.com.tr\/?s={search_term_string}"},"query-input":{"@type":"PropertyValueSpecification","valueRequired":true,"valueName":"search_term_string"}}],"inLanguage":"tr"},{"@type":"Organization","@id":"https:\/\/portalendustriyel.com.tr\/#organization","name":"Portal End\u00fcstriyel Sistemler San. ve Tic. Ltd. \u015eti","url":"https:\/\/portalendustriyel.com.tr\/","logo":{"@type":"ImageObject","inLanguage":"tr","@id":"https:\/\/portalendustriyel.com.tr\/#\/schema\/logo\/image\/","url":"https:\/\/portalendustriyel.com.tr\/wp-content\/uploads\/2023\/10\/Portal-Logo.jpg","contentUrl":"https:\/\/portalendustriyel.com.tr\/wp-content\/uploads\/2023\/10\/Portal-Logo.jpg","width":1277,"height":460,"caption":"Portal End\u00fcstriyel Sistemler San. ve Tic. Ltd. \u015eti"},"image":{"@id":"https:\/\/portalendustriyel.com.tr\/#\/schema\/logo\/image\/"},"sameAs":["https:\/\/www.linkedin.com\/company\/101302018\/admin\/feed\/posts\/"]}]}},"_links":{"self":[{"href":"https:\/\/portalendustriyel.com.tr\/index.php\/wp-json\/wp\/v2\/product\/2939","targetHints":{"allow":["GET"]}}],"collection":[{"href":"https:\/\/portalendustriyel.com.tr\/index.php\/wp-json\/wp\/v2\/product"}],"about":[{"href":"https:\/\/portalendustriyel.com.tr\/index.php\/wp-json\/wp\/v2\/types\/product"}],"replies":[{"embeddable":true,"href":"https:\/\/portalendustriyel.com.tr\/index.php\/wp-json\/wp\/v2\/comments?post=2939"}],"wp:featuredmedia":[{"embeddable":true,"href":"https:\/\/portalendustriyel.com.tr\/index.php\/wp-json\/wp\/v2\/media\/2942"}],"wp:attachment":[{"href":"https:\/\/portalendustriyel.com.tr\/index.php\/wp-json\/wp\/v2\/media?parent=2939"}],"wp:term":[{"taxonomy":"product_brand","embeddable":true,"href":"https:\/\/portalendustriyel.com.tr\/index.php\/wp-json\/wp\/v2\/product_brand?post=2939"},{"taxonomy":"product_cat","embeddable":true,"href":"https:\/\/portalendustriyel.com.tr\/index.php\/wp-json\/wp\/v2\/product_cat?post=2939"},{"taxonomy":"product_tag","embeddable":true,"href":"https:\/\/portalendustriyel.com.tr\/index.php\/wp-json\/wp\/v2\/product_tag?post=2939"}],"curies":[{"name":"wp","href":"https:\/\/api.w.org\/{rel}","templated":true}]}}