{"id":295,"date":"2024-01-05T17:15:13","date_gmt":"2024-01-05T17:15:13","guid":{"rendered":"https:\/\/portalendustriyel.com.tr\/?post_type=product&#038;p=295"},"modified":"2024-02-09T20:17:54","modified_gmt":"2024-02-09T20:17:54","slug":"gg712s","status":"publish","type":"product","link":"https:\/\/portalendustriyel.com.tr\/index.php\/urun\/gg712s\/","title":{"rendered":"GG712S"},"content":{"rendered":"<div class=\"product-header product-header--desktop\">\n<h1 class=\"product-header__category\">\u0130nd\u00fcktif g\u00fcvenlik sens\u00f6r\u00fc<\/h1>\n<div class=\"product-header__wrapper\">\n<h2 class=\"product-header__article\">GG712S\u00a0 \u00a0\u0130FM<\/h2>\n<h3 class=\"product-header__typekey\">GIGA4005-2PS\/SIL2\/US<\/h3>\n<\/div>\n<\/div>\n<div class=\"bulletpoint-list\">\n<ul class=\"bulletpoint-list__entries\">\n<li>Makine g\u00fcvenli\u011fi sa\u011flamak i\u00e7in<\/li>\n<li>A\u015fa\u011f\u0131daki standartlara g\u00f6re onay belgeli: EN 60947-5-3, IEC 61508 ve ISO 13849<\/li>\n<li>Elektronik ar\u0131za emniyet sens\u00f6rleri i\u00e7in \u00f6zel akt\u00fcat\u00f6r gerektirmez<\/li>\n<li>G\u00fcvenlik PLC&#8217;si, g\u00fcvenli AS-i mod\u00fclleri veya g\u00fcvenli de\u011ferlendirme birimlerine ba\u011flant\u0131<\/li>\n<li>\n<div class=\"datasheet-section\">\n<div class=\"datasheet-section__headline heading-lined\">\u00dcr\u00fcn \u00f6zellikleri<\/div>\n<table class=\"datasheet-section__table datasheet-table\" aria-label=\"datasheet section table\">\n<tbody>\n<tr class=\"datasheet-table__row\">\n<th class=\"datasheet-table__label\">Elektriksel yap\u0131<\/th>\n<td class=\"datasheet-table__value\">PNP<\/td>\n<\/tr>\n<tr class=\"datasheet-table__row\">\n<th class=\"datasheet-table__label\">\u00c7\u0131k\u0131\u015f fonksiyonu<\/th>\n<td class=\"datasheet-table__value\">2 x OSSD (A1 ve A2)<\/td>\n<\/tr>\n<tr class=\"datasheet-table__row\">\n<th class=\"datasheet-table__label\">Etkin b\u00f6lge [mm]<\/th>\n<td class=\"datasheet-table__value\">1&#8230;5<\/td>\n<\/tr>\n<tr class=\"datasheet-table__row\">\n<th class=\"datasheet-table__label\">G\u00f6vde<\/th>\n<td class=\"datasheet-table__value\">Di\u015f yap\u0131s\u0131<\/td>\n<\/tr>\n<tr class=\"datasheet-table__row\">\n<th class=\"datasheet-table__label\">Boyutlar [mm]<\/th>\n<td class=\"datasheet-table__value\">M18 x 1 \/ L = 70<\/td>\n<\/tr>\n<\/tbody>\n<\/table>\n<\/div>\n<div class=\"datasheet-section\">\n<div class=\"datasheet-section__headline heading-lined\"><\/div>\n<\/div>\n<\/li>\n<\/ul>\n<\/div>\n","protected":false},"excerpt":{"rendered":"<p>\u0130nd\u00fcktif g\u00fcvenlik sens\u00f6r\u00fc GG712S\u00a0 \u00a0\u0130FM GIGA4005-2PS\/SIL2\/US Makine g\u00fcvenli\u011fi sa\u011flamak i\u00e7in A\u015fa\u011f\u0131daki standartlara g\u00f6re onay belgeli: EN 60947-5-3, IEC 61508 ve ISO 13849 Elektronik ar\u0131za emniyet sens\u00f6rleri i\u00e7in \u00f6zel akt\u00fcat\u00f6r gerektirmez G\u00fcvenlik PLC&#8217;si, g\u00fcvenli AS-i mod\u00fclleri veya g\u00fcvenli de\u011ferlendirme birimlerine ba\u011flant\u0131 \u00dcr\u00fcn \u00f6zellikleri Elektriksel yap\u0131 PNP \u00c7\u0131k\u0131\u015f fonksiyonu 2 x OSSD (A1 ve A2) Etkin b\u00f6lge&hellip;&nbsp;<a href=\"https:\/\/portalendustriyel.com.tr\/index.php\/urun\/gg712s\/\" rel=\"bookmark\">Daha fazlas\u0131n\u0131 oku &raquo;<span class=\"screen-reader-text\">GG712S<\/span><\/a><\/p>\n","protected":false},"featured_media":296,"comment_status":"open","ping_status":"closed","template":"","meta":{"neve_meta_sidebar":"","neve_meta_container":"","neve_meta_enable_content_width":"off","neve_meta_content_width":100,"neve_meta_title_alignment":"","neve_meta_author_avatar":"","neve_post_elements_order":"","neve_meta_disable_header":"","neve_meta_disable_footer":"","neve_meta_disable_title":""},"product_brand":[],"product_cat":[53],"product_tag":[23],"class_list":{"0":"post-295","1":"product","2":"type-product","3":"status-publish","4":"has-post-thumbnail","6":"product_cat-enduktif-sensorler","7":"product_tag-induktif-emniyet-sensoru","9":"first","10":"instock","11":"shipping-taxable","12":"product-type-simple"},"yoast_head":"<!-- This site is optimized with the Yoast SEO plugin v27.4 - https:\/\/yoast.com\/product\/yoast-seo-wordpress\/ -->\n<title>GG712S -<\/title>\n<meta name=\"description\" content=\"induktif guvenlik sensoru, ifm emniyet sens\u00f6r\u00fc, M18 emniyet sens\u00f6r\u00fc\" \/>\n<meta name=\"robots\" content=\"index, follow, max-snippet:-1, max-image-preview:large, max-video-preview:-1\" \/>\n<link rel=\"canonical\" href=\"https:\/\/portalendustriyel.com.tr\/index.php\/urun\/gg712s\/\" \/>\n<meta property=\"og:locale\" content=\"tr_TR\" \/>\n<meta property=\"og:type\" content=\"article\" \/>\n<meta property=\"og:title\" content=\"GG712S -\" \/>\n<meta property=\"og:description\" content=\"induktif guvenlik sensoru, ifm emniyet sens\u00f6r\u00fc, M18 emniyet sens\u00f6r\u00fc\" \/>\n<meta property=\"og:url\" content=\"https:\/\/portalendustriyel.com.tr\/index.php\/urun\/gg712s\/\" \/>\n<meta property=\"article:modified_time\" content=\"2024-02-09T20:17:54+00:00\" \/>\n<meta property=\"og:image\" content=\"https:\/\/portalendustriyel.com.tr\/wp-content\/uploads\/2024\/01\/GG712S.jpg\" \/>\n\t<meta property=\"og:image:width\" content=\"500\" \/>\n\t<meta property=\"og:image:height\" content=\"500\" \/>\n\t<meta property=\"og:image:type\" content=\"image\/jpeg\" \/>\n<meta name=\"twitter:card\" content=\"summary_large_image\" \/>\n<meta name=\"twitter:label1\" content=\"Tahmini okuma s\u00fcresi\" \/>\n\t<meta name=\"twitter:data1\" content=\"1 dakika\" \/>\n<script type=\"application\/ld+json\" class=\"yoast-schema-graph\">{\"@context\":\"https:\\\/\\\/schema.org\",\"@graph\":[{\"@type\":\"WebPage\",\"@id\":\"https:\\\/\\\/portalendustriyel.com.tr\\\/index.php\\\/urun\\\/gg712s\\\/\",\"url\":\"https:\\\/\\\/portalendustriyel.com.tr\\\/index.php\\\/urun\\\/gg712s\\\/\",\"name\":\"GG712S -\",\"isPartOf\":{\"@id\":\"https:\\\/\\\/portalendustriyel.com.tr\\\/#website\"},\"primaryImageOfPage\":{\"@id\":\"https:\\\/\\\/portalendustriyel.com.tr\\\/index.php\\\/urun\\\/gg712s\\\/#primaryimage\"},\"image\":{\"@id\":\"https:\\\/\\\/portalendustriyel.com.tr\\\/index.php\\\/urun\\\/gg712s\\\/#primaryimage\"},\"thumbnailUrl\":\"https:\\\/\\\/portalendustriyel.com.tr\\\/wp-content\\\/uploads\\\/2024\\\/01\\\/GG712S.jpg\",\"datePublished\":\"2024-01-05T17:15:13+00:00\",\"dateModified\":\"2024-02-09T20:17:54+00:00\",\"description\":\"induktif guvenlik sensoru, ifm emniyet sens\u00f6r\u00fc, M18 emniyet sens\u00f6r\u00fc\",\"breadcrumb\":{\"@id\":\"https:\\\/\\\/portalendustriyel.com.tr\\\/index.php\\\/urun\\\/gg712s\\\/#breadcrumb\"},\"inLanguage\":\"tr\",\"potentialAction\":[{\"@type\":\"ReadAction\",\"target\":[\"https:\\\/\\\/portalendustriyel.com.tr\\\/index.php\\\/urun\\\/gg712s\\\/\"]}]},{\"@type\":\"ImageObject\",\"inLanguage\":\"tr\",\"@id\":\"https:\\\/\\\/portalendustriyel.com.tr\\\/index.php\\\/urun\\\/gg712s\\\/#primaryimage\",\"url\":\"https:\\\/\\\/portalendustriyel.com.tr\\\/wp-content\\\/uploads\\\/2024\\\/01\\\/GG712S.jpg\",\"contentUrl\":\"https:\\\/\\\/portalendustriyel.com.tr\\\/wp-content\\\/uploads\\\/2024\\\/01\\\/GG712S.jpg\",\"width\":500,\"height\":500},{\"@type\":\"BreadcrumbList\",\"@id\":\"https:\\\/\\\/portalendustriyel.com.tr\\\/index.php\\\/urun\\\/gg712s\\\/#breadcrumb\",\"itemListElement\":[{\"@type\":\"ListItem\",\"position\":1,\"name\":\"Anasayfa\",\"item\":\"https:\\\/\\\/portalendustriyel.com.tr\\\/\"},{\"@type\":\"ListItem\",\"position\":2,\"name\":\"Ma\u011faza\",\"item\":\"https:\\\/\\\/portalendustriyel.com.tr\\\/index.php\\\/magaza\\\/\"},{\"@type\":\"ListItem\",\"position\":3,\"name\":\"GG712S\"}]},{\"@type\":\"WebSite\",\"@id\":\"https:\\\/\\\/portalendustriyel.com.tr\\\/#website\",\"url\":\"https:\\\/\\\/portalendustriyel.com.tr\\\/\",\"name\":\"www.portalendustriyel.com.tr\",\"description\":\"End&uuml;striyel &Ccedil;&ouml;z&uuml;m Orta\u011f\u0131n\u0131z\",\"publisher\":{\"@id\":\"https:\\\/\\\/portalendustriyel.com.tr\\\/#organization\"},\"potentialAction\":[{\"@type\":\"SearchAction\",\"target\":{\"@type\":\"EntryPoint\",\"urlTemplate\":\"https:\\\/\\\/portalendustriyel.com.tr\\\/?s={search_term_string}\"},\"query-input\":{\"@type\":\"PropertyValueSpecification\",\"valueRequired\":true,\"valueName\":\"search_term_string\"}}],\"inLanguage\":\"tr\"},{\"@type\":\"Organization\",\"@id\":\"https:\\\/\\\/portalendustriyel.com.tr\\\/#organization\",\"name\":\"Portal End\u00fcstriyel Sistemler San. ve Tic. Ltd. \u015eti\",\"url\":\"https:\\\/\\\/portalendustriyel.com.tr\\\/\",\"logo\":{\"@type\":\"ImageObject\",\"inLanguage\":\"tr\",\"@id\":\"https:\\\/\\\/portalendustriyel.com.tr\\\/#\\\/schema\\\/logo\\\/image\\\/\",\"url\":\"https:\\\/\\\/portalendustriyel.com.tr\\\/wp-content\\\/uploads\\\/2023\\\/10\\\/Portal-Logo.jpg\",\"contentUrl\":\"https:\\\/\\\/portalendustriyel.com.tr\\\/wp-content\\\/uploads\\\/2023\\\/10\\\/Portal-Logo.jpg\",\"width\":1277,\"height\":460,\"caption\":\"Portal End\u00fcstriyel Sistemler San. ve Tic. Ltd. \u015eti\"},\"image\":{\"@id\":\"https:\\\/\\\/portalendustriyel.com.tr\\\/#\\\/schema\\\/logo\\\/image\\\/\"},\"sameAs\":[\"https:\\\/\\\/www.linkedin.com\\\/company\\\/101302018\\\/admin\\\/feed\\\/posts\\\/\"]}]}<\/script>\n<!-- \/ Yoast SEO plugin. -->","yoast_head_json":{"title":"GG712S -","description":"induktif guvenlik sensoru, ifm emniyet sens\u00f6r\u00fc, M18 emniyet sens\u00f6r\u00fc","robots":{"index":"index","follow":"follow","max-snippet":"max-snippet:-1","max-image-preview":"max-image-preview:large","max-video-preview":"max-video-preview:-1"},"canonical":"https:\/\/portalendustriyel.com.tr\/index.php\/urun\/gg712s\/","og_locale":"tr_TR","og_type":"article","og_title":"GG712S -","og_description":"induktif guvenlik sensoru, ifm emniyet sens\u00f6r\u00fc, M18 emniyet sens\u00f6r\u00fc","og_url":"https:\/\/portalendustriyel.com.tr\/index.php\/urun\/gg712s\/","article_modified_time":"2024-02-09T20:17:54+00:00","og_image":[{"width":500,"height":500,"url":"https:\/\/portalendustriyel.com.tr\/wp-content\/uploads\/2024\/01\/GG712S.jpg","type":"image\/jpeg"}],"twitter_card":"summary_large_image","twitter_misc":{"Tahmini okuma s\u00fcresi":"1 dakika"},"schema":{"@context":"https:\/\/schema.org","@graph":[{"@type":"WebPage","@id":"https:\/\/portalendustriyel.com.tr\/index.php\/urun\/gg712s\/","url":"https:\/\/portalendustriyel.com.tr\/index.php\/urun\/gg712s\/","name":"GG712S -","isPartOf":{"@id":"https:\/\/portalendustriyel.com.tr\/#website"},"primaryImageOfPage":{"@id":"https:\/\/portalendustriyel.com.tr\/index.php\/urun\/gg712s\/#primaryimage"},"image":{"@id":"https:\/\/portalendustriyel.com.tr\/index.php\/urun\/gg712s\/#primaryimage"},"thumbnailUrl":"https:\/\/portalendustriyel.com.tr\/wp-content\/uploads\/2024\/01\/GG712S.jpg","datePublished":"2024-01-05T17:15:13+00:00","dateModified":"2024-02-09T20:17:54+00:00","description":"induktif guvenlik sensoru, ifm emniyet sens\u00f6r\u00fc, M18 emniyet sens\u00f6r\u00fc","breadcrumb":{"@id":"https:\/\/portalendustriyel.com.tr\/index.php\/urun\/gg712s\/#breadcrumb"},"inLanguage":"tr","potentialAction":[{"@type":"ReadAction","target":["https:\/\/portalendustriyel.com.tr\/index.php\/urun\/gg712s\/"]}]},{"@type":"ImageObject","inLanguage":"tr","@id":"https:\/\/portalendustriyel.com.tr\/index.php\/urun\/gg712s\/#primaryimage","url":"https:\/\/portalendustriyel.com.tr\/wp-content\/uploads\/2024\/01\/GG712S.jpg","contentUrl":"https:\/\/portalendustriyel.com.tr\/wp-content\/uploads\/2024\/01\/GG712S.jpg","width":500,"height":500},{"@type":"BreadcrumbList","@id":"https:\/\/portalendustriyel.com.tr\/index.php\/urun\/gg712s\/#breadcrumb","itemListElement":[{"@type":"ListItem","position":1,"name":"Anasayfa","item":"https:\/\/portalendustriyel.com.tr\/"},{"@type":"ListItem","position":2,"name":"Ma\u011faza","item":"https:\/\/portalendustriyel.com.tr\/index.php\/magaza\/"},{"@type":"ListItem","position":3,"name":"GG712S"}]},{"@type":"WebSite","@id":"https:\/\/portalendustriyel.com.tr\/#website","url":"https:\/\/portalendustriyel.com.tr\/","name":"www.portalendustriyel.com.tr","description":"End&uuml;striyel &Ccedil;&ouml;z&uuml;m Orta\u011f\u0131n\u0131z","publisher":{"@id":"https:\/\/portalendustriyel.com.tr\/#organization"},"potentialAction":[{"@type":"SearchAction","target":{"@type":"EntryPoint","urlTemplate":"https:\/\/portalendustriyel.com.tr\/?s={search_term_string}"},"query-input":{"@type":"PropertyValueSpecification","valueRequired":true,"valueName":"search_term_string"}}],"inLanguage":"tr"},{"@type":"Organization","@id":"https:\/\/portalendustriyel.com.tr\/#organization","name":"Portal End\u00fcstriyel Sistemler San. ve Tic. Ltd. \u015eti","url":"https:\/\/portalendustriyel.com.tr\/","logo":{"@type":"ImageObject","inLanguage":"tr","@id":"https:\/\/portalendustriyel.com.tr\/#\/schema\/logo\/image\/","url":"https:\/\/portalendustriyel.com.tr\/wp-content\/uploads\/2023\/10\/Portal-Logo.jpg","contentUrl":"https:\/\/portalendustriyel.com.tr\/wp-content\/uploads\/2023\/10\/Portal-Logo.jpg","width":1277,"height":460,"caption":"Portal End\u00fcstriyel Sistemler San. ve Tic. Ltd. \u015eti"},"image":{"@id":"https:\/\/portalendustriyel.com.tr\/#\/schema\/logo\/image\/"},"sameAs":["https:\/\/www.linkedin.com\/company\/101302018\/admin\/feed\/posts\/"]}]}},"_links":{"self":[{"href":"https:\/\/portalendustriyel.com.tr\/index.php\/wp-json\/wp\/v2\/product\/295","targetHints":{"allow":["GET"]}}],"collection":[{"href":"https:\/\/portalendustriyel.com.tr\/index.php\/wp-json\/wp\/v2\/product"}],"about":[{"href":"https:\/\/portalendustriyel.com.tr\/index.php\/wp-json\/wp\/v2\/types\/product"}],"replies":[{"embeddable":true,"href":"https:\/\/portalendustriyel.com.tr\/index.php\/wp-json\/wp\/v2\/comments?post=295"}],"wp:featuredmedia":[{"embeddable":true,"href":"https:\/\/portalendustriyel.com.tr\/index.php\/wp-json\/wp\/v2\/media\/296"}],"wp:attachment":[{"href":"https:\/\/portalendustriyel.com.tr\/index.php\/wp-json\/wp\/v2\/media?parent=295"}],"wp:term":[{"taxonomy":"product_brand","embeddable":true,"href":"https:\/\/portalendustriyel.com.tr\/index.php\/wp-json\/wp\/v2\/product_brand?post=295"},{"taxonomy":"product_cat","embeddable":true,"href":"https:\/\/portalendustriyel.com.tr\/index.php\/wp-json\/wp\/v2\/product_cat?post=295"},{"taxonomy":"product_tag","embeddable":true,"href":"https:\/\/portalendustriyel.com.tr\/index.php\/wp-json\/wp\/v2\/product_tag?post=295"}],"curies":[{"name":"wp","href":"https:\/\/api.w.org\/{rel}","templated":true}]}}