{"id":3040,"date":"2024-10-06T19:27:03","date_gmt":"2024-10-06T19:27:03","guid":{"rendered":"https:\/\/portalendustriyel.com.tr\/?post_type=product&#038;p=3040"},"modified":"2024-10-06T19:35:06","modified_gmt":"2024-10-06T19:35:06","slug":"cpc-al-xx-sivi-ve-toza-karsi-kablo-koruma-kilifi","status":"publish","type":"product","link":"https:\/\/portalendustriyel.com.tr\/index.php\/urun\/cpc-al-xx-sivi-ve-toza-karsi-kablo-koruma-kilifi\/","title":{"rendered":"CPC-AL\/XX S\u0131v\u0131 ve Toza Kar\u015f\u0131 Kablo Koruma K\u0131l\u0131flar\u0131"},"content":{"rendered":"<p>CPC-AL\/XX S\u0131v\u0131 ve Toza Kar\u015f\u0131 Kablo Koruma K\u0131l\u0131flar\u0131<\/p>\n<ul>\n<li>S\u0131v\u0131 S\u0131\u00e7rama Ortamlar\u0131nda Testlere Tabi Tutulmu\u015f \u00d6zel Membranl\u0131 Kuma\u015f<\/li>\n<li>\u00c7al\u0131\u015fma S\u0131cakl\u0131\u011f\u0131 -51\u00b0C to 90\u00b0C<\/li>\n<li>C\u0131rt C\u0131rtl\u0131 Kapama Sayesinde \u0130stenen \u00c7aplarda Kullan\u0131m<\/li>\n<li>Delinme ve Y\u0131rt\u0131lmaya Dayan\u0131kl\u0131<\/li>\n<li>Membranl\u0131 Y\u00fczeyi S\u0131v\u0131 S\u0131\u00e7ramalar\u0131 ve Toza Kar\u015f\u0131 Koruyucu \u00d6zellik G\u00f6sterir<\/li>\n<li>Su Tutmayan Y\u00fczeye Sahiptir<\/li>\n<\/ul>\n<p>&nbsp;<\/p>\n","protected":false},"excerpt":{"rendered":"<p>CPC-AL\/XX S\u0131v\u0131 ve Toza Kar\u015f\u0131 Kablo Koruma K\u0131l\u0131flar\u0131 S\u0131v\u0131 S\u0131\u00e7rama Ortamlar\u0131nda Testlere Tabi Tutulmu\u015f \u00d6zel Membranl\u0131 Kuma\u015f \u00c7al\u0131\u015fma S\u0131cakl\u0131\u011f\u0131 -51\u00b0C to 90\u00b0C C\u0131rt C\u0131rtl\u0131 Kapama Sayesinde \u0130stenen \u00c7aplarda Kullan\u0131m Delinme ve Y\u0131rt\u0131lmaya Dayan\u0131kl\u0131 Membranl\u0131 Y\u00fczeyi S\u0131v\u0131 S\u0131\u00e7ramalar\u0131 ve Toza Kar\u015f\u0131 Koruyucu \u00d6zellik G\u00f6sterir Su Tutmayan Y\u00fczeye Sahiptir &nbsp;<\/p>\n","protected":false},"featured_media":2976,"comment_status":"open","ping_status":"closed","template":"","meta":{"neve_meta_sidebar":"","neve_meta_container":"full-width","neve_meta_enable_content_width":"off","neve_meta_content_width":100,"neve_meta_title_alignment":"","neve_meta_author_avatar":"","neve_post_elements_order":"","neve_meta_disable_header":"","neve_meta_disable_footer":"","neve_meta_disable_title":""},"product_brand":[],"product_cat":[949],"product_tag":[951,950],"class_list":{"0":"post-3040","1":"product","2":"type-product","3":"status-publish","4":"has-post-thumbnail","6":"product_cat-sivi-ve-toza-karsi-kablo-koruma-kiliflari","7":"product_tag-membran-kapli-kablo-koruma-kilifi","8":"product_tag-sivi-sicramalari-icin-kablo-koruma-kilifi","10":"first","11":"instock","12":"shipping-taxable","13":"product-type-simple"},"yoast_head":"<!-- This site is optimized with the Yoast SEO plugin v27.4 - https:\/\/yoast.com\/product\/yoast-seo-wordpress\/ -->\n<title>CPC-AL\/XX S\u0131v\u0131 ve Toza Kar\u015f\u0131 Kablo Koruma K\u0131l\u0131flar\u0131 -<\/title>\n<meta name=\"description\" content=\"s\u0131v\u0131 s\u0131\u00e7ramalar\u0131na kar\u015f\u0131 membranl\u0131 kablo koruma k\u0131l\u0131f\u0131, suya kar\u015f\u0131 \u00f6nleyici kablo koruma k\u0131l\u0131f\u0131, toz etkisinden koruyan c\u0131rt c\u0131rtl\u0131 kablo koruma k\u0131l\u0131f\u0131\" \/>\n<meta name=\"robots\" content=\"index, follow, max-snippet:-1, max-image-preview:large, max-video-preview:-1\" \/>\n<link rel=\"canonical\" href=\"https:\/\/portalendustriyel.com.tr\/index.php\/urun\/cpc-al-xx-sivi-ve-toza-karsi-kablo-koruma-kilifi\/\" \/>\n<meta property=\"og:locale\" content=\"tr_TR\" \/>\n<meta property=\"og:type\" content=\"article\" \/>\n<meta property=\"og:title\" content=\"CPC-AL\/XX S\u0131v\u0131 ve Toza Kar\u015f\u0131 Kablo Koruma K\u0131l\u0131flar\u0131 -\" \/>\n<meta property=\"og:description\" content=\"s\u0131v\u0131 s\u0131\u00e7ramalar\u0131na kar\u015f\u0131 membranl\u0131 kablo koruma k\u0131l\u0131f\u0131, suya kar\u015f\u0131 \u00f6nleyici kablo koruma k\u0131l\u0131f\u0131, toz etkisinden koruyan c\u0131rt c\u0131rtl\u0131 kablo koruma k\u0131l\u0131f\u0131\" \/>\n<meta property=\"og:url\" content=\"https:\/\/portalendustriyel.com.tr\/index.php\/urun\/cpc-al-xx-sivi-ve-toza-karsi-kablo-koruma-kilifi\/\" \/>\n<meta property=\"article:modified_time\" content=\"2024-10-06T19:35:06+00:00\" \/>\n<meta property=\"og:image\" content=\"https:\/\/portalendustriyel.com.tr\/wp-content\/uploads\/2024\/10\/Toz-ve-Siviya-Karsi-Kablo-Koruma-Kiliflari.jpg\" \/>\n\t<meta property=\"og:image:width\" content=\"500\" \/>\n\t<meta property=\"og:image:height\" content=\"500\" \/>\n\t<meta property=\"og:image:type\" content=\"image\/jpeg\" \/>\n<meta name=\"twitter:card\" content=\"summary_large_image\" \/>\n<meta name=\"twitter:label1\" content=\"Tahmini okuma s\u00fcresi\" \/>\n\t<meta name=\"twitter:data1\" content=\"1 dakika\" \/>\n<script type=\"application\/ld+json\" class=\"yoast-schema-graph\">{\"@context\":\"https:\\\/\\\/schema.org\",\"@graph\":[{\"@type\":\"WebPage\",\"@id\":\"https:\\\/\\\/portalendustriyel.com.tr\\\/index.php\\\/urun\\\/cpc-al-xx-sivi-ve-toza-karsi-kablo-koruma-kilifi\\\/\",\"url\":\"https:\\\/\\\/portalendustriyel.com.tr\\\/index.php\\\/urun\\\/cpc-al-xx-sivi-ve-toza-karsi-kablo-koruma-kilifi\\\/\",\"name\":\"CPC-AL\\\/XX S\u0131v\u0131 ve Toza Kar\u015f\u0131 Kablo Koruma K\u0131l\u0131flar\u0131 -\",\"isPartOf\":{\"@id\":\"https:\\\/\\\/portalendustriyel.com.tr\\\/#website\"},\"primaryImageOfPage\":{\"@id\":\"https:\\\/\\\/portalendustriyel.com.tr\\\/index.php\\\/urun\\\/cpc-al-xx-sivi-ve-toza-karsi-kablo-koruma-kilifi\\\/#primaryimage\"},\"image\":{\"@id\":\"https:\\\/\\\/portalendustriyel.com.tr\\\/index.php\\\/urun\\\/cpc-al-xx-sivi-ve-toza-karsi-kablo-koruma-kilifi\\\/#primaryimage\"},\"thumbnailUrl\":\"https:\\\/\\\/portalendustriyel.com.tr\\\/wp-content\\\/uploads\\\/2024\\\/10\\\/Toz-ve-Siviya-Karsi-Kablo-Koruma-Kiliflari.jpg\",\"datePublished\":\"2024-10-06T19:27:03+00:00\",\"dateModified\":\"2024-10-06T19:35:06+00:00\",\"description\":\"s\u0131v\u0131 s\u0131\u00e7ramalar\u0131na kar\u015f\u0131 membranl\u0131 kablo koruma k\u0131l\u0131f\u0131, suya kar\u015f\u0131 \u00f6nleyici kablo koruma k\u0131l\u0131f\u0131, toz etkisinden koruyan c\u0131rt c\u0131rtl\u0131 kablo koruma k\u0131l\u0131f\u0131\",\"breadcrumb\":{\"@id\":\"https:\\\/\\\/portalendustriyel.com.tr\\\/index.php\\\/urun\\\/cpc-al-xx-sivi-ve-toza-karsi-kablo-koruma-kilifi\\\/#breadcrumb\"},\"inLanguage\":\"tr\",\"potentialAction\":[{\"@type\":\"ReadAction\",\"target\":[\"https:\\\/\\\/portalendustriyel.com.tr\\\/index.php\\\/urun\\\/cpc-al-xx-sivi-ve-toza-karsi-kablo-koruma-kilifi\\\/\"]}]},{\"@type\":\"ImageObject\",\"inLanguage\":\"tr\",\"@id\":\"https:\\\/\\\/portalendustriyel.com.tr\\\/index.php\\\/urun\\\/cpc-al-xx-sivi-ve-toza-karsi-kablo-koruma-kilifi\\\/#primaryimage\",\"url\":\"https:\\\/\\\/portalendustriyel.com.tr\\\/wp-content\\\/uploads\\\/2024\\\/10\\\/Toz-ve-Siviya-Karsi-Kablo-Koruma-Kiliflari.jpg\",\"contentUrl\":\"https:\\\/\\\/portalendustriyel.com.tr\\\/wp-content\\\/uploads\\\/2024\\\/10\\\/Toz-ve-Siviya-Karsi-Kablo-Koruma-Kiliflari.jpg\",\"width\":500,\"height\":500},{\"@type\":\"BreadcrumbList\",\"@id\":\"https:\\\/\\\/portalendustriyel.com.tr\\\/index.php\\\/urun\\\/cpc-al-xx-sivi-ve-toza-karsi-kablo-koruma-kilifi\\\/#breadcrumb\",\"itemListElement\":[{\"@type\":\"ListItem\",\"position\":1,\"name\":\"Anasayfa\",\"item\":\"https:\\\/\\\/portalendustriyel.com.tr\\\/\"},{\"@type\":\"ListItem\",\"position\":2,\"name\":\"Ma\u011faza\",\"item\":\"https:\\\/\\\/portalendustriyel.com.tr\\\/index.php\\\/magaza\\\/\"},{\"@type\":\"ListItem\",\"position\":3,\"name\":\"CPC-AL\\\/XX S\u0131v\u0131 ve Toza Kar\u015f\u0131 Kablo Koruma K\u0131l\u0131flar\u0131\"}]},{\"@type\":\"WebSite\",\"@id\":\"https:\\\/\\\/portalendustriyel.com.tr\\\/#website\",\"url\":\"https:\\\/\\\/portalendustriyel.com.tr\\\/\",\"name\":\"www.portalendustriyel.com.tr\",\"description\":\"End&uuml;striyel &Ccedil;&ouml;z&uuml;m Orta\u011f\u0131n\u0131z\",\"publisher\":{\"@id\":\"https:\\\/\\\/portalendustriyel.com.tr\\\/#organization\"},\"potentialAction\":[{\"@type\":\"SearchAction\",\"target\":{\"@type\":\"EntryPoint\",\"urlTemplate\":\"https:\\\/\\\/portalendustriyel.com.tr\\\/?s={search_term_string}\"},\"query-input\":{\"@type\":\"PropertyValueSpecification\",\"valueRequired\":true,\"valueName\":\"search_term_string\"}}],\"inLanguage\":\"tr\"},{\"@type\":\"Organization\",\"@id\":\"https:\\\/\\\/portalendustriyel.com.tr\\\/#organization\",\"name\":\"Portal End\u00fcstriyel Sistemler San. ve Tic. Ltd. \u015eti\",\"url\":\"https:\\\/\\\/portalendustriyel.com.tr\\\/\",\"logo\":{\"@type\":\"ImageObject\",\"inLanguage\":\"tr\",\"@id\":\"https:\\\/\\\/portalendustriyel.com.tr\\\/#\\\/schema\\\/logo\\\/image\\\/\",\"url\":\"https:\\\/\\\/portalendustriyel.com.tr\\\/wp-content\\\/uploads\\\/2023\\\/10\\\/Portal-Logo.jpg\",\"contentUrl\":\"https:\\\/\\\/portalendustriyel.com.tr\\\/wp-content\\\/uploads\\\/2023\\\/10\\\/Portal-Logo.jpg\",\"width\":1277,\"height\":460,\"caption\":\"Portal End\u00fcstriyel Sistemler San. ve Tic. Ltd. \u015eti\"},\"image\":{\"@id\":\"https:\\\/\\\/portalendustriyel.com.tr\\\/#\\\/schema\\\/logo\\\/image\\\/\"},\"sameAs\":[\"https:\\\/\\\/www.linkedin.com\\\/company\\\/101302018\\\/admin\\\/feed\\\/posts\\\/\"]}]}<\/script>\n<!-- \/ Yoast SEO plugin. -->","yoast_head_json":{"title":"CPC-AL\/XX S\u0131v\u0131 ve Toza Kar\u015f\u0131 Kablo Koruma K\u0131l\u0131flar\u0131 -","description":"s\u0131v\u0131 s\u0131\u00e7ramalar\u0131na kar\u015f\u0131 membranl\u0131 kablo koruma k\u0131l\u0131f\u0131, suya kar\u015f\u0131 \u00f6nleyici kablo koruma k\u0131l\u0131f\u0131, toz etkisinden koruyan c\u0131rt c\u0131rtl\u0131 kablo koruma k\u0131l\u0131f\u0131","robots":{"index":"index","follow":"follow","max-snippet":"max-snippet:-1","max-image-preview":"max-image-preview:large","max-video-preview":"max-video-preview:-1"},"canonical":"https:\/\/portalendustriyel.com.tr\/index.php\/urun\/cpc-al-xx-sivi-ve-toza-karsi-kablo-koruma-kilifi\/","og_locale":"tr_TR","og_type":"article","og_title":"CPC-AL\/XX S\u0131v\u0131 ve Toza Kar\u015f\u0131 Kablo Koruma K\u0131l\u0131flar\u0131 -","og_description":"s\u0131v\u0131 s\u0131\u00e7ramalar\u0131na kar\u015f\u0131 membranl\u0131 kablo koruma k\u0131l\u0131f\u0131, suya kar\u015f\u0131 \u00f6nleyici kablo koruma k\u0131l\u0131f\u0131, toz etkisinden koruyan c\u0131rt c\u0131rtl\u0131 kablo koruma k\u0131l\u0131f\u0131","og_url":"https:\/\/portalendustriyel.com.tr\/index.php\/urun\/cpc-al-xx-sivi-ve-toza-karsi-kablo-koruma-kilifi\/","article_modified_time":"2024-10-06T19:35:06+00:00","og_image":[{"width":500,"height":500,"url":"https:\/\/portalendustriyel.com.tr\/wp-content\/uploads\/2024\/10\/Toz-ve-Siviya-Karsi-Kablo-Koruma-Kiliflari.jpg","type":"image\/jpeg"}],"twitter_card":"summary_large_image","twitter_misc":{"Tahmini okuma s\u00fcresi":"1 dakika"},"schema":{"@context":"https:\/\/schema.org","@graph":[{"@type":"WebPage","@id":"https:\/\/portalendustriyel.com.tr\/index.php\/urun\/cpc-al-xx-sivi-ve-toza-karsi-kablo-koruma-kilifi\/","url":"https:\/\/portalendustriyel.com.tr\/index.php\/urun\/cpc-al-xx-sivi-ve-toza-karsi-kablo-koruma-kilifi\/","name":"CPC-AL\/XX S\u0131v\u0131 ve Toza Kar\u015f\u0131 Kablo Koruma K\u0131l\u0131flar\u0131 -","isPartOf":{"@id":"https:\/\/portalendustriyel.com.tr\/#website"},"primaryImageOfPage":{"@id":"https:\/\/portalendustriyel.com.tr\/index.php\/urun\/cpc-al-xx-sivi-ve-toza-karsi-kablo-koruma-kilifi\/#primaryimage"},"image":{"@id":"https:\/\/portalendustriyel.com.tr\/index.php\/urun\/cpc-al-xx-sivi-ve-toza-karsi-kablo-koruma-kilifi\/#primaryimage"},"thumbnailUrl":"https:\/\/portalendustriyel.com.tr\/wp-content\/uploads\/2024\/10\/Toz-ve-Siviya-Karsi-Kablo-Koruma-Kiliflari.jpg","datePublished":"2024-10-06T19:27:03+00:00","dateModified":"2024-10-06T19:35:06+00:00","description":"s\u0131v\u0131 s\u0131\u00e7ramalar\u0131na kar\u015f\u0131 membranl\u0131 kablo koruma k\u0131l\u0131f\u0131, suya kar\u015f\u0131 \u00f6nleyici kablo koruma k\u0131l\u0131f\u0131, toz etkisinden koruyan c\u0131rt c\u0131rtl\u0131 kablo koruma k\u0131l\u0131f\u0131","breadcrumb":{"@id":"https:\/\/portalendustriyel.com.tr\/index.php\/urun\/cpc-al-xx-sivi-ve-toza-karsi-kablo-koruma-kilifi\/#breadcrumb"},"inLanguage":"tr","potentialAction":[{"@type":"ReadAction","target":["https:\/\/portalendustriyel.com.tr\/index.php\/urun\/cpc-al-xx-sivi-ve-toza-karsi-kablo-koruma-kilifi\/"]}]},{"@type":"ImageObject","inLanguage":"tr","@id":"https:\/\/portalendustriyel.com.tr\/index.php\/urun\/cpc-al-xx-sivi-ve-toza-karsi-kablo-koruma-kilifi\/#primaryimage","url":"https:\/\/portalendustriyel.com.tr\/wp-content\/uploads\/2024\/10\/Toz-ve-Siviya-Karsi-Kablo-Koruma-Kiliflari.jpg","contentUrl":"https:\/\/portalendustriyel.com.tr\/wp-content\/uploads\/2024\/10\/Toz-ve-Siviya-Karsi-Kablo-Koruma-Kiliflari.jpg","width":500,"height":500},{"@type":"BreadcrumbList","@id":"https:\/\/portalendustriyel.com.tr\/index.php\/urun\/cpc-al-xx-sivi-ve-toza-karsi-kablo-koruma-kilifi\/#breadcrumb","itemListElement":[{"@type":"ListItem","position":1,"name":"Anasayfa","item":"https:\/\/portalendustriyel.com.tr\/"},{"@type":"ListItem","position":2,"name":"Ma\u011faza","item":"https:\/\/portalendustriyel.com.tr\/index.php\/magaza\/"},{"@type":"ListItem","position":3,"name":"CPC-AL\/XX S\u0131v\u0131 ve Toza Kar\u015f\u0131 Kablo Koruma K\u0131l\u0131flar\u0131"}]},{"@type":"WebSite","@id":"https:\/\/portalendustriyel.com.tr\/#website","url":"https:\/\/portalendustriyel.com.tr\/","name":"www.portalendustriyel.com.tr","description":"End&uuml;striyel &Ccedil;&ouml;z&uuml;m Orta\u011f\u0131n\u0131z","publisher":{"@id":"https:\/\/portalendustriyel.com.tr\/#organization"},"potentialAction":[{"@type":"SearchAction","target":{"@type":"EntryPoint","urlTemplate":"https:\/\/portalendustriyel.com.tr\/?s={search_term_string}"},"query-input":{"@type":"PropertyValueSpecification","valueRequired":true,"valueName":"search_term_string"}}],"inLanguage":"tr"},{"@type":"Organization","@id":"https:\/\/portalendustriyel.com.tr\/#organization","name":"Portal End\u00fcstriyel Sistemler San. ve Tic. Ltd. \u015eti","url":"https:\/\/portalendustriyel.com.tr\/","logo":{"@type":"ImageObject","inLanguage":"tr","@id":"https:\/\/portalendustriyel.com.tr\/#\/schema\/logo\/image\/","url":"https:\/\/portalendustriyel.com.tr\/wp-content\/uploads\/2023\/10\/Portal-Logo.jpg","contentUrl":"https:\/\/portalendustriyel.com.tr\/wp-content\/uploads\/2023\/10\/Portal-Logo.jpg","width":1277,"height":460,"caption":"Portal End\u00fcstriyel Sistemler San. ve Tic. Ltd. \u015eti"},"image":{"@id":"https:\/\/portalendustriyel.com.tr\/#\/schema\/logo\/image\/"},"sameAs":["https:\/\/www.linkedin.com\/company\/101302018\/admin\/feed\/posts\/"]}]}},"_links":{"self":[{"href":"https:\/\/portalendustriyel.com.tr\/index.php\/wp-json\/wp\/v2\/product\/3040","targetHints":{"allow":["GET"]}}],"collection":[{"href":"https:\/\/portalendustriyel.com.tr\/index.php\/wp-json\/wp\/v2\/product"}],"about":[{"href":"https:\/\/portalendustriyel.com.tr\/index.php\/wp-json\/wp\/v2\/types\/product"}],"replies":[{"embeddable":true,"href":"https:\/\/portalendustriyel.com.tr\/index.php\/wp-json\/wp\/v2\/comments?post=3040"}],"wp:featuredmedia":[{"embeddable":true,"href":"https:\/\/portalendustriyel.com.tr\/index.php\/wp-json\/wp\/v2\/media\/2976"}],"wp:attachment":[{"href":"https:\/\/portalendustriyel.com.tr\/index.php\/wp-json\/wp\/v2\/media?parent=3040"}],"wp:term":[{"taxonomy":"product_brand","embeddable":true,"href":"https:\/\/portalendustriyel.com.tr\/index.php\/wp-json\/wp\/v2\/product_brand?post=3040"},{"taxonomy":"product_cat","embeddable":true,"href":"https:\/\/portalendustriyel.com.tr\/index.php\/wp-json\/wp\/v2\/product_cat?post=3040"},{"taxonomy":"product_tag","embeddable":true,"href":"https:\/\/portalendustriyel.com.tr\/index.php\/wp-json\/wp\/v2\/product_tag?post=3040"}],"curies":[{"name":"wp","href":"https:\/\/api.w.org\/{rel}","templated":true}]}}