{"id":3720,"date":"2024-10-17T17:59:29","date_gmt":"2024-10-17T17:59:29","guid":{"rendered":"https:\/\/portalendustriyel.com.tr\/?post_type=product&#038;p=3720"},"modified":"2024-10-17T18:01:09","modified_gmt":"2024-10-17T18:01:09","slug":"yaskawa-gp35l-robot-koruma-kilifi","status":"publish","type":"product","link":"https:\/\/portalendustriyel.com.tr\/index.php\/urun\/yaskawa-gp35l-robot-koruma-kilifi\/","title":{"rendered":"Yaskawa GP35L Robot Koruma K\u0131l\u0131f\u0131"},"content":{"rendered":"<p>Yaskawa GP35L i\u00e7in Robot Koruma K\u0131l\u0131f\u0131<\/p>\n<p>Yaskawa GP35L i\u00e7in D\u00f6k\u00fcm, Kaynak, Boya, Toz ve Nem Koruma robot k\u0131l\u0131flar\u0131<\/p>\n<p>Robotunuzu boya, p\u00fcsk\u00fcrtme, nem, s\u0131v\u0131 ve her t\u00fcrl\u00fc d\u0131\u015f etkenden koruman\u0131n en etkili yolu.<\/p>\n<p><a href=\"https:\/\/portalendustriyel.com.tr\/wp-content\/uploads\/2024\/10\/ROBOT-OLCULENDIRME.pdf\" target=\"_blank\" rel=\"noopener\"><strong>Ke\u015fif Formu<\/strong><\/a><\/p>\n","protected":false},"excerpt":{"rendered":"<p>Yaskawa GP35L i\u00e7in Robot Koruma K\u0131l\u0131f\u0131 Yaskawa GP35L i\u00e7in D\u00f6k\u00fcm, Kaynak, Boya, Toz ve Nem Koruma robot k\u0131l\u0131flar\u0131 Robotunuzu boya, p\u00fcsk\u00fcrtme, nem, s\u0131v\u0131 ve her t\u00fcrl\u00fc d\u0131\u015f etkenden koruman\u0131n en etkili yolu. Ke\u015fif Formu<\/p>\n","protected":false},"featured_media":3721,"comment_status":"open","ping_status":"closed","template":"","meta":{"neve_meta_sidebar":"","neve_meta_container":"full-width","neve_meta_enable_content_width":"off","neve_meta_content_width":100,"neve_meta_title_alignment":"","neve_meta_author_avatar":"","neve_post_elements_order":"","neve_meta_disable_header":"","neve_meta_disable_footer":"","neve_meta_disable_title":""},"product_brand":[],"product_cat":[1444],"product_tag":[1500,1501,1445],"class_list":{"0":"post-3720","1":"product","2":"type-product","3":"status-publish","4":"has-post-thumbnail","6":"product_cat-yaskawa-robot-koruma-kiliflari","7":"product_tag-robot-protective-cover-for-yaskawa-gp35l","8":"product_tag-yaskawa-gp35l-icin-robot-koruma-kilifi","9":"product_tag-yaskawa-icin-robot-koruma-kiliflari","11":"first","12":"instock","13":"shipping-taxable","14":"product-type-simple"},"yoast_head":"<!-- This site is optimized with the Yoast SEO plugin v27.5 - https:\/\/yoast.com\/product\/yoast-seo-wordpress\/ -->\n<title>Yaskawa GP35L Robot Koruma K\u0131l\u0131f\u0131 -<\/title>\n<meta name=\"description\" content=\"Yaskawa GP35L i\u00e7in robot koruma k\u0131l\u0131f\u0131, yaskawa robot i\u00e7in boya ve s\u0131cak malzeme s\u0131\u00e7ramas\u0131ndan koruyan k\u0131l\u0131f, kuka kaynak robot koruma k\u0131l\u0131f\u0131\" \/>\n<meta name=\"robots\" content=\"index, follow, max-snippet:-1, max-image-preview:large, max-video-preview:-1\" \/>\n<link rel=\"canonical\" href=\"https:\/\/portalendustriyel.com.tr\/index.php\/urun\/yaskawa-gp35l-robot-koruma-kilifi\/\" \/>\n<meta property=\"og:locale\" content=\"tr_TR\" \/>\n<meta property=\"og:type\" content=\"article\" \/>\n<meta property=\"og:title\" content=\"Yaskawa GP35L Robot Koruma K\u0131l\u0131f\u0131 -\" \/>\n<meta property=\"og:description\" content=\"Yaskawa GP35L i\u00e7in robot koruma k\u0131l\u0131f\u0131, yaskawa robot i\u00e7in boya ve s\u0131cak malzeme s\u0131\u00e7ramas\u0131ndan koruyan k\u0131l\u0131f, kuka kaynak robot koruma k\u0131l\u0131f\u0131\" \/>\n<meta property=\"og:url\" content=\"https:\/\/portalendustriyel.com.tr\/index.php\/urun\/yaskawa-gp35l-robot-koruma-kilifi\/\" \/>\n<meta property=\"article:modified_time\" content=\"2024-10-17T18:01:09+00:00\" \/>\n<meta property=\"og:image\" content=\"https:\/\/portalendustriyel.com.tr\/wp-content\/uploads\/2024\/10\/GP35L.jpg\" \/>\n\t<meta property=\"og:image:width\" content=\"500\" \/>\n\t<meta property=\"og:image:height\" content=\"500\" \/>\n\t<meta property=\"og:image:type\" content=\"image\/jpeg\" \/>\n<meta name=\"twitter:card\" content=\"summary_large_image\" \/>\n<meta name=\"twitter:label1\" content=\"Tahmini okuma s\u00fcresi\" \/>\n\t<meta name=\"twitter:data1\" content=\"1 dakika\" \/>\n<script type=\"application\/ld+json\" class=\"yoast-schema-graph\">{\"@context\":\"https:\\\/\\\/schema.org\",\"@graph\":[{\"@type\":\"WebPage\",\"@id\":\"https:\\\/\\\/portalendustriyel.com.tr\\\/index.php\\\/urun\\\/yaskawa-gp35l-robot-koruma-kilifi\\\/\",\"url\":\"https:\\\/\\\/portalendustriyel.com.tr\\\/index.php\\\/urun\\\/yaskawa-gp35l-robot-koruma-kilifi\\\/\",\"name\":\"Yaskawa GP35L Robot Koruma K\u0131l\u0131f\u0131 -\",\"isPartOf\":{\"@id\":\"https:\\\/\\\/portalendustriyel.com.tr\\\/#website\"},\"primaryImageOfPage\":{\"@id\":\"https:\\\/\\\/portalendustriyel.com.tr\\\/index.php\\\/urun\\\/yaskawa-gp35l-robot-koruma-kilifi\\\/#primaryimage\"},\"image\":{\"@id\":\"https:\\\/\\\/portalendustriyel.com.tr\\\/index.php\\\/urun\\\/yaskawa-gp35l-robot-koruma-kilifi\\\/#primaryimage\"},\"thumbnailUrl\":\"https:\\\/\\\/portalendustriyel.com.tr\\\/wp-content\\\/uploads\\\/2024\\\/10\\\/GP35L.jpg\",\"datePublished\":\"2024-10-17T17:59:29+00:00\",\"dateModified\":\"2024-10-17T18:01:09+00:00\",\"description\":\"Yaskawa GP35L i\u00e7in robot koruma k\u0131l\u0131f\u0131, yaskawa robot i\u00e7in boya ve s\u0131cak malzeme s\u0131\u00e7ramas\u0131ndan koruyan k\u0131l\u0131f, kuka kaynak robot koruma k\u0131l\u0131f\u0131\",\"breadcrumb\":{\"@id\":\"https:\\\/\\\/portalendustriyel.com.tr\\\/index.php\\\/urun\\\/yaskawa-gp35l-robot-koruma-kilifi\\\/#breadcrumb\"},\"inLanguage\":\"tr\",\"potentialAction\":[{\"@type\":\"ReadAction\",\"target\":[\"https:\\\/\\\/portalendustriyel.com.tr\\\/index.php\\\/urun\\\/yaskawa-gp35l-robot-koruma-kilifi\\\/\"]}]},{\"@type\":\"ImageObject\",\"inLanguage\":\"tr\",\"@id\":\"https:\\\/\\\/portalendustriyel.com.tr\\\/index.php\\\/urun\\\/yaskawa-gp35l-robot-koruma-kilifi\\\/#primaryimage\",\"url\":\"https:\\\/\\\/portalendustriyel.com.tr\\\/wp-content\\\/uploads\\\/2024\\\/10\\\/GP35L.jpg\",\"contentUrl\":\"https:\\\/\\\/portalendustriyel.com.tr\\\/wp-content\\\/uploads\\\/2024\\\/10\\\/GP35L.jpg\",\"width\":500,\"height\":500},{\"@type\":\"BreadcrumbList\",\"@id\":\"https:\\\/\\\/portalendustriyel.com.tr\\\/index.php\\\/urun\\\/yaskawa-gp35l-robot-koruma-kilifi\\\/#breadcrumb\",\"itemListElement\":[{\"@type\":\"ListItem\",\"position\":1,\"name\":\"Anasayfa\",\"item\":\"https:\\\/\\\/portalendustriyel.com.tr\\\/\"},{\"@type\":\"ListItem\",\"position\":2,\"name\":\"Ma\u011faza\",\"item\":\"https:\\\/\\\/portalendustriyel.com.tr\\\/index.php\\\/magaza\\\/\"},{\"@type\":\"ListItem\",\"position\":3,\"name\":\"Yaskawa GP35L Robot Koruma K\u0131l\u0131f\u0131\"}]},{\"@type\":\"WebSite\",\"@id\":\"https:\\\/\\\/portalendustriyel.com.tr\\\/#website\",\"url\":\"https:\\\/\\\/portalendustriyel.com.tr\\\/\",\"name\":\"www.portalendustriyel.com.tr\",\"description\":\"End&uuml;striyel &Ccedil;&ouml;z&uuml;m Orta\u011f\u0131n\u0131z\",\"publisher\":{\"@id\":\"https:\\\/\\\/portalendustriyel.com.tr\\\/#organization\"},\"potentialAction\":[{\"@type\":\"SearchAction\",\"target\":{\"@type\":\"EntryPoint\",\"urlTemplate\":\"https:\\\/\\\/portalendustriyel.com.tr\\\/?s={search_term_string}\"},\"query-input\":{\"@type\":\"PropertyValueSpecification\",\"valueRequired\":true,\"valueName\":\"search_term_string\"}}],\"inLanguage\":\"tr\"},{\"@type\":\"Organization\",\"@id\":\"https:\\\/\\\/portalendustriyel.com.tr\\\/#organization\",\"name\":\"Portal End\u00fcstriyel Sistemler San. ve Tic. Ltd. \u015eti\",\"url\":\"https:\\\/\\\/portalendustriyel.com.tr\\\/\",\"logo\":{\"@type\":\"ImageObject\",\"inLanguage\":\"tr\",\"@id\":\"https:\\\/\\\/portalendustriyel.com.tr\\\/#\\\/schema\\\/logo\\\/image\\\/\",\"url\":\"https:\\\/\\\/portalendustriyel.com.tr\\\/wp-content\\\/uploads\\\/2023\\\/10\\\/Portal-Logo.jpg\",\"contentUrl\":\"https:\\\/\\\/portalendustriyel.com.tr\\\/wp-content\\\/uploads\\\/2023\\\/10\\\/Portal-Logo.jpg\",\"width\":1277,\"height\":460,\"caption\":\"Portal End\u00fcstriyel Sistemler San. ve Tic. Ltd. \u015eti\"},\"image\":{\"@id\":\"https:\\\/\\\/portalendustriyel.com.tr\\\/#\\\/schema\\\/logo\\\/image\\\/\"},\"sameAs\":[\"https:\\\/\\\/www.linkedin.com\\\/company\\\/101302018\\\/admin\\\/feed\\\/posts\\\/\"]}]}<\/script>\n<!-- \/ Yoast SEO plugin. -->","yoast_head_json":{"title":"Yaskawa GP35L Robot Koruma K\u0131l\u0131f\u0131 -","description":"Yaskawa GP35L i\u00e7in robot koruma k\u0131l\u0131f\u0131, yaskawa robot i\u00e7in boya ve s\u0131cak malzeme s\u0131\u00e7ramas\u0131ndan koruyan k\u0131l\u0131f, kuka kaynak robot koruma k\u0131l\u0131f\u0131","robots":{"index":"index","follow":"follow","max-snippet":"max-snippet:-1","max-image-preview":"max-image-preview:large","max-video-preview":"max-video-preview:-1"},"canonical":"https:\/\/portalendustriyel.com.tr\/index.php\/urun\/yaskawa-gp35l-robot-koruma-kilifi\/","og_locale":"tr_TR","og_type":"article","og_title":"Yaskawa GP35L Robot Koruma K\u0131l\u0131f\u0131 -","og_description":"Yaskawa GP35L i\u00e7in robot koruma k\u0131l\u0131f\u0131, yaskawa robot i\u00e7in boya ve s\u0131cak malzeme s\u0131\u00e7ramas\u0131ndan koruyan k\u0131l\u0131f, kuka kaynak robot koruma k\u0131l\u0131f\u0131","og_url":"https:\/\/portalendustriyel.com.tr\/index.php\/urun\/yaskawa-gp35l-robot-koruma-kilifi\/","article_modified_time":"2024-10-17T18:01:09+00:00","og_image":[{"width":500,"height":500,"url":"https:\/\/portalendustriyel.com.tr\/wp-content\/uploads\/2024\/10\/GP35L.jpg","type":"image\/jpeg"}],"twitter_card":"summary_large_image","twitter_misc":{"Tahmini okuma s\u00fcresi":"1 dakika"},"schema":{"@context":"https:\/\/schema.org","@graph":[{"@type":"WebPage","@id":"https:\/\/portalendustriyel.com.tr\/index.php\/urun\/yaskawa-gp35l-robot-koruma-kilifi\/","url":"https:\/\/portalendustriyel.com.tr\/index.php\/urun\/yaskawa-gp35l-robot-koruma-kilifi\/","name":"Yaskawa GP35L Robot Koruma K\u0131l\u0131f\u0131 -","isPartOf":{"@id":"https:\/\/portalendustriyel.com.tr\/#website"},"primaryImageOfPage":{"@id":"https:\/\/portalendustriyel.com.tr\/index.php\/urun\/yaskawa-gp35l-robot-koruma-kilifi\/#primaryimage"},"image":{"@id":"https:\/\/portalendustriyel.com.tr\/index.php\/urun\/yaskawa-gp35l-robot-koruma-kilifi\/#primaryimage"},"thumbnailUrl":"https:\/\/portalendustriyel.com.tr\/wp-content\/uploads\/2024\/10\/GP35L.jpg","datePublished":"2024-10-17T17:59:29+00:00","dateModified":"2024-10-17T18:01:09+00:00","description":"Yaskawa GP35L i\u00e7in robot koruma k\u0131l\u0131f\u0131, yaskawa robot i\u00e7in boya ve s\u0131cak malzeme s\u0131\u00e7ramas\u0131ndan koruyan k\u0131l\u0131f, kuka kaynak robot koruma k\u0131l\u0131f\u0131","breadcrumb":{"@id":"https:\/\/portalendustriyel.com.tr\/index.php\/urun\/yaskawa-gp35l-robot-koruma-kilifi\/#breadcrumb"},"inLanguage":"tr","potentialAction":[{"@type":"ReadAction","target":["https:\/\/portalendustriyel.com.tr\/index.php\/urun\/yaskawa-gp35l-robot-koruma-kilifi\/"]}]},{"@type":"ImageObject","inLanguage":"tr","@id":"https:\/\/portalendustriyel.com.tr\/index.php\/urun\/yaskawa-gp35l-robot-koruma-kilifi\/#primaryimage","url":"https:\/\/portalendustriyel.com.tr\/wp-content\/uploads\/2024\/10\/GP35L.jpg","contentUrl":"https:\/\/portalendustriyel.com.tr\/wp-content\/uploads\/2024\/10\/GP35L.jpg","width":500,"height":500},{"@type":"BreadcrumbList","@id":"https:\/\/portalendustriyel.com.tr\/index.php\/urun\/yaskawa-gp35l-robot-koruma-kilifi\/#breadcrumb","itemListElement":[{"@type":"ListItem","position":1,"name":"Anasayfa","item":"https:\/\/portalendustriyel.com.tr\/"},{"@type":"ListItem","position":2,"name":"Ma\u011faza","item":"https:\/\/portalendustriyel.com.tr\/index.php\/magaza\/"},{"@type":"ListItem","position":3,"name":"Yaskawa GP35L Robot Koruma K\u0131l\u0131f\u0131"}]},{"@type":"WebSite","@id":"https:\/\/portalendustriyel.com.tr\/#website","url":"https:\/\/portalendustriyel.com.tr\/","name":"www.portalendustriyel.com.tr","description":"End&uuml;striyel &Ccedil;&ouml;z&uuml;m Orta\u011f\u0131n\u0131z","publisher":{"@id":"https:\/\/portalendustriyel.com.tr\/#organization"},"potentialAction":[{"@type":"SearchAction","target":{"@type":"EntryPoint","urlTemplate":"https:\/\/portalendustriyel.com.tr\/?s={search_term_string}"},"query-input":{"@type":"PropertyValueSpecification","valueRequired":true,"valueName":"search_term_string"}}],"inLanguage":"tr"},{"@type":"Organization","@id":"https:\/\/portalendustriyel.com.tr\/#organization","name":"Portal End\u00fcstriyel Sistemler San. ve Tic. Ltd. \u015eti","url":"https:\/\/portalendustriyel.com.tr\/","logo":{"@type":"ImageObject","inLanguage":"tr","@id":"https:\/\/portalendustriyel.com.tr\/#\/schema\/logo\/image\/","url":"https:\/\/portalendustriyel.com.tr\/wp-content\/uploads\/2023\/10\/Portal-Logo.jpg","contentUrl":"https:\/\/portalendustriyel.com.tr\/wp-content\/uploads\/2023\/10\/Portal-Logo.jpg","width":1277,"height":460,"caption":"Portal End\u00fcstriyel Sistemler San. ve Tic. Ltd. \u015eti"},"image":{"@id":"https:\/\/portalendustriyel.com.tr\/#\/schema\/logo\/image\/"},"sameAs":["https:\/\/www.linkedin.com\/company\/101302018\/admin\/feed\/posts\/"]}]}},"_links":{"self":[{"href":"https:\/\/portalendustriyel.com.tr\/index.php\/wp-json\/wp\/v2\/product\/3720","targetHints":{"allow":["GET"]}}],"collection":[{"href":"https:\/\/portalendustriyel.com.tr\/index.php\/wp-json\/wp\/v2\/product"}],"about":[{"href":"https:\/\/portalendustriyel.com.tr\/index.php\/wp-json\/wp\/v2\/types\/product"}],"replies":[{"embeddable":true,"href":"https:\/\/portalendustriyel.com.tr\/index.php\/wp-json\/wp\/v2\/comments?post=3720"}],"wp:featuredmedia":[{"embeddable":true,"href":"https:\/\/portalendustriyel.com.tr\/index.php\/wp-json\/wp\/v2\/media\/3721"}],"wp:attachment":[{"href":"https:\/\/portalendustriyel.com.tr\/index.php\/wp-json\/wp\/v2\/media?parent=3720"}],"wp:term":[{"taxonomy":"product_brand","embeddable":true,"href":"https:\/\/portalendustriyel.com.tr\/index.php\/wp-json\/wp\/v2\/product_brand?post=3720"},{"taxonomy":"product_cat","embeddable":true,"href":"https:\/\/portalendustriyel.com.tr\/index.php\/wp-json\/wp\/v2\/product_cat?post=3720"},{"taxonomy":"product_tag","embeddable":true,"href":"https:\/\/portalendustriyel.com.tr\/index.php\/wp-json\/wp\/v2\/product_tag?post=3720"}],"curies":[{"name":"wp","href":"https:\/\/api.w.org\/{rel}","templated":true}]}}