{"id":4637,"date":"2024-11-29T18:12:55","date_gmt":"2024-11-29T18:12:55","guid":{"rendered":"https:\/\/portalendustriyel.com.tr\/?post_type=product&#038;p=4637"},"modified":"2024-11-29T18:12:56","modified_gmt":"2024-11-29T18:12:56","slug":"ifm-ifs205-ifb3007-bpkg-us-104","status":"publish","type":"product","link":"https:\/\/portalendustriyel.com.tr\/index.php\/urun\/ifm-ifs205-ifb3007-bpkg-us-104\/","title":{"rendered":"ifm IFS205 IFB3007-BPKG\/US-104"},"content":{"rendered":"<p>ifm IFS205 IFB3007-BPKG\/US-104<\/p>\n<p>ifm M12 End\u00fcktif Sens\u00f6r<\/p>\n<ul class=\"ifm-product-detail-head__list\" data-test=\"product-bullet-points\">\n<li class=\"ifm-product-detail-head__list-item\">Zorlu end\u00fcstriyel ortamlarda kullan\u0131m i\u00e7in sa\u011flam metal g\u00f6vde<\/li>\n<li class=\"ifm-product-detail-head__list-item\">Anahtarlama durumunun kolay g\u00f6r\u00fcnmesi<\/li>\n<li class=\"ifm-product-detail-head__list-item\">\u00c7ok y\u00fcksek anahtarlama frekans\u0131<\/li>\n<li class=\"ifm-product-detail-head__list-item\">Y\u00fcksek \u00e7al\u0131\u015fma s\u00fcresi i\u00e7in uzun alg\u0131 menzili<\/li>\n<li class=\"ifm-product-detail-head__list-item\">Daima okunabilir lazerle yaz\u0131lm\u0131\u015f tip etiketi<\/li>\n<\/ul>\n","protected":false},"excerpt":{"rendered":"<p>ifm IFS205 IFB3007-BPKG\/US-104 ifm M12 End\u00fcktif Sens\u00f6r Zorlu end\u00fcstriyel ortamlarda kullan\u0131m i\u00e7in sa\u011flam metal g\u00f6vde Anahtarlama durumunun kolay g\u00f6r\u00fcnmesi \u00c7ok y\u00fcksek anahtarlama frekans\u0131 Y\u00fcksek \u00e7al\u0131\u015fma s\u00fcresi i\u00e7in uzun alg\u0131 menzili Daima okunabilir lazerle yaz\u0131lm\u0131\u015f tip etiketi<\/p>\n","protected":false},"featured_media":4638,"comment_status":"open","ping_status":"closed","template":"","meta":{"neve_meta_sidebar":"","neve_meta_container":"full-width","neve_meta_enable_content_width":"off","neve_meta_content_width":100,"neve_meta_title_alignment":"","neve_meta_author_avatar":"","neve_post_elements_order":"","neve_meta_disable_header":"","neve_meta_disable_footer":"","neve_meta_disable_title":""},"product_brand":[],"product_cat":[2417],"product_tag":[2423,2460,2459],"class_list":{"0":"post-4637","1":"product","2":"type-product","3":"status-publish","4":"has-post-thumbnail","6":"product_cat-ifm-sensor-ve-algilama-urunleri","7":"product_tag-ifm-enduktif-sensor","8":"product_tag-ifm-ifb3007-bpkg-us-104","9":"product_tag-ifm-ifs205","11":"first","12":"instock","13":"shipping-taxable","14":"product-type-simple"},"yoast_head":"<!-- This site is optimized with the Yoast SEO plugin v27.4 - https:\/\/yoast.com\/product\/yoast-seo-wordpress\/ -->\n<title>ifm IFS205 IFB3007-BPKG\/US-104 -<\/title>\n<meta name=\"description\" content=\"ifm IFS205, ifm IFB3007-BPKG\/US-104, ifm end\u00fcktif sens\u00f6r\" \/>\n<meta name=\"robots\" content=\"index, follow, max-snippet:-1, max-image-preview:large, max-video-preview:-1\" \/>\n<link rel=\"canonical\" href=\"https:\/\/portalendustriyel.com.tr\/index.php\/urun\/ifm-ifs205-ifb3007-bpkg-us-104\/\" \/>\n<meta property=\"og:locale\" content=\"tr_TR\" \/>\n<meta property=\"og:type\" content=\"article\" \/>\n<meta property=\"og:title\" content=\"ifm IFS205 IFB3007-BPKG\/US-104 -\" \/>\n<meta property=\"og:description\" content=\"ifm IFS205, ifm IFB3007-BPKG\/US-104, ifm end\u00fcktif sens\u00f6r\" \/>\n<meta property=\"og:url\" content=\"https:\/\/portalendustriyel.com.tr\/index.php\/urun\/ifm-ifs205-ifb3007-bpkg-us-104\/\" \/>\n<meta property=\"article:modified_time\" content=\"2024-11-29T18:12:56+00:00\" \/>\n<meta property=\"og:image\" content=\"https:\/\/portalendustriyel.com.tr\/wp-content\/uploads\/2024\/11\/portalendustriyel-ifm-IFS205-IFB3007-BPKG-US-104.jpg\" \/>\n\t<meta property=\"og:image:width\" content=\"500\" \/>\n\t<meta property=\"og:image:height\" content=\"500\" \/>\n\t<meta property=\"og:image:type\" content=\"image\/jpeg\" \/>\n<meta name=\"twitter:card\" content=\"summary_large_image\" \/>\n<meta name=\"twitter:label1\" content=\"Tahmini okuma s\u00fcresi\" \/>\n\t<meta name=\"twitter:data1\" content=\"1 dakika\" \/>\n<script type=\"application\/ld+json\" class=\"yoast-schema-graph\">{\"@context\":\"https:\\\/\\\/schema.org\",\"@graph\":[{\"@type\":\"WebPage\",\"@id\":\"https:\\\/\\\/portalendustriyel.com.tr\\\/index.php\\\/urun\\\/ifm-ifs205-ifb3007-bpkg-us-104\\\/\",\"url\":\"https:\\\/\\\/portalendustriyel.com.tr\\\/index.php\\\/urun\\\/ifm-ifs205-ifb3007-bpkg-us-104\\\/\",\"name\":\"ifm IFS205 IFB3007-BPKG\\\/US-104 -\",\"isPartOf\":{\"@id\":\"https:\\\/\\\/portalendustriyel.com.tr\\\/#website\"},\"primaryImageOfPage\":{\"@id\":\"https:\\\/\\\/portalendustriyel.com.tr\\\/index.php\\\/urun\\\/ifm-ifs205-ifb3007-bpkg-us-104\\\/#primaryimage\"},\"image\":{\"@id\":\"https:\\\/\\\/portalendustriyel.com.tr\\\/index.php\\\/urun\\\/ifm-ifs205-ifb3007-bpkg-us-104\\\/#primaryimage\"},\"thumbnailUrl\":\"https:\\\/\\\/portalendustriyel.com.tr\\\/wp-content\\\/uploads\\\/2024\\\/11\\\/portalendustriyel-ifm-IFS205-IFB3007-BPKG-US-104.jpg\",\"datePublished\":\"2024-11-29T18:12:55+00:00\",\"dateModified\":\"2024-11-29T18:12:56+00:00\",\"description\":\"ifm IFS205, ifm IFB3007-BPKG\\\/US-104, ifm end\u00fcktif sens\u00f6r\",\"breadcrumb\":{\"@id\":\"https:\\\/\\\/portalendustriyel.com.tr\\\/index.php\\\/urun\\\/ifm-ifs205-ifb3007-bpkg-us-104\\\/#breadcrumb\"},\"inLanguage\":\"tr\",\"potentialAction\":[{\"@type\":\"ReadAction\",\"target\":[\"https:\\\/\\\/portalendustriyel.com.tr\\\/index.php\\\/urun\\\/ifm-ifs205-ifb3007-bpkg-us-104\\\/\"]}]},{\"@type\":\"ImageObject\",\"inLanguage\":\"tr\",\"@id\":\"https:\\\/\\\/portalendustriyel.com.tr\\\/index.php\\\/urun\\\/ifm-ifs205-ifb3007-bpkg-us-104\\\/#primaryimage\",\"url\":\"https:\\\/\\\/portalendustriyel.com.tr\\\/wp-content\\\/uploads\\\/2024\\\/11\\\/portalendustriyel-ifm-IFS205-IFB3007-BPKG-US-104.jpg\",\"contentUrl\":\"https:\\\/\\\/portalendustriyel.com.tr\\\/wp-content\\\/uploads\\\/2024\\\/11\\\/portalendustriyel-ifm-IFS205-IFB3007-BPKG-US-104.jpg\",\"width\":500,\"height\":500},{\"@type\":\"BreadcrumbList\",\"@id\":\"https:\\\/\\\/portalendustriyel.com.tr\\\/index.php\\\/urun\\\/ifm-ifs205-ifb3007-bpkg-us-104\\\/#breadcrumb\",\"itemListElement\":[{\"@type\":\"ListItem\",\"position\":1,\"name\":\"Anasayfa\",\"item\":\"https:\\\/\\\/portalendustriyel.com.tr\\\/\"},{\"@type\":\"ListItem\",\"position\":2,\"name\":\"Ma\u011faza\",\"item\":\"https:\\\/\\\/portalendustriyel.com.tr\\\/index.php\\\/magaza\\\/\"},{\"@type\":\"ListItem\",\"position\":3,\"name\":\"ifm IFS205 IFB3007-BPKG\\\/US-104\"}]},{\"@type\":\"WebSite\",\"@id\":\"https:\\\/\\\/portalendustriyel.com.tr\\\/#website\",\"url\":\"https:\\\/\\\/portalendustriyel.com.tr\\\/\",\"name\":\"www.portalendustriyel.com.tr\",\"description\":\"End&uuml;striyel &Ccedil;&ouml;z&uuml;m Orta\u011f\u0131n\u0131z\",\"publisher\":{\"@id\":\"https:\\\/\\\/portalendustriyel.com.tr\\\/#organization\"},\"potentialAction\":[{\"@type\":\"SearchAction\",\"target\":{\"@type\":\"EntryPoint\",\"urlTemplate\":\"https:\\\/\\\/portalendustriyel.com.tr\\\/?s={search_term_string}\"},\"query-input\":{\"@type\":\"PropertyValueSpecification\",\"valueRequired\":true,\"valueName\":\"search_term_string\"}}],\"inLanguage\":\"tr\"},{\"@type\":\"Organization\",\"@id\":\"https:\\\/\\\/portalendustriyel.com.tr\\\/#organization\",\"name\":\"Portal End\u00fcstriyel Sistemler San. ve Tic. Ltd. \u015eti\",\"url\":\"https:\\\/\\\/portalendustriyel.com.tr\\\/\",\"logo\":{\"@type\":\"ImageObject\",\"inLanguage\":\"tr\",\"@id\":\"https:\\\/\\\/portalendustriyel.com.tr\\\/#\\\/schema\\\/logo\\\/image\\\/\",\"url\":\"https:\\\/\\\/portalendustriyel.com.tr\\\/wp-content\\\/uploads\\\/2023\\\/10\\\/Portal-Logo.jpg\",\"contentUrl\":\"https:\\\/\\\/portalendustriyel.com.tr\\\/wp-content\\\/uploads\\\/2023\\\/10\\\/Portal-Logo.jpg\",\"width\":1277,\"height\":460,\"caption\":\"Portal End\u00fcstriyel Sistemler San. ve Tic. Ltd. \u015eti\"},\"image\":{\"@id\":\"https:\\\/\\\/portalendustriyel.com.tr\\\/#\\\/schema\\\/logo\\\/image\\\/\"},\"sameAs\":[\"https:\\\/\\\/www.linkedin.com\\\/company\\\/101302018\\\/admin\\\/feed\\\/posts\\\/\"]}]}<\/script>\n<!-- \/ Yoast SEO plugin. -->","yoast_head_json":{"title":"ifm IFS205 IFB3007-BPKG\/US-104 -","description":"ifm IFS205, ifm IFB3007-BPKG\/US-104, ifm end\u00fcktif sens\u00f6r","robots":{"index":"index","follow":"follow","max-snippet":"max-snippet:-1","max-image-preview":"max-image-preview:large","max-video-preview":"max-video-preview:-1"},"canonical":"https:\/\/portalendustriyel.com.tr\/index.php\/urun\/ifm-ifs205-ifb3007-bpkg-us-104\/","og_locale":"tr_TR","og_type":"article","og_title":"ifm IFS205 IFB3007-BPKG\/US-104 -","og_description":"ifm IFS205, ifm IFB3007-BPKG\/US-104, ifm end\u00fcktif sens\u00f6r","og_url":"https:\/\/portalendustriyel.com.tr\/index.php\/urun\/ifm-ifs205-ifb3007-bpkg-us-104\/","article_modified_time":"2024-11-29T18:12:56+00:00","og_image":[{"width":500,"height":500,"url":"https:\/\/portalendustriyel.com.tr\/wp-content\/uploads\/2024\/11\/portalendustriyel-ifm-IFS205-IFB3007-BPKG-US-104.jpg","type":"image\/jpeg"}],"twitter_card":"summary_large_image","twitter_misc":{"Tahmini okuma s\u00fcresi":"1 dakika"},"schema":{"@context":"https:\/\/schema.org","@graph":[{"@type":"WebPage","@id":"https:\/\/portalendustriyel.com.tr\/index.php\/urun\/ifm-ifs205-ifb3007-bpkg-us-104\/","url":"https:\/\/portalendustriyel.com.tr\/index.php\/urun\/ifm-ifs205-ifb3007-bpkg-us-104\/","name":"ifm IFS205 IFB3007-BPKG\/US-104 -","isPartOf":{"@id":"https:\/\/portalendustriyel.com.tr\/#website"},"primaryImageOfPage":{"@id":"https:\/\/portalendustriyel.com.tr\/index.php\/urun\/ifm-ifs205-ifb3007-bpkg-us-104\/#primaryimage"},"image":{"@id":"https:\/\/portalendustriyel.com.tr\/index.php\/urun\/ifm-ifs205-ifb3007-bpkg-us-104\/#primaryimage"},"thumbnailUrl":"https:\/\/portalendustriyel.com.tr\/wp-content\/uploads\/2024\/11\/portalendustriyel-ifm-IFS205-IFB3007-BPKG-US-104.jpg","datePublished":"2024-11-29T18:12:55+00:00","dateModified":"2024-11-29T18:12:56+00:00","description":"ifm IFS205, ifm IFB3007-BPKG\/US-104, ifm end\u00fcktif sens\u00f6r","breadcrumb":{"@id":"https:\/\/portalendustriyel.com.tr\/index.php\/urun\/ifm-ifs205-ifb3007-bpkg-us-104\/#breadcrumb"},"inLanguage":"tr","potentialAction":[{"@type":"ReadAction","target":["https:\/\/portalendustriyel.com.tr\/index.php\/urun\/ifm-ifs205-ifb3007-bpkg-us-104\/"]}]},{"@type":"ImageObject","inLanguage":"tr","@id":"https:\/\/portalendustriyel.com.tr\/index.php\/urun\/ifm-ifs205-ifb3007-bpkg-us-104\/#primaryimage","url":"https:\/\/portalendustriyel.com.tr\/wp-content\/uploads\/2024\/11\/portalendustriyel-ifm-IFS205-IFB3007-BPKG-US-104.jpg","contentUrl":"https:\/\/portalendustriyel.com.tr\/wp-content\/uploads\/2024\/11\/portalendustriyel-ifm-IFS205-IFB3007-BPKG-US-104.jpg","width":500,"height":500},{"@type":"BreadcrumbList","@id":"https:\/\/portalendustriyel.com.tr\/index.php\/urun\/ifm-ifs205-ifb3007-bpkg-us-104\/#breadcrumb","itemListElement":[{"@type":"ListItem","position":1,"name":"Anasayfa","item":"https:\/\/portalendustriyel.com.tr\/"},{"@type":"ListItem","position":2,"name":"Ma\u011faza","item":"https:\/\/portalendustriyel.com.tr\/index.php\/magaza\/"},{"@type":"ListItem","position":3,"name":"ifm IFS205 IFB3007-BPKG\/US-104"}]},{"@type":"WebSite","@id":"https:\/\/portalendustriyel.com.tr\/#website","url":"https:\/\/portalendustriyel.com.tr\/","name":"www.portalendustriyel.com.tr","description":"End&uuml;striyel &Ccedil;&ouml;z&uuml;m Orta\u011f\u0131n\u0131z","publisher":{"@id":"https:\/\/portalendustriyel.com.tr\/#organization"},"potentialAction":[{"@type":"SearchAction","target":{"@type":"EntryPoint","urlTemplate":"https:\/\/portalendustriyel.com.tr\/?s={search_term_string}"},"query-input":{"@type":"PropertyValueSpecification","valueRequired":true,"valueName":"search_term_string"}}],"inLanguage":"tr"},{"@type":"Organization","@id":"https:\/\/portalendustriyel.com.tr\/#organization","name":"Portal End\u00fcstriyel Sistemler San. ve Tic. Ltd. \u015eti","url":"https:\/\/portalendustriyel.com.tr\/","logo":{"@type":"ImageObject","inLanguage":"tr","@id":"https:\/\/portalendustriyel.com.tr\/#\/schema\/logo\/image\/","url":"https:\/\/portalendustriyel.com.tr\/wp-content\/uploads\/2023\/10\/Portal-Logo.jpg","contentUrl":"https:\/\/portalendustriyel.com.tr\/wp-content\/uploads\/2023\/10\/Portal-Logo.jpg","width":1277,"height":460,"caption":"Portal End\u00fcstriyel Sistemler San. ve Tic. Ltd. \u015eti"},"image":{"@id":"https:\/\/portalendustriyel.com.tr\/#\/schema\/logo\/image\/"},"sameAs":["https:\/\/www.linkedin.com\/company\/101302018\/admin\/feed\/posts\/"]}]}},"_links":{"self":[{"href":"https:\/\/portalendustriyel.com.tr\/index.php\/wp-json\/wp\/v2\/product\/4637","targetHints":{"allow":["GET"]}}],"collection":[{"href":"https:\/\/portalendustriyel.com.tr\/index.php\/wp-json\/wp\/v2\/product"}],"about":[{"href":"https:\/\/portalendustriyel.com.tr\/index.php\/wp-json\/wp\/v2\/types\/product"}],"replies":[{"embeddable":true,"href":"https:\/\/portalendustriyel.com.tr\/index.php\/wp-json\/wp\/v2\/comments?post=4637"}],"wp:featuredmedia":[{"embeddable":true,"href":"https:\/\/portalendustriyel.com.tr\/index.php\/wp-json\/wp\/v2\/media\/4638"}],"wp:attachment":[{"href":"https:\/\/portalendustriyel.com.tr\/index.php\/wp-json\/wp\/v2\/media?parent=4637"}],"wp:term":[{"taxonomy":"product_brand","embeddable":true,"href":"https:\/\/portalendustriyel.com.tr\/index.php\/wp-json\/wp\/v2\/product_brand?post=4637"},{"taxonomy":"product_cat","embeddable":true,"href":"https:\/\/portalendustriyel.com.tr\/index.php\/wp-json\/wp\/v2\/product_cat?post=4637"},{"taxonomy":"product_tag","embeddable":true,"href":"https:\/\/portalendustriyel.com.tr\/index.php\/wp-json\/wp\/v2\/product_tag?post=4637"}],"curies":[{"name":"wp","href":"https:\/\/api.w.org\/{rel}","templated":true}]}}