{"id":4665,"date":"2024-11-29T20:42:30","date_gmt":"2024-11-29T20:42:30","guid":{"rendered":"https:\/\/portalendustriyel.com.tr\/?post_type=product&#038;p=4665"},"modified":"2024-11-29T20:42:31","modified_gmt":"2024-11-29T20:42:31","slug":"ifm-di5020-dia3010-zpkg","status":"publish","type":"product","link":"https:\/\/portalendustriyel.com.tr\/index.php\/urun\/ifm-di5020-dia3010-zpkg\/","title":{"rendered":"ifm DI5020 DIA3010-ZPKG"},"content":{"rendered":"<p>ifm DI5020 DIA3010-ZPKG<\/p>\n<p>ifm H\u0131z denetimi i\u00e7in kompakt de\u011ferlendirme \u00fcnitesi<\/p>\n<ul class=\"ifm-product-detail-head__list\" data-test=\"product-bullet-points\">\n<li class=\"ifm-product-detail-head__list-item\">\u0130kisi bir arada: ayn\u0131 az yer kaplayan g\u00f6vdede h\u0131z sens\u00f6r\u00fc ve de\u011ferlendirme<\/li>\n<li class=\"ifm-product-detail-head__list-item\">Potansiyometre ile anahtar noktalar\u0131n\u0131n kolay ayar\u0131<\/li>\n<li class=\"ifm-product-detail-head__list-item\">PLC&#8217;ye do\u011frudan ba\u011flant\u0131 i\u00e7in<\/li>\n<li class=\"ifm-product-detail-head__list-item\">Kurulum karma\u015f\u0131kl\u0131\u011f\u0131n\u0131n azalt\u0131lmas\u0131<\/li>\n<li class=\"ifm-product-detail-head__list-item\">D\u00f6n\u00fc\u015f h\u0131z\u0131n\u0131n al\u00e7ak oldu\u011fu durumlar i\u00e7in g\u00fcvenilir temass\u0131z izleme<\/li>\n<\/ul>\n","protected":false},"excerpt":{"rendered":"<p>ifm DI5020 DIA3010-ZPKG ifm H\u0131z denetimi i\u00e7in kompakt de\u011ferlendirme \u00fcnitesi \u0130kisi bir arada: ayn\u0131 az yer kaplayan g\u00f6vdede h\u0131z sens\u00f6r\u00fc ve de\u011ferlendirme Potansiyometre ile anahtar noktalar\u0131n\u0131n kolay ayar\u0131 PLC&#8217;ye do\u011frudan ba\u011flant\u0131 i\u00e7in Kurulum karma\u015f\u0131kl\u0131\u011f\u0131n\u0131n azalt\u0131lmas\u0131 D\u00f6n\u00fc\u015f h\u0131z\u0131n\u0131n al\u00e7ak oldu\u011fu durumlar i\u00e7in g\u00fcvenilir temass\u0131z izleme<\/p>\n","protected":false},"featured_media":4666,"comment_status":"open","ping_status":"closed","template":"","meta":{"neve_meta_sidebar":"","neve_meta_container":"full-width","neve_meta_enable_content_width":"off","neve_meta_content_width":100,"neve_meta_title_alignment":"","neve_meta_author_avatar":"","neve_post_elements_order":"","neve_meta_disable_header":"","neve_meta_disable_footer":"","neve_meta_disable_title":""},"product_brand":[],"product_cat":[2417],"product_tag":[2497,2498],"class_list":{"0":"post-4665","1":"product","2":"type-product","3":"status-publish","4":"has-post-thumbnail","6":"product_cat-ifm-sensor-ve-algilama-urunleri","7":"product_tag-ifm-di5020","8":"product_tag-ifm-dia3010-zpkg","10":"first","11":"instock","12":"shipping-taxable","13":"product-type-simple"},"yoast_head":"<!-- This site is optimized with the Yoast SEO plugin v27.4 - https:\/\/yoast.com\/product\/yoast-seo-wordpress\/ -->\n<title>ifm DI5020 DIA3010-ZPKG -<\/title>\n<meta name=\"description\" content=\"ifm DI5020, ifm DIA3010-ZPKG\" \/>\n<meta name=\"robots\" content=\"index, follow, max-snippet:-1, max-image-preview:large, max-video-preview:-1\" \/>\n<link rel=\"canonical\" href=\"https:\/\/portalendustriyel.com.tr\/index.php\/urun\/ifm-di5020-dia3010-zpkg\/\" \/>\n<meta property=\"og:locale\" content=\"tr_TR\" \/>\n<meta property=\"og:type\" content=\"article\" \/>\n<meta property=\"og:title\" content=\"ifm DI5020 DIA3010-ZPKG -\" \/>\n<meta property=\"og:description\" content=\"ifm DI5020, ifm DIA3010-ZPKG\" \/>\n<meta property=\"og:url\" content=\"https:\/\/portalendustriyel.com.tr\/index.php\/urun\/ifm-di5020-dia3010-zpkg\/\" \/>\n<meta property=\"article:modified_time\" content=\"2024-11-29T20:42:31+00:00\" \/>\n<meta property=\"og:image\" content=\"https:\/\/portalendustriyel.com.tr\/wp-content\/uploads\/2024\/11\/portalendustriyel-ifm-DI5020-DIA3010-ZPKG.jpg\" \/>\n\t<meta property=\"og:image:width\" content=\"500\" \/>\n\t<meta property=\"og:image:height\" content=\"500\" \/>\n\t<meta property=\"og:image:type\" content=\"image\/jpeg\" \/>\n<meta name=\"twitter:card\" content=\"summary_large_image\" \/>\n<meta name=\"twitter:label1\" content=\"Tahmini okuma s\u00fcresi\" \/>\n\t<meta name=\"twitter:data1\" content=\"1 dakika\" \/>\n<script type=\"application\/ld+json\" class=\"yoast-schema-graph\">{\"@context\":\"https:\\\/\\\/schema.org\",\"@graph\":[{\"@type\":\"WebPage\",\"@id\":\"https:\\\/\\\/portalendustriyel.com.tr\\\/index.php\\\/urun\\\/ifm-di5020-dia3010-zpkg\\\/\",\"url\":\"https:\\\/\\\/portalendustriyel.com.tr\\\/index.php\\\/urun\\\/ifm-di5020-dia3010-zpkg\\\/\",\"name\":\"ifm DI5020 DIA3010-ZPKG -\",\"isPartOf\":{\"@id\":\"https:\\\/\\\/portalendustriyel.com.tr\\\/#website\"},\"primaryImageOfPage\":{\"@id\":\"https:\\\/\\\/portalendustriyel.com.tr\\\/index.php\\\/urun\\\/ifm-di5020-dia3010-zpkg\\\/#primaryimage\"},\"image\":{\"@id\":\"https:\\\/\\\/portalendustriyel.com.tr\\\/index.php\\\/urun\\\/ifm-di5020-dia3010-zpkg\\\/#primaryimage\"},\"thumbnailUrl\":\"https:\\\/\\\/portalendustriyel.com.tr\\\/wp-content\\\/uploads\\\/2024\\\/11\\\/portalendustriyel-ifm-DI5020-DIA3010-ZPKG.jpg\",\"datePublished\":\"2024-11-29T20:42:30+00:00\",\"dateModified\":\"2024-11-29T20:42:31+00:00\",\"description\":\"ifm DI5020, ifm DIA3010-ZPKG\",\"breadcrumb\":{\"@id\":\"https:\\\/\\\/portalendustriyel.com.tr\\\/index.php\\\/urun\\\/ifm-di5020-dia3010-zpkg\\\/#breadcrumb\"},\"inLanguage\":\"tr\",\"potentialAction\":[{\"@type\":\"ReadAction\",\"target\":[\"https:\\\/\\\/portalendustriyel.com.tr\\\/index.php\\\/urun\\\/ifm-di5020-dia3010-zpkg\\\/\"]}]},{\"@type\":\"ImageObject\",\"inLanguage\":\"tr\",\"@id\":\"https:\\\/\\\/portalendustriyel.com.tr\\\/index.php\\\/urun\\\/ifm-di5020-dia3010-zpkg\\\/#primaryimage\",\"url\":\"https:\\\/\\\/portalendustriyel.com.tr\\\/wp-content\\\/uploads\\\/2024\\\/11\\\/portalendustriyel-ifm-DI5020-DIA3010-ZPKG.jpg\",\"contentUrl\":\"https:\\\/\\\/portalendustriyel.com.tr\\\/wp-content\\\/uploads\\\/2024\\\/11\\\/portalendustriyel-ifm-DI5020-DIA3010-ZPKG.jpg\",\"width\":500,\"height\":500},{\"@type\":\"BreadcrumbList\",\"@id\":\"https:\\\/\\\/portalendustriyel.com.tr\\\/index.php\\\/urun\\\/ifm-di5020-dia3010-zpkg\\\/#breadcrumb\",\"itemListElement\":[{\"@type\":\"ListItem\",\"position\":1,\"name\":\"Anasayfa\",\"item\":\"https:\\\/\\\/portalendustriyel.com.tr\\\/\"},{\"@type\":\"ListItem\",\"position\":2,\"name\":\"Ma\u011faza\",\"item\":\"https:\\\/\\\/portalendustriyel.com.tr\\\/index.php\\\/magaza\\\/\"},{\"@type\":\"ListItem\",\"position\":3,\"name\":\"ifm DI5020 DIA3010-ZPKG\"}]},{\"@type\":\"WebSite\",\"@id\":\"https:\\\/\\\/portalendustriyel.com.tr\\\/#website\",\"url\":\"https:\\\/\\\/portalendustriyel.com.tr\\\/\",\"name\":\"www.portalendustriyel.com.tr\",\"description\":\"End&uuml;striyel &Ccedil;&ouml;z&uuml;m Orta\u011f\u0131n\u0131z\",\"publisher\":{\"@id\":\"https:\\\/\\\/portalendustriyel.com.tr\\\/#organization\"},\"potentialAction\":[{\"@type\":\"SearchAction\",\"target\":{\"@type\":\"EntryPoint\",\"urlTemplate\":\"https:\\\/\\\/portalendustriyel.com.tr\\\/?s={search_term_string}\"},\"query-input\":{\"@type\":\"PropertyValueSpecification\",\"valueRequired\":true,\"valueName\":\"search_term_string\"}}],\"inLanguage\":\"tr\"},{\"@type\":\"Organization\",\"@id\":\"https:\\\/\\\/portalendustriyel.com.tr\\\/#organization\",\"name\":\"Portal End\u00fcstriyel Sistemler San. ve Tic. Ltd. \u015eti\",\"url\":\"https:\\\/\\\/portalendustriyel.com.tr\\\/\",\"logo\":{\"@type\":\"ImageObject\",\"inLanguage\":\"tr\",\"@id\":\"https:\\\/\\\/portalendustriyel.com.tr\\\/#\\\/schema\\\/logo\\\/image\\\/\",\"url\":\"https:\\\/\\\/portalendustriyel.com.tr\\\/wp-content\\\/uploads\\\/2023\\\/10\\\/Portal-Logo.jpg\",\"contentUrl\":\"https:\\\/\\\/portalendustriyel.com.tr\\\/wp-content\\\/uploads\\\/2023\\\/10\\\/Portal-Logo.jpg\",\"width\":1277,\"height\":460,\"caption\":\"Portal End\u00fcstriyel Sistemler San. ve Tic. Ltd. \u015eti\"},\"image\":{\"@id\":\"https:\\\/\\\/portalendustriyel.com.tr\\\/#\\\/schema\\\/logo\\\/image\\\/\"},\"sameAs\":[\"https:\\\/\\\/www.linkedin.com\\\/company\\\/101302018\\\/admin\\\/feed\\\/posts\\\/\"]}]}<\/script>\n<!-- \/ Yoast SEO plugin. -->","yoast_head_json":{"title":"ifm DI5020 DIA3010-ZPKG -","description":"ifm DI5020, ifm DIA3010-ZPKG","robots":{"index":"index","follow":"follow","max-snippet":"max-snippet:-1","max-image-preview":"max-image-preview:large","max-video-preview":"max-video-preview:-1"},"canonical":"https:\/\/portalendustriyel.com.tr\/index.php\/urun\/ifm-di5020-dia3010-zpkg\/","og_locale":"tr_TR","og_type":"article","og_title":"ifm DI5020 DIA3010-ZPKG -","og_description":"ifm DI5020, ifm DIA3010-ZPKG","og_url":"https:\/\/portalendustriyel.com.tr\/index.php\/urun\/ifm-di5020-dia3010-zpkg\/","article_modified_time":"2024-11-29T20:42:31+00:00","og_image":[{"width":500,"height":500,"url":"https:\/\/portalendustriyel.com.tr\/wp-content\/uploads\/2024\/11\/portalendustriyel-ifm-DI5020-DIA3010-ZPKG.jpg","type":"image\/jpeg"}],"twitter_card":"summary_large_image","twitter_misc":{"Tahmini okuma s\u00fcresi":"1 dakika"},"schema":{"@context":"https:\/\/schema.org","@graph":[{"@type":"WebPage","@id":"https:\/\/portalendustriyel.com.tr\/index.php\/urun\/ifm-di5020-dia3010-zpkg\/","url":"https:\/\/portalendustriyel.com.tr\/index.php\/urun\/ifm-di5020-dia3010-zpkg\/","name":"ifm DI5020 DIA3010-ZPKG -","isPartOf":{"@id":"https:\/\/portalendustriyel.com.tr\/#website"},"primaryImageOfPage":{"@id":"https:\/\/portalendustriyel.com.tr\/index.php\/urun\/ifm-di5020-dia3010-zpkg\/#primaryimage"},"image":{"@id":"https:\/\/portalendustriyel.com.tr\/index.php\/urun\/ifm-di5020-dia3010-zpkg\/#primaryimage"},"thumbnailUrl":"https:\/\/portalendustriyel.com.tr\/wp-content\/uploads\/2024\/11\/portalendustriyel-ifm-DI5020-DIA3010-ZPKG.jpg","datePublished":"2024-11-29T20:42:30+00:00","dateModified":"2024-11-29T20:42:31+00:00","description":"ifm DI5020, ifm DIA3010-ZPKG","breadcrumb":{"@id":"https:\/\/portalendustriyel.com.tr\/index.php\/urun\/ifm-di5020-dia3010-zpkg\/#breadcrumb"},"inLanguage":"tr","potentialAction":[{"@type":"ReadAction","target":["https:\/\/portalendustriyel.com.tr\/index.php\/urun\/ifm-di5020-dia3010-zpkg\/"]}]},{"@type":"ImageObject","inLanguage":"tr","@id":"https:\/\/portalendustriyel.com.tr\/index.php\/urun\/ifm-di5020-dia3010-zpkg\/#primaryimage","url":"https:\/\/portalendustriyel.com.tr\/wp-content\/uploads\/2024\/11\/portalendustriyel-ifm-DI5020-DIA3010-ZPKG.jpg","contentUrl":"https:\/\/portalendustriyel.com.tr\/wp-content\/uploads\/2024\/11\/portalendustriyel-ifm-DI5020-DIA3010-ZPKG.jpg","width":500,"height":500},{"@type":"BreadcrumbList","@id":"https:\/\/portalendustriyel.com.tr\/index.php\/urun\/ifm-di5020-dia3010-zpkg\/#breadcrumb","itemListElement":[{"@type":"ListItem","position":1,"name":"Anasayfa","item":"https:\/\/portalendustriyel.com.tr\/"},{"@type":"ListItem","position":2,"name":"Ma\u011faza","item":"https:\/\/portalendustriyel.com.tr\/index.php\/magaza\/"},{"@type":"ListItem","position":3,"name":"ifm DI5020 DIA3010-ZPKG"}]},{"@type":"WebSite","@id":"https:\/\/portalendustriyel.com.tr\/#website","url":"https:\/\/portalendustriyel.com.tr\/","name":"www.portalendustriyel.com.tr","description":"End&uuml;striyel &Ccedil;&ouml;z&uuml;m Orta\u011f\u0131n\u0131z","publisher":{"@id":"https:\/\/portalendustriyel.com.tr\/#organization"},"potentialAction":[{"@type":"SearchAction","target":{"@type":"EntryPoint","urlTemplate":"https:\/\/portalendustriyel.com.tr\/?s={search_term_string}"},"query-input":{"@type":"PropertyValueSpecification","valueRequired":true,"valueName":"search_term_string"}}],"inLanguage":"tr"},{"@type":"Organization","@id":"https:\/\/portalendustriyel.com.tr\/#organization","name":"Portal End\u00fcstriyel Sistemler San. ve Tic. Ltd. \u015eti","url":"https:\/\/portalendustriyel.com.tr\/","logo":{"@type":"ImageObject","inLanguage":"tr","@id":"https:\/\/portalendustriyel.com.tr\/#\/schema\/logo\/image\/","url":"https:\/\/portalendustriyel.com.tr\/wp-content\/uploads\/2023\/10\/Portal-Logo.jpg","contentUrl":"https:\/\/portalendustriyel.com.tr\/wp-content\/uploads\/2023\/10\/Portal-Logo.jpg","width":1277,"height":460,"caption":"Portal End\u00fcstriyel Sistemler San. ve Tic. Ltd. \u015eti"},"image":{"@id":"https:\/\/portalendustriyel.com.tr\/#\/schema\/logo\/image\/"},"sameAs":["https:\/\/www.linkedin.com\/company\/101302018\/admin\/feed\/posts\/"]}]}},"_links":{"self":[{"href":"https:\/\/portalendustriyel.com.tr\/index.php\/wp-json\/wp\/v2\/product\/4665","targetHints":{"allow":["GET"]}}],"collection":[{"href":"https:\/\/portalendustriyel.com.tr\/index.php\/wp-json\/wp\/v2\/product"}],"about":[{"href":"https:\/\/portalendustriyel.com.tr\/index.php\/wp-json\/wp\/v2\/types\/product"}],"replies":[{"embeddable":true,"href":"https:\/\/portalendustriyel.com.tr\/index.php\/wp-json\/wp\/v2\/comments?post=4665"}],"wp:featuredmedia":[{"embeddable":true,"href":"https:\/\/portalendustriyel.com.tr\/index.php\/wp-json\/wp\/v2\/media\/4666"}],"wp:attachment":[{"href":"https:\/\/portalendustriyel.com.tr\/index.php\/wp-json\/wp\/v2\/media?parent=4665"}],"wp:term":[{"taxonomy":"product_brand","embeddable":true,"href":"https:\/\/portalendustriyel.com.tr\/index.php\/wp-json\/wp\/v2\/product_brand?post=4665"},{"taxonomy":"product_cat","embeddable":true,"href":"https:\/\/portalendustriyel.com.tr\/index.php\/wp-json\/wp\/v2\/product_cat?post=4665"},{"taxonomy":"product_tag","embeddable":true,"href":"https:\/\/portalendustriyel.com.tr\/index.php\/wp-json\/wp\/v2\/product_tag?post=4665"}],"curies":[{"name":"wp","href":"https:\/\/api.w.org\/{rel}","templated":true}]}}