{"id":5008,"date":"2025-05-23T20:47:32","date_gmt":"2025-05-23T20:47:32","guid":{"rendered":"https:\/\/portalendustriyel.com.tr\/?post_type=product&#038;p=5008"},"modified":"2025-05-23T20:47:33","modified_gmt":"2025-05-23T20:47:33","slug":"ifm-ii5800","status":"publish","type":"product","link":"https:\/\/portalendustriyel.com.tr\/index.php\/urun\/ifm-ii5800\/","title":{"rendered":"IFM II5800"},"content":{"rendered":"<p>IFM II5800<\/p>\n<p class=\"ifm-product-detail-head__category normalize\" data-test=\"product-category\">\u0130nd\u00fcktif sens\u00f6r IIA4010ZCPKG\/6M\/BH<\/p>\n<p data-test=\"product-category\">M30 PNP NO 10mm alg\u0131lama<\/p>\n<p data-test=\"product-category\">\n","protected":false},"excerpt":{"rendered":"<p class=\"ifm-product-detail-head__product-id h2 normalize\" data-test=\"product-id\">II5800 IIA4010ZCPKG\/6M\/BH<\/p>\n<ul class=\"ifm-product-detail-head__list\" data-test=\"product-bullet-points\">\n<li class=\"ifm-product-detail-head__list-item\">Ek NA\/NK \u00e7\u0131k\u0131\u015f i\u015flevi<\/li>\n<li class=\"ifm-product-detail-head__list-item\">Geni\u015f \u00e7al\u0131\u015fma s\u0131cakl\u0131\u011f\u0131 aral\u0131\u011f\u0131<\/li>\n<li class=\"ifm-product-detail-head__list-item\">Zorlu end\u00fcstriyel ortamlarda kullan\u0131m i\u00e7in sa\u011flam metal g\u00f6vde<\/li>\n<li class=\"ifm-product-detail-head__list-item\">Uzun PUR kablosuyla<\/li>\n<li class=\"ifm-product-detail-head__list-item\">Makinelerde hassas konum tespiti i\u00e7in<\/li>\n<\/ul>\n","protected":false},"featured_media":5009,"comment_status":"open","ping_status":"closed","template":"","meta":{"neve_meta_sidebar":"","neve_meta_container":"full-width","neve_meta_enable_content_width":"off","neve_meta_content_width":100,"neve_meta_title_alignment":"","neve_meta_author_avatar":"","neve_post_elements_order":"","neve_meta_disable_header":"","neve_meta_disable_footer":"","neve_meta_disable_title":""},"product_brand":[],"product_cat":[2417],"product_tag":[2735,2736],"class_list":{"0":"post-5008","1":"product","2":"type-product","3":"status-publish","4":"has-post-thumbnail","6":"product_cat-ifm-sensor-ve-algilama-urunleri","7":"product_tag-ifm-ii5800","8":"product_tag-induktif-sensor-iia4010zcpkg-6m-bh","10":"first","11":"instock","12":"shipping-taxable","13":"product-type-simple"},"yoast_head":"<!-- This site is optimized with the Yoast SEO plugin v27.4 - https:\/\/yoast.com\/product\/yoast-seo-wordpress\/ -->\n<title>IFM II5800 -<\/title>\n<meta name=\"description\" content=\"IFM II5800, \u0130nd\u00fcktif sens\u00f6r IIA4010ZCPKG\/6M\/BH,\" \/>\n<meta name=\"robots\" content=\"index, follow, max-snippet:-1, max-image-preview:large, max-video-preview:-1\" \/>\n<link rel=\"canonical\" href=\"https:\/\/portalendustriyel.com.tr\/index.php\/urun\/ifm-ii5800\/\" \/>\n<meta property=\"og:locale\" content=\"tr_TR\" \/>\n<meta property=\"og:type\" content=\"article\" \/>\n<meta property=\"og:title\" content=\"IFM II5800 -\" \/>\n<meta property=\"og:description\" content=\"IFM II5800, \u0130nd\u00fcktif sens\u00f6r IIA4010ZCPKG\/6M\/BH,\" \/>\n<meta property=\"og:url\" content=\"https:\/\/portalendustriyel.com.tr\/index.php\/urun\/ifm-ii5800\/\" \/>\n<meta property=\"article:modified_time\" content=\"2025-05-23T20:47:33+00:00\" \/>\n<meta property=\"og:image\" content=\"https:\/\/portalendustriyel.com.tr\/wp-content\/uploads\/2025\/05\/portalendustriyel-IFM-II5800.jpg\" \/>\n\t<meta property=\"og:image:width\" content=\"500\" \/>\n\t<meta property=\"og:image:height\" content=\"500\" \/>\n\t<meta property=\"og:image:type\" content=\"image\/jpeg\" \/>\n<meta name=\"twitter:card\" content=\"summary_large_image\" \/>\n<meta name=\"twitter:label1\" content=\"Tahmini okuma s\u00fcresi\" \/>\n\t<meta name=\"twitter:data1\" content=\"1 dakika\" \/>\n<script type=\"application\/ld+json\" class=\"yoast-schema-graph\">{\"@context\":\"https:\\\/\\\/schema.org\",\"@graph\":[{\"@type\":\"WebPage\",\"@id\":\"https:\\\/\\\/portalendustriyel.com.tr\\\/index.php\\\/urun\\\/ifm-ii5800\\\/\",\"url\":\"https:\\\/\\\/portalendustriyel.com.tr\\\/index.php\\\/urun\\\/ifm-ii5800\\\/\",\"name\":\"IFM II5800 -\",\"isPartOf\":{\"@id\":\"https:\\\/\\\/portalendustriyel.com.tr\\\/#website\"},\"primaryImageOfPage\":{\"@id\":\"https:\\\/\\\/portalendustriyel.com.tr\\\/index.php\\\/urun\\\/ifm-ii5800\\\/#primaryimage\"},\"image\":{\"@id\":\"https:\\\/\\\/portalendustriyel.com.tr\\\/index.php\\\/urun\\\/ifm-ii5800\\\/#primaryimage\"},\"thumbnailUrl\":\"https:\\\/\\\/portalendustriyel.com.tr\\\/wp-content\\\/uploads\\\/2025\\\/05\\\/portalendustriyel-IFM-II5800.jpg\",\"datePublished\":\"2025-05-23T20:47:32+00:00\",\"dateModified\":\"2025-05-23T20:47:33+00:00\",\"description\":\"IFM II5800, \u0130nd\u00fcktif sens\u00f6r IIA4010ZCPKG\\\/6M\\\/BH,\",\"breadcrumb\":{\"@id\":\"https:\\\/\\\/portalendustriyel.com.tr\\\/index.php\\\/urun\\\/ifm-ii5800\\\/#breadcrumb\"},\"inLanguage\":\"tr\",\"potentialAction\":[{\"@type\":\"ReadAction\",\"target\":[\"https:\\\/\\\/portalendustriyel.com.tr\\\/index.php\\\/urun\\\/ifm-ii5800\\\/\"]}]},{\"@type\":\"ImageObject\",\"inLanguage\":\"tr\",\"@id\":\"https:\\\/\\\/portalendustriyel.com.tr\\\/index.php\\\/urun\\\/ifm-ii5800\\\/#primaryimage\",\"url\":\"https:\\\/\\\/portalendustriyel.com.tr\\\/wp-content\\\/uploads\\\/2025\\\/05\\\/portalendustriyel-IFM-II5800.jpg\",\"contentUrl\":\"https:\\\/\\\/portalendustriyel.com.tr\\\/wp-content\\\/uploads\\\/2025\\\/05\\\/portalendustriyel-IFM-II5800.jpg\",\"width\":500,\"height\":500,\"caption\":\"IFM-II5800\"},{\"@type\":\"BreadcrumbList\",\"@id\":\"https:\\\/\\\/portalendustriyel.com.tr\\\/index.php\\\/urun\\\/ifm-ii5800\\\/#breadcrumb\",\"itemListElement\":[{\"@type\":\"ListItem\",\"position\":1,\"name\":\"Anasayfa\",\"item\":\"https:\\\/\\\/portalendustriyel.com.tr\\\/\"},{\"@type\":\"ListItem\",\"position\":2,\"name\":\"Ma\u011faza\",\"item\":\"https:\\\/\\\/portalendustriyel.com.tr\\\/index.php\\\/magaza\\\/\"},{\"@type\":\"ListItem\",\"position\":3,\"name\":\"IFM II5800\"}]},{\"@type\":\"WebSite\",\"@id\":\"https:\\\/\\\/portalendustriyel.com.tr\\\/#website\",\"url\":\"https:\\\/\\\/portalendustriyel.com.tr\\\/\",\"name\":\"www.portalendustriyel.com.tr\",\"description\":\"End&uuml;striyel &Ccedil;&ouml;z&uuml;m Orta\u011f\u0131n\u0131z\",\"publisher\":{\"@id\":\"https:\\\/\\\/portalendustriyel.com.tr\\\/#organization\"},\"potentialAction\":[{\"@type\":\"SearchAction\",\"target\":{\"@type\":\"EntryPoint\",\"urlTemplate\":\"https:\\\/\\\/portalendustriyel.com.tr\\\/?s={search_term_string}\"},\"query-input\":{\"@type\":\"PropertyValueSpecification\",\"valueRequired\":true,\"valueName\":\"search_term_string\"}}],\"inLanguage\":\"tr\"},{\"@type\":\"Organization\",\"@id\":\"https:\\\/\\\/portalendustriyel.com.tr\\\/#organization\",\"name\":\"Portal End\u00fcstriyel Sistemler San. ve Tic. Ltd. \u015eti\",\"url\":\"https:\\\/\\\/portalendustriyel.com.tr\\\/\",\"logo\":{\"@type\":\"ImageObject\",\"inLanguage\":\"tr\",\"@id\":\"https:\\\/\\\/portalendustriyel.com.tr\\\/#\\\/schema\\\/logo\\\/image\\\/\",\"url\":\"https:\\\/\\\/portalendustriyel.com.tr\\\/wp-content\\\/uploads\\\/2023\\\/10\\\/Portal-Logo.jpg\",\"contentUrl\":\"https:\\\/\\\/portalendustriyel.com.tr\\\/wp-content\\\/uploads\\\/2023\\\/10\\\/Portal-Logo.jpg\",\"width\":1277,\"height\":460,\"caption\":\"Portal End\u00fcstriyel Sistemler San. ve Tic. Ltd. \u015eti\"},\"image\":{\"@id\":\"https:\\\/\\\/portalendustriyel.com.tr\\\/#\\\/schema\\\/logo\\\/image\\\/\"},\"sameAs\":[\"https:\\\/\\\/www.linkedin.com\\\/company\\\/101302018\\\/admin\\\/feed\\\/posts\\\/\"]}]}<\/script>\n<!-- \/ Yoast SEO plugin. -->","yoast_head_json":{"title":"IFM II5800 -","description":"IFM II5800, \u0130nd\u00fcktif sens\u00f6r IIA4010ZCPKG\/6M\/BH,","robots":{"index":"index","follow":"follow","max-snippet":"max-snippet:-1","max-image-preview":"max-image-preview:large","max-video-preview":"max-video-preview:-1"},"canonical":"https:\/\/portalendustriyel.com.tr\/index.php\/urun\/ifm-ii5800\/","og_locale":"tr_TR","og_type":"article","og_title":"IFM II5800 -","og_description":"IFM II5800, \u0130nd\u00fcktif sens\u00f6r IIA4010ZCPKG\/6M\/BH,","og_url":"https:\/\/portalendustriyel.com.tr\/index.php\/urun\/ifm-ii5800\/","article_modified_time":"2025-05-23T20:47:33+00:00","og_image":[{"width":500,"height":500,"url":"https:\/\/portalendustriyel.com.tr\/wp-content\/uploads\/2025\/05\/portalendustriyel-IFM-II5800.jpg","type":"image\/jpeg"}],"twitter_card":"summary_large_image","twitter_misc":{"Tahmini okuma s\u00fcresi":"1 dakika"},"schema":{"@context":"https:\/\/schema.org","@graph":[{"@type":"WebPage","@id":"https:\/\/portalendustriyel.com.tr\/index.php\/urun\/ifm-ii5800\/","url":"https:\/\/portalendustriyel.com.tr\/index.php\/urun\/ifm-ii5800\/","name":"IFM II5800 -","isPartOf":{"@id":"https:\/\/portalendustriyel.com.tr\/#website"},"primaryImageOfPage":{"@id":"https:\/\/portalendustriyel.com.tr\/index.php\/urun\/ifm-ii5800\/#primaryimage"},"image":{"@id":"https:\/\/portalendustriyel.com.tr\/index.php\/urun\/ifm-ii5800\/#primaryimage"},"thumbnailUrl":"https:\/\/portalendustriyel.com.tr\/wp-content\/uploads\/2025\/05\/portalendustriyel-IFM-II5800.jpg","datePublished":"2025-05-23T20:47:32+00:00","dateModified":"2025-05-23T20:47:33+00:00","description":"IFM II5800, \u0130nd\u00fcktif sens\u00f6r IIA4010ZCPKG\/6M\/BH,","breadcrumb":{"@id":"https:\/\/portalendustriyel.com.tr\/index.php\/urun\/ifm-ii5800\/#breadcrumb"},"inLanguage":"tr","potentialAction":[{"@type":"ReadAction","target":["https:\/\/portalendustriyel.com.tr\/index.php\/urun\/ifm-ii5800\/"]}]},{"@type":"ImageObject","inLanguage":"tr","@id":"https:\/\/portalendustriyel.com.tr\/index.php\/urun\/ifm-ii5800\/#primaryimage","url":"https:\/\/portalendustriyel.com.tr\/wp-content\/uploads\/2025\/05\/portalendustriyel-IFM-II5800.jpg","contentUrl":"https:\/\/portalendustriyel.com.tr\/wp-content\/uploads\/2025\/05\/portalendustriyel-IFM-II5800.jpg","width":500,"height":500,"caption":"IFM-II5800"},{"@type":"BreadcrumbList","@id":"https:\/\/portalendustriyel.com.tr\/index.php\/urun\/ifm-ii5800\/#breadcrumb","itemListElement":[{"@type":"ListItem","position":1,"name":"Anasayfa","item":"https:\/\/portalendustriyel.com.tr\/"},{"@type":"ListItem","position":2,"name":"Ma\u011faza","item":"https:\/\/portalendustriyel.com.tr\/index.php\/magaza\/"},{"@type":"ListItem","position":3,"name":"IFM II5800"}]},{"@type":"WebSite","@id":"https:\/\/portalendustriyel.com.tr\/#website","url":"https:\/\/portalendustriyel.com.tr\/","name":"www.portalendustriyel.com.tr","description":"End&uuml;striyel &Ccedil;&ouml;z&uuml;m Orta\u011f\u0131n\u0131z","publisher":{"@id":"https:\/\/portalendustriyel.com.tr\/#organization"},"potentialAction":[{"@type":"SearchAction","target":{"@type":"EntryPoint","urlTemplate":"https:\/\/portalendustriyel.com.tr\/?s={search_term_string}"},"query-input":{"@type":"PropertyValueSpecification","valueRequired":true,"valueName":"search_term_string"}}],"inLanguage":"tr"},{"@type":"Organization","@id":"https:\/\/portalendustriyel.com.tr\/#organization","name":"Portal End\u00fcstriyel Sistemler San. ve Tic. Ltd. \u015eti","url":"https:\/\/portalendustriyel.com.tr\/","logo":{"@type":"ImageObject","inLanguage":"tr","@id":"https:\/\/portalendustriyel.com.tr\/#\/schema\/logo\/image\/","url":"https:\/\/portalendustriyel.com.tr\/wp-content\/uploads\/2023\/10\/Portal-Logo.jpg","contentUrl":"https:\/\/portalendustriyel.com.tr\/wp-content\/uploads\/2023\/10\/Portal-Logo.jpg","width":1277,"height":460,"caption":"Portal End\u00fcstriyel Sistemler San. ve Tic. Ltd. \u015eti"},"image":{"@id":"https:\/\/portalendustriyel.com.tr\/#\/schema\/logo\/image\/"},"sameAs":["https:\/\/www.linkedin.com\/company\/101302018\/admin\/feed\/posts\/"]}]}},"_links":{"self":[{"href":"https:\/\/portalendustriyel.com.tr\/index.php\/wp-json\/wp\/v2\/product\/5008","targetHints":{"allow":["GET"]}}],"collection":[{"href":"https:\/\/portalendustriyel.com.tr\/index.php\/wp-json\/wp\/v2\/product"}],"about":[{"href":"https:\/\/portalendustriyel.com.tr\/index.php\/wp-json\/wp\/v2\/types\/product"}],"replies":[{"embeddable":true,"href":"https:\/\/portalendustriyel.com.tr\/index.php\/wp-json\/wp\/v2\/comments?post=5008"}],"wp:featuredmedia":[{"embeddable":true,"href":"https:\/\/portalendustriyel.com.tr\/index.php\/wp-json\/wp\/v2\/media\/5009"}],"wp:attachment":[{"href":"https:\/\/portalendustriyel.com.tr\/index.php\/wp-json\/wp\/v2\/media?parent=5008"}],"wp:term":[{"taxonomy":"product_brand","embeddable":true,"href":"https:\/\/portalendustriyel.com.tr\/index.php\/wp-json\/wp\/v2\/product_brand?post=5008"},{"taxonomy":"product_cat","embeddable":true,"href":"https:\/\/portalendustriyel.com.tr\/index.php\/wp-json\/wp\/v2\/product_cat?post=5008"},{"taxonomy":"product_tag","embeddable":true,"href":"https:\/\/portalendustriyel.com.tr\/index.php\/wp-json\/wp\/v2\/product_tag?post=5008"}],"curies":[{"name":"wp","href":"https:\/\/api.w.org\/{rel}","templated":true}]}}