{"id":5464,"date":"2025-10-21T17:20:52","date_gmt":"2025-10-21T17:20:52","guid":{"rendered":"https:\/\/portalendustriyel.com.tr\/?post_type=product&#038;p=5464"},"modified":"2025-10-21T17:20:53","modified_gmt":"2025-10-21T17:20:53","slug":"ifm-ig5841-igk3012-bpkg-us-104","status":"publish","type":"product","link":"https:\/\/portalendustriyel.com.tr\/index.php\/urun\/ifm-ig5841-igk3012-bpkg-us-104\/","title":{"rendered":"ifm IG5841 IGK3012-BPKG\/US-104"},"content":{"rendered":"<p>ifm IG5841 IGK3012-BPKG\/US-104<\/p>\n<p>M18 \u0130nd\u00fcktif Sens\u00f6r<\/p>\n<ul class=\"ifm-product-detail-head__list\" data-test=\"product-bullet-points\">\n<li class=\"ifm-product-detail-head__list-item\">Zorlu end\u00fcstriyel ortamlarda kullan\u0131m i\u00e7in sa\u011flam metal g\u00f6vde<\/li>\n<li class=\"ifm-product-detail-head__list-item\">Y\u00fcksek \u00e7al\u0131\u015fma s\u00fcresi i\u00e7in uzun alg\u0131 menzili<\/li>\n<li class=\"ifm-product-detail-head__list-item\">Geni\u015f \u00e7al\u0131\u015fma s\u0131cakl\u0131\u011f\u0131 aral\u0131\u011f\u0131<\/li>\n<li class=\"ifm-product-detail-head__list-item\">Zorlu end\u00fcstriyel ortamlar\u0131n gereksinimleri i\u00e7in y\u00fcksek koruma s\u0131n\u0131f\u0131<\/li>\n<\/ul>\n<p>Boy 70mm Alg\u0131lama Mesafesi 12mm<\/p>\n<p>10&#8230;30V DC PNP NO<\/p>\n","protected":false},"excerpt":{"rendered":"<p>ifm IG5841 IGK3012-BPKG\/US-104 M18 \u0130nd\u00fcktif Sens\u00f6r Zorlu end\u00fcstriyel ortamlarda kullan\u0131m i\u00e7in sa\u011flam metal g\u00f6vde Y\u00fcksek \u00e7al\u0131\u015fma s\u00fcresi i\u00e7in uzun alg\u0131 menzili Geni\u015f \u00e7al\u0131\u015fma s\u0131cakl\u0131\u011f\u0131 aral\u0131\u011f\u0131 Zorlu end\u00fcstriyel ortamlar\u0131n gereksinimleri i\u00e7in y\u00fcksek koruma s\u0131n\u0131f\u0131 Boy 70mm Alg\u0131lama Mesafesi 12mm 10&#8230;30V DC PNP NO<\/p>\n","protected":false},"featured_media":5465,"comment_status":"open","ping_status":"closed","template":"","meta":{"neve_meta_sidebar":"","neve_meta_container":"full-width","neve_meta_enable_content_width":"off","neve_meta_content_width":100,"neve_meta_title_alignment":"","neve_meta_author_avatar":"","neve_post_elements_order":"","neve_meta_disable_header":"","neve_meta_disable_footer":"","neve_meta_disable_title":""},"product_brand":[],"product_cat":[2417],"product_tag":[3122,3123],"class_list":{"0":"post-5464","1":"product","2":"type-product","3":"status-publish","4":"has-post-thumbnail","6":"product_cat-ifm-sensor-ve-algilama-urunleri","7":"product_tag-ig5841","8":"product_tag-igk3012-bpkg-us-104","10":"first","11":"instock","12":"shipping-taxable","13":"product-type-simple"},"yoast_head":"<!-- This site is optimized with the Yoast SEO plugin v27.4 - https:\/\/yoast.com\/product\/yoast-seo-wordpress\/ -->\n<title>ifm IG5841 IGK3012-BPKG\/US-104 -<\/title>\n<meta name=\"description\" content=\"ifm IG5841 IGK3012-BPKG\/US-104, M18 \u0130nd\u00fcktif Sens\u00f6r, Boy 70mm Alg\u0131lama Mesafesi 12mm, 10...30V DC PNP NO\" \/>\n<meta name=\"robots\" content=\"index, follow, max-snippet:-1, max-image-preview:large, max-video-preview:-1\" \/>\n<link rel=\"canonical\" href=\"https:\/\/portalendustriyel.com.tr\/index.php\/urun\/ifm-ig5841-igk3012-bpkg-us-104\/\" \/>\n<meta property=\"og:locale\" content=\"tr_TR\" \/>\n<meta property=\"og:type\" content=\"article\" \/>\n<meta property=\"og:title\" content=\"ifm IG5841 IGK3012-BPKG\/US-104 -\" \/>\n<meta property=\"og:description\" content=\"ifm IG5841 IGK3012-BPKG\/US-104, M18 \u0130nd\u00fcktif Sens\u00f6r, Boy 70mm Alg\u0131lama Mesafesi 12mm, 10...30V DC PNP NO\" \/>\n<meta property=\"og:url\" content=\"https:\/\/portalendustriyel.com.tr\/index.php\/urun\/ifm-ig5841-igk3012-bpkg-us-104\/\" \/>\n<meta property=\"article:modified_time\" content=\"2025-10-21T17:20:53+00:00\" \/>\n<meta property=\"og:image\" content=\"https:\/\/portalendustriyel.com.tr\/wp-content\/uploads\/2025\/10\/portalendustriyel-ifm-IG5841.jpg\" \/>\n\t<meta property=\"og:image:width\" content=\"500\" \/>\n\t<meta property=\"og:image:height\" content=\"500\" \/>\n\t<meta property=\"og:image:type\" content=\"image\/jpeg\" \/>\n<meta name=\"twitter:card\" content=\"summary_large_image\" \/>\n<meta name=\"twitter:label1\" content=\"Tahmini okuma s\u00fcresi\" \/>\n\t<meta name=\"twitter:data1\" content=\"1 dakika\" \/>\n<script type=\"application\/ld+json\" class=\"yoast-schema-graph\">{\"@context\":\"https:\\\/\\\/schema.org\",\"@graph\":[{\"@type\":\"WebPage\",\"@id\":\"https:\\\/\\\/portalendustriyel.com.tr\\\/index.php\\\/urun\\\/ifm-ig5841-igk3012-bpkg-us-104\\\/\",\"url\":\"https:\\\/\\\/portalendustriyel.com.tr\\\/index.php\\\/urun\\\/ifm-ig5841-igk3012-bpkg-us-104\\\/\",\"name\":\"ifm IG5841 IGK3012-BPKG\\\/US-104 -\",\"isPartOf\":{\"@id\":\"https:\\\/\\\/portalendustriyel.com.tr\\\/#website\"},\"primaryImageOfPage\":{\"@id\":\"https:\\\/\\\/portalendustriyel.com.tr\\\/index.php\\\/urun\\\/ifm-ig5841-igk3012-bpkg-us-104\\\/#primaryimage\"},\"image\":{\"@id\":\"https:\\\/\\\/portalendustriyel.com.tr\\\/index.php\\\/urun\\\/ifm-ig5841-igk3012-bpkg-us-104\\\/#primaryimage\"},\"thumbnailUrl\":\"https:\\\/\\\/portalendustriyel.com.tr\\\/wp-content\\\/uploads\\\/2025\\\/10\\\/portalendustriyel-ifm-IG5841.jpg\",\"datePublished\":\"2025-10-21T17:20:52+00:00\",\"dateModified\":\"2025-10-21T17:20:53+00:00\",\"description\":\"ifm IG5841 IGK3012-BPKG\\\/US-104, M18 \u0130nd\u00fcktif Sens\u00f6r, Boy 70mm Alg\u0131lama Mesafesi 12mm, 10...30V DC PNP NO\",\"breadcrumb\":{\"@id\":\"https:\\\/\\\/portalendustriyel.com.tr\\\/index.php\\\/urun\\\/ifm-ig5841-igk3012-bpkg-us-104\\\/#breadcrumb\"},\"inLanguage\":\"tr\",\"potentialAction\":[{\"@type\":\"ReadAction\",\"target\":[\"https:\\\/\\\/portalendustriyel.com.tr\\\/index.php\\\/urun\\\/ifm-ig5841-igk3012-bpkg-us-104\\\/\"]}]},{\"@type\":\"ImageObject\",\"inLanguage\":\"tr\",\"@id\":\"https:\\\/\\\/portalendustriyel.com.tr\\\/index.php\\\/urun\\\/ifm-ig5841-igk3012-bpkg-us-104\\\/#primaryimage\",\"url\":\"https:\\\/\\\/portalendustriyel.com.tr\\\/wp-content\\\/uploads\\\/2025\\\/10\\\/portalendustriyel-ifm-IG5841.jpg\",\"contentUrl\":\"https:\\\/\\\/portalendustriyel.com.tr\\\/wp-content\\\/uploads\\\/2025\\\/10\\\/portalendustriyel-ifm-IG5841.jpg\",\"width\":500,\"height\":500},{\"@type\":\"BreadcrumbList\",\"@id\":\"https:\\\/\\\/portalendustriyel.com.tr\\\/index.php\\\/urun\\\/ifm-ig5841-igk3012-bpkg-us-104\\\/#breadcrumb\",\"itemListElement\":[{\"@type\":\"ListItem\",\"position\":1,\"name\":\"Anasayfa\",\"item\":\"https:\\\/\\\/portalendustriyel.com.tr\\\/\"},{\"@type\":\"ListItem\",\"position\":2,\"name\":\"Ma\u011faza\",\"item\":\"https:\\\/\\\/portalendustriyel.com.tr\\\/index.php\\\/magaza\\\/\"},{\"@type\":\"ListItem\",\"position\":3,\"name\":\"ifm IG5841 IGK3012-BPKG\\\/US-104\"}]},{\"@type\":\"WebSite\",\"@id\":\"https:\\\/\\\/portalendustriyel.com.tr\\\/#website\",\"url\":\"https:\\\/\\\/portalendustriyel.com.tr\\\/\",\"name\":\"www.portalendustriyel.com.tr\",\"description\":\"End&uuml;striyel &Ccedil;&ouml;z&uuml;m Orta\u011f\u0131n\u0131z\",\"publisher\":{\"@id\":\"https:\\\/\\\/portalendustriyel.com.tr\\\/#organization\"},\"potentialAction\":[{\"@type\":\"SearchAction\",\"target\":{\"@type\":\"EntryPoint\",\"urlTemplate\":\"https:\\\/\\\/portalendustriyel.com.tr\\\/?s={search_term_string}\"},\"query-input\":{\"@type\":\"PropertyValueSpecification\",\"valueRequired\":true,\"valueName\":\"search_term_string\"}}],\"inLanguage\":\"tr\"},{\"@type\":\"Organization\",\"@id\":\"https:\\\/\\\/portalendustriyel.com.tr\\\/#organization\",\"name\":\"Portal End\u00fcstriyel Sistemler San. ve Tic. Ltd. \u015eti\",\"url\":\"https:\\\/\\\/portalendustriyel.com.tr\\\/\",\"logo\":{\"@type\":\"ImageObject\",\"inLanguage\":\"tr\",\"@id\":\"https:\\\/\\\/portalendustriyel.com.tr\\\/#\\\/schema\\\/logo\\\/image\\\/\",\"url\":\"https:\\\/\\\/portalendustriyel.com.tr\\\/wp-content\\\/uploads\\\/2023\\\/10\\\/Portal-Logo.jpg\",\"contentUrl\":\"https:\\\/\\\/portalendustriyel.com.tr\\\/wp-content\\\/uploads\\\/2023\\\/10\\\/Portal-Logo.jpg\",\"width\":1277,\"height\":460,\"caption\":\"Portal End\u00fcstriyel Sistemler San. ve Tic. Ltd. \u015eti\"},\"image\":{\"@id\":\"https:\\\/\\\/portalendustriyel.com.tr\\\/#\\\/schema\\\/logo\\\/image\\\/\"},\"sameAs\":[\"https:\\\/\\\/www.linkedin.com\\\/company\\\/101302018\\\/admin\\\/feed\\\/posts\\\/\"]}]}<\/script>\n<!-- \/ Yoast SEO plugin. -->","yoast_head_json":{"title":"ifm IG5841 IGK3012-BPKG\/US-104 -","description":"ifm IG5841 IGK3012-BPKG\/US-104, M18 \u0130nd\u00fcktif Sens\u00f6r, Boy 70mm Alg\u0131lama Mesafesi 12mm, 10...30V DC PNP NO","robots":{"index":"index","follow":"follow","max-snippet":"max-snippet:-1","max-image-preview":"max-image-preview:large","max-video-preview":"max-video-preview:-1"},"canonical":"https:\/\/portalendustriyel.com.tr\/index.php\/urun\/ifm-ig5841-igk3012-bpkg-us-104\/","og_locale":"tr_TR","og_type":"article","og_title":"ifm IG5841 IGK3012-BPKG\/US-104 -","og_description":"ifm IG5841 IGK3012-BPKG\/US-104, M18 \u0130nd\u00fcktif Sens\u00f6r, Boy 70mm Alg\u0131lama Mesafesi 12mm, 10...30V DC PNP NO","og_url":"https:\/\/portalendustriyel.com.tr\/index.php\/urun\/ifm-ig5841-igk3012-bpkg-us-104\/","article_modified_time":"2025-10-21T17:20:53+00:00","og_image":[{"width":500,"height":500,"url":"https:\/\/portalendustriyel.com.tr\/wp-content\/uploads\/2025\/10\/portalendustriyel-ifm-IG5841.jpg","type":"image\/jpeg"}],"twitter_card":"summary_large_image","twitter_misc":{"Tahmini okuma s\u00fcresi":"1 dakika"},"schema":{"@context":"https:\/\/schema.org","@graph":[{"@type":"WebPage","@id":"https:\/\/portalendustriyel.com.tr\/index.php\/urun\/ifm-ig5841-igk3012-bpkg-us-104\/","url":"https:\/\/portalendustriyel.com.tr\/index.php\/urun\/ifm-ig5841-igk3012-bpkg-us-104\/","name":"ifm IG5841 IGK3012-BPKG\/US-104 -","isPartOf":{"@id":"https:\/\/portalendustriyel.com.tr\/#website"},"primaryImageOfPage":{"@id":"https:\/\/portalendustriyel.com.tr\/index.php\/urun\/ifm-ig5841-igk3012-bpkg-us-104\/#primaryimage"},"image":{"@id":"https:\/\/portalendustriyel.com.tr\/index.php\/urun\/ifm-ig5841-igk3012-bpkg-us-104\/#primaryimage"},"thumbnailUrl":"https:\/\/portalendustriyel.com.tr\/wp-content\/uploads\/2025\/10\/portalendustriyel-ifm-IG5841.jpg","datePublished":"2025-10-21T17:20:52+00:00","dateModified":"2025-10-21T17:20:53+00:00","description":"ifm IG5841 IGK3012-BPKG\/US-104, M18 \u0130nd\u00fcktif Sens\u00f6r, Boy 70mm Alg\u0131lama Mesafesi 12mm, 10...30V DC PNP NO","breadcrumb":{"@id":"https:\/\/portalendustriyel.com.tr\/index.php\/urun\/ifm-ig5841-igk3012-bpkg-us-104\/#breadcrumb"},"inLanguage":"tr","potentialAction":[{"@type":"ReadAction","target":["https:\/\/portalendustriyel.com.tr\/index.php\/urun\/ifm-ig5841-igk3012-bpkg-us-104\/"]}]},{"@type":"ImageObject","inLanguage":"tr","@id":"https:\/\/portalendustriyel.com.tr\/index.php\/urun\/ifm-ig5841-igk3012-bpkg-us-104\/#primaryimage","url":"https:\/\/portalendustriyel.com.tr\/wp-content\/uploads\/2025\/10\/portalendustriyel-ifm-IG5841.jpg","contentUrl":"https:\/\/portalendustriyel.com.tr\/wp-content\/uploads\/2025\/10\/portalendustriyel-ifm-IG5841.jpg","width":500,"height":500},{"@type":"BreadcrumbList","@id":"https:\/\/portalendustriyel.com.tr\/index.php\/urun\/ifm-ig5841-igk3012-bpkg-us-104\/#breadcrumb","itemListElement":[{"@type":"ListItem","position":1,"name":"Anasayfa","item":"https:\/\/portalendustriyel.com.tr\/"},{"@type":"ListItem","position":2,"name":"Ma\u011faza","item":"https:\/\/portalendustriyel.com.tr\/index.php\/magaza\/"},{"@type":"ListItem","position":3,"name":"ifm IG5841 IGK3012-BPKG\/US-104"}]},{"@type":"WebSite","@id":"https:\/\/portalendustriyel.com.tr\/#website","url":"https:\/\/portalendustriyel.com.tr\/","name":"www.portalendustriyel.com.tr","description":"End&uuml;striyel &Ccedil;&ouml;z&uuml;m Orta\u011f\u0131n\u0131z","publisher":{"@id":"https:\/\/portalendustriyel.com.tr\/#organization"},"potentialAction":[{"@type":"SearchAction","target":{"@type":"EntryPoint","urlTemplate":"https:\/\/portalendustriyel.com.tr\/?s={search_term_string}"},"query-input":{"@type":"PropertyValueSpecification","valueRequired":true,"valueName":"search_term_string"}}],"inLanguage":"tr"},{"@type":"Organization","@id":"https:\/\/portalendustriyel.com.tr\/#organization","name":"Portal End\u00fcstriyel Sistemler San. ve Tic. Ltd. \u015eti","url":"https:\/\/portalendustriyel.com.tr\/","logo":{"@type":"ImageObject","inLanguage":"tr","@id":"https:\/\/portalendustriyel.com.tr\/#\/schema\/logo\/image\/","url":"https:\/\/portalendustriyel.com.tr\/wp-content\/uploads\/2023\/10\/Portal-Logo.jpg","contentUrl":"https:\/\/portalendustriyel.com.tr\/wp-content\/uploads\/2023\/10\/Portal-Logo.jpg","width":1277,"height":460,"caption":"Portal End\u00fcstriyel Sistemler San. ve Tic. Ltd. \u015eti"},"image":{"@id":"https:\/\/portalendustriyel.com.tr\/#\/schema\/logo\/image\/"},"sameAs":["https:\/\/www.linkedin.com\/company\/101302018\/admin\/feed\/posts\/"]}]}},"_links":{"self":[{"href":"https:\/\/portalendustriyel.com.tr\/index.php\/wp-json\/wp\/v2\/product\/5464","targetHints":{"allow":["GET"]}}],"collection":[{"href":"https:\/\/portalendustriyel.com.tr\/index.php\/wp-json\/wp\/v2\/product"}],"about":[{"href":"https:\/\/portalendustriyel.com.tr\/index.php\/wp-json\/wp\/v2\/types\/product"}],"replies":[{"embeddable":true,"href":"https:\/\/portalendustriyel.com.tr\/index.php\/wp-json\/wp\/v2\/comments?post=5464"}],"wp:featuredmedia":[{"embeddable":true,"href":"https:\/\/portalendustriyel.com.tr\/index.php\/wp-json\/wp\/v2\/media\/5465"}],"wp:attachment":[{"href":"https:\/\/portalendustriyel.com.tr\/index.php\/wp-json\/wp\/v2\/media?parent=5464"}],"wp:term":[{"taxonomy":"product_brand","embeddable":true,"href":"https:\/\/portalendustriyel.com.tr\/index.php\/wp-json\/wp\/v2\/product_brand?post=5464"},{"taxonomy":"product_cat","embeddable":true,"href":"https:\/\/portalendustriyel.com.tr\/index.php\/wp-json\/wp\/v2\/product_cat?post=5464"},{"taxonomy":"product_tag","embeddable":true,"href":"https:\/\/portalendustriyel.com.tr\/index.php\/wp-json\/wp\/v2\/product_tag?post=5464"}],"curies":[{"name":"wp","href":"https:\/\/api.w.org\/{rel}","templated":true}]}}