{"id":680,"date":"2024-01-27T13:35:22","date_gmt":"2024-01-27T13:35:22","guid":{"rendered":"https:\/\/portalendustriyel.com.tr\/index.php\/urun\/og18-k600cp6\/"},"modified":"2024-02-09T19:47:36","modified_gmt":"2024-02-09T19:47:36","slug":"og18-k600cp6","status":"publish","type":"product","link":"https:\/\/portalendustriyel.com.tr\/index.php\/urun\/og18-k600cp6\/","title":{"rendered":"OG18-K600CP6"},"content":{"rendered":"<p>OG18 SER\u0130S\u0130 Plastik G\u00f6vde<br \/>\n Silindirik M18 Cisimden Yans\u0131mal\u0131 Fotoelektrik Sens\u00f6r<br \/>\n 2 Metre Kablo \u00c7\u0131k\u0131\u015fl\u0131<br \/>\n 600mm Alg\u0131lama Mesafesi<br \/>\n PNP \u00c7\u0131k\u0131\u015f IP67 Koruma S\u0131n\u0131f\u0131<\/p>\n","protected":false},"excerpt":{"rendered":"<p>OG18 SER\u0130S\u0130 Plastik G\u00f6vde Silindirik M18 Cisimden Yans\u0131mal\u0131 Fotoelektrik Sens\u00f6r 2 Metre Kablo \u00c7\u0131k\u0131\u015fl\u0131 600mm Alg\u0131lama Mesafesi PNP \u00c7\u0131k\u0131\u015f IP67 Koruma S\u0131n\u0131f\u0131<\/p>\n","protected":false},"featured_media":603,"comment_status":"open","ping_status":"closed","template":"","meta":{"neve_meta_sidebar":"","neve_meta_container":"","neve_meta_enable_content_width":"","neve_meta_content_width":0,"neve_meta_title_alignment":"","neve_meta_author_avatar":"","neve_post_elements_order":"","neve_meta_disable_header":"","neve_meta_disable_footer":"","neve_meta_disable_title":""},"product_brand":[],"product_cat":[54],"product_tag":[56,57,55,60,58,64,61,62,63,59],"class_list":{"0":"post-680","1":"product","2":"type-product","3":"status-publish","4":"has-post-thumbnail","6":"product_cat-optik-sensorler","7":"product_tag-optik-algilama-sensoru","8":"product_tag-optik-algilama-teknolojisi","9":"product_tag-optik-sensor","10":"product_tag-optik-sensorlerin-avantajlari-ve-dezavantajlari","11":"product_tag-optik-sensorlerin-calisma-prensipleri","12":"product_tag-optik-sensorlerin-calisma-prensipleri-ve-kullanimi","13":"product_tag-optik-sensorlerin-cesitleri","14":"product_tag-optik-sensorlerin-endustriyel-uygulamalari","15":"product_tag-optik-sensorlerin-fiyatlari","16":"product_tag-optik-sensorlerin-kullanim-alanlari","18":"first","19":"instock","20":"shipping-taxable","21":"product-type-simple"},"yoast_head":"<!-- This site is optimized with the Yoast SEO plugin v27.4 - https:\/\/yoast.com\/product\/yoast-seo-wordpress\/ -->\n<title>OG18-K600CP6 -<\/title>\n<meta name=\"robots\" content=\"index, follow, max-snippet:-1, max-image-preview:large, max-video-preview:-1\" \/>\n<link rel=\"canonical\" href=\"https:\/\/portalendustriyel.com.tr\/index.php\/urun\/og18-k600cp6\/\" \/>\n<meta property=\"og:locale\" content=\"tr_TR\" \/>\n<meta property=\"og:type\" content=\"article\" \/>\n<meta property=\"og:title\" content=\"OG18-K600CP6 -\" \/>\n<meta property=\"og:description\" content=\"OG18 SER\u0130S\u0130 Plastik G\u00f6vde Silindirik M18 Cisimden Yans\u0131mal\u0131 Fotoelektrik Sens\u00f6r 2 Metre Kablo \u00c7\u0131k\u0131\u015fl\u0131 600mm Alg\u0131lama Mesafesi PNP \u00c7\u0131k\u0131\u015f IP67 Koruma S\u0131n\u0131f\u0131\" \/>\n<meta property=\"og:url\" content=\"https:\/\/portalendustriyel.com.tr\/index.php\/urun\/og18-k600cp6\/\" \/>\n<meta property=\"article:modified_time\" content=\"2024-02-09T19:47:36+00:00\" \/>\n<meta property=\"og:image\" content=\"https:\/\/portalendustriyel.com.tr\/wp-content\/uploads\/2024\/01\/OG18-K600CP6Q.jpg\" \/>\n\t<meta property=\"og:image:width\" content=\"500\" \/>\n\t<meta property=\"og:image:height\" content=\"500\" \/>\n\t<meta property=\"og:image:type\" content=\"image\/jpeg\" \/>\n<meta name=\"twitter:card\" content=\"summary_large_image\" \/>\n<script type=\"application\/ld+json\" class=\"yoast-schema-graph\">{\"@context\":\"https:\\\/\\\/schema.org\",\"@graph\":[{\"@type\":\"WebPage\",\"@id\":\"https:\\\/\\\/portalendustriyel.com.tr\\\/index.php\\\/urun\\\/og18-k600cp6\\\/\",\"url\":\"https:\\\/\\\/portalendustriyel.com.tr\\\/index.php\\\/urun\\\/og18-k600cp6\\\/\",\"name\":\"OG18-K600CP6 -\",\"isPartOf\":{\"@id\":\"https:\\\/\\\/portalendustriyel.com.tr\\\/#website\"},\"primaryImageOfPage\":{\"@id\":\"https:\\\/\\\/portalendustriyel.com.tr\\\/index.php\\\/urun\\\/og18-k600cp6\\\/#primaryimage\"},\"image\":{\"@id\":\"https:\\\/\\\/portalendustriyel.com.tr\\\/index.php\\\/urun\\\/og18-k600cp6\\\/#primaryimage\"},\"thumbnailUrl\":\"https:\\\/\\\/portalendustriyel.com.tr\\\/wp-content\\\/uploads\\\/2024\\\/01\\\/OG18-K600CP6Q.jpg\",\"datePublished\":\"2024-01-27T13:35:22+00:00\",\"dateModified\":\"2024-02-09T19:47:36+00:00\",\"breadcrumb\":{\"@id\":\"https:\\\/\\\/portalendustriyel.com.tr\\\/index.php\\\/urun\\\/og18-k600cp6\\\/#breadcrumb\"},\"inLanguage\":\"tr\",\"potentialAction\":[{\"@type\":\"ReadAction\",\"target\":[\"https:\\\/\\\/portalendustriyel.com.tr\\\/index.php\\\/urun\\\/og18-k600cp6\\\/\"]}]},{\"@type\":\"ImageObject\",\"inLanguage\":\"tr\",\"@id\":\"https:\\\/\\\/portalendustriyel.com.tr\\\/index.php\\\/urun\\\/og18-k600cp6\\\/#primaryimage\",\"url\":\"https:\\\/\\\/portalendustriyel.com.tr\\\/wp-content\\\/uploads\\\/2024\\\/01\\\/OG18-K600CP6Q.jpg\",\"contentUrl\":\"https:\\\/\\\/portalendustriyel.com.tr\\\/wp-content\\\/uploads\\\/2024\\\/01\\\/OG18-K600CP6Q.jpg\",\"width\":500,\"height\":500},{\"@type\":\"BreadcrumbList\",\"@id\":\"https:\\\/\\\/portalendustriyel.com.tr\\\/index.php\\\/urun\\\/og18-k600cp6\\\/#breadcrumb\",\"itemListElement\":[{\"@type\":\"ListItem\",\"position\":1,\"name\":\"Anasayfa\",\"item\":\"https:\\\/\\\/portalendustriyel.com.tr\\\/\"},{\"@type\":\"ListItem\",\"position\":2,\"name\":\"Ma\u011faza\",\"item\":\"https:\\\/\\\/portalendustriyel.com.tr\\\/index.php\\\/magaza\\\/\"},{\"@type\":\"ListItem\",\"position\":3,\"name\":\"OG18-K600CP6\"}]},{\"@type\":\"WebSite\",\"@id\":\"https:\\\/\\\/portalendustriyel.com.tr\\\/#website\",\"url\":\"https:\\\/\\\/portalendustriyel.com.tr\\\/\",\"name\":\"www.portalendustriyel.com.tr\",\"description\":\"End&uuml;striyel &Ccedil;&ouml;z&uuml;m Orta\u011f\u0131n\u0131z\",\"publisher\":{\"@id\":\"https:\\\/\\\/portalendustriyel.com.tr\\\/#organization\"},\"potentialAction\":[{\"@type\":\"SearchAction\",\"target\":{\"@type\":\"EntryPoint\",\"urlTemplate\":\"https:\\\/\\\/portalendustriyel.com.tr\\\/?s={search_term_string}\"},\"query-input\":{\"@type\":\"PropertyValueSpecification\",\"valueRequired\":true,\"valueName\":\"search_term_string\"}}],\"inLanguage\":\"tr\"},{\"@type\":\"Organization\",\"@id\":\"https:\\\/\\\/portalendustriyel.com.tr\\\/#organization\",\"name\":\"Portal End\u00fcstriyel Sistemler San. ve Tic. Ltd. \u015eti\",\"url\":\"https:\\\/\\\/portalendustriyel.com.tr\\\/\",\"logo\":{\"@type\":\"ImageObject\",\"inLanguage\":\"tr\",\"@id\":\"https:\\\/\\\/portalendustriyel.com.tr\\\/#\\\/schema\\\/logo\\\/image\\\/\",\"url\":\"https:\\\/\\\/portalendustriyel.com.tr\\\/wp-content\\\/uploads\\\/2023\\\/10\\\/Portal-Logo.jpg\",\"contentUrl\":\"https:\\\/\\\/portalendustriyel.com.tr\\\/wp-content\\\/uploads\\\/2023\\\/10\\\/Portal-Logo.jpg\",\"width\":1277,\"height\":460,\"caption\":\"Portal End\u00fcstriyel Sistemler San. ve Tic. Ltd. \u015eti\"},\"image\":{\"@id\":\"https:\\\/\\\/portalendustriyel.com.tr\\\/#\\\/schema\\\/logo\\\/image\\\/\"},\"sameAs\":[\"https:\\\/\\\/www.linkedin.com\\\/company\\\/101302018\\\/admin\\\/feed\\\/posts\\\/\"]}]}<\/script>\n<!-- \/ Yoast SEO plugin. -->","yoast_head_json":{"title":"OG18-K600CP6 -","robots":{"index":"index","follow":"follow","max-snippet":"max-snippet:-1","max-image-preview":"max-image-preview:large","max-video-preview":"max-video-preview:-1"},"canonical":"https:\/\/portalendustriyel.com.tr\/index.php\/urun\/og18-k600cp6\/","og_locale":"tr_TR","og_type":"article","og_title":"OG18-K600CP6 -","og_description":"OG18 SER\u0130S\u0130 Plastik G\u00f6vde Silindirik M18 Cisimden Yans\u0131mal\u0131 Fotoelektrik Sens\u00f6r 2 Metre Kablo \u00c7\u0131k\u0131\u015fl\u0131 600mm Alg\u0131lama Mesafesi PNP \u00c7\u0131k\u0131\u015f IP67 Koruma S\u0131n\u0131f\u0131","og_url":"https:\/\/portalendustriyel.com.tr\/index.php\/urun\/og18-k600cp6\/","article_modified_time":"2024-02-09T19:47:36+00:00","og_image":[{"width":500,"height":500,"url":"https:\/\/portalendustriyel.com.tr\/wp-content\/uploads\/2024\/01\/OG18-K600CP6Q.jpg","type":"image\/jpeg"}],"twitter_card":"summary_large_image","schema":{"@context":"https:\/\/schema.org","@graph":[{"@type":"WebPage","@id":"https:\/\/portalendustriyel.com.tr\/index.php\/urun\/og18-k600cp6\/","url":"https:\/\/portalendustriyel.com.tr\/index.php\/urun\/og18-k600cp6\/","name":"OG18-K600CP6 -","isPartOf":{"@id":"https:\/\/portalendustriyel.com.tr\/#website"},"primaryImageOfPage":{"@id":"https:\/\/portalendustriyel.com.tr\/index.php\/urun\/og18-k600cp6\/#primaryimage"},"image":{"@id":"https:\/\/portalendustriyel.com.tr\/index.php\/urun\/og18-k600cp6\/#primaryimage"},"thumbnailUrl":"https:\/\/portalendustriyel.com.tr\/wp-content\/uploads\/2024\/01\/OG18-K600CP6Q.jpg","datePublished":"2024-01-27T13:35:22+00:00","dateModified":"2024-02-09T19:47:36+00:00","breadcrumb":{"@id":"https:\/\/portalendustriyel.com.tr\/index.php\/urun\/og18-k600cp6\/#breadcrumb"},"inLanguage":"tr","potentialAction":[{"@type":"ReadAction","target":["https:\/\/portalendustriyel.com.tr\/index.php\/urun\/og18-k600cp6\/"]}]},{"@type":"ImageObject","inLanguage":"tr","@id":"https:\/\/portalendustriyel.com.tr\/index.php\/urun\/og18-k600cp6\/#primaryimage","url":"https:\/\/portalendustriyel.com.tr\/wp-content\/uploads\/2024\/01\/OG18-K600CP6Q.jpg","contentUrl":"https:\/\/portalendustriyel.com.tr\/wp-content\/uploads\/2024\/01\/OG18-K600CP6Q.jpg","width":500,"height":500},{"@type":"BreadcrumbList","@id":"https:\/\/portalendustriyel.com.tr\/index.php\/urun\/og18-k600cp6\/#breadcrumb","itemListElement":[{"@type":"ListItem","position":1,"name":"Anasayfa","item":"https:\/\/portalendustriyel.com.tr\/"},{"@type":"ListItem","position":2,"name":"Ma\u011faza","item":"https:\/\/portalendustriyel.com.tr\/index.php\/magaza\/"},{"@type":"ListItem","position":3,"name":"OG18-K600CP6"}]},{"@type":"WebSite","@id":"https:\/\/portalendustriyel.com.tr\/#website","url":"https:\/\/portalendustriyel.com.tr\/","name":"www.portalendustriyel.com.tr","description":"End&uuml;striyel &Ccedil;&ouml;z&uuml;m Orta\u011f\u0131n\u0131z","publisher":{"@id":"https:\/\/portalendustriyel.com.tr\/#organization"},"potentialAction":[{"@type":"SearchAction","target":{"@type":"EntryPoint","urlTemplate":"https:\/\/portalendustriyel.com.tr\/?s={search_term_string}"},"query-input":{"@type":"PropertyValueSpecification","valueRequired":true,"valueName":"search_term_string"}}],"inLanguage":"tr"},{"@type":"Organization","@id":"https:\/\/portalendustriyel.com.tr\/#organization","name":"Portal End\u00fcstriyel Sistemler San. ve Tic. Ltd. \u015eti","url":"https:\/\/portalendustriyel.com.tr\/","logo":{"@type":"ImageObject","inLanguage":"tr","@id":"https:\/\/portalendustriyel.com.tr\/#\/schema\/logo\/image\/","url":"https:\/\/portalendustriyel.com.tr\/wp-content\/uploads\/2023\/10\/Portal-Logo.jpg","contentUrl":"https:\/\/portalendustriyel.com.tr\/wp-content\/uploads\/2023\/10\/Portal-Logo.jpg","width":1277,"height":460,"caption":"Portal End\u00fcstriyel Sistemler San. ve Tic. Ltd. \u015eti"},"image":{"@id":"https:\/\/portalendustriyel.com.tr\/#\/schema\/logo\/image\/"},"sameAs":["https:\/\/www.linkedin.com\/company\/101302018\/admin\/feed\/posts\/"]}]}},"_links":{"self":[{"href":"https:\/\/portalendustriyel.com.tr\/index.php\/wp-json\/wp\/v2\/product\/680","targetHints":{"allow":["GET"]}}],"collection":[{"href":"https:\/\/portalendustriyel.com.tr\/index.php\/wp-json\/wp\/v2\/product"}],"about":[{"href":"https:\/\/portalendustriyel.com.tr\/index.php\/wp-json\/wp\/v2\/types\/product"}],"replies":[{"embeddable":true,"href":"https:\/\/portalendustriyel.com.tr\/index.php\/wp-json\/wp\/v2\/comments?post=680"}],"wp:featuredmedia":[{"embeddable":true,"href":"https:\/\/portalendustriyel.com.tr\/index.php\/wp-json\/wp\/v2\/media\/603"}],"wp:attachment":[{"href":"https:\/\/portalendustriyel.com.tr\/index.php\/wp-json\/wp\/v2\/media?parent=680"}],"wp:term":[{"taxonomy":"product_brand","embeddable":true,"href":"https:\/\/portalendustriyel.com.tr\/index.php\/wp-json\/wp\/v2\/product_brand?post=680"},{"taxonomy":"product_cat","embeddable":true,"href":"https:\/\/portalendustriyel.com.tr\/index.php\/wp-json\/wp\/v2\/product_cat?post=680"},{"taxonomy":"product_tag","embeddable":true,"href":"https:\/\/portalendustriyel.com.tr\/index.php\/wp-json\/wp\/v2\/product_tag?post=680"}],"curies":[{"name":"wp","href":"https:\/\/api.w.org\/{rel}","templated":true}]}}